{"id":799,"date":"2021-05-17T17:01:53","date_gmt":"2021-05-17T15:01:53","guid":{"rendered":"https:\/\/www.thecityrent.be\/product\/ge-groupe-electrogene-5-kva-tri\/"},"modified":"2023-01-30T12:38:56","modified_gmt":"2023-01-30T11:38:56","slug":"ge-groupe-electrogene-5-kva-tri","status":"publish","type":"product","link":"https:\/\/www.thecityrent.be\/de\/produkt\/ge-groupe-electrogene-5-kva-tri\/","title":{"rendered":"GE-STROMAGGREGAT 5 KVA MONO+TRI"},"content":{"rendered":"<ul>\n<li><strong>CAUTION<\/strong>\u00a0: 50.00 \u20ac<\/li>\n<li class=\"prixjour\"><strong>PRIX\/JOUR<\/strong> : 37,00 \u20ac<\/li>\n<li class=\"prixsemaine\"><strong>PRIX JOUR\/SEMAINE<\/strong> : 30,00 \u20ac<\/li>\n<li class=\"prixsemaine\"><strong>PRIX PAR WEEK-END<\/strong> : 67,00 \u20ac<\/li>\n<li class=\"prixsemaine\"><strong>PRIX JOUR\/MOIS<\/strong> : 22,00 \u20ac<\/li>\n<\/ul>\n","protected":false},"excerpt":{"rendered":"<div class=\"container\">\n<div id=\"c97693\" class=\"ce list\">\n<div class=\"ce-inner\">\n<div class=\"tx_wackerneuson_productsfe\">\n<div class=\"product-description\">\n<div id=\"product4352\" class=\"product-slider\">\n<div class=\"slider-thumbs ready\">\n<div class=\"slider-thumbs-wrapper\">\n<div class=\"slider slider-nav slick-initialized slick-slider\" data-slick=\"{ \">\n<div class=\"slick-list draggable\" aria-live=\"polite\">\n<div class=\"slick-track\" role=\"listbox\">\n<div tabindex=\"-1\" data-slick-index=\"17\" aria-hidden=\"true\">Professionelle ein- und dreiphasige Generatoren, die einfach zu bedienen sind, maximale Zuverl\u00e4ssigkeit und Leistung bieten und \u00fcber eine einfache, aber effiziente Konfiguration verf\u00fcgen.<\/div>\n<div tabindex=\"-1\" data-slick-index=\"17\" aria-hidden=\"true\">\n<ul>\n<li>Honda Benzinmotor<\/li>\n<li>Luftk\u00fchler<\/li>\n<li>Automatische Abschaltung bei \u00d6lmangel<\/li>\n<li>Manuelle Einschaltung<\/li>\n<li>Synchronalternator<\/li>\n<li>Robustes Chassis<\/li>\n<li>Steckdosen mit Sicherung<\/li>\n<li>4000 W&lt;\/li<\/li>\n<\/ul>\n<\/div>\n<\/div>\n<\/div>\n<\/div>\n<\/div>\n<\/div>\n<\/div>\n<\/div>\n<\/div>\n<\/div>\n<\/div>\n<\/div>\n","protected":false},"featured_media":240,"comment_status":"closed","ping_status":"closed","template":"","meta":{"_acf_changed":false},"product_brand":[],"product_cat":[60],"product_tag":[],"class_list":{"0":"post-799","1":"product","2":"type-product","3":"status-publish","4":"has-post-thumbnail","6":"product_cat-stromaggregat","8":"first","9":"instock","10":"taxable","11":"shipping-taxable","12":"purchasable","13":"product-type-simple"},"acf":[],"yoast_head":"<!-- This site is optimized with the Yoast SEO plugin v27.3 - https:\/\/yoast.com\/product\/yoast-seo-wordpress\/ -->\n<title>GE-STROMAGGREGAT 5 KVA MONO+TRI - The City&#039;Rent &amp; Safety<\/title>\n<meta name=\"robots\" content=\"index, follow, max-snippet:-1, max-image-preview:large, max-video-preview:-1\" \/>\n<link rel=\"canonical\" href=\"https:\/\/www.thecityrent.be\/de\/produkt\/ge-groupe-electrogene-5-kva-tri\/\" \/>\n<meta property=\"og:locale\" content=\"de_DE\" \/>\n<meta property=\"og:type\" content=\"article\" \/>\n<meta property=\"og:title\" content=\"GE-STROMAGGREGAT 5 KVA MONO+TRI - The City&#039;Rent &amp; Safety\" \/>\n<meta property=\"og:description\" content=\"Professionelle ein- und dreiphasige Generatoren, die einfach zu bedienen sind, maximale Zuverl\u00e4ssigkeit und Leistung bieten und \u00fcber eine einfache, aber effiziente Konfiguration verf\u00fcgen.    Honda Benzinmotor  Luftk\u00fchler  Automatische Abschaltung bei \u00d6lmangel  Manuelle Einschaltung  Synchronalternator  Robustes Chassis  Steckdosen mit Sicherung  4000 W&lt;\/li\" \/>\n<meta property=\"og:url\" content=\"https:\/\/www.thecityrent.be\/de\/produkt\/ge-groupe-electrogene-5-kva-tri\/\" \/>\n<meta property=\"og:site_name\" content=\"The City&#039;Rent &amp; Safety\" \/>\n<meta property=\"article:modified_time\" content=\"2023-01-30T11:38:56+00:00\" \/>\n<meta property=\"og:image\" content=\"https:\/\/www.thecityrent.be\/wp-content\/uploads\/GE039-040.jpg\" \/>\n\t<meta property=\"og:image:width\" content=\"460\" \/>\n\t<meta property=\"og:image:height\" content=\"400\" \/>\n\t<meta property=\"og:image:type\" content=\"image\/jpeg\" \/>\n<meta name=\"twitter:card\" content=\"summary_large_image\" \/>\n<script type=\"application\/ld+json\" class=\"yoast-schema-graph\">{\"@context\":\"https:\\\/\\\/schema.org\",\"@graph\":[{\"@type\":\"WebPage\",\"@id\":\"https:\\\/\\\/www.thecityrent.be\\\/de\\\/produkt\\\/ge-groupe-electrogene-5-kva-tri\\\/\",\"url\":\"https:\\\/\\\/www.thecityrent.be\\\/de\\\/produkt\\\/ge-groupe-electrogene-5-kva-tri\\\/\",\"name\":\"GE-STROMAGGREGAT 5 KVA MONO+TRI - The City&#039;Rent &amp; Safety\",\"isPartOf\":{\"@id\":\"https:\\\/\\\/www.thecityrent.be\\\/#website\"},\"primaryImageOfPage\":{\"@id\":\"https:\\\/\\\/www.thecityrent.be\\\/de\\\/produkt\\\/ge-groupe-electrogene-5-kva-tri\\\/#primaryimage\"},\"image\":{\"@id\":\"https:\\\/\\\/www.thecityrent.be\\\/de\\\/produkt\\\/ge-groupe-electrogene-5-kva-tri\\\/#primaryimage\"},\"thumbnailUrl\":\"https:\\\/\\\/www.thecityrent.be\\\/wp-content\\\/uploads\\\/GE039-040.jpg\",\"datePublished\":\"2021-05-17T15:01:53+00:00\",\"dateModified\":\"2023-01-30T11:38:56+00:00\",\"breadcrumb\":{\"@id\":\"https:\\\/\\\/www.thecityrent.be\\\/de\\\/produkt\\\/ge-groupe-electrogene-5-kva-tri\\\/#breadcrumb\"},\"inLanguage\":\"de\",\"potentialAction\":[{\"@type\":\"ReadAction\",\"target\":[\"https:\\\/\\\/www.thecityrent.be\\\/de\\\/produkt\\\/ge-groupe-electrogene-5-kva-tri\\\/\"]}]},{\"@type\":\"ImageObject\",\"inLanguage\":\"de\",\"@id\":\"https:\\\/\\\/www.thecityrent.be\\\/de\\\/produkt\\\/ge-groupe-electrogene-5-kva-tri\\\/#primaryimage\",\"url\":\"https:\\\/\\\/www.thecityrent.be\\\/wp-content\\\/uploads\\\/GE039-040.jpg\",\"contentUrl\":\"https:\\\/\\\/www.thecityrent.be\\\/wp-content\\\/uploads\\\/GE039-040.jpg\",\"width\":460,\"height\":400},{\"@type\":\"BreadcrumbList\",\"@id\":\"https:\\\/\\\/www.thecityrent.be\\\/de\\\/produkt\\\/ge-groupe-electrogene-5-kva-tri\\\/#breadcrumb\",\"itemListElement\":[{\"@type\":\"ListItem\",\"position\":1,\"name\":\"Home\",\"item\":\"https:\\\/\\\/www.thecityrent.be\\\/de\\\/\"},{\"@type\":\"ListItem\",\"position\":2,\"name\":\"Shop\",\"item\":\"https:\\\/\\\/www.thecityrent.be\\\/shop\\\/\"},{\"@type\":\"ListItem\",\"position\":3,\"name\":\"GE-STROMAGGREGAT 5 KVA MONO+TRI\"}]},{\"@type\":\"WebSite\",\"@id\":\"https:\\\/\\\/www.thecityrent.be\\\/#website\",\"url\":\"https:\\\/\\\/www.thecityrent.be\\\/\",\"name\":\"The City&#039;Rent &amp; Safety\",\"description\":\"Votre partenaire pour la location de mat\u00e9riel, outillage &amp; v\u00e9hicules\",\"potentialAction\":[{\"@type\":\"SearchAction\",\"target\":{\"@type\":\"EntryPoint\",\"urlTemplate\":\"https:\\\/\\\/www.thecityrent.be\\\/?s={search_term_string}\"},\"query-input\":{\"@type\":\"PropertyValueSpecification\",\"valueRequired\":true,\"valueName\":\"search_term_string\"}}],\"inLanguage\":\"de\"}]}<\/script>\n<!-- \/ Yoast SEO plugin. -->","yoast_head_json":{"title":"GE-STROMAGGREGAT 5 KVA MONO+TRI - The City&#039;Rent &amp; Safety","robots":{"index":"index","follow":"follow","max-snippet":"max-snippet:-1","max-image-preview":"max-image-preview:large","max-video-preview":"max-video-preview:-1"},"canonical":"https:\/\/www.thecityrent.be\/de\/produkt\/ge-groupe-electrogene-5-kva-tri\/","og_locale":"de_DE","og_type":"article","og_title":"GE-STROMAGGREGAT 5 KVA MONO+TRI - The City&#039;Rent &amp; Safety","og_description":"Professionelle ein- und dreiphasige Generatoren, die einfach zu bedienen sind, maximale Zuverl\u00e4ssigkeit und Leistung bieten und \u00fcber eine einfache, aber effiziente Konfiguration verf\u00fcgen.    Honda Benzinmotor  Luftk\u00fchler  Automatische Abschaltung bei \u00d6lmangel  Manuelle Einschaltung  Synchronalternator  Robustes Chassis  Steckdosen mit Sicherung  4000 W&lt;\/li","og_url":"https:\/\/www.thecityrent.be\/de\/produkt\/ge-groupe-electrogene-5-kva-tri\/","og_site_name":"The City&#039;Rent &amp; Safety","article_modified_time":"2023-01-30T11:38:56+00:00","og_image":[{"width":460,"height":400,"url":"https:\/\/www.thecityrent.be\/wp-content\/uploads\/GE039-040.jpg","type":"image\/jpeg"}],"twitter_card":"summary_large_image","schema":{"@context":"https:\/\/schema.org","@graph":[{"@type":"WebPage","@id":"https:\/\/www.thecityrent.be\/de\/produkt\/ge-groupe-electrogene-5-kva-tri\/","url":"https:\/\/www.thecityrent.be\/de\/produkt\/ge-groupe-electrogene-5-kva-tri\/","name":"GE-STROMAGGREGAT 5 KVA MONO+TRI - The City&#039;Rent &amp; Safety","isPartOf":{"@id":"https:\/\/www.thecityrent.be\/#website"},"primaryImageOfPage":{"@id":"https:\/\/www.thecityrent.be\/de\/produkt\/ge-groupe-electrogene-5-kva-tri\/#primaryimage"},"image":{"@id":"https:\/\/www.thecityrent.be\/de\/produkt\/ge-groupe-electrogene-5-kva-tri\/#primaryimage"},"thumbnailUrl":"https:\/\/www.thecityrent.be\/wp-content\/uploads\/GE039-040.jpg","datePublished":"2021-05-17T15:01:53+00:00","dateModified":"2023-01-30T11:38:56+00:00","breadcrumb":{"@id":"https:\/\/www.thecityrent.be\/de\/produkt\/ge-groupe-electrogene-5-kva-tri\/#breadcrumb"},"inLanguage":"de","potentialAction":[{"@type":"ReadAction","target":["https:\/\/www.thecityrent.be\/de\/produkt\/ge-groupe-electrogene-5-kva-tri\/"]}]},{"@type":"ImageObject","inLanguage":"de","@id":"https:\/\/www.thecityrent.be\/de\/produkt\/ge-groupe-electrogene-5-kva-tri\/#primaryimage","url":"https:\/\/www.thecityrent.be\/wp-content\/uploads\/GE039-040.jpg","contentUrl":"https:\/\/www.thecityrent.be\/wp-content\/uploads\/GE039-040.jpg","width":460,"height":400},{"@type":"BreadcrumbList","@id":"https:\/\/www.thecityrent.be\/de\/produkt\/ge-groupe-electrogene-5-kva-tri\/#breadcrumb","itemListElement":[{"@type":"ListItem","position":1,"name":"Home","item":"https:\/\/www.thecityrent.be\/de\/"},{"@type":"ListItem","position":2,"name":"Shop","item":"https:\/\/www.thecityrent.be\/shop\/"},{"@type":"ListItem","position":3,"name":"GE-STROMAGGREGAT 5 KVA MONO+TRI"}]},{"@type":"WebSite","@id":"https:\/\/www.thecityrent.be\/#website","url":"https:\/\/www.thecityrent.be\/","name":"The City&#039;Rent &amp; Safety","description":"Votre partenaire pour la location de mat\u00e9riel, outillage &amp; v\u00e9hicules","potentialAction":[{"@type":"SearchAction","target":{"@type":"EntryPoint","urlTemplate":"https:\/\/www.thecityrent.be\/?s={search_term_string}"},"query-input":{"@type":"PropertyValueSpecification","valueRequired":true,"valueName":"search_term_string"}}],"inLanguage":"de"}]}},"_links":{"self":[{"href":"https:\/\/www.thecityrent.be\/de\/wp-json\/wp\/v2\/product\/799","targetHints":{"allow":["GET"]}}],"collection":[{"href":"https:\/\/www.thecityrent.be\/de\/wp-json\/wp\/v2\/product"}],"about":[{"href":"https:\/\/www.thecityrent.be\/de\/wp-json\/wp\/v2\/types\/product"}],"replies":[{"embeddable":true,"href":"https:\/\/www.thecityrent.be\/de\/wp-json\/wp\/v2\/comments?post=799"}],"wp:featuredmedia":[{"embeddable":true,"href":"https:\/\/www.thecityrent.be\/de\/wp-json\/wp\/v2\/media\/240"}],"wp:attachment":[{"href":"https:\/\/www.thecityrent.be\/de\/wp-json\/wp\/v2\/media?parent=799"}],"wp:term":[{"taxonomy":"product_brand","embeddable":true,"href":"https:\/\/www.thecityrent.be\/de\/wp-json\/wp\/v2\/product_brand?post=799"},{"taxonomy":"product_cat","embeddable":true,"href":"https:\/\/www.thecityrent.be\/de\/wp-json\/wp\/v2\/product_cat?post=799"},{"taxonomy":"product_tag","embeddable":true,"href":"https:\/\/www.thecityrent.be\/de\/wp-json\/wp\/v2\/product_tag?post=799"}],"curies":[{"name":"wp","href":"https:\/\/api.w.org\/{rel}","templated":true}]}}