{"id":795,"date":"2021-05-17T17:29:10","date_gmt":"2021-05-17T15:29:10","guid":{"rendered":"https:\/\/www.thecityrent.be\/product\/ge-groupe-electrogene-125-kva-mono-tri\/"},"modified":"2023-01-30T12:35:56","modified_gmt":"2023-01-30T11:35:56","slug":"ge-groupe-electrogene-125-kva-mono-tri","status":"publish","type":"product","link":"https:\/\/www.thecityrent.be\/de\/produkt\/ge-groupe-electrogene-125-kva-mono-tri\/","title":{"rendered":"GE-STROMAGGREGAT 12,5 KVA MONO + TRI"},"content":{"rendered":"<ul>\n<li><strong>KAUTION<\/strong> : 100,00 \u20ac<\/li>\n<li class=\"prixjour\"><strong>PREIS\/TAG<\/strong> : 80,00 \u20ac<\/li>\n<li class=\"prixsemaine\"><strong>PREIS\/TAG\/WOCHE<\/strong> : 64,00 \u20ac<\/li>\n<li class=\"prixsemaine\"><strong>PREIS\/WOCHENENDE<\/strong> : 144,00 \u20ac<\/li>\n<li class=\"prixsemaine\"><strong>PREIS\/TAG\/MONAT<\/strong> : 48,00\u20ac<\/li>\n<\/ul>\n","protected":false},"excerpt":{"rendered":"<div class=\"container\">\n<div id=\"c97693\" class=\"ce list\">\n<div class=\"ce-inner\">\n<div class=\"tx_wackerneuson_productsfe\">\n<div class=\"product-description\">\n<div id=\"product4352\" class=\"product-slider\">\n<div class=\"slider-thumbs ready\">\n<div class=\"slider-thumbs-wrapper\">\n<div class=\"slider slider-nav slick-initialized slick-slider\" data-slick=\"{ \">\n<div class=\"slick-list draggable\" aria-live=\"polite\">\n<div class=\"slick-track\" role=\"listbox\">\n<div tabindex=\"-1\" data-slick-index=\"17\" aria-hidden=\"true\">\n<p>Dieser Dieselgenerator bietet eine maximale Leistung von 13,8 kVA. Er eignet sich perfekt f\u00fcr die Beleuchtung von Baustellen und kann problemlos St\u00fctzpunkte, modulare Bungalows und Baustellenunterk\u00fcnfte versorgen. Die Stromst\u00e4rke betr\u00e4gt bis zu 58,5 Ampere bei dreiphasigem Betrieb.<\/p>\n<p>Dieser industrielle Stromerzeuger mit 12,5 kVA (Dauerleistung) ist gekapselt und schallisoliert. Er verf\u00fcgt \u00fcber einen Digital Deepsea Controller und einen integrierten Quellenumschalter.<\/p>\n<p>. Frequenz: 50 Hz .<\/p>\n<p>. Autonomie bei 75% Last: 35 Stunden.<\/p>\n<p>. Kapazit\u00e4t des Dieseltanks: 100 l<\/p>\n<p>. Gewicht: 1 Tonne<\/p>\n<\/div>\n<p>. Dimensionen: L x l x ht : 2m x 1m x 1,2m<\/p>\n<div tabindex=\"-1\" data-slick-index=\"17\" aria-hidden=\"true\"><\/div>\n<\/div>\n<\/div>\n<\/div>\n<\/div>\n<\/div>\n<\/div>\n<\/div>\n<\/div>\n<\/div>\n<\/div>\n<\/div>\n","protected":false},"featured_media":259,"comment_status":"closed","ping_status":"closed","template":"","meta":{"_acf_changed":false},"product_brand":[],"product_cat":[60],"product_tag":[],"class_list":{"0":"post-795","1":"product","2":"type-product","3":"status-publish","4":"has-post-thumbnail","6":"product_cat-stromaggregat","8":"first","9":"instock","10":"taxable","11":"shipping-taxable","12":"purchasable","13":"product-type-simple"},"acf":[],"yoast_head":"<!-- This site is optimized with the Yoast SEO plugin v27.5 - https:\/\/yoast.com\/product\/yoast-seo-wordpress\/ -->\n<title>GE-STROMAGGREGAT 12,5 KVA MONO + TRI - The City Rent &amp; Partner<\/title>\n<meta name=\"robots\" content=\"index, follow, max-snippet:-1, max-image-preview:large, max-video-preview:-1\" \/>\n<link rel=\"canonical\" href=\"https:\/\/www.thecityrent.be\/de\/produkt\/ge-groupe-electrogene-125-kva-mono-tri\/\" \/>\n<meta property=\"og:locale\" content=\"de_DE\" \/>\n<meta property=\"og:type\" content=\"article\" \/>\n<meta property=\"og:title\" content=\"GE-STROMAGGREGAT 12,5 KVA MONO + TRI - The City Rent &amp; Partner\" \/>\n<meta property=\"og:description\" content=\"Dieser Dieselgenerator bietet eine maximale Leistung von 13,8 kVA. Er eignet sich perfekt f\u00fcr die Beleuchtung von Baustellen und kann problemlos St\u00fctzpunkte, modulare Bungalows und Baustellenunterk\u00fcnfte versorgen. Die Stromst\u00e4rke betr\u00e4gt bis zu 58,5 Ampere bei dreiphasigem Betrieb.  Dieser industrielle Stromerzeuger mit 12,5 kVA (Dauerleistung) ist gekapselt und schallisoliert. Er verf\u00fcgt \u00fcber einen Digital Deepsea Controller und einen integrierten Quellenumschalter.  . Frequenz: 50 Hz .  . Autonomie bei 75% Last: 35 Stunden.  . Kapazit\u00e4t des Dieseltanks: 100 l  . Gewicht: 1 Tonne   . Dimensionen: L x l x ht : 2m x 1m x 1,2m\" \/>\n<meta property=\"og:url\" content=\"https:\/\/www.thecityrent.be\/de\/produkt\/ge-groupe-electrogene-125-kva-mono-tri\/\" \/>\n<meta property=\"og:site_name\" content=\"The City Rent &amp; Partner\" \/>\n<meta property=\"article:modified_time\" content=\"2023-01-30T11:35:56+00:00\" \/>\n<meta property=\"og:image\" content=\"https:\/\/www.thecityrent.be\/wp-content\/uploads\/GE046.png\" \/>\n\t<meta property=\"og:image:width\" content=\"583\" \/>\n\t<meta property=\"og:image:height\" content=\"394\" \/>\n\t<meta property=\"og:image:type\" content=\"image\/png\" \/>\n<meta name=\"twitter:card\" content=\"summary_large_image\" \/>\n<script type=\"application\/ld+json\" class=\"yoast-schema-graph\">{\"@context\":\"https:\\\/\\\/schema.org\",\"@graph\":[{\"@type\":\"WebPage\",\"@id\":\"https:\\\/\\\/www.thecityrent.be\\\/de\\\/produkt\\\/ge-groupe-electrogene-125-kva-mono-tri\\\/\",\"url\":\"https:\\\/\\\/www.thecityrent.be\\\/de\\\/produkt\\\/ge-groupe-electrogene-125-kva-mono-tri\\\/\",\"name\":\"GE-STROMAGGREGAT 12,5 KVA MONO + TRI - The City Rent &amp; Partner\",\"isPartOf\":{\"@id\":\"https:\\\/\\\/www.thecityrent.be\\\/#website\"},\"primaryImageOfPage\":{\"@id\":\"https:\\\/\\\/www.thecityrent.be\\\/de\\\/produkt\\\/ge-groupe-electrogene-125-kva-mono-tri\\\/#primaryimage\"},\"image\":{\"@id\":\"https:\\\/\\\/www.thecityrent.be\\\/de\\\/produkt\\\/ge-groupe-electrogene-125-kva-mono-tri\\\/#primaryimage\"},\"thumbnailUrl\":\"https:\\\/\\\/www.thecityrent.be\\\/wp-content\\\/uploads\\\/GE046.png\",\"datePublished\":\"2021-05-17T15:29:10+00:00\",\"dateModified\":\"2023-01-30T11:35:56+00:00\",\"breadcrumb\":{\"@id\":\"https:\\\/\\\/www.thecityrent.be\\\/de\\\/produkt\\\/ge-groupe-electrogene-125-kva-mono-tri\\\/#breadcrumb\"},\"inLanguage\":\"de\",\"potentialAction\":[{\"@type\":\"ReadAction\",\"target\":[\"https:\\\/\\\/www.thecityrent.be\\\/de\\\/produkt\\\/ge-groupe-electrogene-125-kva-mono-tri\\\/\"]}]},{\"@type\":\"ImageObject\",\"inLanguage\":\"de\",\"@id\":\"https:\\\/\\\/www.thecityrent.be\\\/de\\\/produkt\\\/ge-groupe-electrogene-125-kva-mono-tri\\\/#primaryimage\",\"url\":\"https:\\\/\\\/www.thecityrent.be\\\/wp-content\\\/uploads\\\/GE046.png\",\"contentUrl\":\"https:\\\/\\\/www.thecityrent.be\\\/wp-content\\\/uploads\\\/GE046.png\",\"width\":583,\"height\":394},{\"@type\":\"BreadcrumbList\",\"@id\":\"https:\\\/\\\/www.thecityrent.be\\\/de\\\/produkt\\\/ge-groupe-electrogene-125-kva-mono-tri\\\/#breadcrumb\",\"itemListElement\":[{\"@type\":\"ListItem\",\"position\":1,\"name\":\"Home\",\"item\":\"https:\\\/\\\/www.thecityrent.be\\\/de\\\/\"},{\"@type\":\"ListItem\",\"position\":2,\"name\":\"Shop\",\"item\":\"https:\\\/\\\/www.thecityrent.be\\\/shop\\\/\"},{\"@type\":\"ListItem\",\"position\":3,\"name\":\"GE-STROMAGGREGAT 12,5 KVA MONO + TRI\"}]},{\"@type\":\"WebSite\",\"@id\":\"https:\\\/\\\/www.thecityrent.be\\\/#website\",\"url\":\"https:\\\/\\\/www.thecityrent.be\\\/\",\"name\":\"The City Rent &amp; Partner\",\"description\":\"Votre partenaire pour la location de mat\u00e9riel, outillage &amp; v\u00e9hicules\",\"potentialAction\":[{\"@type\":\"SearchAction\",\"target\":{\"@type\":\"EntryPoint\",\"urlTemplate\":\"https:\\\/\\\/www.thecityrent.be\\\/?s={search_term_string}\"},\"query-input\":{\"@type\":\"PropertyValueSpecification\",\"valueRequired\":true,\"valueName\":\"search_term_string\"}}],\"inLanguage\":\"de\"}]}<\/script>\n<!-- \/ Yoast SEO plugin. -->","yoast_head_json":{"title":"GE-STROMAGGREGAT 12,5 KVA MONO + TRI - The City Rent &amp; Partner","robots":{"index":"index","follow":"follow","max-snippet":"max-snippet:-1","max-image-preview":"max-image-preview:large","max-video-preview":"max-video-preview:-1"},"canonical":"https:\/\/www.thecityrent.be\/de\/produkt\/ge-groupe-electrogene-125-kva-mono-tri\/","og_locale":"de_DE","og_type":"article","og_title":"GE-STROMAGGREGAT 12,5 KVA MONO + TRI - The City Rent &amp; Partner","og_description":"Dieser Dieselgenerator bietet eine maximale Leistung von 13,8 kVA. Er eignet sich perfekt f\u00fcr die Beleuchtung von Baustellen und kann problemlos St\u00fctzpunkte, modulare Bungalows und Baustellenunterk\u00fcnfte versorgen. Die Stromst\u00e4rke betr\u00e4gt bis zu 58,5 Ampere bei dreiphasigem Betrieb.  Dieser industrielle Stromerzeuger mit 12,5 kVA (Dauerleistung) ist gekapselt und schallisoliert. Er verf\u00fcgt \u00fcber einen Digital Deepsea Controller und einen integrierten Quellenumschalter.  . Frequenz: 50 Hz .  . Autonomie bei 75% Last: 35 Stunden.  . Kapazit\u00e4t des Dieseltanks: 100 l  . Gewicht: 1 Tonne   . Dimensionen: L x l x ht : 2m x 1m x 1,2m","og_url":"https:\/\/www.thecityrent.be\/de\/produkt\/ge-groupe-electrogene-125-kva-mono-tri\/","og_site_name":"The City Rent &amp; Partner","article_modified_time":"2023-01-30T11:35:56+00:00","og_image":[{"width":583,"height":394,"url":"https:\/\/www.thecityrent.be\/wp-content\/uploads\/GE046.png","type":"image\/png"}],"twitter_card":"summary_large_image","schema":{"@context":"https:\/\/schema.org","@graph":[{"@type":"WebPage","@id":"https:\/\/www.thecityrent.be\/de\/produkt\/ge-groupe-electrogene-125-kva-mono-tri\/","url":"https:\/\/www.thecityrent.be\/de\/produkt\/ge-groupe-electrogene-125-kva-mono-tri\/","name":"GE-STROMAGGREGAT 12,5 KVA MONO + TRI - The City Rent &amp; Partner","isPartOf":{"@id":"https:\/\/www.thecityrent.be\/#website"},"primaryImageOfPage":{"@id":"https:\/\/www.thecityrent.be\/de\/produkt\/ge-groupe-electrogene-125-kva-mono-tri\/#primaryimage"},"image":{"@id":"https:\/\/www.thecityrent.be\/de\/produkt\/ge-groupe-electrogene-125-kva-mono-tri\/#primaryimage"},"thumbnailUrl":"https:\/\/www.thecityrent.be\/wp-content\/uploads\/GE046.png","datePublished":"2021-05-17T15:29:10+00:00","dateModified":"2023-01-30T11:35:56+00:00","breadcrumb":{"@id":"https:\/\/www.thecityrent.be\/de\/produkt\/ge-groupe-electrogene-125-kva-mono-tri\/#breadcrumb"},"inLanguage":"de","potentialAction":[{"@type":"ReadAction","target":["https:\/\/www.thecityrent.be\/de\/produkt\/ge-groupe-electrogene-125-kva-mono-tri\/"]}]},{"@type":"ImageObject","inLanguage":"de","@id":"https:\/\/www.thecityrent.be\/de\/produkt\/ge-groupe-electrogene-125-kva-mono-tri\/#primaryimage","url":"https:\/\/www.thecityrent.be\/wp-content\/uploads\/GE046.png","contentUrl":"https:\/\/www.thecityrent.be\/wp-content\/uploads\/GE046.png","width":583,"height":394},{"@type":"BreadcrumbList","@id":"https:\/\/www.thecityrent.be\/de\/produkt\/ge-groupe-electrogene-125-kva-mono-tri\/#breadcrumb","itemListElement":[{"@type":"ListItem","position":1,"name":"Home","item":"https:\/\/www.thecityrent.be\/de\/"},{"@type":"ListItem","position":2,"name":"Shop","item":"https:\/\/www.thecityrent.be\/shop\/"},{"@type":"ListItem","position":3,"name":"GE-STROMAGGREGAT 12,5 KVA MONO + TRI"}]},{"@type":"WebSite","@id":"https:\/\/www.thecityrent.be\/#website","url":"https:\/\/www.thecityrent.be\/","name":"The City Rent &amp; Partner","description":"Votre partenaire pour la location de mat\u00e9riel, outillage &amp; v\u00e9hicules","potentialAction":[{"@type":"SearchAction","target":{"@type":"EntryPoint","urlTemplate":"https:\/\/www.thecityrent.be\/?s={search_term_string}"},"query-input":{"@type":"PropertyValueSpecification","valueRequired":true,"valueName":"search_term_string"}}],"inLanguage":"de"}]}},"_links":{"self":[{"href":"https:\/\/www.thecityrent.be\/de\/wp-json\/wp\/v2\/product\/795","targetHints":{"allow":["GET"]}}],"collection":[{"href":"https:\/\/www.thecityrent.be\/de\/wp-json\/wp\/v2\/product"}],"about":[{"href":"https:\/\/www.thecityrent.be\/de\/wp-json\/wp\/v2\/types\/product"}],"replies":[{"embeddable":true,"href":"https:\/\/www.thecityrent.be\/de\/wp-json\/wp\/v2\/comments?post=795"}],"wp:featuredmedia":[{"embeddable":true,"href":"https:\/\/www.thecityrent.be\/de\/wp-json\/wp\/v2\/media\/259"}],"wp:attachment":[{"href":"https:\/\/www.thecityrent.be\/de\/wp-json\/wp\/v2\/media?parent=795"}],"wp:term":[{"taxonomy":"product_brand","embeddable":true,"href":"https:\/\/www.thecityrent.be\/de\/wp-json\/wp\/v2\/product_brand?post=795"},{"taxonomy":"product_cat","embeddable":true,"href":"https:\/\/www.thecityrent.be\/de\/wp-json\/wp\/v2\/product_cat?post=795"},{"taxonomy":"product_tag","embeddable":true,"href":"https:\/\/www.thecityrent.be\/de\/wp-json\/wp\/v2\/product_tag?post=795"}],"curies":[{"name":"wp","href":"https:\/\/api.w.org\/{rel}","templated":true}]}}