{"id":782,"date":"2021-05-11T18:11:45","date_gmt":"2021-05-11T16:11:45","guid":{"rendered":"https:\/\/www.thecityrent.be\/product\/ec-echafaudage-a-roulette-1-x-2-m\/"},"modified":"2023-01-30T12:27:38","modified_gmt":"2023-01-30T11:27:38","slug":"ec-echafaudage-a-roulette-1-x-2-m","status":"publish","type":"product","link":"https:\/\/www.thecityrent.be\/de\/produkt\/ec-echafaudage-a-roulette-1-x-2-m\/","title":{"rendered":"EC-ROLLGER\u00dcST 1 X 2 M"},"content":{"rendered":"<ul>\n<li><strong>KAUTION<\/strong> : 50,00 \u20ac<\/li>\n<li class=\"prixjour\"><strong>PREIS\/TAG<\/strong> : 45,00 \u20ac<\/li>\n<li class=\"prixsemaine\"><strong>PREIS\/TAG\/WOCHE<\/strong> : 20,00 \u20ac<\/li>\n<li class=\"prixsemaine\"><strong>PREIS\/WOCHENENDE<\/strong> : 81,00 \u20ac<\/li>\n<li class=\"prixsemaine\"><strong>PREIS\/TAG\/MONAT<\/strong> : 15,00\u20ac<\/li>\n<\/ul>\n","protected":false},"excerpt":{"rendered":"<div class=\"container\">\n<div id=\"c97693\" class=\"ce list\">\n<div class=\"ce-inner\">\n<div class=\"tx_wackerneuson_productsfe\">\n<div class=\"product-description\">\n<div id=\"product4352\" class=\"product-slider\">\n<div class=\"slider-thumbs ready\">\n<div class=\"slider-thumbs-wrapper\">\n<div class=\"slider slider-nav slick-initialized slick-slider\" data-slick=\"{ \">\n<div class=\"slick-list draggable\" aria-live=\"polite\">\n<div class=\"slick-track\" role=\"listbox\">\n<div class=\"slick-slide slick-cloned\" tabindex=\"-1\" data-slick-index=\"17\" aria-hidden=\"true\">Dieses Ger\u00fcst ist f\u00fcr einen Gebrauch in Innenr\u00e4umen spezialisiert.<br \/>\nMit seinen Grundma\u00dfen von 0,75 x 1,85 m und einer Gesamth\u00f6he von 1,96 m passt es durch T\u00fcren mit Standardma\u00dfen, ohne dass es auseinandergebaut werden muss.<br \/>\nDank seiner 125 mm gro\u00dfen, schwenkbaren R\u00e4der mit Bremsen l\u00e4sst es sich problemlos bewegen.<\/div>\n<div class=\"slick-slide slick-cloned\" tabindex=\"-1\" data-slick-index=\"17\" aria-hidden=\"true\">Die graue Gummibereifung hinterl\u00e4sst keine Spuren auf dem Boden.<br \/>\nDie Nutzlast seines Arbeitsbodens von 250 kg pr\u00e4destiniert ihn f\u00fcr viele Arbeiten.<br \/>\nDer Aufbau ist im Handumdrehen erledigt: Klappen Sie einfach den Rahmen auf und h\u00e4ngen Sie den Boden in der gew\u00fcnschten H\u00f6he ein.<\/div>\n<\/div>\n<\/div>\n<\/div>\n<\/div>\n<\/div>\n<\/div>\n<\/div>\n<\/div>\n<\/div>\n<\/div>\n<\/div>\n","protected":false},"featured_media":201,"comment_status":"closed","ping_status":"closed","template":"","meta":{"_acf_changed":false},"product_brand":[],"product_cat":[58],"product_tag":[],"class_list":{"0":"post-782","1":"product","2":"type-product","3":"status-publish","4":"has-post-thumbnail","6":"product_cat-baugerueste","8":"first","9":"instock","10":"taxable","11":"shipping-taxable","12":"purchasable","13":"product-type-simple"},"acf":[],"yoast_head":"<!-- This site is optimized with the Yoast SEO plugin v27.5 - https:\/\/yoast.com\/product\/yoast-seo-wordpress\/ -->\n<title>EC-ROLLGER\u00dcST 1 X 2 M - The City Rent &amp; Partner<\/title>\n<meta name=\"robots\" content=\"index, follow, max-snippet:-1, max-image-preview:large, max-video-preview:-1\" \/>\n<link rel=\"canonical\" href=\"https:\/\/www.thecityrent.be\/de\/produkt\/ec-echafaudage-a-roulette-1-x-2-m\/\" \/>\n<meta property=\"og:locale\" content=\"de_DE\" \/>\n<meta property=\"og:type\" content=\"article\" \/>\n<meta property=\"og:title\" content=\"EC-ROLLGER\u00dcST 1 X 2 M - The City Rent &amp; Partner\" \/>\n<meta property=\"og:description\" content=\"Dieses Ger\u00fcst ist f\u00fcr einen Gebrauch in Innenr\u00e4umen spezialisiert. Mit seinen Grundma\u00dfen von 0,75 x 1,85 m und einer Gesamth\u00f6he von 1,96 m passt es durch T\u00fcren mit Standardma\u00dfen, ohne dass es auseinandergebaut werden muss. Dank seiner 125 mm gro\u00dfen, schwenkbaren R\u00e4der mit Bremsen l\u00e4sst es sich problemlos bewegen. Die graue Gummibereifung hinterl\u00e4sst keine Spuren auf dem Boden. Die Nutzlast seines Arbeitsbodens von 250 kg pr\u00e4destiniert ihn f\u00fcr viele Arbeiten. Der Aufbau ist im Handumdrehen erledigt: Klappen Sie einfach den Rahmen auf und h\u00e4ngen Sie den Boden in der gew\u00fcnschten H\u00f6he ein.\" \/>\n<meta property=\"og:url\" content=\"https:\/\/www.thecityrent.be\/de\/produkt\/ec-echafaudage-a-roulette-1-x-2-m\/\" \/>\n<meta property=\"og:site_name\" content=\"The City Rent &amp; Partner\" \/>\n<meta property=\"article:modified_time\" content=\"2023-01-30T11:27:38+00:00\" \/>\n<meta property=\"og:image\" content=\"https:\/\/www.thecityrent.be\/wp-content\/uploads\/echaf-1x2-1.png\" \/>\n\t<meta property=\"og:image:width\" content=\"440\" \/>\n\t<meta property=\"og:image:height\" content=\"439\" \/>\n\t<meta property=\"og:image:type\" content=\"image\/png\" \/>\n<meta name=\"twitter:card\" content=\"summary_large_image\" \/>\n<script type=\"application\/ld+json\" class=\"yoast-schema-graph\">{\"@context\":\"https:\\\/\\\/schema.org\",\"@graph\":[{\"@type\":\"WebPage\",\"@id\":\"https:\\\/\\\/www.thecityrent.be\\\/de\\\/produkt\\\/ec-echafaudage-a-roulette-1-x-2-m\\\/\",\"url\":\"https:\\\/\\\/www.thecityrent.be\\\/de\\\/produkt\\\/ec-echafaudage-a-roulette-1-x-2-m\\\/\",\"name\":\"EC-ROLLGER\u00dcST 1 X 2 M - The City Rent &amp; Partner\",\"isPartOf\":{\"@id\":\"https:\\\/\\\/www.thecityrent.be\\\/#website\"},\"primaryImageOfPage\":{\"@id\":\"https:\\\/\\\/www.thecityrent.be\\\/de\\\/produkt\\\/ec-echafaudage-a-roulette-1-x-2-m\\\/#primaryimage\"},\"image\":{\"@id\":\"https:\\\/\\\/www.thecityrent.be\\\/de\\\/produkt\\\/ec-echafaudage-a-roulette-1-x-2-m\\\/#primaryimage\"},\"thumbnailUrl\":\"https:\\\/\\\/www.thecityrent.be\\\/wp-content\\\/uploads\\\/echaf-1x2-1.png\",\"datePublished\":\"2021-05-11T16:11:45+00:00\",\"dateModified\":\"2023-01-30T11:27:38+00:00\",\"breadcrumb\":{\"@id\":\"https:\\\/\\\/www.thecityrent.be\\\/de\\\/produkt\\\/ec-echafaudage-a-roulette-1-x-2-m\\\/#breadcrumb\"},\"inLanguage\":\"de\",\"potentialAction\":[{\"@type\":\"ReadAction\",\"target\":[\"https:\\\/\\\/www.thecityrent.be\\\/de\\\/produkt\\\/ec-echafaudage-a-roulette-1-x-2-m\\\/\"]}]},{\"@type\":\"ImageObject\",\"inLanguage\":\"de\",\"@id\":\"https:\\\/\\\/www.thecityrent.be\\\/de\\\/produkt\\\/ec-echafaudage-a-roulette-1-x-2-m\\\/#primaryimage\",\"url\":\"https:\\\/\\\/www.thecityrent.be\\\/wp-content\\\/uploads\\\/echaf-1x2-1.png\",\"contentUrl\":\"https:\\\/\\\/www.thecityrent.be\\\/wp-content\\\/uploads\\\/echaf-1x2-1.png\",\"width\":440,\"height\":439},{\"@type\":\"BreadcrumbList\",\"@id\":\"https:\\\/\\\/www.thecityrent.be\\\/de\\\/produkt\\\/ec-echafaudage-a-roulette-1-x-2-m\\\/#breadcrumb\",\"itemListElement\":[{\"@type\":\"ListItem\",\"position\":1,\"name\":\"Home\",\"item\":\"https:\\\/\\\/www.thecityrent.be\\\/de\\\/\"},{\"@type\":\"ListItem\",\"position\":2,\"name\":\"Shop\",\"item\":\"https:\\\/\\\/www.thecityrent.be\\\/shop\\\/\"},{\"@type\":\"ListItem\",\"position\":3,\"name\":\"EC-ROLLGER\u00dcST 1 X 2 M\"}]},{\"@type\":\"WebSite\",\"@id\":\"https:\\\/\\\/www.thecityrent.be\\\/#website\",\"url\":\"https:\\\/\\\/www.thecityrent.be\\\/\",\"name\":\"The City Rent &amp; Partner\",\"description\":\"Votre partenaire pour la location de mat\u00e9riel, outillage &amp; v\u00e9hicules\",\"potentialAction\":[{\"@type\":\"SearchAction\",\"target\":{\"@type\":\"EntryPoint\",\"urlTemplate\":\"https:\\\/\\\/www.thecityrent.be\\\/?s={search_term_string}\"},\"query-input\":{\"@type\":\"PropertyValueSpecification\",\"valueRequired\":true,\"valueName\":\"search_term_string\"}}],\"inLanguage\":\"de\"}]}<\/script>\n<!-- \/ Yoast SEO plugin. -->","yoast_head_json":{"title":"EC-ROLLGER\u00dcST 1 X 2 M - The City Rent &amp; Partner","robots":{"index":"index","follow":"follow","max-snippet":"max-snippet:-1","max-image-preview":"max-image-preview:large","max-video-preview":"max-video-preview:-1"},"canonical":"https:\/\/www.thecityrent.be\/de\/produkt\/ec-echafaudage-a-roulette-1-x-2-m\/","og_locale":"de_DE","og_type":"article","og_title":"EC-ROLLGER\u00dcST 1 X 2 M - The City Rent &amp; Partner","og_description":"Dieses Ger\u00fcst ist f\u00fcr einen Gebrauch in Innenr\u00e4umen spezialisiert. Mit seinen Grundma\u00dfen von 0,75 x 1,85 m und einer Gesamth\u00f6he von 1,96 m passt es durch T\u00fcren mit Standardma\u00dfen, ohne dass es auseinandergebaut werden muss. Dank seiner 125 mm gro\u00dfen, schwenkbaren R\u00e4der mit Bremsen l\u00e4sst es sich problemlos bewegen. Die graue Gummibereifung hinterl\u00e4sst keine Spuren auf dem Boden. Die Nutzlast seines Arbeitsbodens von 250 kg pr\u00e4destiniert ihn f\u00fcr viele Arbeiten. Der Aufbau ist im Handumdrehen erledigt: Klappen Sie einfach den Rahmen auf und h\u00e4ngen Sie den Boden in der gew\u00fcnschten H\u00f6he ein.","og_url":"https:\/\/www.thecityrent.be\/de\/produkt\/ec-echafaudage-a-roulette-1-x-2-m\/","og_site_name":"The City Rent &amp; Partner","article_modified_time":"2023-01-30T11:27:38+00:00","og_image":[{"width":440,"height":439,"url":"https:\/\/www.thecityrent.be\/wp-content\/uploads\/echaf-1x2-1.png","type":"image\/png"}],"twitter_card":"summary_large_image","schema":{"@context":"https:\/\/schema.org","@graph":[{"@type":"WebPage","@id":"https:\/\/www.thecityrent.be\/de\/produkt\/ec-echafaudage-a-roulette-1-x-2-m\/","url":"https:\/\/www.thecityrent.be\/de\/produkt\/ec-echafaudage-a-roulette-1-x-2-m\/","name":"EC-ROLLGER\u00dcST 1 X 2 M - The City Rent &amp; Partner","isPartOf":{"@id":"https:\/\/www.thecityrent.be\/#website"},"primaryImageOfPage":{"@id":"https:\/\/www.thecityrent.be\/de\/produkt\/ec-echafaudage-a-roulette-1-x-2-m\/#primaryimage"},"image":{"@id":"https:\/\/www.thecityrent.be\/de\/produkt\/ec-echafaudage-a-roulette-1-x-2-m\/#primaryimage"},"thumbnailUrl":"https:\/\/www.thecityrent.be\/wp-content\/uploads\/echaf-1x2-1.png","datePublished":"2021-05-11T16:11:45+00:00","dateModified":"2023-01-30T11:27:38+00:00","breadcrumb":{"@id":"https:\/\/www.thecityrent.be\/de\/produkt\/ec-echafaudage-a-roulette-1-x-2-m\/#breadcrumb"},"inLanguage":"de","potentialAction":[{"@type":"ReadAction","target":["https:\/\/www.thecityrent.be\/de\/produkt\/ec-echafaudage-a-roulette-1-x-2-m\/"]}]},{"@type":"ImageObject","inLanguage":"de","@id":"https:\/\/www.thecityrent.be\/de\/produkt\/ec-echafaudage-a-roulette-1-x-2-m\/#primaryimage","url":"https:\/\/www.thecityrent.be\/wp-content\/uploads\/echaf-1x2-1.png","contentUrl":"https:\/\/www.thecityrent.be\/wp-content\/uploads\/echaf-1x2-1.png","width":440,"height":439},{"@type":"BreadcrumbList","@id":"https:\/\/www.thecityrent.be\/de\/produkt\/ec-echafaudage-a-roulette-1-x-2-m\/#breadcrumb","itemListElement":[{"@type":"ListItem","position":1,"name":"Home","item":"https:\/\/www.thecityrent.be\/de\/"},{"@type":"ListItem","position":2,"name":"Shop","item":"https:\/\/www.thecityrent.be\/shop\/"},{"@type":"ListItem","position":3,"name":"EC-ROLLGER\u00dcST 1 X 2 M"}]},{"@type":"WebSite","@id":"https:\/\/www.thecityrent.be\/#website","url":"https:\/\/www.thecityrent.be\/","name":"The City Rent &amp; Partner","description":"Votre partenaire pour la location de mat\u00e9riel, outillage &amp; v\u00e9hicules","potentialAction":[{"@type":"SearchAction","target":{"@type":"EntryPoint","urlTemplate":"https:\/\/www.thecityrent.be\/?s={search_term_string}"},"query-input":{"@type":"PropertyValueSpecification","valueRequired":true,"valueName":"search_term_string"}}],"inLanguage":"de"}]}},"_links":{"self":[{"href":"https:\/\/www.thecityrent.be\/de\/wp-json\/wp\/v2\/product\/782","targetHints":{"allow":["GET"]}}],"collection":[{"href":"https:\/\/www.thecityrent.be\/de\/wp-json\/wp\/v2\/product"}],"about":[{"href":"https:\/\/www.thecityrent.be\/de\/wp-json\/wp\/v2\/types\/product"}],"replies":[{"embeddable":true,"href":"https:\/\/www.thecityrent.be\/de\/wp-json\/wp\/v2\/comments?post=782"}],"wp:featuredmedia":[{"embeddable":true,"href":"https:\/\/www.thecityrent.be\/de\/wp-json\/wp\/v2\/media\/201"}],"wp:attachment":[{"href":"https:\/\/www.thecityrent.be\/de\/wp-json\/wp\/v2\/media?parent=782"}],"wp:term":[{"taxonomy":"product_brand","embeddable":true,"href":"https:\/\/www.thecityrent.be\/de\/wp-json\/wp\/v2\/product_brand?post=782"},{"taxonomy":"product_cat","embeddable":true,"href":"https:\/\/www.thecityrent.be\/de\/wp-json\/wp\/v2\/product_cat?post=782"},{"taxonomy":"product_tag","embeddable":true,"href":"https:\/\/www.thecityrent.be\/de\/wp-json\/wp\/v2\/product_tag?post=782"}],"curies":[{"name":"wp","href":"https:\/\/api.w.org\/{rel}","templated":true}]}}