{"id":781,"date":"2021-05-11T18:17:28","date_gmt":"2021-05-11T16:17:28","guid":{"rendered":"https:\/\/www.thecityrent.be\/product\/ec-echafaudage-a-roulettes-8-x-250-m\/"},"modified":"2023-01-30T12:26:59","modified_gmt":"2023-01-30T11:26:59","slug":"ec-echafaudage-a-roulettes-8-x-250-m","status":"publish","type":"product","link":"https:\/\/www.thecityrent.be\/de\/produkt\/ec-echafaudage-a-roulettes-8-x-250-m\/","title":{"rendered":"EC-ROLLGER\u00dcST 8 X 2,50 M"},"content":{"rendered":"<ul>\n<li><strong>KAUTION<\/strong> : 50,00 \u20ac<\/li>\n<li class=\"prixjour\"><strong>PREIS\/TAG<\/strong> : 55,00 \u20ac<\/li>\n<li class=\"prixsemaine\"><strong>PREIS\/TAG\/WOCHE<\/strong> : 27,00 \u20ac<\/li>\n<li class=\"prixsemaine\"><strong>PREIS\/WOCHENENDE<\/strong> : 99,00 \u20ac<\/li>\n<li class=\"prixsemaine\"><strong>PREIS\/TAG\/MONAT<\/strong> : 20,00\u20ac<\/li>\n<\/ul>\n","protected":false},"excerpt":{"rendered":"<div class=\"container\">\n<div id=\"c97693\" class=\"ce list\">\n<div class=\"ce-inner\">\n<div class=\"tx_wackerneuson_productsfe\">\n<div class=\"product-description\">\n<div id=\"product4352\" class=\"product-slider\">\n<div class=\"slider-thumbs ready\">\n<div class=\"slider-thumbs-wrapper\">\n<div class=\"slider slider-nav slick-initialized slick-slider\" data-slick=\"{ \">\n<div class=\"slick-list draggable\" aria-live=\"polite\">\n<div class=\"slick-track\" role=\"listbox\">\n<div tabindex=\"-1\" data-slick-index=\"17\" aria-hidden=\"true\">Das robusteste Ger\u00fcst seiner Art, spezialisiert f\u00fcr einen intensiven Gebrauch.<\/div>\n<div class=\"slick-slide slick-cloned\" tabindex=\"-1\" data-slick-index=\"17\" aria-hidden=\"true\">Die maximale Arbeitsh\u00f6he im Innen- und Au\u00dfenbereich betr\u00e4gt 10 m.<br \/>\nDer Abstand zwischen seinen Sprossen von 280 mm macht den Zugang zum Boden sicher und komfortabel.<br \/>\nDie zul\u00e4ssige Belastung der B\u00f6den betr\u00e4gt 250 kg und die zul\u00e4ssige Gesamtbelastung des Ger\u00fcsts 750 kg.<br \/>\nDas Ger\u00fcst entspricht vollst\u00e4ndig der geltenden europ\u00e4ischen Norm HD 1004.<\/div>\n<\/div>\n<\/div>\n<\/div>\n<\/div>\n<\/div>\n<\/div>\n<\/div>\n<\/div>\n<\/div>\n<\/div>\n<\/div>\n","protected":false},"featured_media":212,"comment_status":"closed","ping_status":"closed","template":"","meta":{"_acf_changed":false},"product_brand":[],"product_cat":[58],"product_tag":[],"class_list":{"0":"post-781","1":"product","2":"type-product","3":"status-publish","4":"has-post-thumbnail","6":"product_cat-baugerueste","8":"first","9":"instock","10":"taxable","11":"shipping-taxable","12":"purchasable","13":"product-type-simple"},"acf":[],"yoast_head":"<!-- This site is optimized with the Yoast SEO plugin v27.5 - https:\/\/yoast.com\/product\/yoast-seo-wordpress\/ -->\n<title>EC-ROLLGER\u00dcST 8 X 2,50 M - The City Rent &amp; Partner<\/title>\n<meta name=\"robots\" content=\"index, follow, max-snippet:-1, max-image-preview:large, max-video-preview:-1\" \/>\n<link rel=\"canonical\" href=\"https:\/\/www.thecityrent.be\/de\/produkt\/ec-echafaudage-a-roulettes-8-x-250-m\/\" \/>\n<meta property=\"og:locale\" content=\"de_DE\" \/>\n<meta property=\"og:type\" content=\"article\" \/>\n<meta property=\"og:title\" content=\"EC-ROLLGER\u00dcST 8 X 2,50 M - The City Rent &amp; Partner\" \/>\n<meta property=\"og:description\" content=\"Das robusteste Ger\u00fcst seiner Art, spezialisiert f\u00fcr einen intensiven Gebrauch. Die maximale Arbeitsh\u00f6he im Innen- und Au\u00dfenbereich betr\u00e4gt 10 m. Der Abstand zwischen seinen Sprossen von 280 mm macht den Zugang zum Boden sicher und komfortabel. Die zul\u00e4ssige Belastung der B\u00f6den betr\u00e4gt 250 kg und die zul\u00e4ssige Gesamtbelastung des Ger\u00fcsts 750 kg. Das Ger\u00fcst entspricht vollst\u00e4ndig der geltenden europ\u00e4ischen Norm HD 1004.\" \/>\n<meta property=\"og:url\" content=\"https:\/\/www.thecityrent.be\/de\/produkt\/ec-echafaudage-a-roulettes-8-x-250-m\/\" \/>\n<meta property=\"og:site_name\" content=\"The City Rent &amp; Partner\" \/>\n<meta property=\"article:modified_time\" content=\"2023-01-30T11:26:59+00:00\" \/>\n<meta property=\"og:image\" content=\"https:\/\/www.thecityrent.be\/wp-content\/uploads\/c515012-rs-tower-51-sq-72m-3_13606_700x840.png\" \/>\n\t<meta property=\"og:image:width\" content=\"650\" \/>\n\t<meta property=\"og:image:height\" content=\"840\" \/>\n\t<meta property=\"og:image:type\" content=\"image\/png\" \/>\n<meta name=\"twitter:card\" content=\"summary_large_image\" \/>\n<meta name=\"twitter:label1\" content=\"Gesch\u00e4tzte Lesezeit\" \/>\n\t<meta name=\"twitter:data1\" content=\"1\u00a0Minute\" \/>\n<script type=\"application\/ld+json\" class=\"yoast-schema-graph\">{\"@context\":\"https:\\\/\\\/schema.org\",\"@graph\":[{\"@type\":\"WebPage\",\"@id\":\"https:\\\/\\\/www.thecityrent.be\\\/de\\\/produkt\\\/ec-echafaudage-a-roulettes-8-x-250-m\\\/\",\"url\":\"https:\\\/\\\/www.thecityrent.be\\\/de\\\/produkt\\\/ec-echafaudage-a-roulettes-8-x-250-m\\\/\",\"name\":\"EC-ROLLGER\u00dcST 8 X 2,50 M - The City Rent &amp; Partner\",\"isPartOf\":{\"@id\":\"https:\\\/\\\/www.thecityrent.be\\\/#website\"},\"primaryImageOfPage\":{\"@id\":\"https:\\\/\\\/www.thecityrent.be\\\/de\\\/produkt\\\/ec-echafaudage-a-roulettes-8-x-250-m\\\/#primaryimage\"},\"image\":{\"@id\":\"https:\\\/\\\/www.thecityrent.be\\\/de\\\/produkt\\\/ec-echafaudage-a-roulettes-8-x-250-m\\\/#primaryimage\"},\"thumbnailUrl\":\"https:\\\/\\\/www.thecityrent.be\\\/wp-content\\\/uploads\\\/c515012-rs-tower-51-sq-72m-3_13606_700x840.png\",\"datePublished\":\"2021-05-11T16:17:28+00:00\",\"dateModified\":\"2023-01-30T11:26:59+00:00\",\"breadcrumb\":{\"@id\":\"https:\\\/\\\/www.thecityrent.be\\\/de\\\/produkt\\\/ec-echafaudage-a-roulettes-8-x-250-m\\\/#breadcrumb\"},\"inLanguage\":\"de\",\"potentialAction\":[{\"@type\":\"ReadAction\",\"target\":[\"https:\\\/\\\/www.thecityrent.be\\\/de\\\/produkt\\\/ec-echafaudage-a-roulettes-8-x-250-m\\\/\"]}]},{\"@type\":\"ImageObject\",\"inLanguage\":\"de\",\"@id\":\"https:\\\/\\\/www.thecityrent.be\\\/de\\\/produkt\\\/ec-echafaudage-a-roulettes-8-x-250-m\\\/#primaryimage\",\"url\":\"https:\\\/\\\/www.thecityrent.be\\\/wp-content\\\/uploads\\\/c515012-rs-tower-51-sq-72m-3_13606_700x840.png\",\"contentUrl\":\"https:\\\/\\\/www.thecityrent.be\\\/wp-content\\\/uploads\\\/c515012-rs-tower-51-sq-72m-3_13606_700x840.png\",\"width\":650,\"height\":840},{\"@type\":\"BreadcrumbList\",\"@id\":\"https:\\\/\\\/www.thecityrent.be\\\/de\\\/produkt\\\/ec-echafaudage-a-roulettes-8-x-250-m\\\/#breadcrumb\",\"itemListElement\":[{\"@type\":\"ListItem\",\"position\":1,\"name\":\"Home\",\"item\":\"https:\\\/\\\/www.thecityrent.be\\\/de\\\/\"},{\"@type\":\"ListItem\",\"position\":2,\"name\":\"Shop\",\"item\":\"https:\\\/\\\/www.thecityrent.be\\\/shop\\\/\"},{\"@type\":\"ListItem\",\"position\":3,\"name\":\"EC-ROLLGER\u00dcST 8 X 2,50 M\"}]},{\"@type\":\"WebSite\",\"@id\":\"https:\\\/\\\/www.thecityrent.be\\\/#website\",\"url\":\"https:\\\/\\\/www.thecityrent.be\\\/\",\"name\":\"The City Rent &amp; Partner\",\"description\":\"Votre partenaire pour la location de mat\u00e9riel, outillage &amp; v\u00e9hicules\",\"potentialAction\":[{\"@type\":\"SearchAction\",\"target\":{\"@type\":\"EntryPoint\",\"urlTemplate\":\"https:\\\/\\\/www.thecityrent.be\\\/?s={search_term_string}\"},\"query-input\":{\"@type\":\"PropertyValueSpecification\",\"valueRequired\":true,\"valueName\":\"search_term_string\"}}],\"inLanguage\":\"de\"}]}<\/script>\n<!-- \/ Yoast SEO plugin. -->","yoast_head_json":{"title":"EC-ROLLGER\u00dcST 8 X 2,50 M - The City Rent &amp; Partner","robots":{"index":"index","follow":"follow","max-snippet":"max-snippet:-1","max-image-preview":"max-image-preview:large","max-video-preview":"max-video-preview:-1"},"canonical":"https:\/\/www.thecityrent.be\/de\/produkt\/ec-echafaudage-a-roulettes-8-x-250-m\/","og_locale":"de_DE","og_type":"article","og_title":"EC-ROLLGER\u00dcST 8 X 2,50 M - The City Rent &amp; Partner","og_description":"Das robusteste Ger\u00fcst seiner Art, spezialisiert f\u00fcr einen intensiven Gebrauch. Die maximale Arbeitsh\u00f6he im Innen- und Au\u00dfenbereich betr\u00e4gt 10 m. Der Abstand zwischen seinen Sprossen von 280 mm macht den Zugang zum Boden sicher und komfortabel. Die zul\u00e4ssige Belastung der B\u00f6den betr\u00e4gt 250 kg und die zul\u00e4ssige Gesamtbelastung des Ger\u00fcsts 750 kg. Das Ger\u00fcst entspricht vollst\u00e4ndig der geltenden europ\u00e4ischen Norm HD 1004.","og_url":"https:\/\/www.thecityrent.be\/de\/produkt\/ec-echafaudage-a-roulettes-8-x-250-m\/","og_site_name":"The City Rent &amp; Partner","article_modified_time":"2023-01-30T11:26:59+00:00","og_image":[{"width":650,"height":840,"url":"https:\/\/www.thecityrent.be\/wp-content\/uploads\/c515012-rs-tower-51-sq-72m-3_13606_700x840.png","type":"image\/png"}],"twitter_card":"summary_large_image","twitter_misc":{"Gesch\u00e4tzte Lesezeit":"1\u00a0Minute"},"schema":{"@context":"https:\/\/schema.org","@graph":[{"@type":"WebPage","@id":"https:\/\/www.thecityrent.be\/de\/produkt\/ec-echafaudage-a-roulettes-8-x-250-m\/","url":"https:\/\/www.thecityrent.be\/de\/produkt\/ec-echafaudage-a-roulettes-8-x-250-m\/","name":"EC-ROLLGER\u00dcST 8 X 2,50 M - The City Rent &amp; Partner","isPartOf":{"@id":"https:\/\/www.thecityrent.be\/#website"},"primaryImageOfPage":{"@id":"https:\/\/www.thecityrent.be\/de\/produkt\/ec-echafaudage-a-roulettes-8-x-250-m\/#primaryimage"},"image":{"@id":"https:\/\/www.thecityrent.be\/de\/produkt\/ec-echafaudage-a-roulettes-8-x-250-m\/#primaryimage"},"thumbnailUrl":"https:\/\/www.thecityrent.be\/wp-content\/uploads\/c515012-rs-tower-51-sq-72m-3_13606_700x840.png","datePublished":"2021-05-11T16:17:28+00:00","dateModified":"2023-01-30T11:26:59+00:00","breadcrumb":{"@id":"https:\/\/www.thecityrent.be\/de\/produkt\/ec-echafaudage-a-roulettes-8-x-250-m\/#breadcrumb"},"inLanguage":"de","potentialAction":[{"@type":"ReadAction","target":["https:\/\/www.thecityrent.be\/de\/produkt\/ec-echafaudage-a-roulettes-8-x-250-m\/"]}]},{"@type":"ImageObject","inLanguage":"de","@id":"https:\/\/www.thecityrent.be\/de\/produkt\/ec-echafaudage-a-roulettes-8-x-250-m\/#primaryimage","url":"https:\/\/www.thecityrent.be\/wp-content\/uploads\/c515012-rs-tower-51-sq-72m-3_13606_700x840.png","contentUrl":"https:\/\/www.thecityrent.be\/wp-content\/uploads\/c515012-rs-tower-51-sq-72m-3_13606_700x840.png","width":650,"height":840},{"@type":"BreadcrumbList","@id":"https:\/\/www.thecityrent.be\/de\/produkt\/ec-echafaudage-a-roulettes-8-x-250-m\/#breadcrumb","itemListElement":[{"@type":"ListItem","position":1,"name":"Home","item":"https:\/\/www.thecityrent.be\/de\/"},{"@type":"ListItem","position":2,"name":"Shop","item":"https:\/\/www.thecityrent.be\/shop\/"},{"@type":"ListItem","position":3,"name":"EC-ROLLGER\u00dcST 8 X 2,50 M"}]},{"@type":"WebSite","@id":"https:\/\/www.thecityrent.be\/#website","url":"https:\/\/www.thecityrent.be\/","name":"The City Rent &amp; Partner","description":"Votre partenaire pour la location de mat\u00e9riel, outillage &amp; v\u00e9hicules","potentialAction":[{"@type":"SearchAction","target":{"@type":"EntryPoint","urlTemplate":"https:\/\/www.thecityrent.be\/?s={search_term_string}"},"query-input":{"@type":"PropertyValueSpecification","valueRequired":true,"valueName":"search_term_string"}}],"inLanguage":"de"}]}},"_links":{"self":[{"href":"https:\/\/www.thecityrent.be\/de\/wp-json\/wp\/v2\/product\/781","targetHints":{"allow":["GET"]}}],"collection":[{"href":"https:\/\/www.thecityrent.be\/de\/wp-json\/wp\/v2\/product"}],"about":[{"href":"https:\/\/www.thecityrent.be\/de\/wp-json\/wp\/v2\/types\/product"}],"replies":[{"embeddable":true,"href":"https:\/\/www.thecityrent.be\/de\/wp-json\/wp\/v2\/comments?post=781"}],"wp:featuredmedia":[{"embeddable":true,"href":"https:\/\/www.thecityrent.be\/de\/wp-json\/wp\/v2\/media\/212"}],"wp:attachment":[{"href":"https:\/\/www.thecityrent.be\/de\/wp-json\/wp\/v2\/media?parent=781"}],"wp:term":[{"taxonomy":"product_brand","embeddable":true,"href":"https:\/\/www.thecityrent.be\/de\/wp-json\/wp\/v2\/product_brand?post=781"},{"taxonomy":"product_cat","embeddable":true,"href":"https:\/\/www.thecityrent.be\/de\/wp-json\/wp\/v2\/product_cat?post=781"},{"taxonomy":"product_tag","embeddable":true,"href":"https:\/\/www.thecityrent.be\/de\/wp-json\/wp\/v2\/product_tag?post=781"}],"curies":[{"name":"wp","href":"https:\/\/api.w.org\/{rel}","templated":true}]}}