{"id":770,"date":"2021-05-11T15:17:08","date_gmt":"2021-05-11T13:17:08","guid":{"rendered":"https:\/\/www.thecityrent.be\/product\/co-rouleau-15-t-2-billes-pied-de-mouton-telecommande\/"},"modified":"2023-01-30T12:07:47","modified_gmt":"2023-01-30T11:07:47","slug":"co-rouleau-15-t-2-billes-pied-de-mouton-telecommande","status":"publish","type":"product","link":"https:\/\/www.thecityrent.be\/de\/produkt\/co-rouleau-15-t-2-billes-pied-de-mouton-telecommande\/","title":{"rendered":"CO-GRABENWALZE 1,5 T &#8211; 2 WALZEN STAMPFFU\u00df &#8211; FERNBEDIENUNG"},"content":{"rendered":"<ul>\n<li><strong>KAUTION<\/strong> : 200,00 \u20ac<\/li>\n<li class=\"prixjour\"><strong>PREIS\/TAG<\/strong> : 128,00 \u20ac<\/li>\n<li class=\"prixsemaine\"><strong>PREIS\/TAG\/WOCHE<\/strong> : 103,00 \u20ac<\/li>\n<li class=\"prixsemaine\"><strong>PREIS\/WOCHENENDE<\/strong> : 231,00 \u20ac<\/li>\n<li class=\"prixsemaine\"><strong>PREIS\/TAG\/MONAT<\/strong> : 77,00\u20ac<\/li>\n<\/ul>\n","protected":false},"excerpt":{"rendered":"<p>Die RT-Grabenwalze ist ideal geeignet zum Verdichten von Ausschachtungen und Tragschichten f\u00fcr Fundamente, Stra\u00dfen und Parkpl\u00e4tze. Insbesondere beim Einsatz auf bindigen B\u00f6den spielt die RT ihre St\u00e4rken voll aus, da die Stampff\u00fc\u00dfe in Verbindung mit der hohen, einstellbaren Zentrifugalkraft beste Verdichtungsergebnisse liefern. Die Bandagen sind in zwei verschiedenen Breiten erh\u00e4ltlich. Die Fernsteuerung arbeitet mit Infrarot-Technologie, die den gr\u00f6\u00dftm\u00f6glichen Sicherheitsstandard bietet<\/p>\n","protected":false},"featured_media":4047,"comment_status":"closed","ping_status":"closed","template":"","meta":{"_acf_changed":false},"product_brand":[],"product_cat":[55],"product_tag":[],"class_list":{"0":"post-770","1":"product","2":"type-product","3":"status-publish","4":"has-post-thumbnail","6":"product_cat-verdichtung","8":"first","9":"instock","10":"taxable","11":"shipping-taxable","12":"purchasable","13":"product-type-simple"},"acf":[],"yoast_head":"<!-- This site is optimized with the Yoast SEO plugin v27.5 - https:\/\/yoast.com\/product\/yoast-seo-wordpress\/ -->\n<title>CO-GRABENWALZE 1,5 T - 2 WALZEN STAMPFFU\u00df - FERNBEDIENUNG - The City Rent &amp; Partner<\/title>\n<meta name=\"robots\" content=\"index, follow, max-snippet:-1, max-image-preview:large, max-video-preview:-1\" \/>\n<link rel=\"canonical\" href=\"https:\/\/www.thecityrent.be\/de\/produkt\/co-rouleau-15-t-2-billes-pied-de-mouton-telecommande\/\" \/>\n<meta property=\"og:locale\" content=\"de_DE\" \/>\n<meta property=\"og:type\" content=\"article\" \/>\n<meta property=\"og:title\" content=\"CO-GRABENWALZE 1,5 T - 2 WALZEN STAMPFFU\u00df - FERNBEDIENUNG - The City Rent &amp; Partner\" \/>\n<meta property=\"og:description\" content=\"Die RT-Grabenwalze ist ideal geeignet zum Verdichten von Ausschachtungen und Tragschichten f\u00fcr Fundamente, Stra\u00dfen und Parkpl\u00e4tze. Insbesondere beim Einsatz auf bindigen B\u00f6den spielt die RT ihre St\u00e4rken voll aus, da die Stampff\u00fc\u00dfe in Verbindung mit der hohen, einstellbaren Zentrifugalkraft beste Verdichtungsergebnisse liefern. Die Bandagen sind in zwei verschiedenen Breiten erh\u00e4ltlich. Die Fernsteuerung arbeitet mit Infrarot-Technologie, die den gr\u00f6\u00dftm\u00f6glichen Sicherheitsstandard bietet\" \/>\n<meta property=\"og:url\" content=\"https:\/\/www.thecityrent.be\/de\/produkt\/co-rouleau-15-t-2-billes-pied-de-mouton-telecommande\/\" \/>\n<meta property=\"og:site_name\" content=\"The City Rent &amp; Partner\" \/>\n<meta property=\"article:modified_time\" content=\"2023-01-30T11:07:47+00:00\" \/>\n<meta property=\"og:image\" content=\"https:\/\/www.thecityrent.be\/wp-content\/uploads\/1.5-t-teleco-pied-m.jpg\" \/>\n\t<meta property=\"og:image:width\" content=\"770\" \/>\n\t<meta property=\"og:image:height\" content=\"770\" \/>\n\t<meta property=\"og:image:type\" content=\"image\/jpeg\" \/>\n<meta name=\"twitter:card\" content=\"summary_large_image\" \/>\n<meta name=\"twitter:label1\" content=\"Gesch\u00e4tzte Lesezeit\" \/>\n\t<meta name=\"twitter:data1\" content=\"1\u00a0Minute\" \/>\n<script type=\"application\/ld+json\" class=\"yoast-schema-graph\">{\"@context\":\"https:\\\/\\\/schema.org\",\"@graph\":[{\"@type\":\"WebPage\",\"@id\":\"https:\\\/\\\/www.thecityrent.be\\\/de\\\/produkt\\\/co-rouleau-15-t-2-billes-pied-de-mouton-telecommande\\\/\",\"url\":\"https:\\\/\\\/www.thecityrent.be\\\/de\\\/produkt\\\/co-rouleau-15-t-2-billes-pied-de-mouton-telecommande\\\/\",\"name\":\"CO-GRABENWALZE 1,5 T - 2 WALZEN STAMPFFU\u00df - FERNBEDIENUNG - The City Rent &amp; Partner\",\"isPartOf\":{\"@id\":\"https:\\\/\\\/www.thecityrent.be\\\/#website\"},\"primaryImageOfPage\":{\"@id\":\"https:\\\/\\\/www.thecityrent.be\\\/de\\\/produkt\\\/co-rouleau-15-t-2-billes-pied-de-mouton-telecommande\\\/#primaryimage\"},\"image\":{\"@id\":\"https:\\\/\\\/www.thecityrent.be\\\/de\\\/produkt\\\/co-rouleau-15-t-2-billes-pied-de-mouton-telecommande\\\/#primaryimage\"},\"thumbnailUrl\":\"https:\\\/\\\/www.thecityrent.be\\\/wp-content\\\/uploads\\\/cropped-WN-300x300-1.png\",\"datePublished\":\"2021-05-11T13:17:08+00:00\",\"dateModified\":\"2023-01-30T11:07:47+00:00\",\"breadcrumb\":{\"@id\":\"https:\\\/\\\/www.thecityrent.be\\\/de\\\/produkt\\\/co-rouleau-15-t-2-billes-pied-de-mouton-telecommande\\\/#breadcrumb\"},\"inLanguage\":\"de\",\"potentialAction\":[{\"@type\":\"ReadAction\",\"target\":[\"https:\\\/\\\/www.thecityrent.be\\\/de\\\/produkt\\\/co-rouleau-15-t-2-billes-pied-de-mouton-telecommande\\\/\"]}]},{\"@type\":\"ImageObject\",\"inLanguage\":\"de\",\"@id\":\"https:\\\/\\\/www.thecityrent.be\\\/de\\\/produkt\\\/co-rouleau-15-t-2-billes-pied-de-mouton-telecommande\\\/#primaryimage\",\"url\":\"https:\\\/\\\/www.thecityrent.be\\\/wp-content\\\/uploads\\\/cropped-WN-300x300-1.png\",\"contentUrl\":\"https:\\\/\\\/www.thecityrent.be\\\/wp-content\\\/uploads\\\/cropped-WN-300x300-1.png\",\"width\":300,\"height\":300},{\"@type\":\"BreadcrumbList\",\"@id\":\"https:\\\/\\\/www.thecityrent.be\\\/de\\\/produkt\\\/co-rouleau-15-t-2-billes-pied-de-mouton-telecommande\\\/#breadcrumb\",\"itemListElement\":[{\"@type\":\"ListItem\",\"position\":1,\"name\":\"Home\",\"item\":\"https:\\\/\\\/www.thecityrent.be\\\/de\\\/\"},{\"@type\":\"ListItem\",\"position\":2,\"name\":\"Shop\",\"item\":\"https:\\\/\\\/www.thecityrent.be\\\/shop\\\/\"},{\"@type\":\"ListItem\",\"position\":3,\"name\":\"CO-GRABENWALZE 1,5 T &#8211; 2 WALZEN STAMPFFU\u00df &#8211; FERNBEDIENUNG\"}]},{\"@type\":\"WebSite\",\"@id\":\"https:\\\/\\\/www.thecityrent.be\\\/#website\",\"url\":\"https:\\\/\\\/www.thecityrent.be\\\/\",\"name\":\"The City Rent &amp; Partner\",\"description\":\"Votre partenaire pour la location de mat\u00e9riel, outillage &amp; v\u00e9hicules\",\"potentialAction\":[{\"@type\":\"SearchAction\",\"target\":{\"@type\":\"EntryPoint\",\"urlTemplate\":\"https:\\\/\\\/www.thecityrent.be\\\/?s={search_term_string}\"},\"query-input\":{\"@type\":\"PropertyValueSpecification\",\"valueRequired\":true,\"valueName\":\"search_term_string\"}}],\"inLanguage\":\"de\"}]}<\/script>\n<!-- \/ Yoast SEO plugin. -->","yoast_head_json":{"title":"CO-GRABENWALZE 1,5 T - 2 WALZEN STAMPFFU\u00df - FERNBEDIENUNG - The City Rent &amp; Partner","robots":{"index":"index","follow":"follow","max-snippet":"max-snippet:-1","max-image-preview":"max-image-preview:large","max-video-preview":"max-video-preview:-1"},"canonical":"https:\/\/www.thecityrent.be\/de\/produkt\/co-rouleau-15-t-2-billes-pied-de-mouton-telecommande\/","og_locale":"de_DE","og_type":"article","og_title":"CO-GRABENWALZE 1,5 T - 2 WALZEN STAMPFFU\u00df - FERNBEDIENUNG - The City Rent &amp; Partner","og_description":"Die RT-Grabenwalze ist ideal geeignet zum Verdichten von Ausschachtungen und Tragschichten f\u00fcr Fundamente, Stra\u00dfen und Parkpl\u00e4tze. Insbesondere beim Einsatz auf bindigen B\u00f6den spielt die RT ihre St\u00e4rken voll aus, da die Stampff\u00fc\u00dfe in Verbindung mit der hohen, einstellbaren Zentrifugalkraft beste Verdichtungsergebnisse liefern. Die Bandagen sind in zwei verschiedenen Breiten erh\u00e4ltlich. Die Fernsteuerung arbeitet mit Infrarot-Technologie, die den gr\u00f6\u00dftm\u00f6glichen Sicherheitsstandard bietet","og_url":"https:\/\/www.thecityrent.be\/de\/produkt\/co-rouleau-15-t-2-billes-pied-de-mouton-telecommande\/","og_site_name":"The City Rent &amp; Partner","article_modified_time":"2023-01-30T11:07:47+00:00","og_image":[{"width":770,"height":770,"url":"https:\/\/www.thecityrent.be\/wp-content\/uploads\/1.5-t-teleco-pied-m.jpg","type":"image\/jpeg"}],"twitter_card":"summary_large_image","twitter_misc":{"Gesch\u00e4tzte Lesezeit":"1\u00a0Minute"},"schema":{"@context":"https:\/\/schema.org","@graph":[{"@type":"WebPage","@id":"https:\/\/www.thecityrent.be\/de\/produkt\/co-rouleau-15-t-2-billes-pied-de-mouton-telecommande\/","url":"https:\/\/www.thecityrent.be\/de\/produkt\/co-rouleau-15-t-2-billes-pied-de-mouton-telecommande\/","name":"CO-GRABENWALZE 1,5 T - 2 WALZEN STAMPFFU\u00df - FERNBEDIENUNG - The City Rent &amp; Partner","isPartOf":{"@id":"https:\/\/www.thecityrent.be\/#website"},"primaryImageOfPage":{"@id":"https:\/\/www.thecityrent.be\/de\/produkt\/co-rouleau-15-t-2-billes-pied-de-mouton-telecommande\/#primaryimage"},"image":{"@id":"https:\/\/www.thecityrent.be\/de\/produkt\/co-rouleau-15-t-2-billes-pied-de-mouton-telecommande\/#primaryimage"},"thumbnailUrl":"https:\/\/www.thecityrent.be\/wp-content\/uploads\/cropped-WN-300x300-1.png","datePublished":"2021-05-11T13:17:08+00:00","dateModified":"2023-01-30T11:07:47+00:00","breadcrumb":{"@id":"https:\/\/www.thecityrent.be\/de\/produkt\/co-rouleau-15-t-2-billes-pied-de-mouton-telecommande\/#breadcrumb"},"inLanguage":"de","potentialAction":[{"@type":"ReadAction","target":["https:\/\/www.thecityrent.be\/de\/produkt\/co-rouleau-15-t-2-billes-pied-de-mouton-telecommande\/"]}]},{"@type":"ImageObject","inLanguage":"de","@id":"https:\/\/www.thecityrent.be\/de\/produkt\/co-rouleau-15-t-2-billes-pied-de-mouton-telecommande\/#primaryimage","url":"https:\/\/www.thecityrent.be\/wp-content\/uploads\/cropped-WN-300x300-1.png","contentUrl":"https:\/\/www.thecityrent.be\/wp-content\/uploads\/cropped-WN-300x300-1.png","width":300,"height":300},{"@type":"BreadcrumbList","@id":"https:\/\/www.thecityrent.be\/de\/produkt\/co-rouleau-15-t-2-billes-pied-de-mouton-telecommande\/#breadcrumb","itemListElement":[{"@type":"ListItem","position":1,"name":"Home","item":"https:\/\/www.thecityrent.be\/de\/"},{"@type":"ListItem","position":2,"name":"Shop","item":"https:\/\/www.thecityrent.be\/shop\/"},{"@type":"ListItem","position":3,"name":"CO-GRABENWALZE 1,5 T &#8211; 2 WALZEN STAMPFFU\u00df &#8211; FERNBEDIENUNG"}]},{"@type":"WebSite","@id":"https:\/\/www.thecityrent.be\/#website","url":"https:\/\/www.thecityrent.be\/","name":"The City Rent &amp; Partner","description":"Votre partenaire pour la location de mat\u00e9riel, outillage &amp; v\u00e9hicules","potentialAction":[{"@type":"SearchAction","target":{"@type":"EntryPoint","urlTemplate":"https:\/\/www.thecityrent.be\/?s={search_term_string}"},"query-input":{"@type":"PropertyValueSpecification","valueRequired":true,"valueName":"search_term_string"}}],"inLanguage":"de"}]}},"_links":{"self":[{"href":"https:\/\/www.thecityrent.be\/de\/wp-json\/wp\/v2\/product\/770","targetHints":{"allow":["GET"]}}],"collection":[{"href":"https:\/\/www.thecityrent.be\/de\/wp-json\/wp\/v2\/product"}],"about":[{"href":"https:\/\/www.thecityrent.be\/de\/wp-json\/wp\/v2\/types\/product"}],"replies":[{"embeddable":true,"href":"https:\/\/www.thecityrent.be\/de\/wp-json\/wp\/v2\/comments?post=770"}],"wp:featuredmedia":[{"embeddable":true,"href":"https:\/\/www.thecityrent.be\/de\/wp-json\/wp\/v2\/media\/4047"}],"wp:attachment":[{"href":"https:\/\/www.thecityrent.be\/de\/wp-json\/wp\/v2\/media?parent=770"}],"wp:term":[{"taxonomy":"product_brand","embeddable":true,"href":"https:\/\/www.thecityrent.be\/de\/wp-json\/wp\/v2\/product_brand?post=770"},{"taxonomy":"product_cat","embeddable":true,"href":"https:\/\/www.thecityrent.be\/de\/wp-json\/wp\/v2\/product_cat?post=770"},{"taxonomy":"product_tag","embeddable":true,"href":"https:\/\/www.thecityrent.be\/de\/wp-json\/wp\/v2\/product_tag?post=770"}],"curies":[{"name":"wp","href":"https:\/\/api.w.org\/{rel}","templated":true}]}}