{"id":734,"date":"2021-05-10T18:28:53","date_gmt":"2021-05-10T16:28:53","guid":{"rendered":"https:\/\/www.thecityrent.be\/product\/cd-canon-a-chaleur-cheminee-externe\/"},"modified":"2023-01-30T11:48:33","modified_gmt":"2023-01-30T10:48:33","slug":"cd-canon-a-chaleur-cheminee-externe","status":"publish","type":"product","link":"https:\/\/www.thecityrent.be\/de\/produkt\/cd-canon-a-chaleur-cheminee-externe\/","title":{"rendered":"CD-W\u00c4RMEKANONE &#8222;EXTERNER KAMIN&#8220; 55.000 KCAL"},"content":{"rendered":"<ul>\n<li><strong>REFERENZ: <\/strong>CD045<\/li>\n<li><strong>KAUTION<\/strong> : 100,00 \u20ac<\/li>\n<li class=\"prixjour\"><strong>PREIS\/TAG<\/strong> : 64,00 \u20ac<\/li>\n<li class=\"prixsemaine\"><strong>PREIS\/TAG\/WOCHE<\/strong> : 51,00 \u20ac<\/li>\n<li class=\"prixsemaine\"><strong>PREIS\/WOCHENENDE<\/strong> : 116,00 \u20ac<\/li>\n<li class=\"prixsemaine\"><strong>PREIS\/TAG\/MONAT<\/strong> : 39,00\u20ac<\/li>\n<\/ul>\n","protected":false},"excerpt":{"rendered":"<p>Ihren Raum schnell und effizient beheizen? Diese direkt befeuerte W\u00e4rmekanone eignet sich f\u00fcr den Einsatz in gut bel\u00fcfteten R\u00e4umen wie Hangars, Lagerhallen oder Werkst\u00e4tten.<\/p>\n","protected":false},"featured_media":4016,"comment_status":"closed","ping_status":"closed","template":"","meta":{"_acf_changed":false},"product_brand":[],"product_cat":[47],"product_tag":[],"class_list":{"0":"post-734","1":"product","2":"type-product","3":"status-publish","4":"has-post-thumbnail","6":"product_cat-heizung-entfeuchter","8":"first","9":"instock","10":"taxable","11":"shipping-taxable","12":"purchasable","13":"product-type-simple"},"acf":[],"yoast_head":"<!-- This site is optimized with the Yoast SEO plugin v27.5 - https:\/\/yoast.com\/product\/yoast-seo-wordpress\/ -->\n<title>CD-W\u00c4RMEKANONE &quot;EXTERNER KAMIN&quot; 55.000 KCAL - The City Rent &amp; Partner<\/title>\n<meta name=\"robots\" content=\"index, follow, max-snippet:-1, max-image-preview:large, max-video-preview:-1\" \/>\n<link rel=\"canonical\" href=\"https:\/\/www.thecityrent.be\/de\/produkt\/cd-canon-a-chaleur-cheminee-externe\/\" \/>\n<meta property=\"og:locale\" content=\"de_DE\" \/>\n<meta property=\"og:type\" content=\"article\" \/>\n<meta property=\"og:title\" content=\"CD-W\u00c4RMEKANONE &quot;EXTERNER KAMIN&quot; 55.000 KCAL - The City Rent &amp; Partner\" \/>\n<meta property=\"og:description\" content=\"Ihren Raum schnell und effizient beheizen? Diese direkt befeuerte W\u00e4rmekanone eignet sich f\u00fcr den Einsatz in gut bel\u00fcfteten R\u00e4umen wie Hangars, Lagerhallen oder Werkst\u00e4tten.\" \/>\n<meta property=\"og:url\" content=\"https:\/\/www.thecityrent.be\/de\/produkt\/cd-canon-a-chaleur-cheminee-externe\/\" \/>\n<meta property=\"og:site_name\" content=\"The City Rent &amp; Partner\" \/>\n<meta property=\"article:modified_time\" content=\"2023-01-30T10:48:33+00:00\" \/>\n<meta property=\"og:image\" content=\"https:\/\/www.thecityrent.be\/wp-content\/uploads\/CD045-a.jpg\" \/>\n\t<meta property=\"og:image:width\" content=\"300\" \/>\n\t<meta property=\"og:image:height\" content=\"281\" \/>\n\t<meta property=\"og:image:type\" content=\"image\/jpeg\" \/>\n<meta name=\"twitter:card\" content=\"summary_large_image\" \/>\n<meta name=\"twitter:label1\" content=\"Gesch\u00e4tzte Lesezeit\" \/>\n\t<meta name=\"twitter:data1\" content=\"1\u00a0Minute\" \/>\n<script type=\"application\/ld+json\" class=\"yoast-schema-graph\">{\"@context\":\"https:\\\/\\\/schema.org\",\"@graph\":[{\"@type\":\"WebPage\",\"@id\":\"https:\\\/\\\/www.thecityrent.be\\\/de\\\/produkt\\\/cd-canon-a-chaleur-cheminee-externe\\\/\",\"url\":\"https:\\\/\\\/www.thecityrent.be\\\/de\\\/produkt\\\/cd-canon-a-chaleur-cheminee-externe\\\/\",\"name\":\"CD-W\u00c4RMEKANONE \\\"EXTERNER KAMIN\\\" 55.000 KCAL - The City Rent &amp; Partner\",\"isPartOf\":{\"@id\":\"https:\\\/\\\/www.thecityrent.be\\\/#website\"},\"primaryImageOfPage\":{\"@id\":\"https:\\\/\\\/www.thecityrent.be\\\/de\\\/produkt\\\/cd-canon-a-chaleur-cheminee-externe\\\/#primaryimage\"},\"image\":{\"@id\":\"https:\\\/\\\/www.thecityrent.be\\\/de\\\/produkt\\\/cd-canon-a-chaleur-cheminee-externe\\\/#primaryimage\"},\"thumbnailUrl\":\"https:\\\/\\\/www.thecityrent.be\\\/wp-content\\\/uploads\\\/CD045-a.jpg\",\"datePublished\":\"2021-05-10T16:28:53+00:00\",\"dateModified\":\"2023-01-30T10:48:33+00:00\",\"breadcrumb\":{\"@id\":\"https:\\\/\\\/www.thecityrent.be\\\/de\\\/produkt\\\/cd-canon-a-chaleur-cheminee-externe\\\/#breadcrumb\"},\"inLanguage\":\"de\",\"potentialAction\":[{\"@type\":\"ReadAction\",\"target\":[\"https:\\\/\\\/www.thecityrent.be\\\/de\\\/produkt\\\/cd-canon-a-chaleur-cheminee-externe\\\/\"]}]},{\"@type\":\"ImageObject\",\"inLanguage\":\"de\",\"@id\":\"https:\\\/\\\/www.thecityrent.be\\\/de\\\/produkt\\\/cd-canon-a-chaleur-cheminee-externe\\\/#primaryimage\",\"url\":\"https:\\\/\\\/www.thecityrent.be\\\/wp-content\\\/uploads\\\/CD045-a.jpg\",\"contentUrl\":\"https:\\\/\\\/www.thecityrent.be\\\/wp-content\\\/uploads\\\/CD045-a.jpg\",\"width\":300,\"height\":281},{\"@type\":\"BreadcrumbList\",\"@id\":\"https:\\\/\\\/www.thecityrent.be\\\/de\\\/produkt\\\/cd-canon-a-chaleur-cheminee-externe\\\/#breadcrumb\",\"itemListElement\":[{\"@type\":\"ListItem\",\"position\":1,\"name\":\"Home\",\"item\":\"https:\\\/\\\/www.thecityrent.be\\\/de\\\/\"},{\"@type\":\"ListItem\",\"position\":2,\"name\":\"Shop\",\"item\":\"https:\\\/\\\/www.thecityrent.be\\\/shop\\\/\"},{\"@type\":\"ListItem\",\"position\":3,\"name\":\"CD-W\u00c4RMEKANONE \u00ab\u00a0EXTERNER KAMIN\u00a0\u00bb 55.000 KCAL\"}]},{\"@type\":\"WebSite\",\"@id\":\"https:\\\/\\\/www.thecityrent.be\\\/#website\",\"url\":\"https:\\\/\\\/www.thecityrent.be\\\/\",\"name\":\"The City Rent &amp; Partner\",\"description\":\"Votre partenaire pour la location de mat\u00e9riel, outillage &amp; v\u00e9hicules\",\"potentialAction\":[{\"@type\":\"SearchAction\",\"target\":{\"@type\":\"EntryPoint\",\"urlTemplate\":\"https:\\\/\\\/www.thecityrent.be\\\/?s={search_term_string}\"},\"query-input\":{\"@type\":\"PropertyValueSpecification\",\"valueRequired\":true,\"valueName\":\"search_term_string\"}}],\"inLanguage\":\"de\"}]}<\/script>\n<!-- \/ Yoast SEO plugin. -->","yoast_head_json":{"title":"CD-W\u00c4RMEKANONE \"EXTERNER KAMIN\" 55.000 KCAL - The City Rent &amp; Partner","robots":{"index":"index","follow":"follow","max-snippet":"max-snippet:-1","max-image-preview":"max-image-preview:large","max-video-preview":"max-video-preview:-1"},"canonical":"https:\/\/www.thecityrent.be\/de\/produkt\/cd-canon-a-chaleur-cheminee-externe\/","og_locale":"de_DE","og_type":"article","og_title":"CD-W\u00c4RMEKANONE \"EXTERNER KAMIN\" 55.000 KCAL - The City Rent &amp; Partner","og_description":"Ihren Raum schnell und effizient beheizen? Diese direkt befeuerte W\u00e4rmekanone eignet sich f\u00fcr den Einsatz in gut bel\u00fcfteten R\u00e4umen wie Hangars, Lagerhallen oder Werkst\u00e4tten.","og_url":"https:\/\/www.thecityrent.be\/de\/produkt\/cd-canon-a-chaleur-cheminee-externe\/","og_site_name":"The City Rent &amp; Partner","article_modified_time":"2023-01-30T10:48:33+00:00","og_image":[{"width":300,"height":281,"url":"https:\/\/www.thecityrent.be\/wp-content\/uploads\/CD045-a.jpg","type":"image\/jpeg"}],"twitter_card":"summary_large_image","twitter_misc":{"Gesch\u00e4tzte Lesezeit":"1\u00a0Minute"},"schema":{"@context":"https:\/\/schema.org","@graph":[{"@type":"WebPage","@id":"https:\/\/www.thecityrent.be\/de\/produkt\/cd-canon-a-chaleur-cheminee-externe\/","url":"https:\/\/www.thecityrent.be\/de\/produkt\/cd-canon-a-chaleur-cheminee-externe\/","name":"CD-W\u00c4RMEKANONE \"EXTERNER KAMIN\" 55.000 KCAL - The City Rent &amp; Partner","isPartOf":{"@id":"https:\/\/www.thecityrent.be\/#website"},"primaryImageOfPage":{"@id":"https:\/\/www.thecityrent.be\/de\/produkt\/cd-canon-a-chaleur-cheminee-externe\/#primaryimage"},"image":{"@id":"https:\/\/www.thecityrent.be\/de\/produkt\/cd-canon-a-chaleur-cheminee-externe\/#primaryimage"},"thumbnailUrl":"https:\/\/www.thecityrent.be\/wp-content\/uploads\/CD045-a.jpg","datePublished":"2021-05-10T16:28:53+00:00","dateModified":"2023-01-30T10:48:33+00:00","breadcrumb":{"@id":"https:\/\/www.thecityrent.be\/de\/produkt\/cd-canon-a-chaleur-cheminee-externe\/#breadcrumb"},"inLanguage":"de","potentialAction":[{"@type":"ReadAction","target":["https:\/\/www.thecityrent.be\/de\/produkt\/cd-canon-a-chaleur-cheminee-externe\/"]}]},{"@type":"ImageObject","inLanguage":"de","@id":"https:\/\/www.thecityrent.be\/de\/produkt\/cd-canon-a-chaleur-cheminee-externe\/#primaryimage","url":"https:\/\/www.thecityrent.be\/wp-content\/uploads\/CD045-a.jpg","contentUrl":"https:\/\/www.thecityrent.be\/wp-content\/uploads\/CD045-a.jpg","width":300,"height":281},{"@type":"BreadcrumbList","@id":"https:\/\/www.thecityrent.be\/de\/produkt\/cd-canon-a-chaleur-cheminee-externe\/#breadcrumb","itemListElement":[{"@type":"ListItem","position":1,"name":"Home","item":"https:\/\/www.thecityrent.be\/de\/"},{"@type":"ListItem","position":2,"name":"Shop","item":"https:\/\/www.thecityrent.be\/shop\/"},{"@type":"ListItem","position":3,"name":"CD-W\u00c4RMEKANONE \u00ab\u00a0EXTERNER KAMIN\u00a0\u00bb 55.000 KCAL"}]},{"@type":"WebSite","@id":"https:\/\/www.thecityrent.be\/#website","url":"https:\/\/www.thecityrent.be\/","name":"The City Rent &amp; Partner","description":"Votre partenaire pour la location de mat\u00e9riel, outillage &amp; v\u00e9hicules","potentialAction":[{"@type":"SearchAction","target":{"@type":"EntryPoint","urlTemplate":"https:\/\/www.thecityrent.be\/?s={search_term_string}"},"query-input":{"@type":"PropertyValueSpecification","valueRequired":true,"valueName":"search_term_string"}}],"inLanguage":"de"}]}},"_links":{"self":[{"href":"https:\/\/www.thecityrent.be\/de\/wp-json\/wp\/v2\/product\/734","targetHints":{"allow":["GET"]}}],"collection":[{"href":"https:\/\/www.thecityrent.be\/de\/wp-json\/wp\/v2\/product"}],"about":[{"href":"https:\/\/www.thecityrent.be\/de\/wp-json\/wp\/v2\/types\/product"}],"replies":[{"embeddable":true,"href":"https:\/\/www.thecityrent.be\/de\/wp-json\/wp\/v2\/comments?post=734"}],"wp:featuredmedia":[{"embeddable":true,"href":"https:\/\/www.thecityrent.be\/de\/wp-json\/wp\/v2\/media\/4016"}],"wp:attachment":[{"href":"https:\/\/www.thecityrent.be\/de\/wp-json\/wp\/v2\/media?parent=734"}],"wp:term":[{"taxonomy":"product_brand","embeddable":true,"href":"https:\/\/www.thecityrent.be\/de\/wp-json\/wp\/v2\/product_brand?post=734"},{"taxonomy":"product_cat","embeddable":true,"href":"https:\/\/www.thecityrent.be\/de\/wp-json\/wp\/v2\/product_cat?post=734"},{"taxonomy":"product_tag","embeddable":true,"href":"https:\/\/www.thecityrent.be\/de\/wp-json\/wp\/v2\/product_tag?post=734"}],"curies":[{"name":"wp","href":"https:\/\/api.w.org\/{rel}","templated":true}]}}