{"id":729,"date":"2021-05-11T11:35:17","date_gmt":"2021-05-11T09:35:17","guid":{"rendered":"https:\/\/www.thecityrent.be\/product\/cd-chauffage-electrique-33-kw-mono\/"},"modified":"2023-01-30T11:44:30","modified_gmt":"2023-01-30T10:44:30","slug":"cd-chauffage-electrique-33-kw-mono","status":"publish","type":"product","link":"https:\/\/www.thecityrent.be\/de\/produkt\/cd-chauffage-electrique-33-kw-mono\/","title":{"rendered":"CD-ELEKTRISCHE HEIZUNG 3,3 KW (MONO)"},"content":{"rendered":"<ul>\n<li><strong>REFERENZ :\u00a0<\/strong>CD027<\/li>\n<li><strong>KAUTION<\/strong>\u00a0: 50,00 \u20ac<\/li>\n<li class=\"prixjour\"><strong>PREIS\/TAG<\/strong> : 16,00 \u20ac<\/li>\n<li class=\"prixsemaine\"><strong>PREIS\/TAG\/WOCHE<\/strong> : 13,00 \u20ac<\/li>\n<li class=\"prixsemaine\"><strong>PREIS\/WOCHENENDE<\/strong> : 29,00 \u20ac<\/li>\n<li class=\"prixsemaine\"><strong>PREIS\/TAG\/MONAT<\/strong> : 10,00 \u20ac<\/li>\n<\/ul>\n","protected":false},"excerpt":{"rendered":"<p>Diese elektrischen Heizungen sind die einfachste und schnellste Art zu heizen und zu trocknen.<\/p>\n<p>Sie werden h\u00e4ufig bei Bauprojekten, in Werkst\u00e4tten und in provisorischen R\u00e4umen eingesetzt.<\/p>\n<p>Zur Austrocknung von R\u00e4umen werden diese Heizungen oft in Kombination mit Luftentfeuchtern eingesetzt.<\/p>\n","protected":false},"featured_media":4061,"comment_status":"closed","ping_status":"closed","template":"","meta":{"_acf_changed":false},"product_brand":[],"product_cat":[47],"product_tag":[],"class_list":{"0":"post-729","1":"product","2":"type-product","3":"status-publish","4":"has-post-thumbnail","6":"product_cat-heizung-entfeuchter","8":"first","9":"instock","10":"taxable","11":"shipping-taxable","12":"purchasable","13":"product-type-simple"},"acf":[],"yoast_head":"<!-- This site is optimized with the Yoast SEO plugin v27.5 - https:\/\/yoast.com\/product\/yoast-seo-wordpress\/ -->\n<title>CD-ELEKTRISCHE HEIZUNG 3,3 KW (MONO) - The City Rent &amp; Partner<\/title>\n<meta name=\"robots\" content=\"index, follow, max-snippet:-1, max-image-preview:large, max-video-preview:-1\" \/>\n<link rel=\"canonical\" href=\"https:\/\/www.thecityrent.be\/de\/produkt\/cd-chauffage-electrique-33-kw-mono\/\" \/>\n<meta property=\"og:locale\" content=\"de_DE\" \/>\n<meta property=\"og:type\" content=\"article\" \/>\n<meta property=\"og:title\" content=\"CD-ELEKTRISCHE HEIZUNG 3,3 KW (MONO) - The City Rent &amp; Partner\" \/>\n<meta property=\"og:description\" content=\"Diese elektrischen Heizungen sind die einfachste und schnellste Art zu heizen und zu trocknen.  Sie werden h\u00e4ufig bei Bauprojekten, in Werkst\u00e4tten und in provisorischen R\u00e4umen eingesetzt.  Zur Austrocknung von R\u00e4umen werden diese Heizungen oft in Kombination mit Luftentfeuchtern eingesetzt.\" \/>\n<meta property=\"og:url\" content=\"https:\/\/www.thecityrent.be\/de\/produkt\/cd-chauffage-electrique-33-kw-mono\/\" \/>\n<meta property=\"og:site_name\" content=\"The City Rent &amp; Partner\" \/>\n<meta property=\"article:modified_time\" content=\"2023-01-30T10:44:30+00:00\" \/>\n<meta property=\"og:image\" content=\"https:\/\/www.thecityrent.be\/wp-content\/uploads\/elec-3.3-kw-e1651820956627.png\" \/>\n\t<meta property=\"og:image:width\" content=\"216\" \/>\n\t<meta property=\"og:image:height\" content=\"263\" \/>\n\t<meta property=\"og:image:type\" content=\"image\/png\" \/>\n<meta name=\"twitter:card\" content=\"summary_large_image\" \/>\n<meta name=\"twitter:label1\" content=\"Gesch\u00e4tzte Lesezeit\" \/>\n\t<meta name=\"twitter:data1\" content=\"1\u00a0Minute\" \/>\n<script type=\"application\/ld+json\" class=\"yoast-schema-graph\">{\"@context\":\"https:\\\/\\\/schema.org\",\"@graph\":[{\"@type\":\"WebPage\",\"@id\":\"https:\\\/\\\/www.thecityrent.be\\\/de\\\/produkt\\\/cd-chauffage-electrique-33-kw-mono\\\/\",\"url\":\"https:\\\/\\\/www.thecityrent.be\\\/de\\\/produkt\\\/cd-chauffage-electrique-33-kw-mono\\\/\",\"name\":\"CD-ELEKTRISCHE HEIZUNG 3,3 KW (MONO) - The City Rent &amp; Partner\",\"isPartOf\":{\"@id\":\"https:\\\/\\\/www.thecityrent.be\\\/#website\"},\"primaryImageOfPage\":{\"@id\":\"https:\\\/\\\/www.thecityrent.be\\\/de\\\/produkt\\\/cd-chauffage-electrique-33-kw-mono\\\/#primaryimage\"},\"image\":{\"@id\":\"https:\\\/\\\/www.thecityrent.be\\\/de\\\/produkt\\\/cd-chauffage-electrique-33-kw-mono\\\/#primaryimage\"},\"thumbnailUrl\":\"https:\\\/\\\/www.thecityrent.be\\\/wp-content\\\/uploads\\\/geotech-eh-300-s-gnrateur-d-air-chaud-lectrique-avec-ventilateur-monophas-agrieuro_12053_1.jpg\",\"datePublished\":\"2021-05-11T09:35:17+00:00\",\"dateModified\":\"2023-01-30T10:44:30+00:00\",\"breadcrumb\":{\"@id\":\"https:\\\/\\\/www.thecityrent.be\\\/de\\\/produkt\\\/cd-chauffage-electrique-33-kw-mono\\\/#breadcrumb\"},\"inLanguage\":\"de\",\"potentialAction\":[{\"@type\":\"ReadAction\",\"target\":[\"https:\\\/\\\/www.thecityrent.be\\\/de\\\/produkt\\\/cd-chauffage-electrique-33-kw-mono\\\/\"]}]},{\"@type\":\"ImageObject\",\"inLanguage\":\"de\",\"@id\":\"https:\\\/\\\/www.thecityrent.be\\\/de\\\/produkt\\\/cd-chauffage-electrique-33-kw-mono\\\/#primaryimage\",\"url\":\"https:\\\/\\\/www.thecityrent.be\\\/wp-content\\\/uploads\\\/geotech-eh-300-s-gnrateur-d-air-chaud-lectrique-avec-ventilateur-monophas-agrieuro_12053_1.jpg\",\"contentUrl\":\"https:\\\/\\\/www.thecityrent.be\\\/wp-content\\\/uploads\\\/geotech-eh-300-s-gnrateur-d-air-chaud-lectrique-avec-ventilateur-monophas-agrieuro_12053_1.jpg\",\"width\":800,\"height\":600},{\"@type\":\"BreadcrumbList\",\"@id\":\"https:\\\/\\\/www.thecityrent.be\\\/de\\\/produkt\\\/cd-chauffage-electrique-33-kw-mono\\\/#breadcrumb\",\"itemListElement\":[{\"@type\":\"ListItem\",\"position\":1,\"name\":\"Home\",\"item\":\"https:\\\/\\\/www.thecityrent.be\\\/de\\\/\"},{\"@type\":\"ListItem\",\"position\":2,\"name\":\"Shop\",\"item\":\"https:\\\/\\\/www.thecityrent.be\\\/shop\\\/\"},{\"@type\":\"ListItem\",\"position\":3,\"name\":\"CD-ELEKTRISCHE HEIZUNG 3,3 KW (MONO)\"}]},{\"@type\":\"WebSite\",\"@id\":\"https:\\\/\\\/www.thecityrent.be\\\/#website\",\"url\":\"https:\\\/\\\/www.thecityrent.be\\\/\",\"name\":\"The City Rent &amp; Partner\",\"description\":\"Votre partenaire pour la location de mat\u00e9riel, outillage &amp; v\u00e9hicules\",\"potentialAction\":[{\"@type\":\"SearchAction\",\"target\":{\"@type\":\"EntryPoint\",\"urlTemplate\":\"https:\\\/\\\/www.thecityrent.be\\\/?s={search_term_string}\"},\"query-input\":{\"@type\":\"PropertyValueSpecification\",\"valueRequired\":true,\"valueName\":\"search_term_string\"}}],\"inLanguage\":\"de\"}]}<\/script>\n<!-- \/ Yoast SEO plugin. -->","yoast_head_json":{"title":"CD-ELEKTRISCHE HEIZUNG 3,3 KW (MONO) - The City Rent &amp; Partner","robots":{"index":"index","follow":"follow","max-snippet":"max-snippet:-1","max-image-preview":"max-image-preview:large","max-video-preview":"max-video-preview:-1"},"canonical":"https:\/\/www.thecityrent.be\/de\/produkt\/cd-chauffage-electrique-33-kw-mono\/","og_locale":"de_DE","og_type":"article","og_title":"CD-ELEKTRISCHE HEIZUNG 3,3 KW (MONO) - The City Rent &amp; Partner","og_description":"Diese elektrischen Heizungen sind die einfachste und schnellste Art zu heizen und zu trocknen.  Sie werden h\u00e4ufig bei Bauprojekten, in Werkst\u00e4tten und in provisorischen R\u00e4umen eingesetzt.  Zur Austrocknung von R\u00e4umen werden diese Heizungen oft in Kombination mit Luftentfeuchtern eingesetzt.","og_url":"https:\/\/www.thecityrent.be\/de\/produkt\/cd-chauffage-electrique-33-kw-mono\/","og_site_name":"The City Rent &amp; Partner","article_modified_time":"2023-01-30T10:44:30+00:00","og_image":[{"width":216,"height":263,"url":"https:\/\/www.thecityrent.be\/wp-content\/uploads\/elec-3.3-kw-e1651820956627.png","type":"image\/png"}],"twitter_card":"summary_large_image","twitter_misc":{"Gesch\u00e4tzte Lesezeit":"1\u00a0Minute"},"schema":{"@context":"https:\/\/schema.org","@graph":[{"@type":"WebPage","@id":"https:\/\/www.thecityrent.be\/de\/produkt\/cd-chauffage-electrique-33-kw-mono\/","url":"https:\/\/www.thecityrent.be\/de\/produkt\/cd-chauffage-electrique-33-kw-mono\/","name":"CD-ELEKTRISCHE HEIZUNG 3,3 KW (MONO) - The City Rent &amp; Partner","isPartOf":{"@id":"https:\/\/www.thecityrent.be\/#website"},"primaryImageOfPage":{"@id":"https:\/\/www.thecityrent.be\/de\/produkt\/cd-chauffage-electrique-33-kw-mono\/#primaryimage"},"image":{"@id":"https:\/\/www.thecityrent.be\/de\/produkt\/cd-chauffage-electrique-33-kw-mono\/#primaryimage"},"thumbnailUrl":"https:\/\/www.thecityrent.be\/wp-content\/uploads\/geotech-eh-300-s-gnrateur-d-air-chaud-lectrique-avec-ventilateur-monophas-agrieuro_12053_1.jpg","datePublished":"2021-05-11T09:35:17+00:00","dateModified":"2023-01-30T10:44:30+00:00","breadcrumb":{"@id":"https:\/\/www.thecityrent.be\/de\/produkt\/cd-chauffage-electrique-33-kw-mono\/#breadcrumb"},"inLanguage":"de","potentialAction":[{"@type":"ReadAction","target":["https:\/\/www.thecityrent.be\/de\/produkt\/cd-chauffage-electrique-33-kw-mono\/"]}]},{"@type":"ImageObject","inLanguage":"de","@id":"https:\/\/www.thecityrent.be\/de\/produkt\/cd-chauffage-electrique-33-kw-mono\/#primaryimage","url":"https:\/\/www.thecityrent.be\/wp-content\/uploads\/geotech-eh-300-s-gnrateur-d-air-chaud-lectrique-avec-ventilateur-monophas-agrieuro_12053_1.jpg","contentUrl":"https:\/\/www.thecityrent.be\/wp-content\/uploads\/geotech-eh-300-s-gnrateur-d-air-chaud-lectrique-avec-ventilateur-monophas-agrieuro_12053_1.jpg","width":800,"height":600},{"@type":"BreadcrumbList","@id":"https:\/\/www.thecityrent.be\/de\/produkt\/cd-chauffage-electrique-33-kw-mono\/#breadcrumb","itemListElement":[{"@type":"ListItem","position":1,"name":"Home","item":"https:\/\/www.thecityrent.be\/de\/"},{"@type":"ListItem","position":2,"name":"Shop","item":"https:\/\/www.thecityrent.be\/shop\/"},{"@type":"ListItem","position":3,"name":"CD-ELEKTRISCHE HEIZUNG 3,3 KW (MONO)"}]},{"@type":"WebSite","@id":"https:\/\/www.thecityrent.be\/#website","url":"https:\/\/www.thecityrent.be\/","name":"The City Rent &amp; Partner","description":"Votre partenaire pour la location de mat\u00e9riel, outillage &amp; v\u00e9hicules","potentialAction":[{"@type":"SearchAction","target":{"@type":"EntryPoint","urlTemplate":"https:\/\/www.thecityrent.be\/?s={search_term_string}"},"query-input":{"@type":"PropertyValueSpecification","valueRequired":true,"valueName":"search_term_string"}}],"inLanguage":"de"}]}},"_links":{"self":[{"href":"https:\/\/www.thecityrent.be\/de\/wp-json\/wp\/v2\/product\/729","targetHints":{"allow":["GET"]}}],"collection":[{"href":"https:\/\/www.thecityrent.be\/de\/wp-json\/wp\/v2\/product"}],"about":[{"href":"https:\/\/www.thecityrent.be\/de\/wp-json\/wp\/v2\/types\/product"}],"replies":[{"embeddable":true,"href":"https:\/\/www.thecityrent.be\/de\/wp-json\/wp\/v2\/comments?post=729"}],"wp:featuredmedia":[{"embeddable":true,"href":"https:\/\/www.thecityrent.be\/de\/wp-json\/wp\/v2\/media\/4061"}],"wp:attachment":[{"href":"https:\/\/www.thecityrent.be\/de\/wp-json\/wp\/v2\/media?parent=729"}],"wp:term":[{"taxonomy":"product_brand","embeddable":true,"href":"https:\/\/www.thecityrent.be\/de\/wp-json\/wp\/v2\/product_brand?post=729"},{"taxonomy":"product_cat","embeddable":true,"href":"https:\/\/www.thecityrent.be\/de\/wp-json\/wp\/v2\/product_cat?post=729"},{"taxonomy":"product_tag","embeddable":true,"href":"https:\/\/www.thecityrent.be\/de\/wp-json\/wp\/v2\/product_tag?post=729"}],"curies":[{"name":"wp","href":"https:\/\/api.w.org\/{rel}","templated":true}]}}