{"id":722,"date":"2021-05-11T11:51:11","date_gmt":"2021-05-11T09:51:11","guid":{"rendered":"https:\/\/www.thecityrent.be\/product\/cd-ventil-aspi-220-v\/"},"modified":"2023-01-30T11:39:11","modified_gmt":"2023-01-30T10:39:11","slug":"cd-ventil-aspi-220-v","status":"publish","type":"product","link":"https:\/\/www.thecityrent.be\/de\/produkt\/cd-ventil-aspi-220-v\/","title":{"rendered":"CD-ABSAUGVENTILATOR 220V"},"content":{"rendered":"<ul>\n<li><strong>REFERENZ :\u00a0<\/strong>CD209<\/li>\n<li><strong>KAUTION<\/strong>\u00a0: 50,00 \u20ac<\/li>\n<li class=\"prixjour\"><strong>PREIS\/TAG<\/strong> : 21,00 \u20ac<\/li>\n<li class=\"prixsemaine\"><strong>PREIS\/TAG\/WOCHE<\/strong> : 17,00 \u20ac<\/li>\n<li class=\"prixsemaine\"><strong>PREIS\/WOCHENENDE<\/strong> : 39,00 \u20ac<\/li>\n<li class=\"prixsemaine\"><strong>PREIS\/TAG\/MONAT<\/strong> : 13,00\u20ac<\/li>\n<\/ul>\n","protected":false},"excerpt":{"rendered":"<p>Absaugventilatoren sind Maschinen, die dazu dienen, ein gasf\u00f6rmiges Medium (warme oder kalte Luft, schmutzige Luft, giftige Gase, Schadstoffe, &#8230;) aus einem Bereich zu entfernen und in einen anderen Bereich zu leiten.<\/p>\n<p>Sie k\u00f6nnen an der Wand oder an der Decke befestigt werden, an einen L\u00fcftungs- oder Rauchabzug angeschlossen werden oder tragbar sein und \u00fcberall hin mitgenommen werden.<\/p>\n","protected":false},"featured_media":126,"comment_status":"closed","ping_status":"closed","template":"","meta":{"_acf_changed":false},"product_brand":[],"product_cat":[47],"product_tag":[],"class_list":{"0":"post-722","1":"product","2":"type-product","3":"status-publish","4":"has-post-thumbnail","6":"product_cat-heizung-entfeuchter","8":"first","9":"instock","10":"taxable","11":"shipping-taxable","12":"purchasable","13":"product-type-simple"},"acf":[],"yoast_head":"<!-- This site is optimized with the Yoast SEO plugin v27.5 - https:\/\/yoast.com\/product\/yoast-seo-wordpress\/ -->\n<title>CD-ABSAUGVENTILATOR 220V - The City Rent &amp; Partner<\/title>\n<meta name=\"robots\" content=\"index, follow, max-snippet:-1, max-image-preview:large, max-video-preview:-1\" \/>\n<link rel=\"canonical\" href=\"https:\/\/www.thecityrent.be\/de\/produkt\/cd-ventil-aspi-220-v\/\" \/>\n<meta property=\"og:locale\" content=\"de_DE\" \/>\n<meta property=\"og:type\" content=\"article\" \/>\n<meta property=\"og:title\" content=\"CD-ABSAUGVENTILATOR 220V - The City Rent &amp; Partner\" \/>\n<meta property=\"og:description\" content=\"Absaugventilatoren sind Maschinen, die dazu dienen, ein gasf\u00f6rmiges Medium (warme oder kalte Luft, schmutzige Luft, giftige Gase, Schadstoffe, ...) aus einem Bereich zu entfernen und in einen anderen Bereich zu leiten.  Sie k\u00f6nnen an der Wand oder an der Decke befestigt werden, an einen L\u00fcftungs- oder Rauchabzug angeschlossen werden oder tragbar sein und \u00fcberall hin mitgenommen werden.\" \/>\n<meta property=\"og:url\" content=\"https:\/\/www.thecityrent.be\/de\/produkt\/cd-ventil-aspi-220-v\/\" \/>\n<meta property=\"og:site_name\" content=\"The City Rent &amp; Partner\" \/>\n<meta property=\"article:modified_time\" content=\"2023-01-30T10:39:11+00:00\" \/>\n<meta property=\"og:image\" content=\"https:\/\/www.thecityrent.be\/wp-content\/uploads\/CD208-ventil.jpg\" \/>\n\t<meta property=\"og:image:width\" content=\"495\" \/>\n\t<meta property=\"og:image:height\" content=\"547\" \/>\n\t<meta property=\"og:image:type\" content=\"image\/jpeg\" \/>\n<meta name=\"twitter:card\" content=\"summary_large_image\" \/>\n<script type=\"application\/ld+json\" class=\"yoast-schema-graph\">{\"@context\":\"https:\\\/\\\/schema.org\",\"@graph\":[{\"@type\":\"WebPage\",\"@id\":\"https:\\\/\\\/www.thecityrent.be\\\/de\\\/produkt\\\/cd-ventil-aspi-220-v\\\/\",\"url\":\"https:\\\/\\\/www.thecityrent.be\\\/de\\\/produkt\\\/cd-ventil-aspi-220-v\\\/\",\"name\":\"CD-ABSAUGVENTILATOR 220V - The City Rent &amp; Partner\",\"isPartOf\":{\"@id\":\"https:\\\/\\\/www.thecityrent.be\\\/#website\"},\"primaryImageOfPage\":{\"@id\":\"https:\\\/\\\/www.thecityrent.be\\\/de\\\/produkt\\\/cd-ventil-aspi-220-v\\\/#primaryimage\"},\"image\":{\"@id\":\"https:\\\/\\\/www.thecityrent.be\\\/de\\\/produkt\\\/cd-ventil-aspi-220-v\\\/#primaryimage\"},\"thumbnailUrl\":\"https:\\\/\\\/www.thecityrent.be\\\/wp-content\\\/uploads\\\/CD208-ventil.jpg\",\"datePublished\":\"2021-05-11T09:51:11+00:00\",\"dateModified\":\"2023-01-30T10:39:11+00:00\",\"breadcrumb\":{\"@id\":\"https:\\\/\\\/www.thecityrent.be\\\/de\\\/produkt\\\/cd-ventil-aspi-220-v\\\/#breadcrumb\"},\"inLanguage\":\"de\",\"potentialAction\":[{\"@type\":\"ReadAction\",\"target\":[\"https:\\\/\\\/www.thecityrent.be\\\/de\\\/produkt\\\/cd-ventil-aspi-220-v\\\/\"]}]},{\"@type\":\"ImageObject\",\"inLanguage\":\"de\",\"@id\":\"https:\\\/\\\/www.thecityrent.be\\\/de\\\/produkt\\\/cd-ventil-aspi-220-v\\\/#primaryimage\",\"url\":\"https:\\\/\\\/www.thecityrent.be\\\/wp-content\\\/uploads\\\/CD208-ventil.jpg\",\"contentUrl\":\"https:\\\/\\\/www.thecityrent.be\\\/wp-content\\\/uploads\\\/CD208-ventil.jpg\",\"width\":495,\"height\":547},{\"@type\":\"BreadcrumbList\",\"@id\":\"https:\\\/\\\/www.thecityrent.be\\\/de\\\/produkt\\\/cd-ventil-aspi-220-v\\\/#breadcrumb\",\"itemListElement\":[{\"@type\":\"ListItem\",\"position\":1,\"name\":\"Home\",\"item\":\"https:\\\/\\\/www.thecityrent.be\\\/de\\\/\"},{\"@type\":\"ListItem\",\"position\":2,\"name\":\"Shop\",\"item\":\"https:\\\/\\\/www.thecityrent.be\\\/shop\\\/\"},{\"@type\":\"ListItem\",\"position\":3,\"name\":\"CD-ABSAUGVENTILATOR 220V\"}]},{\"@type\":\"WebSite\",\"@id\":\"https:\\\/\\\/www.thecityrent.be\\\/#website\",\"url\":\"https:\\\/\\\/www.thecityrent.be\\\/\",\"name\":\"The City Rent &amp; Partner\",\"description\":\"Votre partenaire pour la location de mat\u00e9riel, outillage &amp; v\u00e9hicules\",\"potentialAction\":[{\"@type\":\"SearchAction\",\"target\":{\"@type\":\"EntryPoint\",\"urlTemplate\":\"https:\\\/\\\/www.thecityrent.be\\\/?s={search_term_string}\"},\"query-input\":{\"@type\":\"PropertyValueSpecification\",\"valueRequired\":true,\"valueName\":\"search_term_string\"}}],\"inLanguage\":\"de\"}]}<\/script>\n<!-- \/ Yoast SEO plugin. -->","yoast_head_json":{"title":"CD-ABSAUGVENTILATOR 220V - The City Rent &amp; Partner","robots":{"index":"index","follow":"follow","max-snippet":"max-snippet:-1","max-image-preview":"max-image-preview:large","max-video-preview":"max-video-preview:-1"},"canonical":"https:\/\/www.thecityrent.be\/de\/produkt\/cd-ventil-aspi-220-v\/","og_locale":"de_DE","og_type":"article","og_title":"CD-ABSAUGVENTILATOR 220V - The City Rent &amp; Partner","og_description":"Absaugventilatoren sind Maschinen, die dazu dienen, ein gasf\u00f6rmiges Medium (warme oder kalte Luft, schmutzige Luft, giftige Gase, Schadstoffe, ...) aus einem Bereich zu entfernen und in einen anderen Bereich zu leiten.  Sie k\u00f6nnen an der Wand oder an der Decke befestigt werden, an einen L\u00fcftungs- oder Rauchabzug angeschlossen werden oder tragbar sein und \u00fcberall hin mitgenommen werden.","og_url":"https:\/\/www.thecityrent.be\/de\/produkt\/cd-ventil-aspi-220-v\/","og_site_name":"The City Rent &amp; Partner","article_modified_time":"2023-01-30T10:39:11+00:00","og_image":[{"width":495,"height":547,"url":"https:\/\/www.thecityrent.be\/wp-content\/uploads\/CD208-ventil.jpg","type":"image\/jpeg"}],"twitter_card":"summary_large_image","schema":{"@context":"https:\/\/schema.org","@graph":[{"@type":"WebPage","@id":"https:\/\/www.thecityrent.be\/de\/produkt\/cd-ventil-aspi-220-v\/","url":"https:\/\/www.thecityrent.be\/de\/produkt\/cd-ventil-aspi-220-v\/","name":"CD-ABSAUGVENTILATOR 220V - The City Rent &amp; Partner","isPartOf":{"@id":"https:\/\/www.thecityrent.be\/#website"},"primaryImageOfPage":{"@id":"https:\/\/www.thecityrent.be\/de\/produkt\/cd-ventil-aspi-220-v\/#primaryimage"},"image":{"@id":"https:\/\/www.thecityrent.be\/de\/produkt\/cd-ventil-aspi-220-v\/#primaryimage"},"thumbnailUrl":"https:\/\/www.thecityrent.be\/wp-content\/uploads\/CD208-ventil.jpg","datePublished":"2021-05-11T09:51:11+00:00","dateModified":"2023-01-30T10:39:11+00:00","breadcrumb":{"@id":"https:\/\/www.thecityrent.be\/de\/produkt\/cd-ventil-aspi-220-v\/#breadcrumb"},"inLanguage":"de","potentialAction":[{"@type":"ReadAction","target":["https:\/\/www.thecityrent.be\/de\/produkt\/cd-ventil-aspi-220-v\/"]}]},{"@type":"ImageObject","inLanguage":"de","@id":"https:\/\/www.thecityrent.be\/de\/produkt\/cd-ventil-aspi-220-v\/#primaryimage","url":"https:\/\/www.thecityrent.be\/wp-content\/uploads\/CD208-ventil.jpg","contentUrl":"https:\/\/www.thecityrent.be\/wp-content\/uploads\/CD208-ventil.jpg","width":495,"height":547},{"@type":"BreadcrumbList","@id":"https:\/\/www.thecityrent.be\/de\/produkt\/cd-ventil-aspi-220-v\/#breadcrumb","itemListElement":[{"@type":"ListItem","position":1,"name":"Home","item":"https:\/\/www.thecityrent.be\/de\/"},{"@type":"ListItem","position":2,"name":"Shop","item":"https:\/\/www.thecityrent.be\/shop\/"},{"@type":"ListItem","position":3,"name":"CD-ABSAUGVENTILATOR 220V"}]},{"@type":"WebSite","@id":"https:\/\/www.thecityrent.be\/#website","url":"https:\/\/www.thecityrent.be\/","name":"The City Rent &amp; Partner","description":"Votre partenaire pour la location de mat\u00e9riel, outillage &amp; v\u00e9hicules","potentialAction":[{"@type":"SearchAction","target":{"@type":"EntryPoint","urlTemplate":"https:\/\/www.thecityrent.be\/?s={search_term_string}"},"query-input":{"@type":"PropertyValueSpecification","valueRequired":true,"valueName":"search_term_string"}}],"inLanguage":"de"}]}},"_links":{"self":[{"href":"https:\/\/www.thecityrent.be\/de\/wp-json\/wp\/v2\/product\/722","targetHints":{"allow":["GET"]}}],"collection":[{"href":"https:\/\/www.thecityrent.be\/de\/wp-json\/wp\/v2\/product"}],"about":[{"href":"https:\/\/www.thecityrent.be\/de\/wp-json\/wp\/v2\/types\/product"}],"replies":[{"embeddable":true,"href":"https:\/\/www.thecityrent.be\/de\/wp-json\/wp\/v2\/comments?post=722"}],"wp:featuredmedia":[{"embeddable":true,"href":"https:\/\/www.thecityrent.be\/de\/wp-json\/wp\/v2\/media\/126"}],"wp:attachment":[{"href":"https:\/\/www.thecityrent.be\/de\/wp-json\/wp\/v2\/media?parent=722"}],"wp:term":[{"taxonomy":"product_brand","embeddable":true,"href":"https:\/\/www.thecityrent.be\/de\/wp-json\/wp\/v2\/product_brand?post=722"},{"taxonomy":"product_cat","embeddable":true,"href":"https:\/\/www.thecityrent.be\/de\/wp-json\/wp\/v2\/product_cat?post=722"},{"taxonomy":"product_tag","embeddable":true,"href":"https:\/\/www.thecityrent.be\/de\/wp-json\/wp\/v2\/product_tag?post=722"}],"curies":[{"name":"wp","href":"https:\/\/api.w.org\/{rel}","templated":true}]}}