{"id":531,"date":"2021-06-03T15:53:24","date_gmt":"2021-06-03T13:53:24","guid":{"rendered":"https:\/\/www.thecityrent.be\/product\/sf-carotteuse-a-main\/"},"modified":"2023-02-01T10:07:32","modified_gmt":"2023-02-01T09:07:32","slug":"sf-carotteuse-a-main","status":"publish","type":"product","link":"https:\/\/www.thecityrent.be\/de\/produkt\/sf-carotteuse-a-main\/","title":{"rendered":"SF-KERNBOHRMASCHINE HANDGER\u00c4T"},"content":{"rendered":"<ul>\n<li><strong>KAUTION<\/strong> : 50,00 \u20ac<\/li>\n<li><strong>PREIS\/TAG<\/strong> : 48,00 \u20ac<\/li>\n<li><strong>PREIS\/TAG\/WOCHE<\/strong> : 39,00 \u20ac<\/li>\n<li><strong>PREIS\/WOCHENENDE<\/strong> : 87,00 \u20ac<\/li>\n<li><strong>PREIS\/TAG\/MONAT<\/strong> : 29,00 \u20ac<\/li>\n<\/ul>\n","protected":false},"excerpt":{"rendered":"<p>\u00c4u\u00dferst einfache Handhabung<\/p>\n<p>\u2022\u00a0Handgef\u00fchrtes, staubloses Bohren<br \/>\n\u2022\u00a0Kompakt und leicht<br \/>\n\u2022\u00a0Schnelles Zentrieren<br \/>\n\u2022\u00a0Progressive Regulierung der Drehgeschwindigkeit<br \/>\n\u2022\u00a0Elektronisches System zum Stabilisieren der Drehgeschwindigkeit<br \/>\n\u2022\u00a0Einfaches Bohren dank Saugkraft<br \/>\n\u2022\u00a0Elektrisches System zum Schutz gegen \u00dcberspannung<br \/>\n\u2022 \u00dcberlastkupplung mit Sicherheitssystem gegen Blockieren<\/p>\n<p>Leistungsaufnahme: 1700 watt<br \/>\nBohrbereich handgef\u00fchrt trocken : \u00d8 30-160 mm<br \/>\nLastdrehzahl: 230-320 tr\/min<br \/>\nGewicht: 5,0 kg<br \/>\nMei\u00dfelschaft: G 1\/2&#8243;<\/p>\n","protected":false},"featured_media":524,"comment_status":"closed","ping_status":"closed","template":"","meta":{"_acf_changed":false},"product_brand":[],"product_cat":[70],"product_tag":[],"class_list":{"0":"post-531","1":"product","2":"type-product","3":"status-publish","4":"has-post-thumbnail","6":"product_cat-saegen-und-bohren","8":"first","9":"instock","10":"taxable","11":"shipping-taxable","12":"purchasable","13":"product-type-simple"},"acf":[],"yoast_head":"<!-- This site is optimized with the Yoast SEO plugin v27.5 - https:\/\/yoast.com\/product\/yoast-seo-wordpress\/ -->\n<title>SF-KERNBOHRMASCHINE HANDGER\u00c4T - The City Rent &amp; Partner<\/title>\n<meta name=\"robots\" content=\"index, follow, max-snippet:-1, max-image-preview:large, max-video-preview:-1\" \/>\n<link rel=\"canonical\" href=\"https:\/\/www.thecityrent.be\/de\/produkt\/sf-carotteuse-a-main\/\" \/>\n<meta property=\"og:locale\" content=\"de_DE\" \/>\n<meta property=\"og:type\" content=\"article\" \/>\n<meta property=\"og:title\" content=\"SF-KERNBOHRMASCHINE HANDGER\u00c4T - The City Rent &amp; Partner\" \/>\n<meta property=\"og:description\" content=\"\u00c4u\u00dferst einfache Handhabung  \u2022\u00a0Handgef\u00fchrtes, staubloses Bohren \u2022\u00a0Kompakt und leicht \u2022\u00a0Schnelles Zentrieren \u2022\u00a0Progressive Regulierung der Drehgeschwindigkeit \u2022\u00a0Elektronisches System zum Stabilisieren der Drehgeschwindigkeit \u2022\u00a0Einfaches Bohren dank Saugkraft \u2022\u00a0Elektrisches System zum Schutz gegen \u00dcberspannung \u2022 \u00dcberlastkupplung mit Sicherheitssystem gegen Blockieren  Leistungsaufnahme: 1700 watt Bohrbereich handgef\u00fchrt trocken : \u00d8 30-160 mm Lastdrehzahl: 230-320 tr\/min Gewicht: 5,0 kg Mei\u00dfelschaft: G 1\/2&quot;\" \/>\n<meta property=\"og:url\" content=\"https:\/\/www.thecityrent.be\/de\/produkt\/sf-carotteuse-a-main\/\" \/>\n<meta property=\"og:site_name\" content=\"The City Rent &amp; Partner\" \/>\n<meta property=\"article:modified_time\" content=\"2023-02-01T09:07:32+00:00\" \/>\n<meta property=\"og:image\" content=\"https:\/\/www.thecityrent.be\/wp-content\/uploads\/SF-410.gif\" \/>\n\t<meta property=\"og:image:width\" content=\"765\" \/>\n\t<meta property=\"og:image:height\" content=\"406\" \/>\n\t<meta property=\"og:image:type\" content=\"image\/gif\" \/>\n<meta name=\"twitter:card\" content=\"summary_large_image\" \/>\n<meta name=\"twitter:label1\" content=\"Gesch\u00e4tzte Lesezeit\" \/>\n\t<meta name=\"twitter:data1\" content=\"1\u00a0Minute\" \/>\n<script type=\"application\/ld+json\" class=\"yoast-schema-graph\">{\"@context\":\"https:\\\/\\\/schema.org\",\"@graph\":[{\"@type\":\"WebPage\",\"@id\":\"https:\\\/\\\/www.thecityrent.be\\\/de\\\/produkt\\\/sf-carotteuse-a-main\\\/\",\"url\":\"https:\\\/\\\/www.thecityrent.be\\\/de\\\/produkt\\\/sf-carotteuse-a-main\\\/\",\"name\":\"SF-KERNBOHRMASCHINE HANDGER\u00c4T - The City Rent &amp; Partner\",\"isPartOf\":{\"@id\":\"https:\\\/\\\/www.thecityrent.be\\\/#website\"},\"primaryImageOfPage\":{\"@id\":\"https:\\\/\\\/www.thecityrent.be\\\/de\\\/produkt\\\/sf-carotteuse-a-main\\\/#primaryimage\"},\"image\":{\"@id\":\"https:\\\/\\\/www.thecityrent.be\\\/de\\\/produkt\\\/sf-carotteuse-a-main\\\/#primaryimage\"},\"thumbnailUrl\":\"https:\\\/\\\/www.thecityrent.be\\\/wp-content\\\/uploads\\\/SF-410.gif\",\"datePublished\":\"2021-06-03T13:53:24+00:00\",\"dateModified\":\"2023-02-01T09:07:32+00:00\",\"breadcrumb\":{\"@id\":\"https:\\\/\\\/www.thecityrent.be\\\/de\\\/produkt\\\/sf-carotteuse-a-main\\\/#breadcrumb\"},\"inLanguage\":\"de\",\"potentialAction\":[{\"@type\":\"ReadAction\",\"target\":[\"https:\\\/\\\/www.thecityrent.be\\\/de\\\/produkt\\\/sf-carotteuse-a-main\\\/\"]}]},{\"@type\":\"ImageObject\",\"inLanguage\":\"de\",\"@id\":\"https:\\\/\\\/www.thecityrent.be\\\/de\\\/produkt\\\/sf-carotteuse-a-main\\\/#primaryimage\",\"url\":\"https:\\\/\\\/www.thecityrent.be\\\/wp-content\\\/uploads\\\/SF-410.gif\",\"contentUrl\":\"https:\\\/\\\/www.thecityrent.be\\\/wp-content\\\/uploads\\\/SF-410.gif\",\"width\":765,\"height\":406},{\"@type\":\"BreadcrumbList\",\"@id\":\"https:\\\/\\\/www.thecityrent.be\\\/de\\\/produkt\\\/sf-carotteuse-a-main\\\/#breadcrumb\",\"itemListElement\":[{\"@type\":\"ListItem\",\"position\":1,\"name\":\"Home\",\"item\":\"https:\\\/\\\/www.thecityrent.be\\\/de\\\/\"},{\"@type\":\"ListItem\",\"position\":2,\"name\":\"Shop\",\"item\":\"https:\\\/\\\/www.thecityrent.be\\\/shop\\\/\"},{\"@type\":\"ListItem\",\"position\":3,\"name\":\"SF-KERNBOHRMASCHINE HANDGER\u00c4T\"}]},{\"@type\":\"WebSite\",\"@id\":\"https:\\\/\\\/www.thecityrent.be\\\/#website\",\"url\":\"https:\\\/\\\/www.thecityrent.be\\\/\",\"name\":\"The City Rent &amp; Partner\",\"description\":\"Votre partenaire pour la location de mat\u00e9riel, outillage &amp; v\u00e9hicules\",\"potentialAction\":[{\"@type\":\"SearchAction\",\"target\":{\"@type\":\"EntryPoint\",\"urlTemplate\":\"https:\\\/\\\/www.thecityrent.be\\\/?s={search_term_string}\"},\"query-input\":{\"@type\":\"PropertyValueSpecification\",\"valueRequired\":true,\"valueName\":\"search_term_string\"}}],\"inLanguage\":\"de\"}]}<\/script>\n<!-- \/ Yoast SEO plugin. -->","yoast_head_json":{"title":"SF-KERNBOHRMASCHINE HANDGER\u00c4T - The City Rent &amp; Partner","robots":{"index":"index","follow":"follow","max-snippet":"max-snippet:-1","max-image-preview":"max-image-preview:large","max-video-preview":"max-video-preview:-1"},"canonical":"https:\/\/www.thecityrent.be\/de\/produkt\/sf-carotteuse-a-main\/","og_locale":"de_DE","og_type":"article","og_title":"SF-KERNBOHRMASCHINE HANDGER\u00c4T - The City Rent &amp; Partner","og_description":"\u00c4u\u00dferst einfache Handhabung  \u2022\u00a0Handgef\u00fchrtes, staubloses Bohren \u2022\u00a0Kompakt und leicht \u2022\u00a0Schnelles Zentrieren \u2022\u00a0Progressive Regulierung der Drehgeschwindigkeit \u2022\u00a0Elektronisches System zum Stabilisieren der Drehgeschwindigkeit \u2022\u00a0Einfaches Bohren dank Saugkraft \u2022\u00a0Elektrisches System zum Schutz gegen \u00dcberspannung \u2022 \u00dcberlastkupplung mit Sicherheitssystem gegen Blockieren  Leistungsaufnahme: 1700 watt Bohrbereich handgef\u00fchrt trocken : \u00d8 30-160 mm Lastdrehzahl: 230-320 tr\/min Gewicht: 5,0 kg Mei\u00dfelschaft: G 1\/2\"","og_url":"https:\/\/www.thecityrent.be\/de\/produkt\/sf-carotteuse-a-main\/","og_site_name":"The City Rent &amp; Partner","article_modified_time":"2023-02-01T09:07:32+00:00","og_image":[{"width":765,"height":406,"url":"https:\/\/www.thecityrent.be\/wp-content\/uploads\/SF-410.gif","type":"image\/gif"}],"twitter_card":"summary_large_image","twitter_misc":{"Gesch\u00e4tzte Lesezeit":"1\u00a0Minute"},"schema":{"@context":"https:\/\/schema.org","@graph":[{"@type":"WebPage","@id":"https:\/\/www.thecityrent.be\/de\/produkt\/sf-carotteuse-a-main\/","url":"https:\/\/www.thecityrent.be\/de\/produkt\/sf-carotteuse-a-main\/","name":"SF-KERNBOHRMASCHINE HANDGER\u00c4T - The City Rent &amp; Partner","isPartOf":{"@id":"https:\/\/www.thecityrent.be\/#website"},"primaryImageOfPage":{"@id":"https:\/\/www.thecityrent.be\/de\/produkt\/sf-carotteuse-a-main\/#primaryimage"},"image":{"@id":"https:\/\/www.thecityrent.be\/de\/produkt\/sf-carotteuse-a-main\/#primaryimage"},"thumbnailUrl":"https:\/\/www.thecityrent.be\/wp-content\/uploads\/SF-410.gif","datePublished":"2021-06-03T13:53:24+00:00","dateModified":"2023-02-01T09:07:32+00:00","breadcrumb":{"@id":"https:\/\/www.thecityrent.be\/de\/produkt\/sf-carotteuse-a-main\/#breadcrumb"},"inLanguage":"de","potentialAction":[{"@type":"ReadAction","target":["https:\/\/www.thecityrent.be\/de\/produkt\/sf-carotteuse-a-main\/"]}]},{"@type":"ImageObject","inLanguage":"de","@id":"https:\/\/www.thecityrent.be\/de\/produkt\/sf-carotteuse-a-main\/#primaryimage","url":"https:\/\/www.thecityrent.be\/wp-content\/uploads\/SF-410.gif","contentUrl":"https:\/\/www.thecityrent.be\/wp-content\/uploads\/SF-410.gif","width":765,"height":406},{"@type":"BreadcrumbList","@id":"https:\/\/www.thecityrent.be\/de\/produkt\/sf-carotteuse-a-main\/#breadcrumb","itemListElement":[{"@type":"ListItem","position":1,"name":"Home","item":"https:\/\/www.thecityrent.be\/de\/"},{"@type":"ListItem","position":2,"name":"Shop","item":"https:\/\/www.thecityrent.be\/shop\/"},{"@type":"ListItem","position":3,"name":"SF-KERNBOHRMASCHINE HANDGER\u00c4T"}]},{"@type":"WebSite","@id":"https:\/\/www.thecityrent.be\/#website","url":"https:\/\/www.thecityrent.be\/","name":"The City Rent &amp; Partner","description":"Votre partenaire pour la location de mat\u00e9riel, outillage &amp; v\u00e9hicules","potentialAction":[{"@type":"SearchAction","target":{"@type":"EntryPoint","urlTemplate":"https:\/\/www.thecityrent.be\/?s={search_term_string}"},"query-input":{"@type":"PropertyValueSpecification","valueRequired":true,"valueName":"search_term_string"}}],"inLanguage":"de"}]}},"_links":{"self":[{"href":"https:\/\/www.thecityrent.be\/de\/wp-json\/wp\/v2\/product\/531","targetHints":{"allow":["GET"]}}],"collection":[{"href":"https:\/\/www.thecityrent.be\/de\/wp-json\/wp\/v2\/product"}],"about":[{"href":"https:\/\/www.thecityrent.be\/de\/wp-json\/wp\/v2\/types\/product"}],"replies":[{"embeddable":true,"href":"https:\/\/www.thecityrent.be\/de\/wp-json\/wp\/v2\/comments?post=531"}],"wp:featuredmedia":[{"embeddable":true,"href":"https:\/\/www.thecityrent.be\/de\/wp-json\/wp\/v2\/media\/524"}],"wp:attachment":[{"href":"https:\/\/www.thecityrent.be\/de\/wp-json\/wp\/v2\/media?parent=531"}],"wp:term":[{"taxonomy":"product_brand","embeddable":true,"href":"https:\/\/www.thecityrent.be\/de\/wp-json\/wp\/v2\/product_brand?post=531"},{"taxonomy":"product_cat","embeddable":true,"href":"https:\/\/www.thecityrent.be\/de\/wp-json\/wp\/v2\/product_cat?post=531"},{"taxonomy":"product_tag","embeddable":true,"href":"https:\/\/www.thecityrent.be\/de\/wp-json\/wp\/v2\/product_tag?post=531"}],"curies":[{"name":"wp","href":"https:\/\/api.w.org\/{rel}","templated":true}]}}