{"id":3072,"date":"2023-04-20T15:47:58","date_gmt":"2023-04-20T13:47:58","guid":{"rendered":"https:\/\/www.thecityrent.be\/product\/tr-remorque-plateau-voiture-ferme-bryan-james\/"},"modified":"2023-04-20T16:04:38","modified_gmt":"2023-04-20T14:04:38","slug":"tr-remorque-plateau-voiture-ferme-bryan-james","status":"publish","type":"product","link":"https:\/\/www.thecityrent.be\/de\/produkt\/tr-remorque-plateau-voiture-ferme-bryan-james\/","title":{"rendered":"TR- GESCHLOSSENER PRITSCHENH\u00c4NGER AUTOTRANSPORT BRYAN JAMES"},"content":{"rendered":"<ul>\n<li><strong>REFERENZ :\u00a0\u00a0<\/strong>TR124<\/li>\n<li><strong>KAUTION<\/strong> : 500,00 \u20ac<\/li>\n<li><strong>PREIS\/TAG<\/strong> : 134,00\u20ac<\/li>\n<li><strong>PREIS\/TAG\/WOCHE<\/strong> : 107,00 \u20ac<\/li>\n<li><strong>PREIS\/WOCHENENDE<\/strong> : 241,00 \u20ac<\/li>\n<li><strong>PREIS\/TAG\/MONAT<\/strong> : 80,00 \u20ac<\/li>\n<\/ul>\n","protected":false},"excerpt":{"rendered":"<p>Geschlossener Pritschenanh\u00e4nger f\u00fcr den sicheren Transport Ihrer Oldtimer, Sportwagen und Sammlerst\u00fccken<\/p>\n<p>Kippanh\u00e4nger, elektrische Seilwinde, einschlie\u00dflich Verzurrset.<\/p>\n","protected":false},"featured_media":3855,"comment_status":"closed","ping_status":"closed","template":"","meta":{"_acf_changed":false},"product_brand":[],"product_cat":[52,50],"product_tag":[],"class_list":{"0":"post-3072","1":"product","2":"type-product","3":"status-publish","4":"has-post-thumbnail","6":"product_cat-anhaenger","7":"product_cat-transport-vermietung","9":"first","10":"instock","11":"taxable","12":"shipping-taxable","13":"purchasable","14":"product-type-simple"},"acf":[],"yoast_head":"<!-- This site is optimized with the Yoast SEO plugin v27.5 - https:\/\/yoast.com\/product\/yoast-seo-wordpress\/ -->\n<title>TR- GESCHLOSSENER PRITSCHENH\u00c4NGER AUTOTRANSPORT BRYAN JAMES - The City Rent &amp; Partner<\/title>\n<meta name=\"robots\" content=\"index, follow, max-snippet:-1, max-image-preview:large, max-video-preview:-1\" \/>\n<link rel=\"canonical\" href=\"https:\/\/www.thecityrent.be\/de\/produkt\/tr-remorque-plateau-voiture-ferme-bryan-james\/\" \/>\n<meta property=\"og:locale\" content=\"de_DE\" \/>\n<meta property=\"og:type\" content=\"article\" \/>\n<meta property=\"og:title\" content=\"TR- GESCHLOSSENER PRITSCHENH\u00c4NGER AUTOTRANSPORT BRYAN JAMES - The City Rent &amp; Partner\" \/>\n<meta property=\"og:description\" content=\"Geschlossener Pritschenanh\u00e4nger f\u00fcr den sicheren Transport Ihrer Oldtimer, Sportwagen und Sammlerst\u00fccken  Kippanh\u00e4nger, elektrische Seilwinde, einschlie\u00dflich Verzurrset.\" \/>\n<meta property=\"og:url\" content=\"https:\/\/www.thecityrent.be\/de\/produkt\/tr-remorque-plateau-voiture-ferme-bryan-james\/\" \/>\n<meta property=\"og:site_name\" content=\"The City Rent &amp; Partner\" \/>\n<meta property=\"article:modified_time\" content=\"2023-04-20T14:04:38+00:00\" \/>\n<meta property=\"og:image\" content=\"https:\/\/www.thecityrent.be\/wp-content\/uploads\/961_img1_1548263811-2.jpg\" \/>\n\t<meta property=\"og:image:width\" content=\"600\" \/>\n\t<meta property=\"og:image:height\" content=\"400\" \/>\n\t<meta property=\"og:image:type\" content=\"image\/jpeg\" \/>\n<meta name=\"twitter:card\" content=\"summary_large_image\" \/>\n<script type=\"application\/ld+json\" class=\"yoast-schema-graph\">{\"@context\":\"https:\\\/\\\/schema.org\",\"@graph\":[{\"@type\":\"WebPage\",\"@id\":\"https:\\\/\\\/www.thecityrent.be\\\/de\\\/produkt\\\/tr-remorque-plateau-voiture-ferme-bryan-james\\\/\",\"url\":\"https:\\\/\\\/www.thecityrent.be\\\/de\\\/produkt\\\/tr-remorque-plateau-voiture-ferme-bryan-james\\\/\",\"name\":\"TR- GESCHLOSSENER PRITSCHENH\u00c4NGER AUTOTRANSPORT BRYAN JAMES - The City Rent &amp; Partner\",\"isPartOf\":{\"@id\":\"https:\\\/\\\/www.thecityrent.be\\\/#website\"},\"primaryImageOfPage\":{\"@id\":\"https:\\\/\\\/www.thecityrent.be\\\/de\\\/produkt\\\/tr-remorque-plateau-voiture-ferme-bryan-james\\\/#primaryimage\"},\"image\":{\"@id\":\"https:\\\/\\\/www.thecityrent.be\\\/de\\\/produkt\\\/tr-remorque-plateau-voiture-ferme-bryan-james\\\/#primaryimage\"},\"thumbnailUrl\":\"https:\\\/\\\/www.thecityrent.be\\\/wp-content\\\/uploads\\\/961_img1_1548263811-2.jpg\",\"datePublished\":\"2023-04-20T13:47:58+00:00\",\"dateModified\":\"2023-04-20T14:04:38+00:00\",\"breadcrumb\":{\"@id\":\"https:\\\/\\\/www.thecityrent.be\\\/de\\\/produkt\\\/tr-remorque-plateau-voiture-ferme-bryan-james\\\/#breadcrumb\"},\"inLanguage\":\"de\",\"potentialAction\":[{\"@type\":\"ReadAction\",\"target\":[\"https:\\\/\\\/www.thecityrent.be\\\/de\\\/produkt\\\/tr-remorque-plateau-voiture-ferme-bryan-james\\\/\"]}]},{\"@type\":\"ImageObject\",\"inLanguage\":\"de\",\"@id\":\"https:\\\/\\\/www.thecityrent.be\\\/de\\\/produkt\\\/tr-remorque-plateau-voiture-ferme-bryan-james\\\/#primaryimage\",\"url\":\"https:\\\/\\\/www.thecityrent.be\\\/wp-content\\\/uploads\\\/961_img1_1548263811-2.jpg\",\"contentUrl\":\"https:\\\/\\\/www.thecityrent.be\\\/wp-content\\\/uploads\\\/961_img1_1548263811-2.jpg\",\"width\":600,\"height\":400},{\"@type\":\"BreadcrumbList\",\"@id\":\"https:\\\/\\\/www.thecityrent.be\\\/de\\\/produkt\\\/tr-remorque-plateau-voiture-ferme-bryan-james\\\/#breadcrumb\",\"itemListElement\":[{\"@type\":\"ListItem\",\"position\":1,\"name\":\"Home\",\"item\":\"https:\\\/\\\/www.thecityrent.be\\\/de\\\/\"},{\"@type\":\"ListItem\",\"position\":2,\"name\":\"Shop\",\"item\":\"https:\\\/\\\/www.thecityrent.be\\\/shop\\\/\"},{\"@type\":\"ListItem\",\"position\":3,\"name\":\"TR- GESCHLOSSENER PRITSCHENH\u00c4NGER AUTOTRANSPORT BRYAN JAMES\"}]},{\"@type\":\"WebSite\",\"@id\":\"https:\\\/\\\/www.thecityrent.be\\\/#website\",\"url\":\"https:\\\/\\\/www.thecityrent.be\\\/\",\"name\":\"The City Rent &amp; Partner\",\"description\":\"Votre partenaire pour la location de mat\u00e9riel, outillage &amp; v\u00e9hicules\",\"potentialAction\":[{\"@type\":\"SearchAction\",\"target\":{\"@type\":\"EntryPoint\",\"urlTemplate\":\"https:\\\/\\\/www.thecityrent.be\\\/?s={search_term_string}\"},\"query-input\":{\"@type\":\"PropertyValueSpecification\",\"valueRequired\":true,\"valueName\":\"search_term_string\"}}],\"inLanguage\":\"de\"}]}<\/script>\n<!-- \/ Yoast SEO plugin. -->","yoast_head_json":{"title":"TR- GESCHLOSSENER PRITSCHENH\u00c4NGER AUTOTRANSPORT BRYAN JAMES - The City Rent &amp; Partner","robots":{"index":"index","follow":"follow","max-snippet":"max-snippet:-1","max-image-preview":"max-image-preview:large","max-video-preview":"max-video-preview:-1"},"canonical":"https:\/\/www.thecityrent.be\/de\/produkt\/tr-remorque-plateau-voiture-ferme-bryan-james\/","og_locale":"de_DE","og_type":"article","og_title":"TR- GESCHLOSSENER PRITSCHENH\u00c4NGER AUTOTRANSPORT BRYAN JAMES - The City Rent &amp; Partner","og_description":"Geschlossener Pritschenanh\u00e4nger f\u00fcr den sicheren Transport Ihrer Oldtimer, Sportwagen und Sammlerst\u00fccken  Kippanh\u00e4nger, elektrische Seilwinde, einschlie\u00dflich Verzurrset.","og_url":"https:\/\/www.thecityrent.be\/de\/produkt\/tr-remorque-plateau-voiture-ferme-bryan-james\/","og_site_name":"The City Rent &amp; Partner","article_modified_time":"2023-04-20T14:04:38+00:00","og_image":[{"width":600,"height":400,"url":"https:\/\/www.thecityrent.be\/wp-content\/uploads\/961_img1_1548263811-2.jpg","type":"image\/jpeg"}],"twitter_card":"summary_large_image","schema":{"@context":"https:\/\/schema.org","@graph":[{"@type":"WebPage","@id":"https:\/\/www.thecityrent.be\/de\/produkt\/tr-remorque-plateau-voiture-ferme-bryan-james\/","url":"https:\/\/www.thecityrent.be\/de\/produkt\/tr-remorque-plateau-voiture-ferme-bryan-james\/","name":"TR- GESCHLOSSENER PRITSCHENH\u00c4NGER AUTOTRANSPORT BRYAN JAMES - The City Rent &amp; Partner","isPartOf":{"@id":"https:\/\/www.thecityrent.be\/#website"},"primaryImageOfPage":{"@id":"https:\/\/www.thecityrent.be\/de\/produkt\/tr-remorque-plateau-voiture-ferme-bryan-james\/#primaryimage"},"image":{"@id":"https:\/\/www.thecityrent.be\/de\/produkt\/tr-remorque-plateau-voiture-ferme-bryan-james\/#primaryimage"},"thumbnailUrl":"https:\/\/www.thecityrent.be\/wp-content\/uploads\/961_img1_1548263811-2.jpg","datePublished":"2023-04-20T13:47:58+00:00","dateModified":"2023-04-20T14:04:38+00:00","breadcrumb":{"@id":"https:\/\/www.thecityrent.be\/de\/produkt\/tr-remorque-plateau-voiture-ferme-bryan-james\/#breadcrumb"},"inLanguage":"de","potentialAction":[{"@type":"ReadAction","target":["https:\/\/www.thecityrent.be\/de\/produkt\/tr-remorque-plateau-voiture-ferme-bryan-james\/"]}]},{"@type":"ImageObject","inLanguage":"de","@id":"https:\/\/www.thecityrent.be\/de\/produkt\/tr-remorque-plateau-voiture-ferme-bryan-james\/#primaryimage","url":"https:\/\/www.thecityrent.be\/wp-content\/uploads\/961_img1_1548263811-2.jpg","contentUrl":"https:\/\/www.thecityrent.be\/wp-content\/uploads\/961_img1_1548263811-2.jpg","width":600,"height":400},{"@type":"BreadcrumbList","@id":"https:\/\/www.thecityrent.be\/de\/produkt\/tr-remorque-plateau-voiture-ferme-bryan-james\/#breadcrumb","itemListElement":[{"@type":"ListItem","position":1,"name":"Home","item":"https:\/\/www.thecityrent.be\/de\/"},{"@type":"ListItem","position":2,"name":"Shop","item":"https:\/\/www.thecityrent.be\/shop\/"},{"@type":"ListItem","position":3,"name":"TR- GESCHLOSSENER PRITSCHENH\u00c4NGER AUTOTRANSPORT BRYAN JAMES"}]},{"@type":"WebSite","@id":"https:\/\/www.thecityrent.be\/#website","url":"https:\/\/www.thecityrent.be\/","name":"The City Rent &amp; Partner","description":"Votre partenaire pour la location de mat\u00e9riel, outillage &amp; v\u00e9hicules","potentialAction":[{"@type":"SearchAction","target":{"@type":"EntryPoint","urlTemplate":"https:\/\/www.thecityrent.be\/?s={search_term_string}"},"query-input":{"@type":"PropertyValueSpecification","valueRequired":true,"valueName":"search_term_string"}}],"inLanguage":"de"}]}},"_links":{"self":[{"href":"https:\/\/www.thecityrent.be\/de\/wp-json\/wp\/v2\/product\/3072","targetHints":{"allow":["GET"]}}],"collection":[{"href":"https:\/\/www.thecityrent.be\/de\/wp-json\/wp\/v2\/product"}],"about":[{"href":"https:\/\/www.thecityrent.be\/de\/wp-json\/wp\/v2\/types\/product"}],"replies":[{"embeddable":true,"href":"https:\/\/www.thecityrent.be\/de\/wp-json\/wp\/v2\/comments?post=3072"}],"wp:featuredmedia":[{"embeddable":true,"href":"https:\/\/www.thecityrent.be\/de\/wp-json\/wp\/v2\/media\/3855"}],"wp:attachment":[{"href":"https:\/\/www.thecityrent.be\/de\/wp-json\/wp\/v2\/media?parent=3072"}],"wp:term":[{"taxonomy":"product_brand","embeddable":true,"href":"https:\/\/www.thecityrent.be\/de\/wp-json\/wp\/v2\/product_brand?post=3072"},{"taxonomy":"product_cat","embeddable":true,"href":"https:\/\/www.thecityrent.be\/de\/wp-json\/wp\/v2\/product_cat?post=3072"},{"taxonomy":"product_tag","embeddable":true,"href":"https:\/\/www.thecityrent.be\/de\/wp-json\/wp\/v2\/product_tag?post=3072"}],"curies":[{"name":"wp","href":"https:\/\/api.w.org\/{rel}","templated":true}]}}