{"id":2761,"date":"2023-03-03T11:09:49","date_gmt":"2023-03-03T10:09:49","guid":{"rendered":"https:\/\/www.thecityrent.be\/product\/lm-nacelle-ciseaux-hybride-hs15e-pro\/"},"modified":"2023-03-03T11:17:30","modified_gmt":"2023-03-03T10:17:30","slug":"lm-nacelle-ciseaux-hybride-hs15e-pro","status":"publish","type":"product","link":"https:\/\/www.thecityrent.be\/de\/produkt\/lm-nacelle-ciseaux-hybride-hs15e-pro\/","title":{"rendered":"LM-MASTB\u00dcHNE HYBRID HS15E PRO"},"content":{"rendered":"<ul>\n<li><strong>REFERENZ\u00a0<\/strong>: HS15E PRO<\/li>\n<li><strong>PREIS AUF ANFRAGE \u2013 KOSTENLOSES ANGEBOT\u00a0 \u00a0<\/strong><\/li>\n<li><strong>nacelle@thecityrent.be<\/strong><\/li>\n<\/ul>\n","protected":false},"excerpt":{"rendered":"<ul>\n<li>Arbeitsh\u00f6he: 15m<\/li>\n<li>Maximale seitliche Reichweite: 0.98 + 0.98m<\/li>\n<li>Abmessungen der Plattform: 1.89 x 3.93<\/li>\n<li>H\u00f6chstkapazit\u00e4t: 750kg<\/li>\n<li>Gewicht: 7518kg<\/li>\n<li>Ma\u00dfe ( L x b x H): 4.40 x 2.30 x 3.05<\/li>\n<\/ul>\n","protected":false},"featured_media":2760,"comment_status":"closed","ping_status":"closed","template":"","meta":{"_acf_changed":false},"product_brand":[],"product_cat":[65,45,109],"product_tag":[],"class_list":{"0":"post-2761","1":"product","2":"type-product","3":"status-publish","4":"has-post-thumbnail","6":"product_cat-arbeiten-in-hoehe","7":"product_cat-baumaschinen-vermietung","8":"product_cat-scherenbuehnen","10":"first","11":"instock","12":"taxable","13":"shipping-taxable","14":"product-type-simple"},"acf":[],"yoast_head":"<!-- This site is optimized with the Yoast SEO plugin v27.3 - https:\/\/yoast.com\/product\/yoast-seo-wordpress\/ -->\n<title>LM-MASTB\u00dcHNE HYBRID HS15E PRO - The City&#039;Rent &amp; Safety<\/title>\n<meta name=\"robots\" content=\"index, follow, max-snippet:-1, max-image-preview:large, max-video-preview:-1\" \/>\n<link rel=\"canonical\" href=\"https:\/\/www.thecityrent.be\/de\/produkt\/lm-nacelle-ciseaux-hybride-hs15e-pro\/\" \/>\n<meta property=\"og:locale\" content=\"de_DE\" \/>\n<meta property=\"og:type\" content=\"article\" \/>\n<meta property=\"og:title\" content=\"LM-MASTB\u00dcHNE HYBRID HS15E PRO - The City&#039;Rent &amp; Safety\" \/>\n<meta property=\"og:description\" content=\"Arbeitsh\u00f6he: 15m  Maximale seitliche Reichweite: 0.98 + 0.98m  Abmessungen der Plattform: 1.89 x 3.93  H\u00f6chstkapazit\u00e4t: 750kg  Gewicht: 7518kg  Ma\u00dfe ( L x b x H): 4.40 x 2.30 x 3.05\" \/>\n<meta property=\"og:url\" content=\"https:\/\/www.thecityrent.be\/de\/produkt\/lm-nacelle-ciseaux-hybride-hs15e-pro\/\" \/>\n<meta property=\"og:site_name\" content=\"The City&#039;Rent &amp; Safety\" \/>\n<meta property=\"article:modified_time\" content=\"2023-03-03T10:17:30+00:00\" \/>\n<meta property=\"og:image\" content=\"https:\/\/www.thecityrent.be\/wp-content\/uploads\/HS15E-PRO.jpg\" \/>\n\t<meta property=\"og:image:width\" content=\"631\" \/>\n\t<meta property=\"og:image:height\" content=\"1024\" \/>\n\t<meta property=\"og:image:type\" content=\"image\/jpeg\" \/>\n<meta name=\"twitter:card\" content=\"summary_large_image\" \/>\n<script type=\"application\/ld+json\" class=\"yoast-schema-graph\">{\"@context\":\"https:\\\/\\\/schema.org\",\"@graph\":[{\"@type\":\"WebPage\",\"@id\":\"https:\\\/\\\/www.thecityrent.be\\\/de\\\/produkt\\\/lm-nacelle-ciseaux-hybride-hs15e-pro\\\/\",\"url\":\"https:\\\/\\\/www.thecityrent.be\\\/de\\\/produkt\\\/lm-nacelle-ciseaux-hybride-hs15e-pro\\\/\",\"name\":\"LM-MASTB\u00dcHNE HYBRID HS15E PRO - The City&#039;Rent &amp; Safety\",\"isPartOf\":{\"@id\":\"https:\\\/\\\/www.thecityrent.be\\\/#website\"},\"primaryImageOfPage\":{\"@id\":\"https:\\\/\\\/www.thecityrent.be\\\/de\\\/produkt\\\/lm-nacelle-ciseaux-hybride-hs15e-pro\\\/#primaryimage\"},\"image\":{\"@id\":\"https:\\\/\\\/www.thecityrent.be\\\/de\\\/produkt\\\/lm-nacelle-ciseaux-hybride-hs15e-pro\\\/#primaryimage\"},\"thumbnailUrl\":\"https:\\\/\\\/www.thecityrent.be\\\/wp-content\\\/uploads\\\/HS15E-PRO.jpg\",\"datePublished\":\"2023-03-03T10:09:49+00:00\",\"dateModified\":\"2023-03-03T10:17:30+00:00\",\"breadcrumb\":{\"@id\":\"https:\\\/\\\/www.thecityrent.be\\\/de\\\/produkt\\\/lm-nacelle-ciseaux-hybride-hs15e-pro\\\/#breadcrumb\"},\"inLanguage\":\"de\",\"potentialAction\":[{\"@type\":\"ReadAction\",\"target\":[\"https:\\\/\\\/www.thecityrent.be\\\/de\\\/produkt\\\/lm-nacelle-ciseaux-hybride-hs15e-pro\\\/\"]}]},{\"@type\":\"ImageObject\",\"inLanguage\":\"de\",\"@id\":\"https:\\\/\\\/www.thecityrent.be\\\/de\\\/produkt\\\/lm-nacelle-ciseaux-hybride-hs15e-pro\\\/#primaryimage\",\"url\":\"https:\\\/\\\/www.thecityrent.be\\\/wp-content\\\/uploads\\\/HS15E-PRO.jpg\",\"contentUrl\":\"https:\\\/\\\/www.thecityrent.be\\\/wp-content\\\/uploads\\\/HS15E-PRO.jpg\",\"width\":631,\"height\":1024},{\"@type\":\"BreadcrumbList\",\"@id\":\"https:\\\/\\\/www.thecityrent.be\\\/de\\\/produkt\\\/lm-nacelle-ciseaux-hybride-hs15e-pro\\\/#breadcrumb\",\"itemListElement\":[{\"@type\":\"ListItem\",\"position\":1,\"name\":\"Home\",\"item\":\"https:\\\/\\\/www.thecityrent.be\\\/de\\\/\"},{\"@type\":\"ListItem\",\"position\":2,\"name\":\"Shop\",\"item\":\"https:\\\/\\\/www.thecityrent.be\\\/shop\\\/\"},{\"@type\":\"ListItem\",\"position\":3,\"name\":\"LM-MASTB\u00dcHNE HYBRID HS15E PRO\"}]},{\"@type\":\"WebSite\",\"@id\":\"https:\\\/\\\/www.thecityrent.be\\\/#website\",\"url\":\"https:\\\/\\\/www.thecityrent.be\\\/\",\"name\":\"The City&#039;Rent &amp; Safety\",\"description\":\"Votre partenaire pour la location de mat\u00e9riel, outillage &amp; v\u00e9hicules\",\"potentialAction\":[{\"@type\":\"SearchAction\",\"target\":{\"@type\":\"EntryPoint\",\"urlTemplate\":\"https:\\\/\\\/www.thecityrent.be\\\/?s={search_term_string}\"},\"query-input\":{\"@type\":\"PropertyValueSpecification\",\"valueRequired\":true,\"valueName\":\"search_term_string\"}}],\"inLanguage\":\"de\"}]}<\/script>\n<!-- \/ Yoast SEO plugin. -->","yoast_head_json":{"title":"LM-MASTB\u00dcHNE HYBRID HS15E PRO - The City&#039;Rent &amp; Safety","robots":{"index":"index","follow":"follow","max-snippet":"max-snippet:-1","max-image-preview":"max-image-preview:large","max-video-preview":"max-video-preview:-1"},"canonical":"https:\/\/www.thecityrent.be\/de\/produkt\/lm-nacelle-ciseaux-hybride-hs15e-pro\/","og_locale":"de_DE","og_type":"article","og_title":"LM-MASTB\u00dcHNE HYBRID HS15E PRO - The City&#039;Rent &amp; Safety","og_description":"Arbeitsh\u00f6he: 15m  Maximale seitliche Reichweite: 0.98 + 0.98m  Abmessungen der Plattform: 1.89 x 3.93  H\u00f6chstkapazit\u00e4t: 750kg  Gewicht: 7518kg  Ma\u00dfe ( L x b x H): 4.40 x 2.30 x 3.05","og_url":"https:\/\/www.thecityrent.be\/de\/produkt\/lm-nacelle-ciseaux-hybride-hs15e-pro\/","og_site_name":"The City&#039;Rent &amp; Safety","article_modified_time":"2023-03-03T10:17:30+00:00","og_image":[{"width":631,"height":1024,"url":"https:\/\/www.thecityrent.be\/wp-content\/uploads\/HS15E-PRO.jpg","type":"image\/jpeg"}],"twitter_card":"summary_large_image","schema":{"@context":"https:\/\/schema.org","@graph":[{"@type":"WebPage","@id":"https:\/\/www.thecityrent.be\/de\/produkt\/lm-nacelle-ciseaux-hybride-hs15e-pro\/","url":"https:\/\/www.thecityrent.be\/de\/produkt\/lm-nacelle-ciseaux-hybride-hs15e-pro\/","name":"LM-MASTB\u00dcHNE HYBRID HS15E PRO - The City&#039;Rent &amp; Safety","isPartOf":{"@id":"https:\/\/www.thecityrent.be\/#website"},"primaryImageOfPage":{"@id":"https:\/\/www.thecityrent.be\/de\/produkt\/lm-nacelle-ciseaux-hybride-hs15e-pro\/#primaryimage"},"image":{"@id":"https:\/\/www.thecityrent.be\/de\/produkt\/lm-nacelle-ciseaux-hybride-hs15e-pro\/#primaryimage"},"thumbnailUrl":"https:\/\/www.thecityrent.be\/wp-content\/uploads\/HS15E-PRO.jpg","datePublished":"2023-03-03T10:09:49+00:00","dateModified":"2023-03-03T10:17:30+00:00","breadcrumb":{"@id":"https:\/\/www.thecityrent.be\/de\/produkt\/lm-nacelle-ciseaux-hybride-hs15e-pro\/#breadcrumb"},"inLanguage":"de","potentialAction":[{"@type":"ReadAction","target":["https:\/\/www.thecityrent.be\/de\/produkt\/lm-nacelle-ciseaux-hybride-hs15e-pro\/"]}]},{"@type":"ImageObject","inLanguage":"de","@id":"https:\/\/www.thecityrent.be\/de\/produkt\/lm-nacelle-ciseaux-hybride-hs15e-pro\/#primaryimage","url":"https:\/\/www.thecityrent.be\/wp-content\/uploads\/HS15E-PRO.jpg","contentUrl":"https:\/\/www.thecityrent.be\/wp-content\/uploads\/HS15E-PRO.jpg","width":631,"height":1024},{"@type":"BreadcrumbList","@id":"https:\/\/www.thecityrent.be\/de\/produkt\/lm-nacelle-ciseaux-hybride-hs15e-pro\/#breadcrumb","itemListElement":[{"@type":"ListItem","position":1,"name":"Home","item":"https:\/\/www.thecityrent.be\/de\/"},{"@type":"ListItem","position":2,"name":"Shop","item":"https:\/\/www.thecityrent.be\/shop\/"},{"@type":"ListItem","position":3,"name":"LM-MASTB\u00dcHNE HYBRID HS15E PRO"}]},{"@type":"WebSite","@id":"https:\/\/www.thecityrent.be\/#website","url":"https:\/\/www.thecityrent.be\/","name":"The City&#039;Rent &amp; Safety","description":"Votre partenaire pour la location de mat\u00e9riel, outillage &amp; v\u00e9hicules","potentialAction":[{"@type":"SearchAction","target":{"@type":"EntryPoint","urlTemplate":"https:\/\/www.thecityrent.be\/?s={search_term_string}"},"query-input":{"@type":"PropertyValueSpecification","valueRequired":true,"valueName":"search_term_string"}}],"inLanguage":"de"}]}},"_links":{"self":[{"href":"https:\/\/www.thecityrent.be\/de\/wp-json\/wp\/v2\/product\/2761","targetHints":{"allow":["GET"]}}],"collection":[{"href":"https:\/\/www.thecityrent.be\/de\/wp-json\/wp\/v2\/product"}],"about":[{"href":"https:\/\/www.thecityrent.be\/de\/wp-json\/wp\/v2\/types\/product"}],"replies":[{"embeddable":true,"href":"https:\/\/www.thecityrent.be\/de\/wp-json\/wp\/v2\/comments?post=2761"}],"wp:featuredmedia":[{"embeddable":true,"href":"https:\/\/www.thecityrent.be\/de\/wp-json\/wp\/v2\/media\/2760"}],"wp:attachment":[{"href":"https:\/\/www.thecityrent.be\/de\/wp-json\/wp\/v2\/media?parent=2761"}],"wp:term":[{"taxonomy":"product_brand","embeddable":true,"href":"https:\/\/www.thecityrent.be\/de\/wp-json\/wp\/v2\/product_brand?post=2761"},{"taxonomy":"product_cat","embeddable":true,"href":"https:\/\/www.thecityrent.be\/de\/wp-json\/wp\/v2\/product_cat?post=2761"},{"taxonomy":"product_tag","embeddable":true,"href":"https:\/\/www.thecityrent.be\/de\/wp-json\/wp\/v2\/product_tag?post=2761"}],"curies":[{"name":"wp","href":"https:\/\/api.w.org\/{rel}","templated":true}]}}