{"id":2534,"date":"2023-01-24T11:33:52","date_gmt":"2023-01-24T10:33:52","guid":{"rendered":"https:\/\/www.thecityrent.be\/product\/lm-chariot-elevateur-2-5t-diesel\/"},"modified":"2023-02-10T14:05:33","modified_gmt":"2023-02-10T13:05:33","slug":"lm-gabelstapler-2-5t-diesel","status":"publish","type":"product","link":"https:\/\/www.thecityrent.be\/de\/produkt\/lm-gabelstapler-2-5t-diesel\/","title":{"rendered":"LM-GABELSTAPLER 2.5T DIESEL"},"content":{"rendered":"<ul>\n<li><strong>REFERENZ<\/strong>:\u00a0 LM108<\/li>\n<li><strong>PREIS AUF ANFRAGE \u2013 KOSTENLOSES ANGEBOT\u00a0 \u00a0<\/strong><\/li>\n<li><strong>nacelle@thecityrent.be<\/strong><\/li>\n<\/ul>\n","protected":false},"excerpt":{"rendered":"<ul>\n<li>Arbeitsh\u00f6he: 4.70m<\/li>\n<li>Kapazit\u00e4t: 2500kg<\/li>\n<li>Ma\u00dfe: 2.64&#215;1.15&#215;2.11<\/li>\n<li>Gewicht: 3600kg<\/li>\n<\/ul>\n","protected":false},"featured_media":4672,"comment_status":"closed","ping_status":"closed","template":"","meta":{"_acf_changed":false},"product_brand":[],"product_cat":[65,117],"product_tag":[],"class_list":{"0":"post-2534","1":"product","2":"type-product","3":"status-publish","4":"has-post-thumbnail","6":"product_cat-arbeiten-in-hoehe","7":"product_cat-gabelstapler","9":"first","10":"instock","11":"taxable","12":"shipping-taxable","13":"product-type-simple"},"acf":[],"yoast_head":"<!-- This site is optimized with the Yoast SEO plugin v27.5 - https:\/\/yoast.com\/product\/yoast-seo-wordpress\/ -->\n<title>LM-GABELSTAPLER 2.5T DIESEL - The City Rent &amp; Partner<\/title>\n<meta name=\"robots\" content=\"index, follow, max-snippet:-1, max-image-preview:large, max-video-preview:-1\" \/>\n<link rel=\"canonical\" href=\"https:\/\/www.thecityrent.be\/de\/produkt\/lm-gabelstapler-2-5t-diesel\/\" \/>\n<meta property=\"og:locale\" content=\"de_DE\" \/>\n<meta property=\"og:type\" content=\"article\" \/>\n<meta property=\"og:title\" content=\"LM-GABELSTAPLER 2.5T DIESEL - The City Rent &amp; Partner\" \/>\n<meta property=\"og:description\" content=\"Arbeitsh\u00f6he: 4.70m  Kapazit\u00e4t: 2500kg  Ma\u00dfe: 2.64x1.15x2.11  Gewicht: 3600kg\" \/>\n<meta property=\"og:url\" content=\"https:\/\/www.thecityrent.be\/de\/produkt\/lm-gabelstapler-2-5t-diesel\/\" \/>\n<meta property=\"og:site_name\" content=\"The City Rent &amp; Partner\" \/>\n<meta property=\"article:modified_time\" content=\"2023-02-10T13:05:33+00:00\" \/>\n<meta property=\"og:image\" content=\"https:\/\/www.thecityrent.be\/wp-content\/uploads\/diesel-02-8-fdf-15-toyota57.jpg\" \/>\n\t<meta property=\"og:image:width\" content=\"700\" \/>\n\t<meta property=\"og:image:height\" content=\"524\" \/>\n\t<meta property=\"og:image:type\" content=\"image\/jpeg\" \/>\n<meta name=\"twitter:card\" content=\"summary_large_image\" \/>\n<script type=\"application\/ld+json\" class=\"yoast-schema-graph\">{\"@context\":\"https:\\\/\\\/schema.org\",\"@graph\":[{\"@type\":\"WebPage\",\"@id\":\"https:\\\/\\\/www.thecityrent.be\\\/de\\\/produkt\\\/lm-gabelstapler-2-5t-diesel\\\/\",\"url\":\"https:\\\/\\\/www.thecityrent.be\\\/de\\\/produkt\\\/lm-gabelstapler-2-5t-diesel\\\/\",\"name\":\"LM-GABELSTAPLER 2.5T DIESEL - The City Rent &amp; Partner\",\"isPartOf\":{\"@id\":\"https:\\\/\\\/www.thecityrent.be\\\/#website\"},\"primaryImageOfPage\":{\"@id\":\"https:\\\/\\\/www.thecityrent.be\\\/de\\\/produkt\\\/lm-gabelstapler-2-5t-diesel\\\/#primaryimage\"},\"image\":{\"@id\":\"https:\\\/\\\/www.thecityrent.be\\\/de\\\/produkt\\\/lm-gabelstapler-2-5t-diesel\\\/#primaryimage\"},\"thumbnailUrl\":\"https:\\\/\\\/www.thecityrent.be\\\/wp-content\\\/uploads\\\/studio_industrial_forklift_mi_25_d_manitou_002.jpg\",\"datePublished\":\"2023-01-24T10:33:52+00:00\",\"dateModified\":\"2023-02-10T13:05:33+00:00\",\"breadcrumb\":{\"@id\":\"https:\\\/\\\/www.thecityrent.be\\\/de\\\/produkt\\\/lm-gabelstapler-2-5t-diesel\\\/#breadcrumb\"},\"inLanguage\":\"de\",\"potentialAction\":[{\"@type\":\"ReadAction\",\"target\":[\"https:\\\/\\\/www.thecityrent.be\\\/de\\\/produkt\\\/lm-gabelstapler-2-5t-diesel\\\/\"]}]},{\"@type\":\"ImageObject\",\"inLanguage\":\"de\",\"@id\":\"https:\\\/\\\/www.thecityrent.be\\\/de\\\/produkt\\\/lm-gabelstapler-2-5t-diesel\\\/#primaryimage\",\"url\":\"https:\\\/\\\/www.thecityrent.be\\\/wp-content\\\/uploads\\\/studio_industrial_forklift_mi_25_d_manitou_002.jpg\",\"contentUrl\":\"https:\\\/\\\/www.thecityrent.be\\\/wp-content\\\/uploads\\\/studio_industrial_forklift_mi_25_d_manitou_002.jpg\",\"width\":1024,\"height\":683},{\"@type\":\"BreadcrumbList\",\"@id\":\"https:\\\/\\\/www.thecityrent.be\\\/de\\\/produkt\\\/lm-gabelstapler-2-5t-diesel\\\/#breadcrumb\",\"itemListElement\":[{\"@type\":\"ListItem\",\"position\":1,\"name\":\"Home\",\"item\":\"https:\\\/\\\/www.thecityrent.be\\\/de\\\/\"},{\"@type\":\"ListItem\",\"position\":2,\"name\":\"Shop\",\"item\":\"https:\\\/\\\/www.thecityrent.be\\\/shop\\\/\"},{\"@type\":\"ListItem\",\"position\":3,\"name\":\"LM-GABELSTAPLER 2.5T DIESEL\"}]},{\"@type\":\"WebSite\",\"@id\":\"https:\\\/\\\/www.thecityrent.be\\\/#website\",\"url\":\"https:\\\/\\\/www.thecityrent.be\\\/\",\"name\":\"The City Rent &amp; Partner\",\"description\":\"Votre partenaire pour la location de mat\u00e9riel, outillage &amp; v\u00e9hicules\",\"potentialAction\":[{\"@type\":\"SearchAction\",\"target\":{\"@type\":\"EntryPoint\",\"urlTemplate\":\"https:\\\/\\\/www.thecityrent.be\\\/?s={search_term_string}\"},\"query-input\":{\"@type\":\"PropertyValueSpecification\",\"valueRequired\":true,\"valueName\":\"search_term_string\"}}],\"inLanguage\":\"de\"}]}<\/script>\n<!-- \/ Yoast SEO plugin. -->","yoast_head_json":{"title":"LM-GABELSTAPLER 2.5T DIESEL - The City Rent &amp; Partner","robots":{"index":"index","follow":"follow","max-snippet":"max-snippet:-1","max-image-preview":"max-image-preview:large","max-video-preview":"max-video-preview:-1"},"canonical":"https:\/\/www.thecityrent.be\/de\/produkt\/lm-gabelstapler-2-5t-diesel\/","og_locale":"de_DE","og_type":"article","og_title":"LM-GABELSTAPLER 2.5T DIESEL - The City Rent &amp; Partner","og_description":"Arbeitsh\u00f6he: 4.70m  Kapazit\u00e4t: 2500kg  Ma\u00dfe: 2.64x1.15x2.11  Gewicht: 3600kg","og_url":"https:\/\/www.thecityrent.be\/de\/produkt\/lm-gabelstapler-2-5t-diesel\/","og_site_name":"The City Rent &amp; Partner","article_modified_time":"2023-02-10T13:05:33+00:00","og_image":[{"width":700,"height":524,"url":"https:\/\/www.thecityrent.be\/wp-content\/uploads\/diesel-02-8-fdf-15-toyota57.jpg","type":"image\/jpeg"}],"twitter_card":"summary_large_image","schema":{"@context":"https:\/\/schema.org","@graph":[{"@type":"WebPage","@id":"https:\/\/www.thecityrent.be\/de\/produkt\/lm-gabelstapler-2-5t-diesel\/","url":"https:\/\/www.thecityrent.be\/de\/produkt\/lm-gabelstapler-2-5t-diesel\/","name":"LM-GABELSTAPLER 2.5T DIESEL - The City Rent &amp; Partner","isPartOf":{"@id":"https:\/\/www.thecityrent.be\/#website"},"primaryImageOfPage":{"@id":"https:\/\/www.thecityrent.be\/de\/produkt\/lm-gabelstapler-2-5t-diesel\/#primaryimage"},"image":{"@id":"https:\/\/www.thecityrent.be\/de\/produkt\/lm-gabelstapler-2-5t-diesel\/#primaryimage"},"thumbnailUrl":"https:\/\/www.thecityrent.be\/wp-content\/uploads\/studio_industrial_forklift_mi_25_d_manitou_002.jpg","datePublished":"2023-01-24T10:33:52+00:00","dateModified":"2023-02-10T13:05:33+00:00","breadcrumb":{"@id":"https:\/\/www.thecityrent.be\/de\/produkt\/lm-gabelstapler-2-5t-diesel\/#breadcrumb"},"inLanguage":"de","potentialAction":[{"@type":"ReadAction","target":["https:\/\/www.thecityrent.be\/de\/produkt\/lm-gabelstapler-2-5t-diesel\/"]}]},{"@type":"ImageObject","inLanguage":"de","@id":"https:\/\/www.thecityrent.be\/de\/produkt\/lm-gabelstapler-2-5t-diesel\/#primaryimage","url":"https:\/\/www.thecityrent.be\/wp-content\/uploads\/studio_industrial_forklift_mi_25_d_manitou_002.jpg","contentUrl":"https:\/\/www.thecityrent.be\/wp-content\/uploads\/studio_industrial_forklift_mi_25_d_manitou_002.jpg","width":1024,"height":683},{"@type":"BreadcrumbList","@id":"https:\/\/www.thecityrent.be\/de\/produkt\/lm-gabelstapler-2-5t-diesel\/#breadcrumb","itemListElement":[{"@type":"ListItem","position":1,"name":"Home","item":"https:\/\/www.thecityrent.be\/de\/"},{"@type":"ListItem","position":2,"name":"Shop","item":"https:\/\/www.thecityrent.be\/shop\/"},{"@type":"ListItem","position":3,"name":"LM-GABELSTAPLER 2.5T DIESEL"}]},{"@type":"WebSite","@id":"https:\/\/www.thecityrent.be\/#website","url":"https:\/\/www.thecityrent.be\/","name":"The City Rent &amp; Partner","description":"Votre partenaire pour la location de mat\u00e9riel, outillage &amp; v\u00e9hicules","potentialAction":[{"@type":"SearchAction","target":{"@type":"EntryPoint","urlTemplate":"https:\/\/www.thecityrent.be\/?s={search_term_string}"},"query-input":{"@type":"PropertyValueSpecification","valueRequired":true,"valueName":"search_term_string"}}],"inLanguage":"de"}]}},"_links":{"self":[{"href":"https:\/\/www.thecityrent.be\/de\/wp-json\/wp\/v2\/product\/2534","targetHints":{"allow":["GET"]}}],"collection":[{"href":"https:\/\/www.thecityrent.be\/de\/wp-json\/wp\/v2\/product"}],"about":[{"href":"https:\/\/www.thecityrent.be\/de\/wp-json\/wp\/v2\/types\/product"}],"replies":[{"embeddable":true,"href":"https:\/\/www.thecityrent.be\/de\/wp-json\/wp\/v2\/comments?post=2534"}],"wp:featuredmedia":[{"embeddable":true,"href":"https:\/\/www.thecityrent.be\/de\/wp-json\/wp\/v2\/media\/4672"}],"wp:attachment":[{"href":"https:\/\/www.thecityrent.be\/de\/wp-json\/wp\/v2\/media?parent=2534"}],"wp:term":[{"taxonomy":"product_brand","embeddable":true,"href":"https:\/\/www.thecityrent.be\/de\/wp-json\/wp\/v2\/product_brand?post=2534"},{"taxonomy":"product_cat","embeddable":true,"href":"https:\/\/www.thecityrent.be\/de\/wp-json\/wp\/v2\/product_cat?post=2534"},{"taxonomy":"product_tag","embeddable":true,"href":"https:\/\/www.thecityrent.be\/de\/wp-json\/wp\/v2\/product_tag?post=2534"}],"curies":[{"name":"wp","href":"https:\/\/api.w.org\/{rel}","templated":true}]}}