{"id":2461,"date":"2023-01-05T15:11:35","date_gmt":"2023-01-05T14:11:35","guid":{"rendered":"https:\/\/www.thecityrent.be\/product\/st-camera-dinspection\/"},"modified":"2023-02-01T10:09:50","modified_gmt":"2023-02-01T09:09:50","slug":"st-inspektionskamera","status":"publish","type":"product","link":"https:\/\/www.thecityrent.be\/de\/produkt\/st-inspektionskamera\/","title":{"rendered":"ST-INSPEKTIONSKAMERA"},"content":{"rendered":"<ul>\n<li><strong>REFERENZ :\u00a0<\/strong>ST501<\/li>\n<li><strong>KAUTION<\/strong> : 300,00 \u20ac<\/li>\n<li><strong>PREIS\/TAG<\/strong> : 118,00\u20ac<\/li>\n<li><strong>PREIS\/TAG\/WOCHE<\/strong> : 94,00 \u20ac<\/li>\n<li><strong>PREIS\/WOCHENENDE<\/strong> : 212,00 \u20ac<\/li>\n<li><strong>PREIS\/TAG\/MONAT<\/strong> : 71,00 \u20ac<\/li>\n<li><strong>Kameratrommel (60mm Durchmesser &#8211; 60m L\u00e4nge): 64,00\u20ac \/ TAG\u00a0<\/strong><\/li>\n<\/ul>\n","protected":false},"excerpt":{"rendered":"<p>Kamera, die f\u00fcr die Inspektion von Rohrleitungen bestimmt ist. Kopf mit 8 oder 18 wei\u00dfen LEDs ausgestattet. Geliefert mit 40 oder 60 Meter langem Kabel auf einer Kabeltrommel mit R\u00e4dern. Die Bilder werden auf einem 17-Zoll-LCD-Bildschirm angezeigt, der in den Transportkoffer integriert ist. Aufnahmem\u00f6glichkeit \u00fcber einen USB-Stick.<\/p>\n","protected":false},"featured_media":3928,"comment_status":"closed","ping_status":"closed","template":"","meta":{"_acf_changed":false},"product_brand":[],"product_cat":[45,54],"product_tag":[],"class_list":{"0":"post-2461","1":"product","2":"type-product","3":"status-publish","4":"has-post-thumbnail","6":"product_cat-baumaschinen-vermietung","7":"product_cat-messtechnik-signalisierung","9":"first","10":"instock","11":"taxable","12":"shipping-taxable","13":"purchasable","14":"product-type-simple"},"acf":[],"yoast_head":"<!-- This site is optimized with the Yoast SEO plugin v27.3 - https:\/\/yoast.com\/product\/yoast-seo-wordpress\/ -->\n<title>ST-INSPEKTIONSKAMERA - The City&#039;Rent &amp; Safety<\/title>\n<meta name=\"robots\" content=\"index, follow, max-snippet:-1, max-image-preview:large, max-video-preview:-1\" \/>\n<link rel=\"canonical\" href=\"https:\/\/www.thecityrent.be\/de\/produkt\/st-inspektionskamera\/\" \/>\n<meta property=\"og:locale\" content=\"de_DE\" \/>\n<meta property=\"og:type\" content=\"article\" \/>\n<meta property=\"og:title\" content=\"ST-INSPEKTIONSKAMERA - The City&#039;Rent &amp; Safety\" \/>\n<meta property=\"og:description\" content=\"Kamera, die f\u00fcr die Inspektion von Rohrleitungen bestimmt ist. Kopf mit 8 oder 18 wei\u00dfen LEDs ausgestattet. Geliefert mit 40 oder 60 Meter langem Kabel auf einer Kabeltrommel mit R\u00e4dern. Die Bilder werden auf einem 17-Zoll-LCD-Bildschirm angezeigt, der in den Transportkoffer integriert ist. Aufnahmem\u00f6glichkeit \u00fcber einen USB-Stick.\" \/>\n<meta property=\"og:url\" content=\"https:\/\/www.thecityrent.be\/de\/produkt\/st-inspektionskamera\/\" \/>\n<meta property=\"og:site_name\" content=\"The City&#039;Rent &amp; Safety\" \/>\n<meta property=\"article:modified_time\" content=\"2023-02-01T09:09:50+00:00\" \/>\n<meta property=\"og:image\" content=\"https:\/\/www.thecityrent.be\/wp-content\/uploads\/ST501.jpg\" \/>\n\t<meta property=\"og:image:width\" content=\"555\" \/>\n\t<meta property=\"og:image:height\" content=\"555\" \/>\n\t<meta property=\"og:image:type\" content=\"image\/jpeg\" \/>\n<meta name=\"twitter:card\" content=\"summary_large_image\" \/>\n<script type=\"application\/ld+json\" class=\"yoast-schema-graph\">{\"@context\":\"https:\\\/\\\/schema.org\",\"@graph\":[{\"@type\":\"WebPage\",\"@id\":\"https:\\\/\\\/www.thecityrent.be\\\/de\\\/produkt\\\/st-inspektionskamera\\\/\",\"url\":\"https:\\\/\\\/www.thecityrent.be\\\/de\\\/produkt\\\/st-inspektionskamera\\\/\",\"name\":\"ST-INSPEKTIONSKAMERA - The City&#039;Rent &amp; Safety\",\"isPartOf\":{\"@id\":\"https:\\\/\\\/www.thecityrent.be\\\/#website\"},\"primaryImageOfPage\":{\"@id\":\"https:\\\/\\\/www.thecityrent.be\\\/de\\\/produkt\\\/st-inspektionskamera\\\/#primaryimage\"},\"image\":{\"@id\":\"https:\\\/\\\/www.thecityrent.be\\\/de\\\/produkt\\\/st-inspektionskamera\\\/#primaryimage\"},\"thumbnailUrl\":\"https:\\\/\\\/www.thecityrent.be\\\/wp-content\\\/uploads\\\/20180312022434.jpg\",\"datePublished\":\"2023-01-05T14:11:35+00:00\",\"dateModified\":\"2023-02-01T09:09:50+00:00\",\"breadcrumb\":{\"@id\":\"https:\\\/\\\/www.thecityrent.be\\\/de\\\/produkt\\\/st-inspektionskamera\\\/#breadcrumb\"},\"inLanguage\":\"de\",\"potentialAction\":[{\"@type\":\"ReadAction\",\"target\":[\"https:\\\/\\\/www.thecityrent.be\\\/de\\\/produkt\\\/st-inspektionskamera\\\/\"]}]},{\"@type\":\"ImageObject\",\"inLanguage\":\"de\",\"@id\":\"https:\\\/\\\/www.thecityrent.be\\\/de\\\/produkt\\\/st-inspektionskamera\\\/#primaryimage\",\"url\":\"https:\\\/\\\/www.thecityrent.be\\\/wp-content\\\/uploads\\\/20180312022434.jpg\",\"contentUrl\":\"https:\\\/\\\/www.thecityrent.be\\\/wp-content\\\/uploads\\\/20180312022434.jpg\",\"width\":1000,\"height\":1041},{\"@type\":\"BreadcrumbList\",\"@id\":\"https:\\\/\\\/www.thecityrent.be\\\/de\\\/produkt\\\/st-inspektionskamera\\\/#breadcrumb\",\"itemListElement\":[{\"@type\":\"ListItem\",\"position\":1,\"name\":\"Home\",\"item\":\"https:\\\/\\\/www.thecityrent.be\\\/de\\\/\"},{\"@type\":\"ListItem\",\"position\":2,\"name\":\"Shop\",\"item\":\"https:\\\/\\\/www.thecityrent.be\\\/shop\\\/\"},{\"@type\":\"ListItem\",\"position\":3,\"name\":\"ST-INSPEKTIONSKAMERA\"}]},{\"@type\":\"WebSite\",\"@id\":\"https:\\\/\\\/www.thecityrent.be\\\/#website\",\"url\":\"https:\\\/\\\/www.thecityrent.be\\\/\",\"name\":\"The City&#039;Rent &amp; Safety\",\"description\":\"Votre partenaire pour la location de mat\u00e9riel, outillage &amp; v\u00e9hicules\",\"potentialAction\":[{\"@type\":\"SearchAction\",\"target\":{\"@type\":\"EntryPoint\",\"urlTemplate\":\"https:\\\/\\\/www.thecityrent.be\\\/?s={search_term_string}\"},\"query-input\":{\"@type\":\"PropertyValueSpecification\",\"valueRequired\":true,\"valueName\":\"search_term_string\"}}],\"inLanguage\":\"de\"}]}<\/script>\n<!-- \/ Yoast SEO plugin. -->","yoast_head_json":{"title":"ST-INSPEKTIONSKAMERA - The City&#039;Rent &amp; Safety","robots":{"index":"index","follow":"follow","max-snippet":"max-snippet:-1","max-image-preview":"max-image-preview:large","max-video-preview":"max-video-preview:-1"},"canonical":"https:\/\/www.thecityrent.be\/de\/produkt\/st-inspektionskamera\/","og_locale":"de_DE","og_type":"article","og_title":"ST-INSPEKTIONSKAMERA - The City&#039;Rent &amp; Safety","og_description":"Kamera, die f\u00fcr die Inspektion von Rohrleitungen bestimmt ist. Kopf mit 8 oder 18 wei\u00dfen LEDs ausgestattet. Geliefert mit 40 oder 60 Meter langem Kabel auf einer Kabeltrommel mit R\u00e4dern. Die Bilder werden auf einem 17-Zoll-LCD-Bildschirm angezeigt, der in den Transportkoffer integriert ist. Aufnahmem\u00f6glichkeit \u00fcber einen USB-Stick.","og_url":"https:\/\/www.thecityrent.be\/de\/produkt\/st-inspektionskamera\/","og_site_name":"The City&#039;Rent &amp; Safety","article_modified_time":"2023-02-01T09:09:50+00:00","og_image":[{"width":555,"height":555,"url":"https:\/\/www.thecityrent.be\/wp-content\/uploads\/ST501.jpg","type":"image\/jpeg"}],"twitter_card":"summary_large_image","schema":{"@context":"https:\/\/schema.org","@graph":[{"@type":"WebPage","@id":"https:\/\/www.thecityrent.be\/de\/produkt\/st-inspektionskamera\/","url":"https:\/\/www.thecityrent.be\/de\/produkt\/st-inspektionskamera\/","name":"ST-INSPEKTIONSKAMERA - The City&#039;Rent &amp; Safety","isPartOf":{"@id":"https:\/\/www.thecityrent.be\/#website"},"primaryImageOfPage":{"@id":"https:\/\/www.thecityrent.be\/de\/produkt\/st-inspektionskamera\/#primaryimage"},"image":{"@id":"https:\/\/www.thecityrent.be\/de\/produkt\/st-inspektionskamera\/#primaryimage"},"thumbnailUrl":"https:\/\/www.thecityrent.be\/wp-content\/uploads\/20180312022434.jpg","datePublished":"2023-01-05T14:11:35+00:00","dateModified":"2023-02-01T09:09:50+00:00","breadcrumb":{"@id":"https:\/\/www.thecityrent.be\/de\/produkt\/st-inspektionskamera\/#breadcrumb"},"inLanguage":"de","potentialAction":[{"@type":"ReadAction","target":["https:\/\/www.thecityrent.be\/de\/produkt\/st-inspektionskamera\/"]}]},{"@type":"ImageObject","inLanguage":"de","@id":"https:\/\/www.thecityrent.be\/de\/produkt\/st-inspektionskamera\/#primaryimage","url":"https:\/\/www.thecityrent.be\/wp-content\/uploads\/20180312022434.jpg","contentUrl":"https:\/\/www.thecityrent.be\/wp-content\/uploads\/20180312022434.jpg","width":1000,"height":1041},{"@type":"BreadcrumbList","@id":"https:\/\/www.thecityrent.be\/de\/produkt\/st-inspektionskamera\/#breadcrumb","itemListElement":[{"@type":"ListItem","position":1,"name":"Home","item":"https:\/\/www.thecityrent.be\/de\/"},{"@type":"ListItem","position":2,"name":"Shop","item":"https:\/\/www.thecityrent.be\/shop\/"},{"@type":"ListItem","position":3,"name":"ST-INSPEKTIONSKAMERA"}]},{"@type":"WebSite","@id":"https:\/\/www.thecityrent.be\/#website","url":"https:\/\/www.thecityrent.be\/","name":"The City&#039;Rent &amp; Safety","description":"Votre partenaire pour la location de mat\u00e9riel, outillage &amp; v\u00e9hicules","potentialAction":[{"@type":"SearchAction","target":{"@type":"EntryPoint","urlTemplate":"https:\/\/www.thecityrent.be\/?s={search_term_string}"},"query-input":{"@type":"PropertyValueSpecification","valueRequired":true,"valueName":"search_term_string"}}],"inLanguage":"de"}]}},"_links":{"self":[{"href":"https:\/\/www.thecityrent.be\/de\/wp-json\/wp\/v2\/product\/2461","targetHints":{"allow":["GET"]}}],"collection":[{"href":"https:\/\/www.thecityrent.be\/de\/wp-json\/wp\/v2\/product"}],"about":[{"href":"https:\/\/www.thecityrent.be\/de\/wp-json\/wp\/v2\/types\/product"}],"replies":[{"embeddable":true,"href":"https:\/\/www.thecityrent.be\/de\/wp-json\/wp\/v2\/comments?post=2461"}],"wp:featuredmedia":[{"embeddable":true,"href":"https:\/\/www.thecityrent.be\/de\/wp-json\/wp\/v2\/media\/3928"}],"wp:attachment":[{"href":"https:\/\/www.thecityrent.be\/de\/wp-json\/wp\/v2\/media?parent=2461"}],"wp:term":[{"taxonomy":"product_brand","embeddable":true,"href":"https:\/\/www.thecityrent.be\/de\/wp-json\/wp\/v2\/product_brand?post=2461"},{"taxonomy":"product_cat","embeddable":true,"href":"https:\/\/www.thecityrent.be\/de\/wp-json\/wp\/v2\/product_cat?post=2461"},{"taxonomy":"product_tag","embeddable":true,"href":"https:\/\/www.thecityrent.be\/de\/wp-json\/wp\/v2\/product_tag?post=2461"}],"curies":[{"name":"wp","href":"https:\/\/api.w.org\/{rel}","templated":true}]}}