{"id":2456,"date":"2023-01-05T14:55:54","date_gmt":"2023-01-05T13:55:54","guid":{"rendered":"https:\/\/www.thecityrent.be\/product\/ja-tracteur-iseki-tle3400\/"},"modified":"2023-01-30T12:43:42","modified_gmt":"2023-01-30T11:43:42","slug":"ja-traktor-iseki-tle3400","status":"publish","type":"product","link":"https:\/\/www.thecityrent.be\/de\/produkt\/ja-traktor-iseki-tle3400\/","title":{"rendered":"JA-TRAKTOR ISEKI TLE3400"},"content":{"rendered":"<ul>\n<li><strong>REFERENZ<\/strong> : JA111<\/li>\n<li><strong>KAUTION<\/strong> : 500,00 \u20ac<\/li>\n<\/ul>\n<p>&nbsp;<\/p>\n<ul>\n<li><em><strong>PREIS INKL 1 ZUBEH\u00d6R (SCHLITZFR\u00c4SE, VERTIKALFR\u00c4SE S\u00c4MASCHINE, EGGE, HAMMERSCHLEGEL)\u00a0<\/strong><\/em><\/li>\n<li><strong>PREIS\/TAG<\/strong> : 268,00\u20ac<\/li>\n<li><strong>PREIS\/TAG\/WOCHE<\/strong> : 214,00 \u20ac<\/li>\n<li><strong>PREIS\/WOCHENENDE<\/strong> : 482,00 \u20ac<\/li>\n<li><strong>PREIS\/TAG\/MONAT<\/strong> : 161,00 \u20ac<\/li>\n<\/ul>\n<p>&nbsp;<\/p>\n<ul>\n<li><em><strong>PREIS TRAKTOR ALLEINE\u00a0<\/strong><\/em><\/li>\n<li><strong>PREIS\/TAG<\/strong> : 112,00\u20ac<\/li>\n<li><strong>PREIS\/TAG\/WOCHE<\/strong> : 90,00 \u20ac<\/li>\n<li><strong>PREIS\/WOCHENENDE<\/strong> : 202,00 \u20ac<\/li>\n<li><strong>PREIS\/TAG\/MONAT<\/strong> : 67,00 \u20ac<\/li>\n<\/ul>\n<p>&nbsp;<\/p>\n","protected":false},"excerpt":{"rendered":"<p>REFERENZ : JA111 KAUTION : 500,00 \u20ac &nbsp; PREIS INKL 1 ZUBEH\u00d6R (SCHLITZFR\u00c4SE, VERTIKALFR\u00c4SE S\u00c4MASCHINE, EGGE, HAMMERSCHLEGEL)\u00a0 PREIS\/TAG : 268,00\u20ac [&hellip;]<\/p>\n","protected":false},"featured_media":2447,"comment_status":"closed","ping_status":"closed","template":"","meta":{"_acf_changed":false},"product_brand":[],"product_cat":[45,62],"product_tag":[],"class_list":{"0":"post-2456","1":"product","2":"type-product","3":"status-publish","4":"has-post-thumbnail","6":"product_cat-baumaschinen-vermietung","7":"product_cat-gartenarbeiten","9":"first","10":"instock","11":"taxable","12":"shipping-taxable","13":"purchasable","14":"product-type-simple"},"acf":[],"yoast_head":"<!-- This site is optimized with the Yoast SEO plugin v27.3 - https:\/\/yoast.com\/product\/yoast-seo-wordpress\/ -->\n<title>JA-TRAKTOR ISEKI TLE3400 - The City&#039;Rent &amp; Safety<\/title>\n<meta name=\"robots\" content=\"index, follow, max-snippet:-1, max-image-preview:large, max-video-preview:-1\" \/>\n<link rel=\"canonical\" href=\"https:\/\/www.thecityrent.be\/de\/produkt\/ja-traktor-iseki-tle3400\/\" \/>\n<meta property=\"og:locale\" content=\"de_DE\" \/>\n<meta property=\"og:type\" content=\"article\" \/>\n<meta property=\"og:title\" content=\"JA-TRAKTOR ISEKI TLE3400 - The City&#039;Rent &amp; Safety\" \/>\n<meta property=\"og:description\" content=\"REFERENZ : JA111 KAUTION : 500,00 \u20ac &nbsp; PREIS INKL 1 ZUBEH\u00d6R (SCHLITZFR\u00c4SE, VERTIKALFR\u00c4SE S\u00c4MASCHINE, EGGE, HAMMERSCHLEGEL)\u00a0 PREIS\/TAG : 268,00\u20ac [&hellip;]\" \/>\n<meta property=\"og:url\" content=\"https:\/\/www.thecityrent.be\/de\/produkt\/ja-traktor-iseki-tle3400\/\" \/>\n<meta property=\"og:site_name\" content=\"The City&#039;Rent &amp; Safety\" \/>\n<meta property=\"article:modified_time\" content=\"2023-01-30T11:43:42+00:00\" \/>\n<meta property=\"og:image\" content=\"https:\/\/www.thecityrent.be\/wp-content\/uploads\/JA111.png\" \/>\n\t<meta property=\"og:image:width\" content=\"800\" \/>\n\t<meta property=\"og:image:height\" content=\"687\" \/>\n\t<meta property=\"og:image:type\" content=\"image\/png\" \/>\n<meta name=\"twitter:card\" content=\"summary_large_image\" \/>\n<script type=\"application\/ld+json\" class=\"yoast-schema-graph\">{\"@context\":\"https:\\\/\\\/schema.org\",\"@graph\":[{\"@type\":\"WebPage\",\"@id\":\"https:\\\/\\\/www.thecityrent.be\\\/de\\\/produkt\\\/ja-traktor-iseki-tle3400\\\/\",\"url\":\"https:\\\/\\\/www.thecityrent.be\\\/de\\\/produkt\\\/ja-traktor-iseki-tle3400\\\/\",\"name\":\"JA-TRAKTOR ISEKI TLE3400 - The City&#039;Rent &amp; Safety\",\"isPartOf\":{\"@id\":\"https:\\\/\\\/www.thecityrent.be\\\/#website\"},\"primaryImageOfPage\":{\"@id\":\"https:\\\/\\\/www.thecityrent.be\\\/de\\\/produkt\\\/ja-traktor-iseki-tle3400\\\/#primaryimage\"},\"image\":{\"@id\":\"https:\\\/\\\/www.thecityrent.be\\\/de\\\/produkt\\\/ja-traktor-iseki-tle3400\\\/#primaryimage\"},\"thumbnailUrl\":\"https:\\\/\\\/www.thecityrent.be\\\/wp-content\\\/uploads\\\/JA111.png\",\"datePublished\":\"2023-01-05T13:55:54+00:00\",\"dateModified\":\"2023-01-30T11:43:42+00:00\",\"breadcrumb\":{\"@id\":\"https:\\\/\\\/www.thecityrent.be\\\/de\\\/produkt\\\/ja-traktor-iseki-tle3400\\\/#breadcrumb\"},\"inLanguage\":\"de\",\"potentialAction\":[{\"@type\":\"ReadAction\",\"target\":[\"https:\\\/\\\/www.thecityrent.be\\\/de\\\/produkt\\\/ja-traktor-iseki-tle3400\\\/\"]}]},{\"@type\":\"ImageObject\",\"inLanguage\":\"de\",\"@id\":\"https:\\\/\\\/www.thecityrent.be\\\/de\\\/produkt\\\/ja-traktor-iseki-tle3400\\\/#primaryimage\",\"url\":\"https:\\\/\\\/www.thecityrent.be\\\/wp-content\\\/uploads\\\/JA111.png\",\"contentUrl\":\"https:\\\/\\\/www.thecityrent.be\\\/wp-content\\\/uploads\\\/JA111.png\",\"width\":800,\"height\":687},{\"@type\":\"BreadcrumbList\",\"@id\":\"https:\\\/\\\/www.thecityrent.be\\\/de\\\/produkt\\\/ja-traktor-iseki-tle3400\\\/#breadcrumb\",\"itemListElement\":[{\"@type\":\"ListItem\",\"position\":1,\"name\":\"Home\",\"item\":\"https:\\\/\\\/www.thecityrent.be\\\/de\\\/\"},{\"@type\":\"ListItem\",\"position\":2,\"name\":\"Shop\",\"item\":\"https:\\\/\\\/www.thecityrent.be\\\/shop\\\/\"},{\"@type\":\"ListItem\",\"position\":3,\"name\":\"JA-TRAKTOR ISEKI TLE3400\"}]},{\"@type\":\"WebSite\",\"@id\":\"https:\\\/\\\/www.thecityrent.be\\\/#website\",\"url\":\"https:\\\/\\\/www.thecityrent.be\\\/\",\"name\":\"The City&#039;Rent &amp; Safety\",\"description\":\"Votre partenaire pour la location de mat\u00e9riel, outillage &amp; v\u00e9hicules\",\"potentialAction\":[{\"@type\":\"SearchAction\",\"target\":{\"@type\":\"EntryPoint\",\"urlTemplate\":\"https:\\\/\\\/www.thecityrent.be\\\/?s={search_term_string}\"},\"query-input\":{\"@type\":\"PropertyValueSpecification\",\"valueRequired\":true,\"valueName\":\"search_term_string\"}}],\"inLanguage\":\"de\"}]}<\/script>\n<!-- \/ Yoast SEO plugin. -->","yoast_head_json":{"title":"JA-TRAKTOR ISEKI TLE3400 - The City&#039;Rent &amp; Safety","robots":{"index":"index","follow":"follow","max-snippet":"max-snippet:-1","max-image-preview":"max-image-preview:large","max-video-preview":"max-video-preview:-1"},"canonical":"https:\/\/www.thecityrent.be\/de\/produkt\/ja-traktor-iseki-tle3400\/","og_locale":"de_DE","og_type":"article","og_title":"JA-TRAKTOR ISEKI TLE3400 - The City&#039;Rent &amp; Safety","og_description":"REFERENZ : JA111 KAUTION : 500,00 \u20ac &nbsp; PREIS INKL 1 ZUBEH\u00d6R (SCHLITZFR\u00c4SE, VERTIKALFR\u00c4SE S\u00c4MASCHINE, EGGE, HAMMERSCHLEGEL)\u00a0 PREIS\/TAG : 268,00\u20ac [&hellip;]","og_url":"https:\/\/www.thecityrent.be\/de\/produkt\/ja-traktor-iseki-tle3400\/","og_site_name":"The City&#039;Rent &amp; Safety","article_modified_time":"2023-01-30T11:43:42+00:00","og_image":[{"width":800,"height":687,"url":"https:\/\/www.thecityrent.be\/wp-content\/uploads\/JA111.png","type":"image\/png"}],"twitter_card":"summary_large_image","schema":{"@context":"https:\/\/schema.org","@graph":[{"@type":"WebPage","@id":"https:\/\/www.thecityrent.be\/de\/produkt\/ja-traktor-iseki-tle3400\/","url":"https:\/\/www.thecityrent.be\/de\/produkt\/ja-traktor-iseki-tle3400\/","name":"JA-TRAKTOR ISEKI TLE3400 - The City&#039;Rent &amp; Safety","isPartOf":{"@id":"https:\/\/www.thecityrent.be\/#website"},"primaryImageOfPage":{"@id":"https:\/\/www.thecityrent.be\/de\/produkt\/ja-traktor-iseki-tle3400\/#primaryimage"},"image":{"@id":"https:\/\/www.thecityrent.be\/de\/produkt\/ja-traktor-iseki-tle3400\/#primaryimage"},"thumbnailUrl":"https:\/\/www.thecityrent.be\/wp-content\/uploads\/JA111.png","datePublished":"2023-01-05T13:55:54+00:00","dateModified":"2023-01-30T11:43:42+00:00","breadcrumb":{"@id":"https:\/\/www.thecityrent.be\/de\/produkt\/ja-traktor-iseki-tle3400\/#breadcrumb"},"inLanguage":"de","potentialAction":[{"@type":"ReadAction","target":["https:\/\/www.thecityrent.be\/de\/produkt\/ja-traktor-iseki-tle3400\/"]}]},{"@type":"ImageObject","inLanguage":"de","@id":"https:\/\/www.thecityrent.be\/de\/produkt\/ja-traktor-iseki-tle3400\/#primaryimage","url":"https:\/\/www.thecityrent.be\/wp-content\/uploads\/JA111.png","contentUrl":"https:\/\/www.thecityrent.be\/wp-content\/uploads\/JA111.png","width":800,"height":687},{"@type":"BreadcrumbList","@id":"https:\/\/www.thecityrent.be\/de\/produkt\/ja-traktor-iseki-tle3400\/#breadcrumb","itemListElement":[{"@type":"ListItem","position":1,"name":"Home","item":"https:\/\/www.thecityrent.be\/de\/"},{"@type":"ListItem","position":2,"name":"Shop","item":"https:\/\/www.thecityrent.be\/shop\/"},{"@type":"ListItem","position":3,"name":"JA-TRAKTOR ISEKI TLE3400"}]},{"@type":"WebSite","@id":"https:\/\/www.thecityrent.be\/#website","url":"https:\/\/www.thecityrent.be\/","name":"The City&#039;Rent &amp; Safety","description":"Votre partenaire pour la location de mat\u00e9riel, outillage &amp; v\u00e9hicules","potentialAction":[{"@type":"SearchAction","target":{"@type":"EntryPoint","urlTemplate":"https:\/\/www.thecityrent.be\/?s={search_term_string}"},"query-input":{"@type":"PropertyValueSpecification","valueRequired":true,"valueName":"search_term_string"}}],"inLanguage":"de"}]}},"_links":{"self":[{"href":"https:\/\/www.thecityrent.be\/de\/wp-json\/wp\/v2\/product\/2456","targetHints":{"allow":["GET"]}}],"collection":[{"href":"https:\/\/www.thecityrent.be\/de\/wp-json\/wp\/v2\/product"}],"about":[{"href":"https:\/\/www.thecityrent.be\/de\/wp-json\/wp\/v2\/types\/product"}],"replies":[{"embeddable":true,"href":"https:\/\/www.thecityrent.be\/de\/wp-json\/wp\/v2\/comments?post=2456"}],"wp:featuredmedia":[{"embeddable":true,"href":"https:\/\/www.thecityrent.be\/de\/wp-json\/wp\/v2\/media\/2447"}],"wp:attachment":[{"href":"https:\/\/www.thecityrent.be\/de\/wp-json\/wp\/v2\/media?parent=2456"}],"wp:term":[{"taxonomy":"product_brand","embeddable":true,"href":"https:\/\/www.thecityrent.be\/de\/wp-json\/wp\/v2\/product_brand?post=2456"},{"taxonomy":"product_cat","embeddable":true,"href":"https:\/\/www.thecityrent.be\/de\/wp-json\/wp\/v2\/product_cat?post=2456"},{"taxonomy":"product_tag","embeddable":true,"href":"https:\/\/www.thecityrent.be\/de\/wp-json\/wp\/v2\/product_tag?post=2456"}],"curies":[{"name":"wp","href":"https:\/\/api.w.org\/{rel}","templated":true}]}}