{"id":2353,"date":"2022-11-28T13:32:05","date_gmt":"2022-11-28T12:32:05","guid":{"rendered":"https:\/\/www.thecityrent.be\/product\/lm-araignee-sur-chenilles-hinowa-15-70\/"},"modified":"2023-03-03T11:41:53","modified_gmt":"2023-03-03T10:41:53","slug":"lm-raupenarbeitsbuehne-15-70","status":"publish","type":"product","link":"https:\/\/www.thecityrent.be\/de\/produkt\/lm-raupenarbeitsbuehne-15-70\/","title":{"rendered":"LM-RAUPENARBEITSB\u00dcHNE HINOWA 15.70"},"content":{"rendered":"<ul>\n<li><strong>REFERENZ\u00a0<\/strong>: HINOWA 15.70<\/li>\n<li><strong><strong>PREIS AUF ANFRAGE \u2013 KOSTENLOSES ANGEBOT<\/strong><\/strong><\/li>\n<li><strong>nacelle@thecityrent.be<\/strong><\/li>\n<\/ul>\n","protected":false},"excerpt":{"rendered":"<p>Arbeitsh\u00f6he: 15.00 m<br \/>\nMaximale seitliche Reichweite: 6.00 m<br \/>\nAbmessungen Plattform: 1.30 x 0.80 m<br \/>\nH\u00f6chstkapazit\u00e4t: 230 kg<br \/>\nGewicht: 1.960kg<br \/>\nBreite: 1.10 m<\/p>\n","protected":false},"featured_media":2351,"comment_status":"closed","ping_status":"closed","template":"","meta":{"_acf_changed":false},"product_brand":[],"product_cat":[65,115],"product_tag":[],"class_list":{"0":"post-2353","1":"product","2":"type-product","3":"status-publish","4":"has-post-thumbnail","6":"product_cat-arbeiten-in-hoehe","7":"product_cat-raupenarbeitsbuehne","9":"first","10":"instock","11":"taxable","12":"shipping-taxable","13":"product-type-simple"},"acf":[],"yoast_head":"<!-- This site is optimized with the Yoast SEO plugin v27.5 - https:\/\/yoast.com\/product\/yoast-seo-wordpress\/ -->\n<title>LM-RAUPENARBEITSB\u00dcHNE HINOWA 15.70 - The City Rent &amp; Partner<\/title>\n<meta name=\"robots\" content=\"index, follow, max-snippet:-1, max-image-preview:large, max-video-preview:-1\" \/>\n<link rel=\"canonical\" href=\"https:\/\/www.thecityrent.be\/de\/produkt\/lm-raupenarbeitsbuehne-15-70\/\" \/>\n<meta property=\"og:locale\" content=\"de_DE\" \/>\n<meta property=\"og:type\" content=\"article\" \/>\n<meta property=\"og:title\" content=\"LM-RAUPENARBEITSB\u00dcHNE HINOWA 15.70 - The City Rent &amp; Partner\" \/>\n<meta property=\"og:description\" content=\"Arbeitsh\u00f6he: 15.00 m Maximale seitliche Reichweite: 6.00 m Abmessungen Plattform: 1.30 x 0.80 m H\u00f6chstkapazit\u00e4t: 230 kg Gewicht: 1.960kg Breite: 1.10 m\" \/>\n<meta property=\"og:url\" content=\"https:\/\/www.thecityrent.be\/de\/produkt\/lm-raupenarbeitsbuehne-15-70\/\" \/>\n<meta property=\"og:site_name\" content=\"The City Rent &amp; Partner\" \/>\n<meta property=\"article:modified_time\" content=\"2023-03-03T10:41:53+00:00\" \/>\n<meta property=\"og:image\" content=\"https:\/\/www.thecityrent.be\/wp-content\/uploads\/LL1570PERFORMANCEIIIS.jpg\" \/>\n\t<meta property=\"og:image:width\" content=\"1200\" \/>\n\t<meta property=\"og:image:height\" content=\"599\" \/>\n\t<meta property=\"og:image:type\" content=\"image\/jpeg\" \/>\n<meta name=\"twitter:card\" content=\"summary_large_image\" \/>\n<script type=\"application\/ld+json\" class=\"yoast-schema-graph\">{\"@context\":\"https:\\\/\\\/schema.org\",\"@graph\":[{\"@type\":\"WebPage\",\"@id\":\"https:\\\/\\\/www.thecityrent.be\\\/de\\\/produkt\\\/lm-raupenarbeitsbuehne-15-70\\\/\",\"url\":\"https:\\\/\\\/www.thecityrent.be\\\/de\\\/produkt\\\/lm-raupenarbeitsbuehne-15-70\\\/\",\"name\":\"LM-RAUPENARBEITSB\u00dcHNE HINOWA 15.70 - The City Rent &amp; Partner\",\"isPartOf\":{\"@id\":\"https:\\\/\\\/www.thecityrent.be\\\/#website\"},\"primaryImageOfPage\":{\"@id\":\"https:\\\/\\\/www.thecityrent.be\\\/de\\\/produkt\\\/lm-raupenarbeitsbuehne-15-70\\\/#primaryimage\"},\"image\":{\"@id\":\"https:\\\/\\\/www.thecityrent.be\\\/de\\\/produkt\\\/lm-raupenarbeitsbuehne-15-70\\\/#primaryimage\"},\"thumbnailUrl\":\"https:\\\/\\\/www.thecityrent.be\\\/wp-content\\\/uploads\\\/LL1570PERFORMANCEIIIS.jpg\",\"datePublished\":\"2022-11-28T12:32:05+00:00\",\"dateModified\":\"2023-03-03T10:41:53+00:00\",\"breadcrumb\":{\"@id\":\"https:\\\/\\\/www.thecityrent.be\\\/de\\\/produkt\\\/lm-raupenarbeitsbuehne-15-70\\\/#breadcrumb\"},\"inLanguage\":\"de\",\"potentialAction\":[{\"@type\":\"ReadAction\",\"target\":[\"https:\\\/\\\/www.thecityrent.be\\\/de\\\/produkt\\\/lm-raupenarbeitsbuehne-15-70\\\/\"]}]},{\"@type\":\"ImageObject\",\"inLanguage\":\"de\",\"@id\":\"https:\\\/\\\/www.thecityrent.be\\\/de\\\/produkt\\\/lm-raupenarbeitsbuehne-15-70\\\/#primaryimage\",\"url\":\"https:\\\/\\\/www.thecityrent.be\\\/wp-content\\\/uploads\\\/LL1570PERFORMANCEIIIS.jpg\",\"contentUrl\":\"https:\\\/\\\/www.thecityrent.be\\\/wp-content\\\/uploads\\\/LL1570PERFORMANCEIIIS.jpg\",\"width\":1200,\"height\":599},{\"@type\":\"BreadcrumbList\",\"@id\":\"https:\\\/\\\/www.thecityrent.be\\\/de\\\/produkt\\\/lm-raupenarbeitsbuehne-15-70\\\/#breadcrumb\",\"itemListElement\":[{\"@type\":\"ListItem\",\"position\":1,\"name\":\"Home\",\"item\":\"https:\\\/\\\/www.thecityrent.be\\\/de\\\/\"},{\"@type\":\"ListItem\",\"position\":2,\"name\":\"Shop\",\"item\":\"https:\\\/\\\/www.thecityrent.be\\\/shop\\\/\"},{\"@type\":\"ListItem\",\"position\":3,\"name\":\"LM-RAUPENARBEITSB\u00dcHNE HINOWA 15.70\"}]},{\"@type\":\"WebSite\",\"@id\":\"https:\\\/\\\/www.thecityrent.be\\\/#website\",\"url\":\"https:\\\/\\\/www.thecityrent.be\\\/\",\"name\":\"The City Rent &amp; Partner\",\"description\":\"Votre partenaire pour la location de mat\u00e9riel, outillage &amp; v\u00e9hicules\",\"potentialAction\":[{\"@type\":\"SearchAction\",\"target\":{\"@type\":\"EntryPoint\",\"urlTemplate\":\"https:\\\/\\\/www.thecityrent.be\\\/?s={search_term_string}\"},\"query-input\":{\"@type\":\"PropertyValueSpecification\",\"valueRequired\":true,\"valueName\":\"search_term_string\"}}],\"inLanguage\":\"de\"}]}<\/script>\n<!-- \/ Yoast SEO plugin. -->","yoast_head_json":{"title":"LM-RAUPENARBEITSB\u00dcHNE HINOWA 15.70 - The City Rent &amp; Partner","robots":{"index":"index","follow":"follow","max-snippet":"max-snippet:-1","max-image-preview":"max-image-preview:large","max-video-preview":"max-video-preview:-1"},"canonical":"https:\/\/www.thecityrent.be\/de\/produkt\/lm-raupenarbeitsbuehne-15-70\/","og_locale":"de_DE","og_type":"article","og_title":"LM-RAUPENARBEITSB\u00dcHNE HINOWA 15.70 - The City Rent &amp; Partner","og_description":"Arbeitsh\u00f6he: 15.00 m Maximale seitliche Reichweite: 6.00 m Abmessungen Plattform: 1.30 x 0.80 m H\u00f6chstkapazit\u00e4t: 230 kg Gewicht: 1.960kg Breite: 1.10 m","og_url":"https:\/\/www.thecityrent.be\/de\/produkt\/lm-raupenarbeitsbuehne-15-70\/","og_site_name":"The City Rent &amp; Partner","article_modified_time":"2023-03-03T10:41:53+00:00","og_image":[{"width":1200,"height":599,"url":"https:\/\/www.thecityrent.be\/wp-content\/uploads\/LL1570PERFORMANCEIIIS.jpg","type":"image\/jpeg"}],"twitter_card":"summary_large_image","schema":{"@context":"https:\/\/schema.org","@graph":[{"@type":"WebPage","@id":"https:\/\/www.thecityrent.be\/de\/produkt\/lm-raupenarbeitsbuehne-15-70\/","url":"https:\/\/www.thecityrent.be\/de\/produkt\/lm-raupenarbeitsbuehne-15-70\/","name":"LM-RAUPENARBEITSB\u00dcHNE HINOWA 15.70 - The City Rent &amp; Partner","isPartOf":{"@id":"https:\/\/www.thecityrent.be\/#website"},"primaryImageOfPage":{"@id":"https:\/\/www.thecityrent.be\/de\/produkt\/lm-raupenarbeitsbuehne-15-70\/#primaryimage"},"image":{"@id":"https:\/\/www.thecityrent.be\/de\/produkt\/lm-raupenarbeitsbuehne-15-70\/#primaryimage"},"thumbnailUrl":"https:\/\/www.thecityrent.be\/wp-content\/uploads\/LL1570PERFORMANCEIIIS.jpg","datePublished":"2022-11-28T12:32:05+00:00","dateModified":"2023-03-03T10:41:53+00:00","breadcrumb":{"@id":"https:\/\/www.thecityrent.be\/de\/produkt\/lm-raupenarbeitsbuehne-15-70\/#breadcrumb"},"inLanguage":"de","potentialAction":[{"@type":"ReadAction","target":["https:\/\/www.thecityrent.be\/de\/produkt\/lm-raupenarbeitsbuehne-15-70\/"]}]},{"@type":"ImageObject","inLanguage":"de","@id":"https:\/\/www.thecityrent.be\/de\/produkt\/lm-raupenarbeitsbuehne-15-70\/#primaryimage","url":"https:\/\/www.thecityrent.be\/wp-content\/uploads\/LL1570PERFORMANCEIIIS.jpg","contentUrl":"https:\/\/www.thecityrent.be\/wp-content\/uploads\/LL1570PERFORMANCEIIIS.jpg","width":1200,"height":599},{"@type":"BreadcrumbList","@id":"https:\/\/www.thecityrent.be\/de\/produkt\/lm-raupenarbeitsbuehne-15-70\/#breadcrumb","itemListElement":[{"@type":"ListItem","position":1,"name":"Home","item":"https:\/\/www.thecityrent.be\/de\/"},{"@type":"ListItem","position":2,"name":"Shop","item":"https:\/\/www.thecityrent.be\/shop\/"},{"@type":"ListItem","position":3,"name":"LM-RAUPENARBEITSB\u00dcHNE HINOWA 15.70"}]},{"@type":"WebSite","@id":"https:\/\/www.thecityrent.be\/#website","url":"https:\/\/www.thecityrent.be\/","name":"The City Rent &amp; Partner","description":"Votre partenaire pour la location de mat\u00e9riel, outillage &amp; v\u00e9hicules","potentialAction":[{"@type":"SearchAction","target":{"@type":"EntryPoint","urlTemplate":"https:\/\/www.thecityrent.be\/?s={search_term_string}"},"query-input":{"@type":"PropertyValueSpecification","valueRequired":true,"valueName":"search_term_string"}}],"inLanguage":"de"}]}},"_links":{"self":[{"href":"https:\/\/www.thecityrent.be\/de\/wp-json\/wp\/v2\/product\/2353","targetHints":{"allow":["GET"]}}],"collection":[{"href":"https:\/\/www.thecityrent.be\/de\/wp-json\/wp\/v2\/product"}],"about":[{"href":"https:\/\/www.thecityrent.be\/de\/wp-json\/wp\/v2\/types\/product"}],"replies":[{"embeddable":true,"href":"https:\/\/www.thecityrent.be\/de\/wp-json\/wp\/v2\/comments?post=2353"}],"wp:featuredmedia":[{"embeddable":true,"href":"https:\/\/www.thecityrent.be\/de\/wp-json\/wp\/v2\/media\/2351"}],"wp:attachment":[{"href":"https:\/\/www.thecityrent.be\/de\/wp-json\/wp\/v2\/media?parent=2353"}],"wp:term":[{"taxonomy":"product_brand","embeddable":true,"href":"https:\/\/www.thecityrent.be\/de\/wp-json\/wp\/v2\/product_brand?post=2353"},{"taxonomy":"product_cat","embeddable":true,"href":"https:\/\/www.thecityrent.be\/de\/wp-json\/wp\/v2\/product_cat?post=2353"},{"taxonomy":"product_tag","embeddable":true,"href":"https:\/\/www.thecityrent.be\/de\/wp-json\/wp\/v2\/product_tag?post=2353"}],"curies":[{"name":"wp","href":"https:\/\/api.w.org\/{rel}","templated":true}]}}