{"id":2269,"date":"2022-10-17T14:50:27","date_gmt":"2022-10-17T12:50:27","guid":{"rendered":"https:\/\/www.thecityrent.be\/product\/sf-scie-de-table-carrelage-1250mm\/"},"modified":"2023-02-08T11:19:31","modified_gmt":"2023-02-08T10:19:31","slug":"sf-scie-de-table-carrelage-1250mm","status":"publish","type":"product","link":"https:\/\/www.thecityrent.be\/de\/produkt\/sf-scie-de-table-carrelage-1250mm\/","title":{"rendered":"SF-TISCHS\u00c4GE F\u00dcR FLIESEN 1250MM"},"content":{"rendered":"<ul>\n<li><strong>REFERENZ : <\/strong>SF215<\/li>\n<li><strong>KAUTION<\/strong> : 50,00 \u20ac<\/li>\n<li><strong>PREIS\/TAG<\/strong> : 75,00\u20ac<\/li>\n<li><strong>PREIS\/TAG\/WOCHE<\/strong> : 60,00 \u20ac<\/li>\n<li><strong>PREIS\/WOCHENENDE<\/strong> : 135,00 \u20ac<\/li>\n<li><strong>PREIS\/TAG\/MONAT<\/strong> : 45,00 \u20ac<\/li>\n<\/ul>\n","protected":false},"excerpt":{"rendered":"<p>Der Fliesenschneider Sima VENUS 125 hat einen einphasigen As-Motor. Die VENUS-Reihe wurde entwickelt, um alle Arten von Baumaterialien, insbesondere gro\u00dfe Materialien bis zu 120 mm, schnell, pr\u00e4zise und qualitativ hochwertig zu schneiden und auf Gehrung zu bringen.<\/p>\n<p>Er wird, wie die gesamte Produktreihe, zu 90% aus Materialien mit rostfreien Eigenschaften hergestellt. Seine obere F\u00fchrung aus stranggepresstem und eloxiertem Aluminium mit innovativem Design und einfacher Einstellung des Schneidkopfes.<\/p>\n<p>Sie ist ideal f\u00fcr den Einsatz auf der Baustelle und als Hilfsmittel in Werkst\u00e4tten f\u00fcr Marmor, Granit usw.<\/p>\n","protected":false},"featured_media":2266,"comment_status":"closed","ping_status":"closed","template":"","meta":{"_acf_changed":false},"product_brand":[],"product_cat":[70],"product_tag":[],"class_list":{"0":"post-2269","1":"product","2":"type-product","3":"status-publish","4":"has-post-thumbnail","6":"product_cat-saegen-und-bohren","8":"first","9":"instock","10":"taxable","11":"shipping-taxable","12":"purchasable","13":"product-type-simple"},"acf":[],"yoast_head":"<!-- This site is optimized with the Yoast SEO plugin v27.5 - https:\/\/yoast.com\/product\/yoast-seo-wordpress\/ -->\n<title>SF-TISCHS\u00c4GE F\u00dcR FLIESEN 1250MM - The City Rent &amp; Partner<\/title>\n<meta name=\"robots\" content=\"index, follow, max-snippet:-1, max-image-preview:large, max-video-preview:-1\" \/>\n<link rel=\"canonical\" href=\"https:\/\/www.thecityrent.be\/de\/produkt\/sf-scie-de-table-carrelage-1250mm\/\" \/>\n<meta property=\"og:locale\" content=\"de_DE\" \/>\n<meta property=\"og:type\" content=\"article\" \/>\n<meta property=\"og:title\" content=\"SF-TISCHS\u00c4GE F\u00dcR FLIESEN 1250MM - The City Rent &amp; Partner\" \/>\n<meta property=\"og:description\" content=\"Der Fliesenschneider Sima VENUS 125 hat einen einphasigen As-Motor. Die VENUS-Reihe wurde entwickelt, um alle Arten von Baumaterialien, insbesondere gro\u00dfe Materialien bis zu 120 mm, schnell, pr\u00e4zise und qualitativ hochwertig zu schneiden und auf Gehrung zu bringen.  Er wird, wie die gesamte Produktreihe, zu 90% aus Materialien mit rostfreien Eigenschaften hergestellt. Seine obere F\u00fchrung aus stranggepresstem und eloxiertem Aluminium mit innovativem Design und einfacher Einstellung des Schneidkopfes.  Sie ist ideal f\u00fcr den Einsatz auf der Baustelle und als Hilfsmittel in Werkst\u00e4tten f\u00fcr Marmor, Granit usw.\" \/>\n<meta property=\"og:url\" content=\"https:\/\/www.thecityrent.be\/de\/produkt\/sf-scie-de-table-carrelage-1250mm\/\" \/>\n<meta property=\"og:site_name\" content=\"The City Rent &amp; Partner\" \/>\n<meta property=\"article:modified_time\" content=\"2023-02-08T10:19:31+00:00\" \/>\n<meta property=\"og:image\" content=\"https:\/\/www.thecityrent.be\/wp-content\/uploads\/SF215.jpg\" \/>\n\t<meta property=\"og:image:width\" content=\"2048\" \/>\n\t<meta property=\"og:image:height\" content=\"1926\" \/>\n\t<meta property=\"og:image:type\" content=\"image\/jpeg\" \/>\n<meta name=\"twitter:card\" content=\"summary_large_image\" \/>\n<script type=\"application\/ld+json\" class=\"yoast-schema-graph\">{\"@context\":\"https:\\\/\\\/schema.org\",\"@graph\":[{\"@type\":\"WebPage\",\"@id\":\"https:\\\/\\\/www.thecityrent.be\\\/de\\\/produkt\\\/sf-scie-de-table-carrelage-1250mm\\\/\",\"url\":\"https:\\\/\\\/www.thecityrent.be\\\/de\\\/produkt\\\/sf-scie-de-table-carrelage-1250mm\\\/\",\"name\":\"SF-TISCHS\u00c4GE F\u00dcR FLIESEN 1250MM - The City Rent &amp; Partner\",\"isPartOf\":{\"@id\":\"https:\\\/\\\/www.thecityrent.be\\\/#website\"},\"primaryImageOfPage\":{\"@id\":\"https:\\\/\\\/www.thecityrent.be\\\/de\\\/produkt\\\/sf-scie-de-table-carrelage-1250mm\\\/#primaryimage\"},\"image\":{\"@id\":\"https:\\\/\\\/www.thecityrent.be\\\/de\\\/produkt\\\/sf-scie-de-table-carrelage-1250mm\\\/#primaryimage\"},\"thumbnailUrl\":\"https:\\\/\\\/www.thecityrent.be\\\/wp-content\\\/uploads\\\/SF215.jpg\",\"datePublished\":\"2022-10-17T12:50:27+00:00\",\"dateModified\":\"2023-02-08T10:19:31+00:00\",\"breadcrumb\":{\"@id\":\"https:\\\/\\\/www.thecityrent.be\\\/de\\\/produkt\\\/sf-scie-de-table-carrelage-1250mm\\\/#breadcrumb\"},\"inLanguage\":\"de\",\"potentialAction\":[{\"@type\":\"ReadAction\",\"target\":[\"https:\\\/\\\/www.thecityrent.be\\\/de\\\/produkt\\\/sf-scie-de-table-carrelage-1250mm\\\/\"]}]},{\"@type\":\"ImageObject\",\"inLanguage\":\"de\",\"@id\":\"https:\\\/\\\/www.thecityrent.be\\\/de\\\/produkt\\\/sf-scie-de-table-carrelage-1250mm\\\/#primaryimage\",\"url\":\"https:\\\/\\\/www.thecityrent.be\\\/wp-content\\\/uploads\\\/SF215.jpg\",\"contentUrl\":\"https:\\\/\\\/www.thecityrent.be\\\/wp-content\\\/uploads\\\/SF215.jpg\",\"width\":2048,\"height\":1926},{\"@type\":\"BreadcrumbList\",\"@id\":\"https:\\\/\\\/www.thecityrent.be\\\/de\\\/produkt\\\/sf-scie-de-table-carrelage-1250mm\\\/#breadcrumb\",\"itemListElement\":[{\"@type\":\"ListItem\",\"position\":1,\"name\":\"Home\",\"item\":\"https:\\\/\\\/www.thecityrent.be\\\/de\\\/\"},{\"@type\":\"ListItem\",\"position\":2,\"name\":\"Shop\",\"item\":\"https:\\\/\\\/www.thecityrent.be\\\/shop\\\/\"},{\"@type\":\"ListItem\",\"position\":3,\"name\":\"SF-TISCHS\u00c4GE F\u00dcR FLIESEN 1250MM\"}]},{\"@type\":\"WebSite\",\"@id\":\"https:\\\/\\\/www.thecityrent.be\\\/#website\",\"url\":\"https:\\\/\\\/www.thecityrent.be\\\/\",\"name\":\"The City Rent &amp; Partner\",\"description\":\"Votre partenaire pour la location de mat\u00e9riel, outillage &amp; v\u00e9hicules\",\"potentialAction\":[{\"@type\":\"SearchAction\",\"target\":{\"@type\":\"EntryPoint\",\"urlTemplate\":\"https:\\\/\\\/www.thecityrent.be\\\/?s={search_term_string}\"},\"query-input\":{\"@type\":\"PropertyValueSpecification\",\"valueRequired\":true,\"valueName\":\"search_term_string\"}}],\"inLanguage\":\"de\"}]}<\/script>\n<!-- \/ Yoast SEO plugin. -->","yoast_head_json":{"title":"SF-TISCHS\u00c4GE F\u00dcR FLIESEN 1250MM - The City Rent &amp; Partner","robots":{"index":"index","follow":"follow","max-snippet":"max-snippet:-1","max-image-preview":"max-image-preview:large","max-video-preview":"max-video-preview:-1"},"canonical":"https:\/\/www.thecityrent.be\/de\/produkt\/sf-scie-de-table-carrelage-1250mm\/","og_locale":"de_DE","og_type":"article","og_title":"SF-TISCHS\u00c4GE F\u00dcR FLIESEN 1250MM - The City Rent &amp; Partner","og_description":"Der Fliesenschneider Sima VENUS 125 hat einen einphasigen As-Motor. Die VENUS-Reihe wurde entwickelt, um alle Arten von Baumaterialien, insbesondere gro\u00dfe Materialien bis zu 120 mm, schnell, pr\u00e4zise und qualitativ hochwertig zu schneiden und auf Gehrung zu bringen.  Er wird, wie die gesamte Produktreihe, zu 90% aus Materialien mit rostfreien Eigenschaften hergestellt. Seine obere F\u00fchrung aus stranggepresstem und eloxiertem Aluminium mit innovativem Design und einfacher Einstellung des Schneidkopfes.  Sie ist ideal f\u00fcr den Einsatz auf der Baustelle und als Hilfsmittel in Werkst\u00e4tten f\u00fcr Marmor, Granit usw.","og_url":"https:\/\/www.thecityrent.be\/de\/produkt\/sf-scie-de-table-carrelage-1250mm\/","og_site_name":"The City Rent &amp; Partner","article_modified_time":"2023-02-08T10:19:31+00:00","og_image":[{"width":2048,"height":1926,"url":"https:\/\/www.thecityrent.be\/wp-content\/uploads\/SF215.jpg","type":"image\/jpeg"}],"twitter_card":"summary_large_image","schema":{"@context":"https:\/\/schema.org","@graph":[{"@type":"WebPage","@id":"https:\/\/www.thecityrent.be\/de\/produkt\/sf-scie-de-table-carrelage-1250mm\/","url":"https:\/\/www.thecityrent.be\/de\/produkt\/sf-scie-de-table-carrelage-1250mm\/","name":"SF-TISCHS\u00c4GE F\u00dcR FLIESEN 1250MM - The City Rent &amp; Partner","isPartOf":{"@id":"https:\/\/www.thecityrent.be\/#website"},"primaryImageOfPage":{"@id":"https:\/\/www.thecityrent.be\/de\/produkt\/sf-scie-de-table-carrelage-1250mm\/#primaryimage"},"image":{"@id":"https:\/\/www.thecityrent.be\/de\/produkt\/sf-scie-de-table-carrelage-1250mm\/#primaryimage"},"thumbnailUrl":"https:\/\/www.thecityrent.be\/wp-content\/uploads\/SF215.jpg","datePublished":"2022-10-17T12:50:27+00:00","dateModified":"2023-02-08T10:19:31+00:00","breadcrumb":{"@id":"https:\/\/www.thecityrent.be\/de\/produkt\/sf-scie-de-table-carrelage-1250mm\/#breadcrumb"},"inLanguage":"de","potentialAction":[{"@type":"ReadAction","target":["https:\/\/www.thecityrent.be\/de\/produkt\/sf-scie-de-table-carrelage-1250mm\/"]}]},{"@type":"ImageObject","inLanguage":"de","@id":"https:\/\/www.thecityrent.be\/de\/produkt\/sf-scie-de-table-carrelage-1250mm\/#primaryimage","url":"https:\/\/www.thecityrent.be\/wp-content\/uploads\/SF215.jpg","contentUrl":"https:\/\/www.thecityrent.be\/wp-content\/uploads\/SF215.jpg","width":2048,"height":1926},{"@type":"BreadcrumbList","@id":"https:\/\/www.thecityrent.be\/de\/produkt\/sf-scie-de-table-carrelage-1250mm\/#breadcrumb","itemListElement":[{"@type":"ListItem","position":1,"name":"Home","item":"https:\/\/www.thecityrent.be\/de\/"},{"@type":"ListItem","position":2,"name":"Shop","item":"https:\/\/www.thecityrent.be\/shop\/"},{"@type":"ListItem","position":3,"name":"SF-TISCHS\u00c4GE F\u00dcR FLIESEN 1250MM"}]},{"@type":"WebSite","@id":"https:\/\/www.thecityrent.be\/#website","url":"https:\/\/www.thecityrent.be\/","name":"The City Rent &amp; Partner","description":"Votre partenaire pour la location de mat\u00e9riel, outillage &amp; v\u00e9hicules","potentialAction":[{"@type":"SearchAction","target":{"@type":"EntryPoint","urlTemplate":"https:\/\/www.thecityrent.be\/?s={search_term_string}"},"query-input":{"@type":"PropertyValueSpecification","valueRequired":true,"valueName":"search_term_string"}}],"inLanguage":"de"}]}},"_links":{"self":[{"href":"https:\/\/www.thecityrent.be\/de\/wp-json\/wp\/v2\/product\/2269","targetHints":{"allow":["GET"]}}],"collection":[{"href":"https:\/\/www.thecityrent.be\/de\/wp-json\/wp\/v2\/product"}],"about":[{"href":"https:\/\/www.thecityrent.be\/de\/wp-json\/wp\/v2\/types\/product"}],"replies":[{"embeddable":true,"href":"https:\/\/www.thecityrent.be\/de\/wp-json\/wp\/v2\/comments?post=2269"}],"wp:featuredmedia":[{"embeddable":true,"href":"https:\/\/www.thecityrent.be\/de\/wp-json\/wp\/v2\/media\/2266"}],"wp:attachment":[{"href":"https:\/\/www.thecityrent.be\/de\/wp-json\/wp\/v2\/media?parent=2269"}],"wp:term":[{"taxonomy":"product_brand","embeddable":true,"href":"https:\/\/www.thecityrent.be\/de\/wp-json\/wp\/v2\/product_brand?post=2269"},{"taxonomy":"product_cat","embeddable":true,"href":"https:\/\/www.thecityrent.be\/de\/wp-json\/wp\/v2\/product_cat?post=2269"},{"taxonomy":"product_tag","embeddable":true,"href":"https:\/\/www.thecityrent.be\/de\/wp-json\/wp\/v2\/product_tag?post=2269"}],"curies":[{"name":"wp","href":"https:\/\/api.w.org\/{rel}","templated":true}]}}