{"id":1902,"date":"2022-05-03T14:58:35","date_gmt":"2022-05-03T12:58:35","guid":{"rendered":"https:\/\/www.thecityrent.be\/product\/tr-voiture-5-places-cat-c\/"},"modified":"2023-03-16T16:55:04","modified_gmt":"2023-03-16T15:55:04","slug":"tr-voiture-5-places-cat-c","status":"publish","type":"product","link":"https:\/\/www.thecityrent.be\/de\/produkt\/tr-voiture-5-places-cat-c\/","title":{"rendered":"TR-PKW 5 PL\u00c4TZE (KAT. C)"},"content":{"rendered":"<p>Zahlung des gesamten Mietbetrags bei Abreise des Fahrzeugs. Kopie des Personalausweises und des F\u00fchrerscheins. Die Selbstbeteiligung im Schadensfall ist vom Mieter zu tragen. Vollgetankt bei Abfahrt, vollgetankt bei R\u00fcckgabe.<br \/>\n200 km pro Miettag inbegriffen.<br \/>\n0,25\u20ac pro zus\u00e4tzlichem km<\/p>\n<ul>\n<li><strong>REFERENZ : <\/strong>TR207<\/li>\n<li><strong>KAUTION<\/strong> : 500,00 \u20ac<\/li>\n<li><strong>PREIS\/TAG<\/strong> : 118,00\u20ac<\/li>\n<li><strong>PREIS\/TAG\/WOCHE<\/strong> : 94,00 \u20ac<\/li>\n<li><strong>PREIS\/WOCHENENDE<\/strong> : 212,00 \u20ac<\/li>\n<li><strong>PREIS\/TAG\/MONAT<\/strong> : 66,00 \u20ac<\/li>\n<\/ul>\n","protected":false},"excerpt":{"rendered":"<p><b>PKW &#8211; 5 Pl\u00e4tze<\/b><\/p>\n<p>F\u00fchrerschein B<\/p>\n","protected":false},"featured_media":5988,"comment_status":"closed","ping_status":"closed","template":"","meta":{"_acf_changed":false},"product_brand":[],"product_cat":[49,50],"product_tag":[],"class_list":{"0":"post-1902","1":"product","2":"type-product","3":"status-publish","4":"has-post-thumbnail","6":"product_cat-auto","7":"product_cat-transport-vermietung","9":"first","10":"instock","11":"taxable","12":"shipping-taxable","13":"purchasable","14":"product-type-simple"},"acf":[],"yoast_head":"<!-- This site is optimized with the Yoast SEO plugin v27.5 - https:\/\/yoast.com\/product\/yoast-seo-wordpress\/ -->\n<title>TR-PKW 5 PL\u00c4TZE (KAT. C) - The City Rent &amp; Partner<\/title>\n<meta name=\"robots\" content=\"index, follow, max-snippet:-1, max-image-preview:large, max-video-preview:-1\" \/>\n<link rel=\"canonical\" href=\"https:\/\/www.thecityrent.be\/de\/produkt\/tr-voiture-5-places-cat-c\/\" \/>\n<meta property=\"og:locale\" content=\"de_DE\" \/>\n<meta property=\"og:type\" content=\"article\" \/>\n<meta property=\"og:title\" content=\"TR-PKW 5 PL\u00c4TZE (KAT. C) - The City Rent &amp; Partner\" \/>\n<meta property=\"og:description\" content=\"PKW - 5 Pl\u00e4tze  F\u00fchrerschein B\" \/>\n<meta property=\"og:url\" content=\"https:\/\/www.thecityrent.be\/de\/produkt\/tr-voiture-5-places-cat-c\/\" \/>\n<meta property=\"og:site_name\" content=\"The City Rent &amp; Partner\" \/>\n<meta property=\"article:modified_time\" content=\"2023-03-16T15:55:04+00:00\" \/>\n<meta property=\"og:image\" content=\"https:\/\/www.thecityrent.be\/wp-content\/uploads\/70b32f15b82dbd8fba5ced96afee26c6-1.png\" \/>\n\t<meta property=\"og:image:width\" content=\"650\" \/>\n\t<meta property=\"og:image:height\" content=\"365\" \/>\n\t<meta property=\"og:image:type\" content=\"image\/png\" \/>\n<meta name=\"twitter:card\" content=\"summary_large_image\" \/>\n<meta name=\"twitter:label1\" content=\"Gesch\u00e4tzte Lesezeit\" \/>\n\t<meta name=\"twitter:data1\" content=\"1\u00a0Minute\" \/>\n<script type=\"application\/ld+json\" class=\"yoast-schema-graph\">{\"@context\":\"https:\\\/\\\/schema.org\",\"@graph\":[{\"@type\":\"WebPage\",\"@id\":\"https:\\\/\\\/www.thecityrent.be\\\/de\\\/produkt\\\/tr-voiture-5-places-cat-c\\\/\",\"url\":\"https:\\\/\\\/www.thecityrent.be\\\/de\\\/produkt\\\/tr-voiture-5-places-cat-c\\\/\",\"name\":\"TR-PKW 5 PL\u00c4TZE (KAT. C) - The City Rent &amp; Partner\",\"isPartOf\":{\"@id\":\"https:\\\/\\\/www.thecityrent.be\\\/#website\"},\"primaryImageOfPage\":{\"@id\":\"https:\\\/\\\/www.thecityrent.be\\\/de\\\/produkt\\\/tr-voiture-5-places-cat-c\\\/#primaryimage\"},\"image\":{\"@id\":\"https:\\\/\\\/www.thecityrent.be\\\/de\\\/produkt\\\/tr-voiture-5-places-cat-c\\\/#primaryimage\"},\"thumbnailUrl\":\"https:\\\/\\\/www.thecityrent.be\\\/wp-content\\\/uploads\\\/70b32f15b82dbd8fba5ced96afee26c6-1.png\",\"datePublished\":\"2022-05-03T12:58:35+00:00\",\"dateModified\":\"2023-03-16T15:55:04+00:00\",\"breadcrumb\":{\"@id\":\"https:\\\/\\\/www.thecityrent.be\\\/de\\\/produkt\\\/tr-voiture-5-places-cat-c\\\/#breadcrumb\"},\"inLanguage\":\"de\",\"potentialAction\":[{\"@type\":\"ReadAction\",\"target\":[\"https:\\\/\\\/www.thecityrent.be\\\/de\\\/produkt\\\/tr-voiture-5-places-cat-c\\\/\"]}]},{\"@type\":\"ImageObject\",\"inLanguage\":\"de\",\"@id\":\"https:\\\/\\\/www.thecityrent.be\\\/de\\\/produkt\\\/tr-voiture-5-places-cat-c\\\/#primaryimage\",\"url\":\"https:\\\/\\\/www.thecityrent.be\\\/wp-content\\\/uploads\\\/70b32f15b82dbd8fba5ced96afee26c6-1.png\",\"contentUrl\":\"https:\\\/\\\/www.thecityrent.be\\\/wp-content\\\/uploads\\\/70b32f15b82dbd8fba5ced96afee26c6-1.png\",\"width\":650,\"height\":365},{\"@type\":\"BreadcrumbList\",\"@id\":\"https:\\\/\\\/www.thecityrent.be\\\/de\\\/produkt\\\/tr-voiture-5-places-cat-c\\\/#breadcrumb\",\"itemListElement\":[{\"@type\":\"ListItem\",\"position\":1,\"name\":\"Home\",\"item\":\"https:\\\/\\\/www.thecityrent.be\\\/de\\\/\"},{\"@type\":\"ListItem\",\"position\":2,\"name\":\"Shop\",\"item\":\"https:\\\/\\\/www.thecityrent.be\\\/shop\\\/\"},{\"@type\":\"ListItem\",\"position\":3,\"name\":\"TR-PKW 5 PL\u00c4TZE (KAT. C)\"}]},{\"@type\":\"WebSite\",\"@id\":\"https:\\\/\\\/www.thecityrent.be\\\/#website\",\"url\":\"https:\\\/\\\/www.thecityrent.be\\\/\",\"name\":\"The City Rent &amp; Partner\",\"description\":\"Votre partenaire pour la location de mat\u00e9riel, outillage &amp; v\u00e9hicules\",\"potentialAction\":[{\"@type\":\"SearchAction\",\"target\":{\"@type\":\"EntryPoint\",\"urlTemplate\":\"https:\\\/\\\/www.thecityrent.be\\\/?s={search_term_string}\"},\"query-input\":{\"@type\":\"PropertyValueSpecification\",\"valueRequired\":true,\"valueName\":\"search_term_string\"}}],\"inLanguage\":\"de\"}]}<\/script>\n<!-- \/ Yoast SEO plugin. -->","yoast_head_json":{"title":"TR-PKW 5 PL\u00c4TZE (KAT. C) - The City Rent &amp; Partner","robots":{"index":"index","follow":"follow","max-snippet":"max-snippet:-1","max-image-preview":"max-image-preview:large","max-video-preview":"max-video-preview:-1"},"canonical":"https:\/\/www.thecityrent.be\/de\/produkt\/tr-voiture-5-places-cat-c\/","og_locale":"de_DE","og_type":"article","og_title":"TR-PKW 5 PL\u00c4TZE (KAT. C) - The City Rent &amp; Partner","og_description":"PKW - 5 Pl\u00e4tze  F\u00fchrerschein B","og_url":"https:\/\/www.thecityrent.be\/de\/produkt\/tr-voiture-5-places-cat-c\/","og_site_name":"The City Rent &amp; Partner","article_modified_time":"2023-03-16T15:55:04+00:00","og_image":[{"width":650,"height":365,"url":"https:\/\/www.thecityrent.be\/wp-content\/uploads\/70b32f15b82dbd8fba5ced96afee26c6-1.png","type":"image\/png"}],"twitter_card":"summary_large_image","twitter_misc":{"Gesch\u00e4tzte Lesezeit":"1\u00a0Minute"},"schema":{"@context":"https:\/\/schema.org","@graph":[{"@type":"WebPage","@id":"https:\/\/www.thecityrent.be\/de\/produkt\/tr-voiture-5-places-cat-c\/","url":"https:\/\/www.thecityrent.be\/de\/produkt\/tr-voiture-5-places-cat-c\/","name":"TR-PKW 5 PL\u00c4TZE (KAT. C) - The City Rent &amp; Partner","isPartOf":{"@id":"https:\/\/www.thecityrent.be\/#website"},"primaryImageOfPage":{"@id":"https:\/\/www.thecityrent.be\/de\/produkt\/tr-voiture-5-places-cat-c\/#primaryimage"},"image":{"@id":"https:\/\/www.thecityrent.be\/de\/produkt\/tr-voiture-5-places-cat-c\/#primaryimage"},"thumbnailUrl":"https:\/\/www.thecityrent.be\/wp-content\/uploads\/70b32f15b82dbd8fba5ced96afee26c6-1.png","datePublished":"2022-05-03T12:58:35+00:00","dateModified":"2023-03-16T15:55:04+00:00","breadcrumb":{"@id":"https:\/\/www.thecityrent.be\/de\/produkt\/tr-voiture-5-places-cat-c\/#breadcrumb"},"inLanguage":"de","potentialAction":[{"@type":"ReadAction","target":["https:\/\/www.thecityrent.be\/de\/produkt\/tr-voiture-5-places-cat-c\/"]}]},{"@type":"ImageObject","inLanguage":"de","@id":"https:\/\/www.thecityrent.be\/de\/produkt\/tr-voiture-5-places-cat-c\/#primaryimage","url":"https:\/\/www.thecityrent.be\/wp-content\/uploads\/70b32f15b82dbd8fba5ced96afee26c6-1.png","contentUrl":"https:\/\/www.thecityrent.be\/wp-content\/uploads\/70b32f15b82dbd8fba5ced96afee26c6-1.png","width":650,"height":365},{"@type":"BreadcrumbList","@id":"https:\/\/www.thecityrent.be\/de\/produkt\/tr-voiture-5-places-cat-c\/#breadcrumb","itemListElement":[{"@type":"ListItem","position":1,"name":"Home","item":"https:\/\/www.thecityrent.be\/de\/"},{"@type":"ListItem","position":2,"name":"Shop","item":"https:\/\/www.thecityrent.be\/shop\/"},{"@type":"ListItem","position":3,"name":"TR-PKW 5 PL\u00c4TZE (KAT. C)"}]},{"@type":"WebSite","@id":"https:\/\/www.thecityrent.be\/#website","url":"https:\/\/www.thecityrent.be\/","name":"The City Rent &amp; Partner","description":"Votre partenaire pour la location de mat\u00e9riel, outillage &amp; v\u00e9hicules","potentialAction":[{"@type":"SearchAction","target":{"@type":"EntryPoint","urlTemplate":"https:\/\/www.thecityrent.be\/?s={search_term_string}"},"query-input":{"@type":"PropertyValueSpecification","valueRequired":true,"valueName":"search_term_string"}}],"inLanguage":"de"}]}},"_links":{"self":[{"href":"https:\/\/www.thecityrent.be\/de\/wp-json\/wp\/v2\/product\/1902","targetHints":{"allow":["GET"]}}],"collection":[{"href":"https:\/\/www.thecityrent.be\/de\/wp-json\/wp\/v2\/product"}],"about":[{"href":"https:\/\/www.thecityrent.be\/de\/wp-json\/wp\/v2\/types\/product"}],"replies":[{"embeddable":true,"href":"https:\/\/www.thecityrent.be\/de\/wp-json\/wp\/v2\/comments?post=1902"}],"wp:featuredmedia":[{"embeddable":true,"href":"https:\/\/www.thecityrent.be\/de\/wp-json\/wp\/v2\/media\/5988"}],"wp:attachment":[{"href":"https:\/\/www.thecityrent.be\/de\/wp-json\/wp\/v2\/media?parent=1902"}],"wp:term":[{"taxonomy":"product_brand","embeddable":true,"href":"https:\/\/www.thecityrent.be\/de\/wp-json\/wp\/v2\/product_brand?post=1902"},{"taxonomy":"product_cat","embeddable":true,"href":"https:\/\/www.thecityrent.be\/de\/wp-json\/wp\/v2\/product_cat?post=1902"},{"taxonomy":"product_tag","embeddable":true,"href":"https:\/\/www.thecityrent.be\/de\/wp-json\/wp\/v2\/product_tag?post=1902"}],"curies":[{"name":"wp","href":"https:\/\/api.w.org\/{rel}","templated":true}]}}