{"id":1899,"date":"2022-05-03T14:44:25","date_gmt":"2022-05-03T12:44:25","guid":{"rendered":"https:\/\/www.thecityrent.be\/product\/tr-voiture-5-places-cat-b\/"},"modified":"2023-03-16T17:06:55","modified_gmt":"2023-03-16T16:06:55","slug":"tr-voiture-5-places-cat-b","status":"publish","type":"product","link":"https:\/\/www.thecityrent.be\/de\/produkt\/tr-voiture-5-places-cat-b\/","title":{"rendered":"TR-PKW 5 PL\u00c4TZE (KAT. B)"},"content":{"rendered":"<p>Zahlung des gesamten Mietbetrags bei Abreise des Fahrzeugs. Kopie des Personalausweises und des F\u00fchrerscheins. Die Selbstbeteiligung im Schadensfall ist vom Mieter zu tragen. Vollgetankt bei Abfahrt, vollgetankt bei R\u00fcckgabe.<br \/>\n200 km pro Miettag inbegriffen.<br \/>\n0,25\u20ac pro zus\u00e4tzlichem km<\/p>\n<ul>\n<li><strong>REFERENZ : <\/strong>TR056<\/li>\n<li><strong>KAUTION<\/strong> :500,00 \u20ac<\/li>\n<li><strong>PREIS\/TAG<\/strong> : 70,00\u20ac<\/li>\n<li><strong>PREIS\/TAG\/WOCHE<\/strong> : 56,00 \u20ac<\/li>\n<li><strong>PREIS\/WOCHENENDE<\/strong> : 125,00 \u20ac<\/li>\n<li><strong>PREIS\/TAG\/MONAT<\/strong> : 39,00 \u20ac<\/li>\n<\/ul>\n","protected":false},"excerpt":{"rendered":"<p>PKW &#8211; 5 Pl\u00e4tze<\/p>\n<p>F\u00fchrerschein B<\/p>\n","protected":false},"featured_media":3029,"comment_status":"closed","ping_status":"closed","template":"","meta":{"_acf_changed":false},"product_brand":[],"product_cat":[49,50],"product_tag":[],"class_list":{"0":"post-1899","1":"product","2":"type-product","3":"status-publish","4":"has-post-thumbnail","6":"product_cat-auto","7":"product_cat-transport-vermietung","9":"first","10":"instock","11":"taxable","12":"shipping-taxable","13":"purchasable","14":"product-type-simple"},"acf":[],"yoast_head":"<!-- This site is optimized with the Yoast SEO plugin v27.5 - https:\/\/yoast.com\/product\/yoast-seo-wordpress\/ -->\n<title>TR-PKW 5 PL\u00c4TZE (KAT. B) - The City Rent &amp; Partner<\/title>\n<meta name=\"robots\" content=\"index, follow, max-snippet:-1, max-image-preview:large, max-video-preview:-1\" \/>\n<link rel=\"canonical\" href=\"https:\/\/www.thecityrent.be\/de\/produkt\/tr-voiture-5-places-cat-b\/\" \/>\n<meta property=\"og:locale\" content=\"de_DE\" \/>\n<meta property=\"og:type\" content=\"article\" \/>\n<meta property=\"og:title\" content=\"TR-PKW 5 PL\u00c4TZE (KAT. B) - The City Rent &amp; Partner\" \/>\n<meta property=\"og:description\" content=\"PKW - 5 Pl\u00e4tze  F\u00fchrerschein B\" \/>\n<meta property=\"og:url\" content=\"https:\/\/www.thecityrent.be\/de\/produkt\/tr-voiture-5-places-cat-b\/\" \/>\n<meta property=\"og:site_name\" content=\"The City Rent &amp; Partner\" \/>\n<meta property=\"article:modified_time\" content=\"2023-03-16T16:06:55+00:00\" \/>\n<meta property=\"og:image\" content=\"https:\/\/www.thecityrent.be\/wp-content\/uploads\/3008.jpg\" \/>\n\t<meta property=\"og:image:width\" content=\"719\" \/>\n\t<meta property=\"og:image:height\" content=\"309\" \/>\n\t<meta property=\"og:image:type\" content=\"image\/jpeg\" \/>\n<meta name=\"twitter:card\" content=\"summary_large_image\" \/>\n<meta name=\"twitter:label1\" content=\"Gesch\u00e4tzte Lesezeit\" \/>\n\t<meta name=\"twitter:data1\" content=\"1\u00a0Minute\" \/>\n<script type=\"application\/ld+json\" class=\"yoast-schema-graph\">{\"@context\":\"https:\\\/\\\/schema.org\",\"@graph\":[{\"@type\":\"WebPage\",\"@id\":\"https:\\\/\\\/www.thecityrent.be\\\/de\\\/produkt\\\/tr-voiture-5-places-cat-b\\\/\",\"url\":\"https:\\\/\\\/www.thecityrent.be\\\/de\\\/produkt\\\/tr-voiture-5-places-cat-b\\\/\",\"name\":\"TR-PKW 5 PL\u00c4TZE (KAT. B) - The City Rent &amp; Partner\",\"isPartOf\":{\"@id\":\"https:\\\/\\\/www.thecityrent.be\\\/#website\"},\"primaryImageOfPage\":{\"@id\":\"https:\\\/\\\/www.thecityrent.be\\\/de\\\/produkt\\\/tr-voiture-5-places-cat-b\\\/#primaryimage\"},\"image\":{\"@id\":\"https:\\\/\\\/www.thecityrent.be\\\/de\\\/produkt\\\/tr-voiture-5-places-cat-b\\\/#primaryimage\"},\"thumbnailUrl\":\"https:\\\/\\\/www.thecityrent.be\\\/wp-content\\\/uploads\\\/3008.jpg\",\"datePublished\":\"2022-05-03T12:44:25+00:00\",\"dateModified\":\"2023-03-16T16:06:55+00:00\",\"breadcrumb\":{\"@id\":\"https:\\\/\\\/www.thecityrent.be\\\/de\\\/produkt\\\/tr-voiture-5-places-cat-b\\\/#breadcrumb\"},\"inLanguage\":\"de\",\"potentialAction\":[{\"@type\":\"ReadAction\",\"target\":[\"https:\\\/\\\/www.thecityrent.be\\\/de\\\/produkt\\\/tr-voiture-5-places-cat-b\\\/\"]}]},{\"@type\":\"ImageObject\",\"inLanguage\":\"de\",\"@id\":\"https:\\\/\\\/www.thecityrent.be\\\/de\\\/produkt\\\/tr-voiture-5-places-cat-b\\\/#primaryimage\",\"url\":\"https:\\\/\\\/www.thecityrent.be\\\/wp-content\\\/uploads\\\/3008.jpg\",\"contentUrl\":\"https:\\\/\\\/www.thecityrent.be\\\/wp-content\\\/uploads\\\/3008.jpg\",\"width\":719,\"height\":309},{\"@type\":\"BreadcrumbList\",\"@id\":\"https:\\\/\\\/www.thecityrent.be\\\/de\\\/produkt\\\/tr-voiture-5-places-cat-b\\\/#breadcrumb\",\"itemListElement\":[{\"@type\":\"ListItem\",\"position\":1,\"name\":\"Home\",\"item\":\"https:\\\/\\\/www.thecityrent.be\\\/de\\\/\"},{\"@type\":\"ListItem\",\"position\":2,\"name\":\"Shop\",\"item\":\"https:\\\/\\\/www.thecityrent.be\\\/shop\\\/\"},{\"@type\":\"ListItem\",\"position\":3,\"name\":\"TR-PKW 5 PL\u00c4TZE (KAT. B)\"}]},{\"@type\":\"WebSite\",\"@id\":\"https:\\\/\\\/www.thecityrent.be\\\/#website\",\"url\":\"https:\\\/\\\/www.thecityrent.be\\\/\",\"name\":\"The City Rent &amp; Partner\",\"description\":\"Votre partenaire pour la location de mat\u00e9riel, outillage &amp; v\u00e9hicules\",\"potentialAction\":[{\"@type\":\"SearchAction\",\"target\":{\"@type\":\"EntryPoint\",\"urlTemplate\":\"https:\\\/\\\/www.thecityrent.be\\\/?s={search_term_string}\"},\"query-input\":{\"@type\":\"PropertyValueSpecification\",\"valueRequired\":true,\"valueName\":\"search_term_string\"}}],\"inLanguage\":\"de\"}]}<\/script>\n<!-- \/ Yoast SEO plugin. -->","yoast_head_json":{"title":"TR-PKW 5 PL\u00c4TZE (KAT. B) - The City Rent &amp; Partner","robots":{"index":"index","follow":"follow","max-snippet":"max-snippet:-1","max-image-preview":"max-image-preview:large","max-video-preview":"max-video-preview:-1"},"canonical":"https:\/\/www.thecityrent.be\/de\/produkt\/tr-voiture-5-places-cat-b\/","og_locale":"de_DE","og_type":"article","og_title":"TR-PKW 5 PL\u00c4TZE (KAT. B) - The City Rent &amp; Partner","og_description":"PKW - 5 Pl\u00e4tze  F\u00fchrerschein B","og_url":"https:\/\/www.thecityrent.be\/de\/produkt\/tr-voiture-5-places-cat-b\/","og_site_name":"The City Rent &amp; Partner","article_modified_time":"2023-03-16T16:06:55+00:00","og_image":[{"width":719,"height":309,"url":"https:\/\/www.thecityrent.be\/wp-content\/uploads\/3008.jpg","type":"image\/jpeg"}],"twitter_card":"summary_large_image","twitter_misc":{"Gesch\u00e4tzte Lesezeit":"1\u00a0Minute"},"schema":{"@context":"https:\/\/schema.org","@graph":[{"@type":"WebPage","@id":"https:\/\/www.thecityrent.be\/de\/produkt\/tr-voiture-5-places-cat-b\/","url":"https:\/\/www.thecityrent.be\/de\/produkt\/tr-voiture-5-places-cat-b\/","name":"TR-PKW 5 PL\u00c4TZE (KAT. B) - The City Rent &amp; Partner","isPartOf":{"@id":"https:\/\/www.thecityrent.be\/#website"},"primaryImageOfPage":{"@id":"https:\/\/www.thecityrent.be\/de\/produkt\/tr-voiture-5-places-cat-b\/#primaryimage"},"image":{"@id":"https:\/\/www.thecityrent.be\/de\/produkt\/tr-voiture-5-places-cat-b\/#primaryimage"},"thumbnailUrl":"https:\/\/www.thecityrent.be\/wp-content\/uploads\/3008.jpg","datePublished":"2022-05-03T12:44:25+00:00","dateModified":"2023-03-16T16:06:55+00:00","breadcrumb":{"@id":"https:\/\/www.thecityrent.be\/de\/produkt\/tr-voiture-5-places-cat-b\/#breadcrumb"},"inLanguage":"de","potentialAction":[{"@type":"ReadAction","target":["https:\/\/www.thecityrent.be\/de\/produkt\/tr-voiture-5-places-cat-b\/"]}]},{"@type":"ImageObject","inLanguage":"de","@id":"https:\/\/www.thecityrent.be\/de\/produkt\/tr-voiture-5-places-cat-b\/#primaryimage","url":"https:\/\/www.thecityrent.be\/wp-content\/uploads\/3008.jpg","contentUrl":"https:\/\/www.thecityrent.be\/wp-content\/uploads\/3008.jpg","width":719,"height":309},{"@type":"BreadcrumbList","@id":"https:\/\/www.thecityrent.be\/de\/produkt\/tr-voiture-5-places-cat-b\/#breadcrumb","itemListElement":[{"@type":"ListItem","position":1,"name":"Home","item":"https:\/\/www.thecityrent.be\/de\/"},{"@type":"ListItem","position":2,"name":"Shop","item":"https:\/\/www.thecityrent.be\/shop\/"},{"@type":"ListItem","position":3,"name":"TR-PKW 5 PL\u00c4TZE (KAT. B)"}]},{"@type":"WebSite","@id":"https:\/\/www.thecityrent.be\/#website","url":"https:\/\/www.thecityrent.be\/","name":"The City Rent &amp; Partner","description":"Votre partenaire pour la location de mat\u00e9riel, outillage &amp; v\u00e9hicules","potentialAction":[{"@type":"SearchAction","target":{"@type":"EntryPoint","urlTemplate":"https:\/\/www.thecityrent.be\/?s={search_term_string}"},"query-input":{"@type":"PropertyValueSpecification","valueRequired":true,"valueName":"search_term_string"}}],"inLanguage":"de"}]}},"_links":{"self":[{"href":"https:\/\/www.thecityrent.be\/de\/wp-json\/wp\/v2\/product\/1899","targetHints":{"allow":["GET"]}}],"collection":[{"href":"https:\/\/www.thecityrent.be\/de\/wp-json\/wp\/v2\/product"}],"about":[{"href":"https:\/\/www.thecityrent.be\/de\/wp-json\/wp\/v2\/types\/product"}],"replies":[{"embeddable":true,"href":"https:\/\/www.thecityrent.be\/de\/wp-json\/wp\/v2\/comments?post=1899"}],"wp:featuredmedia":[{"embeddable":true,"href":"https:\/\/www.thecityrent.be\/de\/wp-json\/wp\/v2\/media\/3029"}],"wp:attachment":[{"href":"https:\/\/www.thecityrent.be\/de\/wp-json\/wp\/v2\/media?parent=1899"}],"wp:term":[{"taxonomy":"product_brand","embeddable":true,"href":"https:\/\/www.thecityrent.be\/de\/wp-json\/wp\/v2\/product_brand?post=1899"},{"taxonomy":"product_cat","embeddable":true,"href":"https:\/\/www.thecityrent.be\/de\/wp-json\/wp\/v2\/product_cat?post=1899"},{"taxonomy":"product_tag","embeddable":true,"href":"https:\/\/www.thecityrent.be\/de\/wp-json\/wp\/v2\/product_tag?post=1899"}],"curies":[{"name":"wp","href":"https:\/\/api.w.org\/{rel}","templated":true}]}}