{"id":1665,"date":"2022-04-02T13:03:39","date_gmt":"2022-04-02T11:03:39","guid":{"rendered":"https:\/\/www.thecityrent.be\/?post_type=product&#038;p=1665"},"modified":"2023-03-04T09:54:01","modified_gmt":"2023-03-04T08:54:01","slug":"lm-teleskopbuehne-mit-gelenkarm-diesel-4x4-z51rt","status":"publish","type":"product","link":"https:\/\/www.thecityrent.be\/de\/produkt\/lm-teleskopbuehne-mit-gelenkarm-diesel-4x4-z51rt\/","title":{"rendered":"LM-TELESKOPB\u00dcHNE MIT GELENKARM DIESEL 4X4 Z51RT"},"content":{"rendered":"<ul>\n<li><strong>REFERENZ\u00a0<\/strong>: LM015<\/li>\n<li><strong>PREIS AUF ANFRAGE \u2013 KOSTENLOSES ANGEBOT\u00a0 \u00a0<\/strong><\/li>\n<li><strong>nacelle@thecityrent.be\u00a0<\/strong><\/li>\n<\/ul>\n","protected":false},"excerpt":{"rendered":"<ul>\n<li>Arbeitsh\u00f6he: 17.60m<\/li>\n<li>Maximale seitliche Reichweite: 9.20m<\/li>\n<li>Abmessungen der Plattform: 0.76 x 1.83<\/li>\n<li>H\u00f6chstkapazit\u00e4t: 227kg<\/li>\n<li>Gewicht: 7210kg<\/li>\n<li>Ma\u00dfe ( L x b x H): 7.60 x 2.29 x 2.13<\/li>\n<\/ul>\n","protected":false},"featured_media":1292,"comment_status":"closed","ping_status":"closed","template":"","meta":{"_acf_changed":false},"product_brand":[],"product_cat":[65,111],"product_tag":[],"class_list":{"0":"post-1665","1":"product","2":"type-product","3":"status-publish","4":"has-post-thumbnail","6":"product_cat-arbeiten-in-hoehe","7":"product_cat-teleskopbuehnen-mit-gelenkarm","9":"first","10":"instock","11":"taxable","12":"shipping-taxable","13":"product-type-simple"},"acf":[],"yoast_head":"<!-- This site is optimized with the Yoast SEO plugin v27.3 - https:\/\/yoast.com\/product\/yoast-seo-wordpress\/ -->\n<title>LM-TELESKOPB\u00dcHNE MIT GELENKARM DIESEL 4X4 Z51RT - The City&#039;Rent &amp; Safety<\/title>\n<meta name=\"robots\" content=\"index, follow, max-snippet:-1, max-image-preview:large, max-video-preview:-1\" \/>\n<link rel=\"canonical\" href=\"https:\/\/www.thecityrent.be\/de\/produkt\/lm-teleskopbuehne-mit-gelenkarm-diesel-4x4-z51rt\/\" \/>\n<meta property=\"og:locale\" content=\"de_DE\" \/>\n<meta property=\"og:type\" content=\"article\" \/>\n<meta property=\"og:title\" content=\"LM-TELESKOPB\u00dcHNE MIT GELENKARM DIESEL 4X4 Z51RT - The City&#039;Rent &amp; Safety\" \/>\n<meta property=\"og:description\" content=\"Arbeitsh\u00f6he: 17.60m  Maximale seitliche Reichweite: 9.20m  Abmessungen der Plattform: 0.76 x 1.83  H\u00f6chstkapazit\u00e4t: 227kg  Gewicht: 7210kg  Ma\u00dfe ( L x b x H): 7.60 x 2.29 x 2.13\" \/>\n<meta property=\"og:url\" content=\"https:\/\/www.thecityrent.be\/de\/produkt\/lm-teleskopbuehne-mit-gelenkarm-diesel-4x4-z51rt\/\" \/>\n<meta property=\"og:site_name\" content=\"The City&#039;Rent &amp; Safety\" \/>\n<meta property=\"article:modified_time\" content=\"2023-03-04T08:54:01+00:00\" \/>\n<meta property=\"og:image\" content=\"https:\/\/www.thecityrent.be\/wp-content\/uploads\/te\u0301le\u0301chargement-1-15.png\" \/>\n\t<meta property=\"og:image:width\" content=\"440\" \/>\n\t<meta property=\"og:image:height\" content=\"439\" \/>\n\t<meta property=\"og:image:type\" content=\"image\/png\" \/>\n<meta name=\"twitter:card\" content=\"summary_large_image\" \/>\n<script type=\"application\/ld+json\" class=\"yoast-schema-graph\">{\"@context\":\"https:\\\/\\\/schema.org\",\"@graph\":[{\"@type\":\"WebPage\",\"@id\":\"https:\\\/\\\/www.thecityrent.be\\\/de\\\/produkt\\\/lm-teleskopbuehne-mit-gelenkarm-diesel-4x4-z51rt\\\/\",\"url\":\"https:\\\/\\\/www.thecityrent.be\\\/de\\\/produkt\\\/lm-teleskopbuehne-mit-gelenkarm-diesel-4x4-z51rt\\\/\",\"name\":\"LM-TELESKOPB\u00dcHNE MIT GELENKARM DIESEL 4X4 Z51RT - The City&#039;Rent &amp; Safety\",\"isPartOf\":{\"@id\":\"https:\\\/\\\/www.thecityrent.be\\\/#website\"},\"primaryImageOfPage\":{\"@id\":\"https:\\\/\\\/www.thecityrent.be\\\/de\\\/produkt\\\/lm-teleskopbuehne-mit-gelenkarm-diesel-4x4-z51rt\\\/#primaryimage\"},\"image\":{\"@id\":\"https:\\\/\\\/www.thecityrent.be\\\/de\\\/produkt\\\/lm-teleskopbuehne-mit-gelenkarm-diesel-4x4-z51rt\\\/#primaryimage\"},\"thumbnailUrl\":\"https:\\\/\\\/www.thecityrent.be\\\/wp-content\\\/uploads\\\/te\u0301le\u0301chargement-1-15.png\",\"datePublished\":\"2022-04-02T11:03:39+00:00\",\"dateModified\":\"2023-03-04T08:54:01+00:00\",\"breadcrumb\":{\"@id\":\"https:\\\/\\\/www.thecityrent.be\\\/de\\\/produkt\\\/lm-teleskopbuehne-mit-gelenkarm-diesel-4x4-z51rt\\\/#breadcrumb\"},\"inLanguage\":\"de\",\"potentialAction\":[{\"@type\":\"ReadAction\",\"target\":[\"https:\\\/\\\/www.thecityrent.be\\\/de\\\/produkt\\\/lm-teleskopbuehne-mit-gelenkarm-diesel-4x4-z51rt\\\/\"]}]},{\"@type\":\"ImageObject\",\"inLanguage\":\"de\",\"@id\":\"https:\\\/\\\/www.thecityrent.be\\\/de\\\/produkt\\\/lm-teleskopbuehne-mit-gelenkarm-diesel-4x4-z51rt\\\/#primaryimage\",\"url\":\"https:\\\/\\\/www.thecityrent.be\\\/wp-content\\\/uploads\\\/te\u0301le\u0301chargement-1-15.png\",\"contentUrl\":\"https:\\\/\\\/www.thecityrent.be\\\/wp-content\\\/uploads\\\/te\u0301le\u0301chargement-1-15.png\",\"width\":440,\"height\":439},{\"@type\":\"BreadcrumbList\",\"@id\":\"https:\\\/\\\/www.thecityrent.be\\\/de\\\/produkt\\\/lm-teleskopbuehne-mit-gelenkarm-diesel-4x4-z51rt\\\/#breadcrumb\",\"itemListElement\":[{\"@type\":\"ListItem\",\"position\":1,\"name\":\"Home\",\"item\":\"https:\\\/\\\/www.thecityrent.be\\\/de\\\/\"},{\"@type\":\"ListItem\",\"position\":2,\"name\":\"Shop\",\"item\":\"https:\\\/\\\/www.thecityrent.be\\\/shop\\\/\"},{\"@type\":\"ListItem\",\"position\":3,\"name\":\"LM-TELESKOPB\u00dcHNE MIT GELENKARM DIESEL 4X4 Z51RT\"}]},{\"@type\":\"WebSite\",\"@id\":\"https:\\\/\\\/www.thecityrent.be\\\/#website\",\"url\":\"https:\\\/\\\/www.thecityrent.be\\\/\",\"name\":\"The City&#039;Rent &amp; Safety\",\"description\":\"Votre partenaire pour la location de mat\u00e9riel, outillage &amp; v\u00e9hicules\",\"potentialAction\":[{\"@type\":\"SearchAction\",\"target\":{\"@type\":\"EntryPoint\",\"urlTemplate\":\"https:\\\/\\\/www.thecityrent.be\\\/?s={search_term_string}\"},\"query-input\":{\"@type\":\"PropertyValueSpecification\",\"valueRequired\":true,\"valueName\":\"search_term_string\"}}],\"inLanguage\":\"de\"}]}<\/script>\n<!-- \/ Yoast SEO plugin. -->","yoast_head_json":{"title":"LM-TELESKOPB\u00dcHNE MIT GELENKARM DIESEL 4X4 Z51RT - The City&#039;Rent &amp; Safety","robots":{"index":"index","follow":"follow","max-snippet":"max-snippet:-1","max-image-preview":"max-image-preview:large","max-video-preview":"max-video-preview:-1"},"canonical":"https:\/\/www.thecityrent.be\/de\/produkt\/lm-teleskopbuehne-mit-gelenkarm-diesel-4x4-z51rt\/","og_locale":"de_DE","og_type":"article","og_title":"LM-TELESKOPB\u00dcHNE MIT GELENKARM DIESEL 4X4 Z51RT - The City&#039;Rent &amp; Safety","og_description":"Arbeitsh\u00f6he: 17.60m  Maximale seitliche Reichweite: 9.20m  Abmessungen der Plattform: 0.76 x 1.83  H\u00f6chstkapazit\u00e4t: 227kg  Gewicht: 7210kg  Ma\u00dfe ( L x b x H): 7.60 x 2.29 x 2.13","og_url":"https:\/\/www.thecityrent.be\/de\/produkt\/lm-teleskopbuehne-mit-gelenkarm-diesel-4x4-z51rt\/","og_site_name":"The City&#039;Rent &amp; Safety","article_modified_time":"2023-03-04T08:54:01+00:00","og_image":[{"width":440,"height":439,"url":"https:\/\/www.thecityrent.be\/wp-content\/uploads\/te\u0301le\u0301chargement-1-15.png","type":"image\/png"}],"twitter_card":"summary_large_image","schema":{"@context":"https:\/\/schema.org","@graph":[{"@type":"WebPage","@id":"https:\/\/www.thecityrent.be\/de\/produkt\/lm-teleskopbuehne-mit-gelenkarm-diesel-4x4-z51rt\/","url":"https:\/\/www.thecityrent.be\/de\/produkt\/lm-teleskopbuehne-mit-gelenkarm-diesel-4x4-z51rt\/","name":"LM-TELESKOPB\u00dcHNE MIT GELENKARM DIESEL 4X4 Z51RT - The City&#039;Rent &amp; Safety","isPartOf":{"@id":"https:\/\/www.thecityrent.be\/#website"},"primaryImageOfPage":{"@id":"https:\/\/www.thecityrent.be\/de\/produkt\/lm-teleskopbuehne-mit-gelenkarm-diesel-4x4-z51rt\/#primaryimage"},"image":{"@id":"https:\/\/www.thecityrent.be\/de\/produkt\/lm-teleskopbuehne-mit-gelenkarm-diesel-4x4-z51rt\/#primaryimage"},"thumbnailUrl":"https:\/\/www.thecityrent.be\/wp-content\/uploads\/te\u0301le\u0301chargement-1-15.png","datePublished":"2022-04-02T11:03:39+00:00","dateModified":"2023-03-04T08:54:01+00:00","breadcrumb":{"@id":"https:\/\/www.thecityrent.be\/de\/produkt\/lm-teleskopbuehne-mit-gelenkarm-diesel-4x4-z51rt\/#breadcrumb"},"inLanguage":"de","potentialAction":[{"@type":"ReadAction","target":["https:\/\/www.thecityrent.be\/de\/produkt\/lm-teleskopbuehne-mit-gelenkarm-diesel-4x4-z51rt\/"]}]},{"@type":"ImageObject","inLanguage":"de","@id":"https:\/\/www.thecityrent.be\/de\/produkt\/lm-teleskopbuehne-mit-gelenkarm-diesel-4x4-z51rt\/#primaryimage","url":"https:\/\/www.thecityrent.be\/wp-content\/uploads\/te\u0301le\u0301chargement-1-15.png","contentUrl":"https:\/\/www.thecityrent.be\/wp-content\/uploads\/te\u0301le\u0301chargement-1-15.png","width":440,"height":439},{"@type":"BreadcrumbList","@id":"https:\/\/www.thecityrent.be\/de\/produkt\/lm-teleskopbuehne-mit-gelenkarm-diesel-4x4-z51rt\/#breadcrumb","itemListElement":[{"@type":"ListItem","position":1,"name":"Home","item":"https:\/\/www.thecityrent.be\/de\/"},{"@type":"ListItem","position":2,"name":"Shop","item":"https:\/\/www.thecityrent.be\/shop\/"},{"@type":"ListItem","position":3,"name":"LM-TELESKOPB\u00dcHNE MIT GELENKARM DIESEL 4X4 Z51RT"}]},{"@type":"WebSite","@id":"https:\/\/www.thecityrent.be\/#website","url":"https:\/\/www.thecityrent.be\/","name":"The City&#039;Rent &amp; Safety","description":"Votre partenaire pour la location de mat\u00e9riel, outillage &amp; v\u00e9hicules","potentialAction":[{"@type":"SearchAction","target":{"@type":"EntryPoint","urlTemplate":"https:\/\/www.thecityrent.be\/?s={search_term_string}"},"query-input":{"@type":"PropertyValueSpecification","valueRequired":true,"valueName":"search_term_string"}}],"inLanguage":"de"}]}},"_links":{"self":[{"href":"https:\/\/www.thecityrent.be\/de\/wp-json\/wp\/v2\/product\/1665","targetHints":{"allow":["GET"]}}],"collection":[{"href":"https:\/\/www.thecityrent.be\/de\/wp-json\/wp\/v2\/product"}],"about":[{"href":"https:\/\/www.thecityrent.be\/de\/wp-json\/wp\/v2\/types\/product"}],"replies":[{"embeddable":true,"href":"https:\/\/www.thecityrent.be\/de\/wp-json\/wp\/v2\/comments?post=1665"}],"wp:featuredmedia":[{"embeddable":true,"href":"https:\/\/www.thecityrent.be\/de\/wp-json\/wp\/v2\/media\/1292"}],"wp:attachment":[{"href":"https:\/\/www.thecityrent.be\/de\/wp-json\/wp\/v2\/media?parent=1665"}],"wp:term":[{"taxonomy":"product_brand","embeddable":true,"href":"https:\/\/www.thecityrent.be\/de\/wp-json\/wp\/v2\/product_brand?post=1665"},{"taxonomy":"product_cat","embeddable":true,"href":"https:\/\/www.thecityrent.be\/de\/wp-json\/wp\/v2\/product_cat?post=1665"},{"taxonomy":"product_tag","embeddable":true,"href":"https:\/\/www.thecityrent.be\/de\/wp-json\/wp\/v2\/product_tag?post=1665"}],"curies":[{"name":"wp","href":"https:\/\/api.w.org\/{rel}","templated":true}]}}