{"id":1657,"date":"2022-04-02T12:44:43","date_gmt":"2022-04-02T10:44:43","guid":{"rendered":"https:\/\/www.thecityrent.be\/?post_type=product&#038;p=1657"},"modified":"2022-04-02T12:53:56","modified_gmt":"2022-04-02T10:53:56","slug":"lm-teleskopbuehne-mit-gelenkarm-electric-4x4-hr17","status":"publish","type":"product","link":"https:\/\/www.thecityrent.be\/de\/produkt\/lm-teleskopbuehne-mit-gelenkarm-electric-4x4-hr17\/","title":{"rendered":"LM-TELESKOPB\u00dcHNE MIT GELENKARM ELECTRIC 4X4 HR17"},"content":{"rendered":"<ul>\n<li class=\"prixjour\"><strong>PREIS\/TAG<\/strong>\u00a0: 237,00 \u20ac<\/li>\n<li class=\"prixsemaine\"><strong>PREIS PRO WOCHE<\/strong>\u00a0: 712,00 \u20ac<\/li>\n<\/ul>\n","protected":false},"excerpt":{"rendered":"<p><strong>HR17 Teleskopb\u00fchne mit Gelenkarm\u00a0electric 4X4<\/strong><\/p>\n<p>Arbeitsh\u00f6he: 17,00 m<br \/>\nMaximale seitliche Reichweite: 9,30 m<br \/>\nAbmessungen der Plattform: 1,80 m x 0,85 m<br \/>\nH\u00f6chstkapazit\u00e4t: 225 kg<br \/>\nGewicht: 4.950 kg<br \/>\nBreite: 2,00 m<\/p>\n","protected":false},"featured_media":1247,"comment_status":"closed","ping_status":"closed","template":"","meta":{"_acf_changed":false},"product_brand":[],"product_cat":[65,111],"product_tag":[],"class_list":{"0":"post-1657","1":"product","2":"type-product","3":"status-publish","4":"has-post-thumbnail","6":"product_cat-arbeiten-in-hoehe","7":"product_cat-teleskopbuehnen-mit-gelenkarm","9":"first","10":"instock","11":"taxable","12":"shipping-taxable","13":"purchasable","14":"product-type-simple"},"acf":[],"yoast_head":"<!-- This site is optimized with the Yoast SEO plugin v27.5 - https:\/\/yoast.com\/product\/yoast-seo-wordpress\/ -->\n<title>LM-TELESKOPB\u00dcHNE MIT GELENKARM ELECTRIC 4X4 HR17 - The City Rent &amp; Partner<\/title>\n<meta name=\"robots\" content=\"index, follow, max-snippet:-1, max-image-preview:large, max-video-preview:-1\" \/>\n<link rel=\"canonical\" href=\"https:\/\/www.thecityrent.be\/de\/produkt\/lm-teleskopbuehne-mit-gelenkarm-electric-4x4-hr17\/\" \/>\n<meta property=\"og:locale\" content=\"de_DE\" \/>\n<meta property=\"og:type\" content=\"article\" \/>\n<meta property=\"og:title\" content=\"LM-TELESKOPB\u00dcHNE MIT GELENKARM ELECTRIC 4X4 HR17 - The City Rent &amp; Partner\" \/>\n<meta property=\"og:description\" content=\"HR17 Teleskopb\u00fchne mit Gelenkarm\u00a0electric 4X4  Arbeitsh\u00f6he: 17,00 m Maximale seitliche Reichweite: 9,30 m Abmessungen der Plattform: 1,80 m x 0,85 m H\u00f6chstkapazit\u00e4t: 225 kg Gewicht: 4.950 kg Breite: 2,00 m\" \/>\n<meta property=\"og:url\" content=\"https:\/\/www.thecityrent.be\/de\/produkt\/lm-teleskopbuehne-mit-gelenkarm-electric-4x4-hr17\/\" \/>\n<meta property=\"og:site_name\" content=\"The City Rent &amp; Partner\" \/>\n<meta property=\"article:modified_time\" content=\"2022-04-02T10:53:56+00:00\" \/>\n<meta property=\"og:image\" content=\"https:\/\/www.thecityrent.be\/wp-content\/uploads\/te\u0301le\u0301chargement-21.png\" \/>\n\t<meta property=\"og:image:width\" content=\"440\" \/>\n\t<meta property=\"og:image:height\" content=\"439\" \/>\n\t<meta property=\"og:image:type\" content=\"image\/png\" \/>\n<meta name=\"twitter:card\" content=\"summary_large_image\" \/>\n<script type=\"application\/ld+json\" class=\"yoast-schema-graph\">{\"@context\":\"https:\\\/\\\/schema.org\",\"@graph\":[{\"@type\":\"WebPage\",\"@id\":\"https:\\\/\\\/www.thecityrent.be\\\/de\\\/produkt\\\/lm-teleskopbuehne-mit-gelenkarm-electric-4x4-hr17\\\/\",\"url\":\"https:\\\/\\\/www.thecityrent.be\\\/de\\\/produkt\\\/lm-teleskopbuehne-mit-gelenkarm-electric-4x4-hr17\\\/\",\"name\":\"LM-TELESKOPB\u00dcHNE MIT GELENKARM ELECTRIC 4X4 HR17 - The City Rent &amp; Partner\",\"isPartOf\":{\"@id\":\"https:\\\/\\\/www.thecityrent.be\\\/#website\"},\"primaryImageOfPage\":{\"@id\":\"https:\\\/\\\/www.thecityrent.be\\\/de\\\/produkt\\\/lm-teleskopbuehne-mit-gelenkarm-electric-4x4-hr17\\\/#primaryimage\"},\"image\":{\"@id\":\"https:\\\/\\\/www.thecityrent.be\\\/de\\\/produkt\\\/lm-teleskopbuehne-mit-gelenkarm-electric-4x4-hr17\\\/#primaryimage\"},\"thumbnailUrl\":\"https:\\\/\\\/www.thecityrent.be\\\/wp-content\\\/uploads\\\/te\u0301le\u0301chargement-21.png\",\"datePublished\":\"2022-04-02T10:44:43+00:00\",\"dateModified\":\"2022-04-02T10:53:56+00:00\",\"breadcrumb\":{\"@id\":\"https:\\\/\\\/www.thecityrent.be\\\/de\\\/produkt\\\/lm-teleskopbuehne-mit-gelenkarm-electric-4x4-hr17\\\/#breadcrumb\"},\"inLanguage\":\"de\",\"potentialAction\":[{\"@type\":\"ReadAction\",\"target\":[\"https:\\\/\\\/www.thecityrent.be\\\/de\\\/produkt\\\/lm-teleskopbuehne-mit-gelenkarm-electric-4x4-hr17\\\/\"]}]},{\"@type\":\"ImageObject\",\"inLanguage\":\"de\",\"@id\":\"https:\\\/\\\/www.thecityrent.be\\\/de\\\/produkt\\\/lm-teleskopbuehne-mit-gelenkarm-electric-4x4-hr17\\\/#primaryimage\",\"url\":\"https:\\\/\\\/www.thecityrent.be\\\/wp-content\\\/uploads\\\/te\u0301le\u0301chargement-21.png\",\"contentUrl\":\"https:\\\/\\\/www.thecityrent.be\\\/wp-content\\\/uploads\\\/te\u0301le\u0301chargement-21.png\",\"width\":440,\"height\":439},{\"@type\":\"BreadcrumbList\",\"@id\":\"https:\\\/\\\/www.thecityrent.be\\\/de\\\/produkt\\\/lm-teleskopbuehne-mit-gelenkarm-electric-4x4-hr17\\\/#breadcrumb\",\"itemListElement\":[{\"@type\":\"ListItem\",\"position\":1,\"name\":\"Home\",\"item\":\"https:\\\/\\\/www.thecityrent.be\\\/de\\\/\"},{\"@type\":\"ListItem\",\"position\":2,\"name\":\"Shop\",\"item\":\"https:\\\/\\\/www.thecityrent.be\\\/shop\\\/\"},{\"@type\":\"ListItem\",\"position\":3,\"name\":\"LM-TELESKOPB\u00dcHNE MIT GELENKARM ELECTRIC 4X4 HR17\"}]},{\"@type\":\"WebSite\",\"@id\":\"https:\\\/\\\/www.thecityrent.be\\\/#website\",\"url\":\"https:\\\/\\\/www.thecityrent.be\\\/\",\"name\":\"The City Rent &amp; Partner\",\"description\":\"Votre partenaire pour la location de mat\u00e9riel, outillage &amp; v\u00e9hicules\",\"potentialAction\":[{\"@type\":\"SearchAction\",\"target\":{\"@type\":\"EntryPoint\",\"urlTemplate\":\"https:\\\/\\\/www.thecityrent.be\\\/?s={search_term_string}\"},\"query-input\":{\"@type\":\"PropertyValueSpecification\",\"valueRequired\":true,\"valueName\":\"search_term_string\"}}],\"inLanguage\":\"de\"}]}<\/script>\n<!-- \/ Yoast SEO plugin. -->","yoast_head_json":{"title":"LM-TELESKOPB\u00dcHNE MIT GELENKARM ELECTRIC 4X4 HR17 - The City Rent &amp; Partner","robots":{"index":"index","follow":"follow","max-snippet":"max-snippet:-1","max-image-preview":"max-image-preview:large","max-video-preview":"max-video-preview:-1"},"canonical":"https:\/\/www.thecityrent.be\/de\/produkt\/lm-teleskopbuehne-mit-gelenkarm-electric-4x4-hr17\/","og_locale":"de_DE","og_type":"article","og_title":"LM-TELESKOPB\u00dcHNE MIT GELENKARM ELECTRIC 4X4 HR17 - The City Rent &amp; Partner","og_description":"HR17 Teleskopb\u00fchne mit Gelenkarm\u00a0electric 4X4  Arbeitsh\u00f6he: 17,00 m Maximale seitliche Reichweite: 9,30 m Abmessungen der Plattform: 1,80 m x 0,85 m H\u00f6chstkapazit\u00e4t: 225 kg Gewicht: 4.950 kg Breite: 2,00 m","og_url":"https:\/\/www.thecityrent.be\/de\/produkt\/lm-teleskopbuehne-mit-gelenkarm-electric-4x4-hr17\/","og_site_name":"The City Rent &amp; Partner","article_modified_time":"2022-04-02T10:53:56+00:00","og_image":[{"width":440,"height":439,"url":"https:\/\/www.thecityrent.be\/wp-content\/uploads\/te\u0301le\u0301chargement-21.png","type":"image\/png"}],"twitter_card":"summary_large_image","schema":{"@context":"https:\/\/schema.org","@graph":[{"@type":"WebPage","@id":"https:\/\/www.thecityrent.be\/de\/produkt\/lm-teleskopbuehne-mit-gelenkarm-electric-4x4-hr17\/","url":"https:\/\/www.thecityrent.be\/de\/produkt\/lm-teleskopbuehne-mit-gelenkarm-electric-4x4-hr17\/","name":"LM-TELESKOPB\u00dcHNE MIT GELENKARM ELECTRIC 4X4 HR17 - The City Rent &amp; Partner","isPartOf":{"@id":"https:\/\/www.thecityrent.be\/#website"},"primaryImageOfPage":{"@id":"https:\/\/www.thecityrent.be\/de\/produkt\/lm-teleskopbuehne-mit-gelenkarm-electric-4x4-hr17\/#primaryimage"},"image":{"@id":"https:\/\/www.thecityrent.be\/de\/produkt\/lm-teleskopbuehne-mit-gelenkarm-electric-4x4-hr17\/#primaryimage"},"thumbnailUrl":"https:\/\/www.thecityrent.be\/wp-content\/uploads\/te\u0301le\u0301chargement-21.png","datePublished":"2022-04-02T10:44:43+00:00","dateModified":"2022-04-02T10:53:56+00:00","breadcrumb":{"@id":"https:\/\/www.thecityrent.be\/de\/produkt\/lm-teleskopbuehne-mit-gelenkarm-electric-4x4-hr17\/#breadcrumb"},"inLanguage":"de","potentialAction":[{"@type":"ReadAction","target":["https:\/\/www.thecityrent.be\/de\/produkt\/lm-teleskopbuehne-mit-gelenkarm-electric-4x4-hr17\/"]}]},{"@type":"ImageObject","inLanguage":"de","@id":"https:\/\/www.thecityrent.be\/de\/produkt\/lm-teleskopbuehne-mit-gelenkarm-electric-4x4-hr17\/#primaryimage","url":"https:\/\/www.thecityrent.be\/wp-content\/uploads\/te\u0301le\u0301chargement-21.png","contentUrl":"https:\/\/www.thecityrent.be\/wp-content\/uploads\/te\u0301le\u0301chargement-21.png","width":440,"height":439},{"@type":"BreadcrumbList","@id":"https:\/\/www.thecityrent.be\/de\/produkt\/lm-teleskopbuehne-mit-gelenkarm-electric-4x4-hr17\/#breadcrumb","itemListElement":[{"@type":"ListItem","position":1,"name":"Home","item":"https:\/\/www.thecityrent.be\/de\/"},{"@type":"ListItem","position":2,"name":"Shop","item":"https:\/\/www.thecityrent.be\/shop\/"},{"@type":"ListItem","position":3,"name":"LM-TELESKOPB\u00dcHNE MIT GELENKARM ELECTRIC 4X4 HR17"}]},{"@type":"WebSite","@id":"https:\/\/www.thecityrent.be\/#website","url":"https:\/\/www.thecityrent.be\/","name":"The City Rent &amp; Partner","description":"Votre partenaire pour la location de mat\u00e9riel, outillage &amp; v\u00e9hicules","potentialAction":[{"@type":"SearchAction","target":{"@type":"EntryPoint","urlTemplate":"https:\/\/www.thecityrent.be\/?s={search_term_string}"},"query-input":{"@type":"PropertyValueSpecification","valueRequired":true,"valueName":"search_term_string"}}],"inLanguage":"de"}]}},"_links":{"self":[{"href":"https:\/\/www.thecityrent.be\/de\/wp-json\/wp\/v2\/product\/1657","targetHints":{"allow":["GET"]}}],"collection":[{"href":"https:\/\/www.thecityrent.be\/de\/wp-json\/wp\/v2\/product"}],"about":[{"href":"https:\/\/www.thecityrent.be\/de\/wp-json\/wp\/v2\/types\/product"}],"replies":[{"embeddable":true,"href":"https:\/\/www.thecityrent.be\/de\/wp-json\/wp\/v2\/comments?post=1657"}],"wp:featuredmedia":[{"embeddable":true,"href":"https:\/\/www.thecityrent.be\/de\/wp-json\/wp\/v2\/media\/1247"}],"wp:attachment":[{"href":"https:\/\/www.thecityrent.be\/de\/wp-json\/wp\/v2\/media?parent=1657"}],"wp:term":[{"taxonomy":"product_brand","embeddable":true,"href":"https:\/\/www.thecityrent.be\/de\/wp-json\/wp\/v2\/product_brand?post=1657"},{"taxonomy":"product_cat","embeddable":true,"href":"https:\/\/www.thecityrent.be\/de\/wp-json\/wp\/v2\/product_cat?post=1657"},{"taxonomy":"product_tag","embeddable":true,"href":"https:\/\/www.thecityrent.be\/de\/wp-json\/wp\/v2\/product_tag?post=1657"}],"curies":[{"name":"wp","href":"https:\/\/api.w.org\/{rel}","templated":true}]}}