{"id":1638,"date":"2022-04-02T12:16:42","date_gmt":"2022-04-02T10:16:42","guid":{"rendered":"https:\/\/www.thecityrent.be\/?post_type=product&#038;p=1638"},"modified":"2023-03-02T13:38:25","modified_gmt":"2023-03-02T12:38:25","slug":"lm-elektrische-mastbuhne-diesel-genie-gs-4069-rt","status":"publish","type":"product","link":"https:\/\/www.thecityrent.be\/de\/produkt\/lm-elektrische-mastbuhne-diesel-genie-gs-4069-rt\/","title":{"rendered":"LM\u2013ELEKTRISCHE MASTB\u00dcHNE DIESEL GENIE GS 4069 RT"},"content":{"rendered":"<ul>\n<li><strong>REFERENZ\u00a0<\/strong>: GS4069<\/li>\n<li><strong>PREIS AUF ANFRAGE \u2013 KOSTENLOSES ANGEBOT\u00a0 \u00a0<\/strong><\/li>\n<li><strong>nacelle@thecityrent.be<\/strong><\/li>\n<\/ul>\n<p><strong>\u00a0<\/strong><\/p>\n","protected":false},"excerpt":{"rendered":"<ul>\n<li>Arbeitsh\u00f6he: 14.12m<\/li>\n<li>Maximale seitliche Reichweite: 1.52m<\/li>\n<li>Abmessungen der Plattform: 1.60 x 2.79<\/li>\n<li>H\u00f6chstkapazit\u00e4t: 363kg<\/li>\n<li>Gewicht: 5209kg<\/li>\n<li>Ma\u00dfe ( L x b x H): 3.76 x 1.75 x 2.74<\/li>\n<\/ul>\n","protected":false},"featured_media":1163,"comment_status":"closed","ping_status":"closed","template":"","meta":{"_acf_changed":false},"product_brand":[],"product_cat":[65,109],"product_tag":[],"class_list":{"0":"post-1638","1":"product","2":"type-product","3":"status-publish","4":"has-post-thumbnail","6":"product_cat-arbeiten-in-hoehe","7":"product_cat-scherenbuehnen","9":"first","10":"instock","11":"taxable","12":"shipping-taxable","13":"product-type-simple"},"acf":[],"yoast_head":"<!-- This site is optimized with the Yoast SEO plugin v27.3 - https:\/\/yoast.com\/product\/yoast-seo-wordpress\/ -->\n<title>LM\u2013ELEKTRISCHE MASTB\u00dcHNE DIESEL GENIE GS 4069 RT - The City&#039;Rent &amp; Safety<\/title>\n<meta name=\"robots\" content=\"index, follow, max-snippet:-1, max-image-preview:large, max-video-preview:-1\" \/>\n<link rel=\"canonical\" href=\"https:\/\/www.thecityrent.be\/de\/produkt\/lm-elektrische-mastbuhne-diesel-genie-gs-4069-rt\/\" \/>\n<meta property=\"og:locale\" content=\"de_DE\" \/>\n<meta property=\"og:type\" content=\"article\" \/>\n<meta property=\"og:title\" content=\"LM\u2013ELEKTRISCHE MASTB\u00dcHNE DIESEL GENIE GS 4069 RT - The City&#039;Rent &amp; Safety\" \/>\n<meta property=\"og:description\" content=\"Arbeitsh\u00f6he: 14.12m  Maximale seitliche Reichweite: 1.52m  Abmessungen der Plattform: 1.60 x 2.79  H\u00f6chstkapazit\u00e4t: 363kg  Gewicht: 5209kg  Ma\u00dfe ( L x b x H): 3.76 x 1.75 x 2.74\" \/>\n<meta property=\"og:url\" content=\"https:\/\/www.thecityrent.be\/de\/produkt\/lm-elektrische-mastbuhne-diesel-genie-gs-4069-rt\/\" \/>\n<meta property=\"og:site_name\" content=\"The City&#039;Rent &amp; Safety\" \/>\n<meta property=\"article:modified_time\" content=\"2023-03-02T12:38:25+00:00\" \/>\n<meta property=\"og:image\" content=\"https:\/\/www.thecityrent.be\/wp-content\/uploads\/te\u0301le\u0301chargement-1-17.jpeg\" \/>\n\t<meta property=\"og:image:width\" content=\"440\" \/>\n\t<meta property=\"og:image:height\" content=\"439\" \/>\n\t<meta property=\"og:image:type\" content=\"image\/jpeg\" \/>\n<meta name=\"twitter:card\" content=\"summary_large_image\" \/>\n<script type=\"application\/ld+json\" class=\"yoast-schema-graph\">{\"@context\":\"https:\\\/\\\/schema.org\",\"@graph\":[{\"@type\":\"WebPage\",\"@id\":\"https:\\\/\\\/www.thecityrent.be\\\/de\\\/produkt\\\/lm-elektrische-mastbuhne-diesel-genie-gs-4069-rt\\\/\",\"url\":\"https:\\\/\\\/www.thecityrent.be\\\/de\\\/produkt\\\/lm-elektrische-mastbuhne-diesel-genie-gs-4069-rt\\\/\",\"name\":\"LM\u2013ELEKTRISCHE MASTB\u00dcHNE DIESEL GENIE GS 4069 RT - The City&#039;Rent &amp; Safety\",\"isPartOf\":{\"@id\":\"https:\\\/\\\/www.thecityrent.be\\\/#website\"},\"primaryImageOfPage\":{\"@id\":\"https:\\\/\\\/www.thecityrent.be\\\/de\\\/produkt\\\/lm-elektrische-mastbuhne-diesel-genie-gs-4069-rt\\\/#primaryimage\"},\"image\":{\"@id\":\"https:\\\/\\\/www.thecityrent.be\\\/de\\\/produkt\\\/lm-elektrische-mastbuhne-diesel-genie-gs-4069-rt\\\/#primaryimage\"},\"thumbnailUrl\":\"https:\\\/\\\/www.thecityrent.be\\\/wp-content\\\/uploads\\\/te\u0301le\u0301chargement-1-17.jpeg\",\"datePublished\":\"2022-04-02T10:16:42+00:00\",\"dateModified\":\"2023-03-02T12:38:25+00:00\",\"breadcrumb\":{\"@id\":\"https:\\\/\\\/www.thecityrent.be\\\/de\\\/produkt\\\/lm-elektrische-mastbuhne-diesel-genie-gs-4069-rt\\\/#breadcrumb\"},\"inLanguage\":\"de\",\"potentialAction\":[{\"@type\":\"ReadAction\",\"target\":[\"https:\\\/\\\/www.thecityrent.be\\\/de\\\/produkt\\\/lm-elektrische-mastbuhne-diesel-genie-gs-4069-rt\\\/\"]}]},{\"@type\":\"ImageObject\",\"inLanguage\":\"de\",\"@id\":\"https:\\\/\\\/www.thecityrent.be\\\/de\\\/produkt\\\/lm-elektrische-mastbuhne-diesel-genie-gs-4069-rt\\\/#primaryimage\",\"url\":\"https:\\\/\\\/www.thecityrent.be\\\/wp-content\\\/uploads\\\/te\u0301le\u0301chargement-1-17.jpeg\",\"contentUrl\":\"https:\\\/\\\/www.thecityrent.be\\\/wp-content\\\/uploads\\\/te\u0301le\u0301chargement-1-17.jpeg\",\"width\":440,\"height\":439},{\"@type\":\"BreadcrumbList\",\"@id\":\"https:\\\/\\\/www.thecityrent.be\\\/de\\\/produkt\\\/lm-elektrische-mastbuhne-diesel-genie-gs-4069-rt\\\/#breadcrumb\",\"itemListElement\":[{\"@type\":\"ListItem\",\"position\":1,\"name\":\"Home\",\"item\":\"https:\\\/\\\/www.thecityrent.be\\\/de\\\/\"},{\"@type\":\"ListItem\",\"position\":2,\"name\":\"Shop\",\"item\":\"https:\\\/\\\/www.thecityrent.be\\\/shop\\\/\"},{\"@type\":\"ListItem\",\"position\":3,\"name\":\"LM\u2013ELEKTRISCHE MASTB\u00dcHNE DIESEL GENIE GS 4069 RT\"}]},{\"@type\":\"WebSite\",\"@id\":\"https:\\\/\\\/www.thecityrent.be\\\/#website\",\"url\":\"https:\\\/\\\/www.thecityrent.be\\\/\",\"name\":\"The City&#039;Rent &amp; Safety\",\"description\":\"Votre partenaire pour la location de mat\u00e9riel, outillage &amp; v\u00e9hicules\",\"potentialAction\":[{\"@type\":\"SearchAction\",\"target\":{\"@type\":\"EntryPoint\",\"urlTemplate\":\"https:\\\/\\\/www.thecityrent.be\\\/?s={search_term_string}\"},\"query-input\":{\"@type\":\"PropertyValueSpecification\",\"valueRequired\":true,\"valueName\":\"search_term_string\"}}],\"inLanguage\":\"de\"}]}<\/script>\n<!-- \/ Yoast SEO plugin. -->","yoast_head_json":{"title":"LM\u2013ELEKTRISCHE MASTB\u00dcHNE DIESEL GENIE GS 4069 RT - The City&#039;Rent &amp; Safety","robots":{"index":"index","follow":"follow","max-snippet":"max-snippet:-1","max-image-preview":"max-image-preview:large","max-video-preview":"max-video-preview:-1"},"canonical":"https:\/\/www.thecityrent.be\/de\/produkt\/lm-elektrische-mastbuhne-diesel-genie-gs-4069-rt\/","og_locale":"de_DE","og_type":"article","og_title":"LM\u2013ELEKTRISCHE MASTB\u00dcHNE DIESEL GENIE GS 4069 RT - The City&#039;Rent &amp; Safety","og_description":"Arbeitsh\u00f6he: 14.12m  Maximale seitliche Reichweite: 1.52m  Abmessungen der Plattform: 1.60 x 2.79  H\u00f6chstkapazit\u00e4t: 363kg  Gewicht: 5209kg  Ma\u00dfe ( L x b x H): 3.76 x 1.75 x 2.74","og_url":"https:\/\/www.thecityrent.be\/de\/produkt\/lm-elektrische-mastbuhne-diesel-genie-gs-4069-rt\/","og_site_name":"The City&#039;Rent &amp; Safety","article_modified_time":"2023-03-02T12:38:25+00:00","og_image":[{"width":440,"height":439,"url":"https:\/\/www.thecityrent.be\/wp-content\/uploads\/te\u0301le\u0301chargement-1-17.jpeg","type":"image\/jpeg"}],"twitter_card":"summary_large_image","schema":{"@context":"https:\/\/schema.org","@graph":[{"@type":"WebPage","@id":"https:\/\/www.thecityrent.be\/de\/produkt\/lm-elektrische-mastbuhne-diesel-genie-gs-4069-rt\/","url":"https:\/\/www.thecityrent.be\/de\/produkt\/lm-elektrische-mastbuhne-diesel-genie-gs-4069-rt\/","name":"LM\u2013ELEKTRISCHE MASTB\u00dcHNE DIESEL GENIE GS 4069 RT - The City&#039;Rent &amp; Safety","isPartOf":{"@id":"https:\/\/www.thecityrent.be\/#website"},"primaryImageOfPage":{"@id":"https:\/\/www.thecityrent.be\/de\/produkt\/lm-elektrische-mastbuhne-diesel-genie-gs-4069-rt\/#primaryimage"},"image":{"@id":"https:\/\/www.thecityrent.be\/de\/produkt\/lm-elektrische-mastbuhne-diesel-genie-gs-4069-rt\/#primaryimage"},"thumbnailUrl":"https:\/\/www.thecityrent.be\/wp-content\/uploads\/te\u0301le\u0301chargement-1-17.jpeg","datePublished":"2022-04-02T10:16:42+00:00","dateModified":"2023-03-02T12:38:25+00:00","breadcrumb":{"@id":"https:\/\/www.thecityrent.be\/de\/produkt\/lm-elektrische-mastbuhne-diesel-genie-gs-4069-rt\/#breadcrumb"},"inLanguage":"de","potentialAction":[{"@type":"ReadAction","target":["https:\/\/www.thecityrent.be\/de\/produkt\/lm-elektrische-mastbuhne-diesel-genie-gs-4069-rt\/"]}]},{"@type":"ImageObject","inLanguage":"de","@id":"https:\/\/www.thecityrent.be\/de\/produkt\/lm-elektrische-mastbuhne-diesel-genie-gs-4069-rt\/#primaryimage","url":"https:\/\/www.thecityrent.be\/wp-content\/uploads\/te\u0301le\u0301chargement-1-17.jpeg","contentUrl":"https:\/\/www.thecityrent.be\/wp-content\/uploads\/te\u0301le\u0301chargement-1-17.jpeg","width":440,"height":439},{"@type":"BreadcrumbList","@id":"https:\/\/www.thecityrent.be\/de\/produkt\/lm-elektrische-mastbuhne-diesel-genie-gs-4069-rt\/#breadcrumb","itemListElement":[{"@type":"ListItem","position":1,"name":"Home","item":"https:\/\/www.thecityrent.be\/de\/"},{"@type":"ListItem","position":2,"name":"Shop","item":"https:\/\/www.thecityrent.be\/shop\/"},{"@type":"ListItem","position":3,"name":"LM\u2013ELEKTRISCHE MASTB\u00dcHNE DIESEL GENIE GS 4069 RT"}]},{"@type":"WebSite","@id":"https:\/\/www.thecityrent.be\/#website","url":"https:\/\/www.thecityrent.be\/","name":"The City&#039;Rent &amp; Safety","description":"Votre partenaire pour la location de mat\u00e9riel, outillage &amp; v\u00e9hicules","potentialAction":[{"@type":"SearchAction","target":{"@type":"EntryPoint","urlTemplate":"https:\/\/www.thecityrent.be\/?s={search_term_string}"},"query-input":{"@type":"PropertyValueSpecification","valueRequired":true,"valueName":"search_term_string"}}],"inLanguage":"de"}]}},"_links":{"self":[{"href":"https:\/\/www.thecityrent.be\/de\/wp-json\/wp\/v2\/product\/1638","targetHints":{"allow":["GET"]}}],"collection":[{"href":"https:\/\/www.thecityrent.be\/de\/wp-json\/wp\/v2\/product"}],"about":[{"href":"https:\/\/www.thecityrent.be\/de\/wp-json\/wp\/v2\/types\/product"}],"replies":[{"embeddable":true,"href":"https:\/\/www.thecityrent.be\/de\/wp-json\/wp\/v2\/comments?post=1638"}],"wp:featuredmedia":[{"embeddable":true,"href":"https:\/\/www.thecityrent.be\/de\/wp-json\/wp\/v2\/media\/1163"}],"wp:attachment":[{"href":"https:\/\/www.thecityrent.be\/de\/wp-json\/wp\/v2\/media?parent=1638"}],"wp:term":[{"taxonomy":"product_brand","embeddable":true,"href":"https:\/\/www.thecityrent.be\/de\/wp-json\/wp\/v2\/product_brand?post=1638"},{"taxonomy":"product_cat","embeddable":true,"href":"https:\/\/www.thecityrent.be\/de\/wp-json\/wp\/v2\/product_cat?post=1638"},{"taxonomy":"product_tag","embeddable":true,"href":"https:\/\/www.thecityrent.be\/de\/wp-json\/wp\/v2\/product_tag?post=1638"}],"curies":[{"name":"wp","href":"https:\/\/api.w.org\/{rel}","templated":true}]}}