{"id":1610,"date":"2022-03-27T13:18:21","date_gmt":"2022-03-27T11:18:21","guid":{"rendered":"https:\/\/www.thecityrent.be\/?post_type=product&#038;p=1610"},"modified":"2023-02-01T09:38:01","modified_gmt":"2023-02-01T08:38:01","slug":"sf-fugensaege-2-scheiben","status":"publish","type":"product","link":"https:\/\/www.thecityrent.be\/de\/produkt\/sf-fugensaege-2-scheiben\/","title":{"rendered":"SF-FUGENS\u00c4GE (2 SCHEIBEN)"},"content":{"rendered":"<ul>\n<li><strong>KAUTION<\/strong> : 50,00 \u20ac<\/li>\n<li><strong>PREIS\/TAG<\/strong> : 43,00 \u20ac<\/li>\n<li><strong>PREIS\/TAG\/WOCHE<\/strong> : 34,00 \u20ac<\/li>\n<li><strong>PREIS\/WOCHENENDE<\/strong> : 77,00 \u20ac<\/li>\n<li><strong>PREIS\/TAG\/MONAT<\/strong> : 26,00 \u20ac<\/li>\n<\/ul>\n","protected":false},"excerpt":{"rendered":"<ul>\n<li>Optimales Zusammenwirken zwischen Motor und Rotationsgeschwindigkeit<\/li>\n<li>Elektronisch gesteuerte Softstart-Phase<\/li>\n<li>Elektronischer Stillstand im Falle von \u00dcberspannung oder Blockierung<\/li>\n<li>Direkter Neustart nach \u00dcberspannung<\/li>\n<\/ul>\n<p>Verschlei\u00df Diamant\u00a040\u20ac\/mm<\/p>\n<ul>\n<li>Leistung\u00a0:\u00a01.800 W<\/li>\n<li>Drehgeschwindigkeit\u00a0:\u00a07.800 t\/mn<\/li>\n<li>Schnittbreite\u00a0:\u00a0150 mm<\/li>\n<li>Schnitttiefe\u00a0:\u00a07 &#8211; 35 mm<\/li>\n<li>Gewicht :\u00a07 &#8211; 45 kg<\/li>\n<\/ul>\n","protected":false},"featured_media":5942,"comment_status":"closed","ping_status":"closed","template":"","meta":{"_acf_changed":false},"product_brand":[],"product_cat":[70],"product_tag":[],"class_list":{"0":"post-1610","1":"product","2":"type-product","3":"status-publish","4":"has-post-thumbnail","6":"product_cat-saegen-und-bohren","8":"first","9":"instock","10":"taxable","11":"shipping-taxable","12":"purchasable","13":"product-type-simple"},"acf":[],"yoast_head":"<!-- This site is optimized with the Yoast SEO plugin v27.5 - https:\/\/yoast.com\/product\/yoast-seo-wordpress\/ -->\n<title>SF-FUGENS\u00c4GE (2 SCHEIBEN) - The City Rent &amp; Partner<\/title>\n<meta name=\"robots\" content=\"index, follow, max-snippet:-1, max-image-preview:large, max-video-preview:-1\" \/>\n<link rel=\"canonical\" href=\"https:\/\/www.thecityrent.be\/de\/produkt\/sf-fugensaege-2-scheiben\/\" \/>\n<meta property=\"og:locale\" content=\"de_DE\" \/>\n<meta property=\"og:type\" content=\"article\" \/>\n<meta property=\"og:title\" content=\"SF-FUGENS\u00c4GE (2 SCHEIBEN) - The City Rent &amp; Partner\" \/>\n<meta property=\"og:description\" content=\"Optimales Zusammenwirken zwischen Motor und Rotationsgeschwindigkeit  Elektronisch gesteuerte Softstart-Phase  Elektronischer Stillstand im Falle von \u00dcberspannung oder Blockierung  Direkter Neustart nach \u00dcberspannung  Verschlei\u00df Diamant\u00a040\u20ac\/mm   Leistung\u00a0:\u00a01.800 W  Drehgeschwindigkeit\u00a0:\u00a07.800 t\/mn  Schnittbreite\u00a0:\u00a0150 mm  Schnitttiefe\u00a0:\u00a07 - 35 mm  Gewicht :\u00a07 - 45 kg\" \/>\n<meta property=\"og:url\" content=\"https:\/\/www.thecityrent.be\/de\/produkt\/sf-fugensaege-2-scheiben\/\" \/>\n<meta property=\"og:site_name\" content=\"The City Rent &amp; Partner\" \/>\n<meta property=\"article:modified_time\" content=\"2023-02-01T08:38:01+00:00\" \/>\n<meta property=\"og:image\" content=\"https:\/\/www.thecityrent.be\/wp-content\/uploads\/te\u0301le\u0301chargement-40.jpeg\" \/>\n\t<meta property=\"og:image:width\" content=\"440\" \/>\n\t<meta property=\"og:image:height\" content=\"439\" \/>\n\t<meta property=\"og:image:type\" content=\"image\/jpeg\" \/>\n<meta name=\"twitter:card\" content=\"summary_large_image\" \/>\n<meta name=\"twitter:label1\" content=\"Gesch\u00e4tzte Lesezeit\" \/>\n\t<meta name=\"twitter:data1\" content=\"1\u00a0Minute\" \/>\n<script type=\"application\/ld+json\" class=\"yoast-schema-graph\">{\"@context\":\"https:\\\/\\\/schema.org\",\"@graph\":[{\"@type\":\"WebPage\",\"@id\":\"https:\\\/\\\/www.thecityrent.be\\\/de\\\/produkt\\\/sf-fugensaege-2-scheiben\\\/\",\"url\":\"https:\\\/\\\/www.thecityrent.be\\\/de\\\/produkt\\\/sf-fugensaege-2-scheiben\\\/\",\"name\":\"SF-FUGENS\u00c4GE (2 SCHEIBEN) - The City Rent &amp; Partner\",\"isPartOf\":{\"@id\":\"https:\\\/\\\/www.thecityrent.be\\\/#website\"},\"primaryImageOfPage\":{\"@id\":\"https:\\\/\\\/www.thecityrent.be\\\/de\\\/produkt\\\/sf-fugensaege-2-scheiben\\\/#primaryimage\"},\"image\":{\"@id\":\"https:\\\/\\\/www.thecityrent.be\\\/de\\\/produkt\\\/sf-fugensaege-2-scheiben\\\/#primaryimage\"},\"thumbnailUrl\":\"https:\\\/\\\/www.thecityrent.be\\\/wp-content\\\/uploads\\\/baier_bdn453_toolnation-1.jpg\",\"datePublished\":\"2022-03-27T11:18:21+00:00\",\"dateModified\":\"2023-02-01T08:38:01+00:00\",\"breadcrumb\":{\"@id\":\"https:\\\/\\\/www.thecityrent.be\\\/de\\\/produkt\\\/sf-fugensaege-2-scheiben\\\/#breadcrumb\"},\"inLanguage\":\"de\",\"potentialAction\":[{\"@type\":\"ReadAction\",\"target\":[\"https:\\\/\\\/www.thecityrent.be\\\/de\\\/produkt\\\/sf-fugensaege-2-scheiben\\\/\"]}]},{\"@type\":\"ImageObject\",\"inLanguage\":\"de\",\"@id\":\"https:\\\/\\\/www.thecityrent.be\\\/de\\\/produkt\\\/sf-fugensaege-2-scheiben\\\/#primaryimage\",\"url\":\"https:\\\/\\\/www.thecityrent.be\\\/wp-content\\\/uploads\\\/baier_bdn453_toolnation-1.jpg\",\"contentUrl\":\"https:\\\/\\\/www.thecityrent.be\\\/wp-content\\\/uploads\\\/baier_bdn453_toolnation-1.jpg\",\"width\":776,\"height\":776},{\"@type\":\"BreadcrumbList\",\"@id\":\"https:\\\/\\\/www.thecityrent.be\\\/de\\\/produkt\\\/sf-fugensaege-2-scheiben\\\/#breadcrumb\",\"itemListElement\":[{\"@type\":\"ListItem\",\"position\":1,\"name\":\"Home\",\"item\":\"https:\\\/\\\/www.thecityrent.be\\\/de\\\/\"},{\"@type\":\"ListItem\",\"position\":2,\"name\":\"Shop\",\"item\":\"https:\\\/\\\/www.thecityrent.be\\\/shop\\\/\"},{\"@type\":\"ListItem\",\"position\":3,\"name\":\"SF-FUGENS\u00c4GE (2 SCHEIBEN)\"}]},{\"@type\":\"WebSite\",\"@id\":\"https:\\\/\\\/www.thecityrent.be\\\/#website\",\"url\":\"https:\\\/\\\/www.thecityrent.be\\\/\",\"name\":\"The City Rent &amp; Partner\",\"description\":\"Votre partenaire pour la location de mat\u00e9riel, outillage &amp; v\u00e9hicules\",\"potentialAction\":[{\"@type\":\"SearchAction\",\"target\":{\"@type\":\"EntryPoint\",\"urlTemplate\":\"https:\\\/\\\/www.thecityrent.be\\\/?s={search_term_string}\"},\"query-input\":{\"@type\":\"PropertyValueSpecification\",\"valueRequired\":true,\"valueName\":\"search_term_string\"}}],\"inLanguage\":\"de\"}]}<\/script>\n<!-- \/ Yoast SEO plugin. -->","yoast_head_json":{"title":"SF-FUGENS\u00c4GE (2 SCHEIBEN) - The City Rent &amp; Partner","robots":{"index":"index","follow":"follow","max-snippet":"max-snippet:-1","max-image-preview":"max-image-preview:large","max-video-preview":"max-video-preview:-1"},"canonical":"https:\/\/www.thecityrent.be\/de\/produkt\/sf-fugensaege-2-scheiben\/","og_locale":"de_DE","og_type":"article","og_title":"SF-FUGENS\u00c4GE (2 SCHEIBEN) - The City Rent &amp; Partner","og_description":"Optimales Zusammenwirken zwischen Motor und Rotationsgeschwindigkeit  Elektronisch gesteuerte Softstart-Phase  Elektronischer Stillstand im Falle von \u00dcberspannung oder Blockierung  Direkter Neustart nach \u00dcberspannung  Verschlei\u00df Diamant\u00a040\u20ac\/mm   Leistung\u00a0:\u00a01.800 W  Drehgeschwindigkeit\u00a0:\u00a07.800 t\/mn  Schnittbreite\u00a0:\u00a0150 mm  Schnitttiefe\u00a0:\u00a07 - 35 mm  Gewicht :\u00a07 - 45 kg","og_url":"https:\/\/www.thecityrent.be\/de\/produkt\/sf-fugensaege-2-scheiben\/","og_site_name":"The City Rent &amp; Partner","article_modified_time":"2023-02-01T08:38:01+00:00","og_image":[{"width":440,"height":439,"url":"https:\/\/www.thecityrent.be\/wp-content\/uploads\/te\u0301le\u0301chargement-40.jpeg","type":"image\/jpeg"}],"twitter_card":"summary_large_image","twitter_misc":{"Gesch\u00e4tzte Lesezeit":"1\u00a0Minute"},"schema":{"@context":"https:\/\/schema.org","@graph":[{"@type":"WebPage","@id":"https:\/\/www.thecityrent.be\/de\/produkt\/sf-fugensaege-2-scheiben\/","url":"https:\/\/www.thecityrent.be\/de\/produkt\/sf-fugensaege-2-scheiben\/","name":"SF-FUGENS\u00c4GE (2 SCHEIBEN) - The City Rent &amp; Partner","isPartOf":{"@id":"https:\/\/www.thecityrent.be\/#website"},"primaryImageOfPage":{"@id":"https:\/\/www.thecityrent.be\/de\/produkt\/sf-fugensaege-2-scheiben\/#primaryimage"},"image":{"@id":"https:\/\/www.thecityrent.be\/de\/produkt\/sf-fugensaege-2-scheiben\/#primaryimage"},"thumbnailUrl":"https:\/\/www.thecityrent.be\/wp-content\/uploads\/baier_bdn453_toolnation-1.jpg","datePublished":"2022-03-27T11:18:21+00:00","dateModified":"2023-02-01T08:38:01+00:00","breadcrumb":{"@id":"https:\/\/www.thecityrent.be\/de\/produkt\/sf-fugensaege-2-scheiben\/#breadcrumb"},"inLanguage":"de","potentialAction":[{"@type":"ReadAction","target":["https:\/\/www.thecityrent.be\/de\/produkt\/sf-fugensaege-2-scheiben\/"]}]},{"@type":"ImageObject","inLanguage":"de","@id":"https:\/\/www.thecityrent.be\/de\/produkt\/sf-fugensaege-2-scheiben\/#primaryimage","url":"https:\/\/www.thecityrent.be\/wp-content\/uploads\/baier_bdn453_toolnation-1.jpg","contentUrl":"https:\/\/www.thecityrent.be\/wp-content\/uploads\/baier_bdn453_toolnation-1.jpg","width":776,"height":776},{"@type":"BreadcrumbList","@id":"https:\/\/www.thecityrent.be\/de\/produkt\/sf-fugensaege-2-scheiben\/#breadcrumb","itemListElement":[{"@type":"ListItem","position":1,"name":"Home","item":"https:\/\/www.thecityrent.be\/de\/"},{"@type":"ListItem","position":2,"name":"Shop","item":"https:\/\/www.thecityrent.be\/shop\/"},{"@type":"ListItem","position":3,"name":"SF-FUGENS\u00c4GE (2 SCHEIBEN)"}]},{"@type":"WebSite","@id":"https:\/\/www.thecityrent.be\/#website","url":"https:\/\/www.thecityrent.be\/","name":"The City Rent &amp; Partner","description":"Votre partenaire pour la location de mat\u00e9riel, outillage &amp; v\u00e9hicules","potentialAction":[{"@type":"SearchAction","target":{"@type":"EntryPoint","urlTemplate":"https:\/\/www.thecityrent.be\/?s={search_term_string}"},"query-input":{"@type":"PropertyValueSpecification","valueRequired":true,"valueName":"search_term_string"}}],"inLanguage":"de"}]}},"_links":{"self":[{"href":"https:\/\/www.thecityrent.be\/de\/wp-json\/wp\/v2\/product\/1610","targetHints":{"allow":["GET"]}}],"collection":[{"href":"https:\/\/www.thecityrent.be\/de\/wp-json\/wp\/v2\/product"}],"about":[{"href":"https:\/\/www.thecityrent.be\/de\/wp-json\/wp\/v2\/types\/product"}],"replies":[{"embeddable":true,"href":"https:\/\/www.thecityrent.be\/de\/wp-json\/wp\/v2\/comments?post=1610"}],"wp:featuredmedia":[{"embeddable":true,"href":"https:\/\/www.thecityrent.be\/de\/wp-json\/wp\/v2\/media\/5942"}],"wp:attachment":[{"href":"https:\/\/www.thecityrent.be\/de\/wp-json\/wp\/v2\/media?parent=1610"}],"wp:term":[{"taxonomy":"product_brand","embeddable":true,"href":"https:\/\/www.thecityrent.be\/de\/wp-json\/wp\/v2\/product_brand?post=1610"},{"taxonomy":"product_cat","embeddable":true,"href":"https:\/\/www.thecityrent.be\/de\/wp-json\/wp\/v2\/product_cat?post=1610"},{"taxonomy":"product_tag","embeddable":true,"href":"https:\/\/www.thecityrent.be\/de\/wp-json\/wp\/v2\/product_tag?post=1610"}],"curies":[{"name":"wp","href":"https:\/\/api.w.org\/{rel}","templated":true}]}}