{"id":1604,"date":"2022-03-27T13:11:51","date_gmt":"2022-03-27T11:11:51","guid":{"rendered":"https:\/\/www.thecityrent.be\/?post_type=product&#038;p=1604"},"modified":"2023-02-01T09:44:02","modified_gmt":"2023-02-01T08:44:02","slug":"sf-elektrischer-winkelschneider-mit-zugang-fuer-staubsauger","status":"publish","type":"product","link":"https:\/\/www.thecityrent.be\/de\/produkt\/sf-elektrischer-winkelschneider-mit-zugang-fuer-staubsauger\/","title":{"rendered":"SF-ELEKTRISCHER WINKELSCHNEIDER MIT ZUGANG F\u00dcR STAUBSAUGER"},"content":{"rendered":"<div class=\"pxHabillage\">\n<ul>\n<li><strong>KAUTION<\/strong> : 50,00 \u20ac<\/li>\n<li><strong>PREIS\/TAG<\/strong> : 21,00 \u20ac<\/li>\n<li><strong>PREIS\/TAG\/WOCHE<\/strong> : 17,00 \u20ac<\/li>\n<li><strong>PREIS\/WOCHENENDE<\/strong> : 39,00 \u20ac<\/li>\n<li><strong>PREIS\/TAG\/MONAT<\/strong> : 13,00 \u20ac<\/li>\n<\/ul>\n<\/div>\n","protected":false},"excerpt":{"rendered":"<p><strong>Leistungsstarker Winkelschleifer.<\/strong><\/p>\n<ul>\n<li>Leistungsstarker\u00a0FEIN-Motor &#8211; Hohe Wirkung auf dem ganzen Arbeitsbereich.<\/li>\n<li>Vollst\u00e4ndiges Sicherheitssystem dank elektrischem EBS Bremssystem, Schutz gegen unerwarteten Anlauf und progressives Anlaufen.<\/li>\n<li>Werkzeugloses System zum schnellen Spannen\u00a0QuickIN FEIN &#8211; Sicheres Einspannen des Zubeh\u00f6rs ohne Schl\u00fcssel.<\/li>\n<li>Hintergriff mit 4 Positionen.<\/li>\n<li>Staubgesch\u00fctzte Kugellager.<\/li>\n<li>Gesch\u00fctze Elektrokomponenten.<\/li>\n<li>Kohlen mit\u00a0Verschleisszustandserfassungsvorrichtung\u00a0(Abschaltkohleb\u00fcrsten).<\/li>\n<\/ul>\n","protected":false},"featured_media":569,"comment_status":"closed","ping_status":"closed","template":"","meta":{"_acf_changed":false},"product_brand":[],"product_cat":[70],"product_tag":[],"class_list":{"0":"post-1604","1":"product","2":"type-product","3":"status-publish","4":"has-post-thumbnail","6":"product_cat-saegen-und-bohren","8":"first","9":"instock","10":"taxable","11":"shipping-taxable","12":"purchasable","13":"product-type-simple"},"acf":[],"yoast_head":"<!-- This site is optimized with the Yoast SEO plugin v27.5 - https:\/\/yoast.com\/product\/yoast-seo-wordpress\/ -->\n<title>SF-ELEKTRISCHER WINKELSCHNEIDER MIT ZUGANG F\u00dcR STAUBSAUGER - The City Rent &amp; Partner<\/title>\n<meta name=\"robots\" content=\"index, follow, max-snippet:-1, max-image-preview:large, max-video-preview:-1\" \/>\n<link rel=\"canonical\" href=\"https:\/\/www.thecityrent.be\/de\/produkt\/sf-elektrischer-winkelschneider-mit-zugang-fuer-staubsauger\/\" \/>\n<meta property=\"og:locale\" content=\"de_DE\" \/>\n<meta property=\"og:type\" content=\"article\" \/>\n<meta property=\"og:title\" content=\"SF-ELEKTRISCHER WINKELSCHNEIDER MIT ZUGANG F\u00dcR STAUBSAUGER - The City Rent &amp; Partner\" \/>\n<meta property=\"og:description\" content=\"Leistungsstarker Winkelschleifer.   Leistungsstarker\u00a0FEIN-Motor - Hohe Wirkung auf dem ganzen Arbeitsbereich.  Vollst\u00e4ndiges Sicherheitssystem dank elektrischem EBS Bremssystem, Schutz gegen unerwarteten Anlauf und progressives Anlaufen.  Werkzeugloses System zum schnellen Spannen\u00a0QuickIN FEIN - Sicheres Einspannen des Zubeh\u00f6rs ohne Schl\u00fcssel.  Hintergriff mit 4 Positionen.  Staubgesch\u00fctzte Kugellager.  Gesch\u00fctze Elektrokomponenten.  Kohlen mit\u00a0Verschleisszustandserfassungsvorrichtung\u00a0(Abschaltkohleb\u00fcrsten).\" \/>\n<meta property=\"og:url\" content=\"https:\/\/www.thecityrent.be\/de\/produkt\/sf-elektrischer-winkelschneider-mit-zugang-fuer-staubsauger\/\" \/>\n<meta property=\"og:site_name\" content=\"The City Rent &amp; Partner\" \/>\n<meta property=\"article:modified_time\" content=\"2023-02-01T08:44:02+00:00\" \/>\n<meta property=\"og:image\" content=\"https:\/\/www.thecityrent.be\/wp-content\/uploads\/SF601.jpg\" \/>\n\t<meta property=\"og:image:width\" content=\"440\" \/>\n\t<meta property=\"og:image:height\" content=\"439\" \/>\n\t<meta property=\"og:image:type\" content=\"image\/jpeg\" \/>\n<meta name=\"twitter:card\" content=\"summary_large_image\" \/>\n<meta name=\"twitter:label1\" content=\"Gesch\u00e4tzte Lesezeit\" \/>\n\t<meta name=\"twitter:data1\" content=\"1\u00a0Minute\" \/>\n<script type=\"application\/ld+json\" class=\"yoast-schema-graph\">{\"@context\":\"https:\\\/\\\/schema.org\",\"@graph\":[{\"@type\":\"WebPage\",\"@id\":\"https:\\\/\\\/www.thecityrent.be\\\/de\\\/produkt\\\/sf-elektrischer-winkelschneider-mit-zugang-fuer-staubsauger\\\/\",\"url\":\"https:\\\/\\\/www.thecityrent.be\\\/de\\\/produkt\\\/sf-elektrischer-winkelschneider-mit-zugang-fuer-staubsauger\\\/\",\"name\":\"SF-ELEKTRISCHER WINKELSCHNEIDER MIT ZUGANG F\u00dcR STAUBSAUGER - The City Rent &amp; Partner\",\"isPartOf\":{\"@id\":\"https:\\\/\\\/www.thecityrent.be\\\/#website\"},\"primaryImageOfPage\":{\"@id\":\"https:\\\/\\\/www.thecityrent.be\\\/de\\\/produkt\\\/sf-elektrischer-winkelschneider-mit-zugang-fuer-staubsauger\\\/#primaryimage\"},\"image\":{\"@id\":\"https:\\\/\\\/www.thecityrent.be\\\/de\\\/produkt\\\/sf-elektrischer-winkelschneider-mit-zugang-fuer-staubsauger\\\/#primaryimage\"},\"thumbnailUrl\":\"https:\\\/\\\/www.thecityrent.be\\\/wp-content\\\/uploads\\\/SF601.jpg\",\"datePublished\":\"2022-03-27T11:11:51+00:00\",\"dateModified\":\"2023-02-01T08:44:02+00:00\",\"breadcrumb\":{\"@id\":\"https:\\\/\\\/www.thecityrent.be\\\/de\\\/produkt\\\/sf-elektrischer-winkelschneider-mit-zugang-fuer-staubsauger\\\/#breadcrumb\"},\"inLanguage\":\"de\",\"potentialAction\":[{\"@type\":\"ReadAction\",\"target\":[\"https:\\\/\\\/www.thecityrent.be\\\/de\\\/produkt\\\/sf-elektrischer-winkelschneider-mit-zugang-fuer-staubsauger\\\/\"]}]},{\"@type\":\"ImageObject\",\"inLanguage\":\"de\",\"@id\":\"https:\\\/\\\/www.thecityrent.be\\\/de\\\/produkt\\\/sf-elektrischer-winkelschneider-mit-zugang-fuer-staubsauger\\\/#primaryimage\",\"url\":\"https:\\\/\\\/www.thecityrent.be\\\/wp-content\\\/uploads\\\/SF601.jpg\",\"contentUrl\":\"https:\\\/\\\/www.thecityrent.be\\\/wp-content\\\/uploads\\\/SF601.jpg\",\"width\":440,\"height\":439},{\"@type\":\"BreadcrumbList\",\"@id\":\"https:\\\/\\\/www.thecityrent.be\\\/de\\\/produkt\\\/sf-elektrischer-winkelschneider-mit-zugang-fuer-staubsauger\\\/#breadcrumb\",\"itemListElement\":[{\"@type\":\"ListItem\",\"position\":1,\"name\":\"Home\",\"item\":\"https:\\\/\\\/www.thecityrent.be\\\/de\\\/\"},{\"@type\":\"ListItem\",\"position\":2,\"name\":\"Shop\",\"item\":\"https:\\\/\\\/www.thecityrent.be\\\/shop\\\/\"},{\"@type\":\"ListItem\",\"position\":3,\"name\":\"SF-ELEKTRISCHER WINKELSCHNEIDER MIT ZUGANG F\u00dcR STAUBSAUGER\"}]},{\"@type\":\"WebSite\",\"@id\":\"https:\\\/\\\/www.thecityrent.be\\\/#website\",\"url\":\"https:\\\/\\\/www.thecityrent.be\\\/\",\"name\":\"The City Rent &amp; Partner\",\"description\":\"Votre partenaire pour la location de mat\u00e9riel, outillage &amp; v\u00e9hicules\",\"potentialAction\":[{\"@type\":\"SearchAction\",\"target\":{\"@type\":\"EntryPoint\",\"urlTemplate\":\"https:\\\/\\\/www.thecityrent.be\\\/?s={search_term_string}\"},\"query-input\":{\"@type\":\"PropertyValueSpecification\",\"valueRequired\":true,\"valueName\":\"search_term_string\"}}],\"inLanguage\":\"de\"}]}<\/script>\n<!-- \/ Yoast SEO plugin. -->","yoast_head_json":{"title":"SF-ELEKTRISCHER WINKELSCHNEIDER MIT ZUGANG F\u00dcR STAUBSAUGER - The City Rent &amp; Partner","robots":{"index":"index","follow":"follow","max-snippet":"max-snippet:-1","max-image-preview":"max-image-preview:large","max-video-preview":"max-video-preview:-1"},"canonical":"https:\/\/www.thecityrent.be\/de\/produkt\/sf-elektrischer-winkelschneider-mit-zugang-fuer-staubsauger\/","og_locale":"de_DE","og_type":"article","og_title":"SF-ELEKTRISCHER WINKELSCHNEIDER MIT ZUGANG F\u00dcR STAUBSAUGER - The City Rent &amp; Partner","og_description":"Leistungsstarker Winkelschleifer.   Leistungsstarker\u00a0FEIN-Motor - Hohe Wirkung auf dem ganzen Arbeitsbereich.  Vollst\u00e4ndiges Sicherheitssystem dank elektrischem EBS Bremssystem, Schutz gegen unerwarteten Anlauf und progressives Anlaufen.  Werkzeugloses System zum schnellen Spannen\u00a0QuickIN FEIN - Sicheres Einspannen des Zubeh\u00f6rs ohne Schl\u00fcssel.  Hintergriff mit 4 Positionen.  Staubgesch\u00fctzte Kugellager.  Gesch\u00fctze Elektrokomponenten.  Kohlen mit\u00a0Verschleisszustandserfassungsvorrichtung\u00a0(Abschaltkohleb\u00fcrsten).","og_url":"https:\/\/www.thecityrent.be\/de\/produkt\/sf-elektrischer-winkelschneider-mit-zugang-fuer-staubsauger\/","og_site_name":"The City Rent &amp; Partner","article_modified_time":"2023-02-01T08:44:02+00:00","og_image":[{"width":440,"height":439,"url":"https:\/\/www.thecityrent.be\/wp-content\/uploads\/SF601.jpg","type":"image\/jpeg"}],"twitter_card":"summary_large_image","twitter_misc":{"Gesch\u00e4tzte Lesezeit":"1\u00a0Minute"},"schema":{"@context":"https:\/\/schema.org","@graph":[{"@type":"WebPage","@id":"https:\/\/www.thecityrent.be\/de\/produkt\/sf-elektrischer-winkelschneider-mit-zugang-fuer-staubsauger\/","url":"https:\/\/www.thecityrent.be\/de\/produkt\/sf-elektrischer-winkelschneider-mit-zugang-fuer-staubsauger\/","name":"SF-ELEKTRISCHER WINKELSCHNEIDER MIT ZUGANG F\u00dcR STAUBSAUGER - The City Rent &amp; Partner","isPartOf":{"@id":"https:\/\/www.thecityrent.be\/#website"},"primaryImageOfPage":{"@id":"https:\/\/www.thecityrent.be\/de\/produkt\/sf-elektrischer-winkelschneider-mit-zugang-fuer-staubsauger\/#primaryimage"},"image":{"@id":"https:\/\/www.thecityrent.be\/de\/produkt\/sf-elektrischer-winkelschneider-mit-zugang-fuer-staubsauger\/#primaryimage"},"thumbnailUrl":"https:\/\/www.thecityrent.be\/wp-content\/uploads\/SF601.jpg","datePublished":"2022-03-27T11:11:51+00:00","dateModified":"2023-02-01T08:44:02+00:00","breadcrumb":{"@id":"https:\/\/www.thecityrent.be\/de\/produkt\/sf-elektrischer-winkelschneider-mit-zugang-fuer-staubsauger\/#breadcrumb"},"inLanguage":"de","potentialAction":[{"@type":"ReadAction","target":["https:\/\/www.thecityrent.be\/de\/produkt\/sf-elektrischer-winkelschneider-mit-zugang-fuer-staubsauger\/"]}]},{"@type":"ImageObject","inLanguage":"de","@id":"https:\/\/www.thecityrent.be\/de\/produkt\/sf-elektrischer-winkelschneider-mit-zugang-fuer-staubsauger\/#primaryimage","url":"https:\/\/www.thecityrent.be\/wp-content\/uploads\/SF601.jpg","contentUrl":"https:\/\/www.thecityrent.be\/wp-content\/uploads\/SF601.jpg","width":440,"height":439},{"@type":"BreadcrumbList","@id":"https:\/\/www.thecityrent.be\/de\/produkt\/sf-elektrischer-winkelschneider-mit-zugang-fuer-staubsauger\/#breadcrumb","itemListElement":[{"@type":"ListItem","position":1,"name":"Home","item":"https:\/\/www.thecityrent.be\/de\/"},{"@type":"ListItem","position":2,"name":"Shop","item":"https:\/\/www.thecityrent.be\/shop\/"},{"@type":"ListItem","position":3,"name":"SF-ELEKTRISCHER WINKELSCHNEIDER MIT ZUGANG F\u00dcR STAUBSAUGER"}]},{"@type":"WebSite","@id":"https:\/\/www.thecityrent.be\/#website","url":"https:\/\/www.thecityrent.be\/","name":"The City Rent &amp; Partner","description":"Votre partenaire pour la location de mat\u00e9riel, outillage &amp; v\u00e9hicules","potentialAction":[{"@type":"SearchAction","target":{"@type":"EntryPoint","urlTemplate":"https:\/\/www.thecityrent.be\/?s={search_term_string}"},"query-input":{"@type":"PropertyValueSpecification","valueRequired":true,"valueName":"search_term_string"}}],"inLanguage":"de"}]}},"_links":{"self":[{"href":"https:\/\/www.thecityrent.be\/de\/wp-json\/wp\/v2\/product\/1604","targetHints":{"allow":["GET"]}}],"collection":[{"href":"https:\/\/www.thecityrent.be\/de\/wp-json\/wp\/v2\/product"}],"about":[{"href":"https:\/\/www.thecityrent.be\/de\/wp-json\/wp\/v2\/types\/product"}],"replies":[{"embeddable":true,"href":"https:\/\/www.thecityrent.be\/de\/wp-json\/wp\/v2\/comments?post=1604"}],"wp:featuredmedia":[{"embeddable":true,"href":"https:\/\/www.thecityrent.be\/de\/wp-json\/wp\/v2\/media\/569"}],"wp:attachment":[{"href":"https:\/\/www.thecityrent.be\/de\/wp-json\/wp\/v2\/media?parent=1604"}],"wp:term":[{"taxonomy":"product_brand","embeddable":true,"href":"https:\/\/www.thecityrent.be\/de\/wp-json\/wp\/v2\/product_brand?post=1604"},{"taxonomy":"product_cat","embeddable":true,"href":"https:\/\/www.thecityrent.be\/de\/wp-json\/wp\/v2\/product_cat?post=1604"},{"taxonomy":"product_tag","embeddable":true,"href":"https:\/\/www.thecityrent.be\/de\/wp-json\/wp\/v2\/product_tag?post=1604"}],"curies":[{"name":"wp","href":"https:\/\/api.w.org\/{rel}","templated":true}]}}