{"id":1599,"date":"2022-03-27T13:07:55","date_gmt":"2022-03-27T11:07:55","guid":{"rendered":"https:\/\/www.thecityrent.be\/?post_type=product&#038;p=1599"},"modified":"2023-02-01T09:46:21","modified_gmt":"2023-02-01T08:46:21","slug":"sf-beton-motorsaege-140-mm","status":"publish","type":"product","link":"https:\/\/www.thecityrent.be\/de\/produkt\/sf-beton-motorsaege-140-mm\/","title":{"rendered":"SF-BETON MOTORS\u00c4GE 140 MM"},"content":{"rendered":"<div class=\"pxHabillage\">\n<ul>\n<li><strong>KAUTION<\/strong> : 50,00 \u20ac<\/li>\n<li><strong>PREIS\/TAG<\/strong> : 54,00 \u20ac<\/li>\n<li><strong>PREIS\/TAG\/WOCHE<\/strong> : 43,00 \u20ac<\/li>\n<li><strong>PREIS\/WOCHENENDE<\/strong> : 96,00 \u20ac<\/li>\n<li><strong>PREIS\/TAG\/MONAT<\/strong> : 32,00 \u20ac<\/li>\n<\/ul>\n<\/div>\n","protected":false},"excerpt":{"rendered":"<p>Die Beton-Motors\u00e4ge ist eine Schnittmaschine mit hervorragendem Gewicht\/Leistungsverh\u00e4ltnis.<\/p>\n<p>Sie besitzt unter anderem die neue\u00a0Active Air Filtration\u2122, eines der wirksamsten auf dem Markt. Es erm\u00f6glicht eine Nutzung bis zu 1 Jahr ohne Filterwechsel.<\/p>\n<p>Zudem besitzt sie einen\u00a0SmartCarb\u2122 Vergaser mit automatischem Ausgleich der Verstopfung des Luftfilters, sowie ein leistungsstarkes Antivibrationssystem.<\/p>\n<p>Der X-Torq\u2122-Motor produziert weniger Emissionen und hat einen niedrigeren Kraftstoffverbrauch\u00a0(bis zu 75 % weniger Emissionen, 20 % weniger Kraftstoffverbrauch und mehr Leistung) sowie\u00a0DuraStarter\u2122, dem staubdichten Starter f\u00fcr mehr Zuverl\u00e4ssigkeit und Lebensdauer.<\/p>\n<p>Einfach zu starten dank Air Purge und Dekompressionsventil.<\/p>\n<p>Neuer ergonomischer Griff und einfache Bedienung.<\/p>\n<p>Die K970 eignet sich f\u00fcr das S\u00e4gen von Beton und Mauermaterialien im Rahmen von Umbauten Renovierungen und Neubauten, aber auch f\u00fcr Mauer\u00f6ffnungen, sowie manche Rohr-, Teer- und Metallschneidearbeiten.<\/p>\n","protected":false},"featured_media":5905,"comment_status":"closed","ping_status":"closed","template":"","meta":{"_acf_changed":false},"product_brand":[],"product_cat":[70],"product_tag":[],"class_list":{"0":"post-1599","1":"product","2":"type-product","3":"status-publish","4":"has-post-thumbnail","6":"product_cat-saegen-und-bohren","8":"first","9":"instock","10":"taxable","11":"shipping-taxable","12":"purchasable","13":"product-type-simple"},"acf":[],"yoast_head":"<!-- This site is optimized with the Yoast SEO plugin v27.5 - https:\/\/yoast.com\/product\/yoast-seo-wordpress\/ -->\n<title>SF-BETON MOTORS\u00c4GE 140 MM - The City Rent &amp; Partner<\/title>\n<meta name=\"robots\" content=\"index, follow, max-snippet:-1, max-image-preview:large, max-video-preview:-1\" \/>\n<link rel=\"canonical\" href=\"https:\/\/www.thecityrent.be\/de\/produkt\/sf-beton-motorsaege-140-mm\/\" \/>\n<meta property=\"og:locale\" content=\"de_DE\" \/>\n<meta property=\"og:type\" content=\"article\" \/>\n<meta property=\"og:title\" content=\"SF-BETON MOTORS\u00c4GE 140 MM - The City Rent &amp; Partner\" \/>\n<meta property=\"og:description\" content=\"Die Beton-Motors\u00e4ge ist eine Schnittmaschine mit hervorragendem Gewicht\/Leistungsverh\u00e4ltnis.  Sie besitzt unter anderem die neue\u00a0Active Air Filtration\u2122, eines der wirksamsten auf dem Markt. Es erm\u00f6glicht eine Nutzung bis zu 1 Jahr ohne Filterwechsel.  Zudem besitzt sie einen\u00a0SmartCarb\u2122 Vergaser mit automatischem Ausgleich der Verstopfung des Luftfilters, sowie ein leistungsstarkes Antivibrationssystem.  Der X-Torq\u2122-Motor produziert weniger Emissionen und hat einen niedrigeren Kraftstoffverbrauch\u00a0(bis zu 75 % weniger Emissionen, 20 % weniger Kraftstoffverbrauch und mehr Leistung) sowie\u00a0DuraStarter\u2122, dem staubdichten Starter f\u00fcr mehr Zuverl\u00e4ssigkeit und Lebensdauer.  Einfach zu starten dank Air Purge und Dekompressionsventil.  Neuer ergonomischer Griff und einfache Bedienung.  Die K970 eignet sich f\u00fcr das S\u00e4gen von Beton und Mauermaterialien im Rahmen von Umbauten Renovierungen und Neubauten, aber auch f\u00fcr Mauer\u00f6ffnungen, sowie manche Rohr-, Teer- und Metallschneidearbeiten.\" \/>\n<meta property=\"og:url\" content=\"https:\/\/www.thecityrent.be\/de\/produkt\/sf-beton-motorsaege-140-mm\/\" \/>\n<meta property=\"og:site_name\" content=\"The City Rent &amp; Partner\" \/>\n<meta property=\"article:modified_time\" content=\"2023-02-01T08:46:21+00:00\" \/>\n<meta property=\"og:image\" content=\"https:\/\/www.thecityrent.be\/wp-content\/uploads\/WN-tronco.png\" \/>\n\t<meta property=\"og:image:width\" content=\"700\" \/>\n\t<meta property=\"og:image:height\" content=\"466\" \/>\n\t<meta property=\"og:image:type\" content=\"image\/png\" \/>\n<meta name=\"twitter:card\" content=\"summary_large_image\" \/>\n<meta name=\"twitter:label1\" content=\"Gesch\u00e4tzte Lesezeit\" \/>\n\t<meta name=\"twitter:data1\" content=\"1\u00a0Minute\" \/>\n<script type=\"application\/ld+json\" class=\"yoast-schema-graph\">{\"@context\":\"https:\\\/\\\/schema.org\",\"@graph\":[{\"@type\":\"WebPage\",\"@id\":\"https:\\\/\\\/www.thecityrent.be\\\/de\\\/produkt\\\/sf-beton-motorsaege-140-mm\\\/\",\"url\":\"https:\\\/\\\/www.thecityrent.be\\\/de\\\/produkt\\\/sf-beton-motorsaege-140-mm\\\/\",\"name\":\"SF-BETON MOTORS\u00c4GE 140 MM - The City Rent &amp; Partner\",\"isPartOf\":{\"@id\":\"https:\\\/\\\/www.thecityrent.be\\\/#website\"},\"primaryImageOfPage\":{\"@id\":\"https:\\\/\\\/www.thecityrent.be\\\/de\\\/produkt\\\/sf-beton-motorsaege-140-mm\\\/#primaryimage\"},\"image\":{\"@id\":\"https:\\\/\\\/www.thecityrent.be\\\/de\\\/produkt\\\/sf-beton-motorsaege-140-mm\\\/#primaryimage\"},\"thumbnailUrl\":\"https:\\\/\\\/www.thecityrent.be\\\/wp-content\\\/uploads\\\/img-8.jpg\",\"datePublished\":\"2022-03-27T11:07:55+00:00\",\"dateModified\":\"2023-02-01T08:46:21+00:00\",\"breadcrumb\":{\"@id\":\"https:\\\/\\\/www.thecityrent.be\\\/de\\\/produkt\\\/sf-beton-motorsaege-140-mm\\\/#breadcrumb\"},\"inLanguage\":\"de\",\"potentialAction\":[{\"@type\":\"ReadAction\",\"target\":[\"https:\\\/\\\/www.thecityrent.be\\\/de\\\/produkt\\\/sf-beton-motorsaege-140-mm\\\/\"]}]},{\"@type\":\"ImageObject\",\"inLanguage\":\"de\",\"@id\":\"https:\\\/\\\/www.thecityrent.be\\\/de\\\/produkt\\\/sf-beton-motorsaege-140-mm\\\/#primaryimage\",\"url\":\"https:\\\/\\\/www.thecityrent.be\\\/wp-content\\\/uploads\\\/img-8.jpg\",\"contentUrl\":\"https:\\\/\\\/www.thecityrent.be\\\/wp-content\\\/uploads\\\/img-8.jpg\",\"width\":1065,\"height\":656},{\"@type\":\"BreadcrumbList\",\"@id\":\"https:\\\/\\\/www.thecityrent.be\\\/de\\\/produkt\\\/sf-beton-motorsaege-140-mm\\\/#breadcrumb\",\"itemListElement\":[{\"@type\":\"ListItem\",\"position\":1,\"name\":\"Home\",\"item\":\"https:\\\/\\\/www.thecityrent.be\\\/de\\\/\"},{\"@type\":\"ListItem\",\"position\":2,\"name\":\"Shop\",\"item\":\"https:\\\/\\\/www.thecityrent.be\\\/shop\\\/\"},{\"@type\":\"ListItem\",\"position\":3,\"name\":\"SF-BETON MOTORS\u00c4GE 140 MM\"}]},{\"@type\":\"WebSite\",\"@id\":\"https:\\\/\\\/www.thecityrent.be\\\/#website\",\"url\":\"https:\\\/\\\/www.thecityrent.be\\\/\",\"name\":\"The City Rent &amp; Partner\",\"description\":\"Votre partenaire pour la location de mat\u00e9riel, outillage &amp; v\u00e9hicules\",\"potentialAction\":[{\"@type\":\"SearchAction\",\"target\":{\"@type\":\"EntryPoint\",\"urlTemplate\":\"https:\\\/\\\/www.thecityrent.be\\\/?s={search_term_string}\"},\"query-input\":{\"@type\":\"PropertyValueSpecification\",\"valueRequired\":true,\"valueName\":\"search_term_string\"}}],\"inLanguage\":\"de\"}]}<\/script>\n<!-- \/ Yoast SEO plugin. -->","yoast_head_json":{"title":"SF-BETON MOTORS\u00c4GE 140 MM - The City Rent &amp; Partner","robots":{"index":"index","follow":"follow","max-snippet":"max-snippet:-1","max-image-preview":"max-image-preview:large","max-video-preview":"max-video-preview:-1"},"canonical":"https:\/\/www.thecityrent.be\/de\/produkt\/sf-beton-motorsaege-140-mm\/","og_locale":"de_DE","og_type":"article","og_title":"SF-BETON MOTORS\u00c4GE 140 MM - The City Rent &amp; Partner","og_description":"Die Beton-Motors\u00e4ge ist eine Schnittmaschine mit hervorragendem Gewicht\/Leistungsverh\u00e4ltnis.  Sie besitzt unter anderem die neue\u00a0Active Air Filtration\u2122, eines der wirksamsten auf dem Markt. Es erm\u00f6glicht eine Nutzung bis zu 1 Jahr ohne Filterwechsel.  Zudem besitzt sie einen\u00a0SmartCarb\u2122 Vergaser mit automatischem Ausgleich der Verstopfung des Luftfilters, sowie ein leistungsstarkes Antivibrationssystem.  Der X-Torq\u2122-Motor produziert weniger Emissionen und hat einen niedrigeren Kraftstoffverbrauch\u00a0(bis zu 75 % weniger Emissionen, 20 % weniger Kraftstoffverbrauch und mehr Leistung) sowie\u00a0DuraStarter\u2122, dem staubdichten Starter f\u00fcr mehr Zuverl\u00e4ssigkeit und Lebensdauer.  Einfach zu starten dank Air Purge und Dekompressionsventil.  Neuer ergonomischer Griff und einfache Bedienung.  Die K970 eignet sich f\u00fcr das S\u00e4gen von Beton und Mauermaterialien im Rahmen von Umbauten Renovierungen und Neubauten, aber auch f\u00fcr Mauer\u00f6ffnungen, sowie manche Rohr-, Teer- und Metallschneidearbeiten.","og_url":"https:\/\/www.thecityrent.be\/de\/produkt\/sf-beton-motorsaege-140-mm\/","og_site_name":"The City Rent &amp; Partner","article_modified_time":"2023-02-01T08:46:21+00:00","og_image":[{"width":700,"height":466,"url":"https:\/\/www.thecityrent.be\/wp-content\/uploads\/WN-tronco.png","type":"image\/png"}],"twitter_card":"summary_large_image","twitter_misc":{"Gesch\u00e4tzte Lesezeit":"1\u00a0Minute"},"schema":{"@context":"https:\/\/schema.org","@graph":[{"@type":"WebPage","@id":"https:\/\/www.thecityrent.be\/de\/produkt\/sf-beton-motorsaege-140-mm\/","url":"https:\/\/www.thecityrent.be\/de\/produkt\/sf-beton-motorsaege-140-mm\/","name":"SF-BETON MOTORS\u00c4GE 140 MM - The City Rent &amp; Partner","isPartOf":{"@id":"https:\/\/www.thecityrent.be\/#website"},"primaryImageOfPage":{"@id":"https:\/\/www.thecityrent.be\/de\/produkt\/sf-beton-motorsaege-140-mm\/#primaryimage"},"image":{"@id":"https:\/\/www.thecityrent.be\/de\/produkt\/sf-beton-motorsaege-140-mm\/#primaryimage"},"thumbnailUrl":"https:\/\/www.thecityrent.be\/wp-content\/uploads\/img-8.jpg","datePublished":"2022-03-27T11:07:55+00:00","dateModified":"2023-02-01T08:46:21+00:00","breadcrumb":{"@id":"https:\/\/www.thecityrent.be\/de\/produkt\/sf-beton-motorsaege-140-mm\/#breadcrumb"},"inLanguage":"de","potentialAction":[{"@type":"ReadAction","target":["https:\/\/www.thecityrent.be\/de\/produkt\/sf-beton-motorsaege-140-mm\/"]}]},{"@type":"ImageObject","inLanguage":"de","@id":"https:\/\/www.thecityrent.be\/de\/produkt\/sf-beton-motorsaege-140-mm\/#primaryimage","url":"https:\/\/www.thecityrent.be\/wp-content\/uploads\/img-8.jpg","contentUrl":"https:\/\/www.thecityrent.be\/wp-content\/uploads\/img-8.jpg","width":1065,"height":656},{"@type":"BreadcrumbList","@id":"https:\/\/www.thecityrent.be\/de\/produkt\/sf-beton-motorsaege-140-mm\/#breadcrumb","itemListElement":[{"@type":"ListItem","position":1,"name":"Home","item":"https:\/\/www.thecityrent.be\/de\/"},{"@type":"ListItem","position":2,"name":"Shop","item":"https:\/\/www.thecityrent.be\/shop\/"},{"@type":"ListItem","position":3,"name":"SF-BETON MOTORS\u00c4GE 140 MM"}]},{"@type":"WebSite","@id":"https:\/\/www.thecityrent.be\/#website","url":"https:\/\/www.thecityrent.be\/","name":"The City Rent &amp; Partner","description":"Votre partenaire pour la location de mat\u00e9riel, outillage &amp; v\u00e9hicules","potentialAction":[{"@type":"SearchAction","target":{"@type":"EntryPoint","urlTemplate":"https:\/\/www.thecityrent.be\/?s={search_term_string}"},"query-input":{"@type":"PropertyValueSpecification","valueRequired":true,"valueName":"search_term_string"}}],"inLanguage":"de"}]}},"_links":{"self":[{"href":"https:\/\/www.thecityrent.be\/de\/wp-json\/wp\/v2\/product\/1599","targetHints":{"allow":["GET"]}}],"collection":[{"href":"https:\/\/www.thecityrent.be\/de\/wp-json\/wp\/v2\/product"}],"about":[{"href":"https:\/\/www.thecityrent.be\/de\/wp-json\/wp\/v2\/types\/product"}],"replies":[{"embeddable":true,"href":"https:\/\/www.thecityrent.be\/de\/wp-json\/wp\/v2\/comments?post=1599"}],"wp:featuredmedia":[{"embeddable":true,"href":"https:\/\/www.thecityrent.be\/de\/wp-json\/wp\/v2\/media\/5905"}],"wp:attachment":[{"href":"https:\/\/www.thecityrent.be\/de\/wp-json\/wp\/v2\/media?parent=1599"}],"wp:term":[{"taxonomy":"product_brand","embeddable":true,"href":"https:\/\/www.thecityrent.be\/de\/wp-json\/wp\/v2\/product_brand?post=1599"},{"taxonomy":"product_cat","embeddable":true,"href":"https:\/\/www.thecityrent.be\/de\/wp-json\/wp\/v2\/product_cat?post=1599"},{"taxonomy":"product_tag","embeddable":true,"href":"https:\/\/www.thecityrent.be\/de\/wp-json\/wp\/v2\/product_tag?post=1599"}],"curies":[{"name":"wp","href":"https:\/\/api.w.org\/{rel}","templated":true}]}}