{"id":1598,"date":"2022-03-27T13:06:37","date_gmt":"2022-03-27T11:06:37","guid":{"rendered":"https:\/\/www.thecityrent.be\/?post_type=product&#038;p=1598"},"modified":"2023-02-01T09:51:15","modified_gmt":"2023-02-01T08:51:15","slug":"sf-motorsaege-fuer-beton-120-mm","status":"publish","type":"product","link":"https:\/\/www.thecityrent.be\/de\/produkt\/sf-motorsaege-fuer-beton-120-mm\/","title":{"rendered":"SF-MOTORS\u00c4GE F\u00dcR BETON 120 MM"},"content":{"rendered":"<ul>\n<li><strong>KAUTION<\/strong> : 50,00 \u20ac<\/li>\n<li><strong>PREIS\/TAG<\/strong> : 43,00 \u20ac<\/li>\n<li><strong>PREIS\/TAG\/WOCHE<\/strong> : 34,00 \u20ac<\/li>\n<li><strong>PREIS\/WOCHENENDE<\/strong> : 77,00 \u20ac<\/li>\n<li><strong>PREIS\/TAG\/MONAT<\/strong> : 26,00 \u20ac<\/li>\n<\/ul>\n","protected":false},"excerpt":{"rendered":"<p>Die benzinbetriebenen Motors\u00e4gen der BTS-Serie sind auf der Baustelle unabdingbar. Dank ihrer hochwertigen Bestandteile besitzen sie eine \u00e4u\u00dferst lange Lebensdauer und sie sind sehr robust. Durch seine guten Proportionen ist das Werkzeug einfach zu nutzen. Der drehmomentstarke 2-Takt-Motor mit Luftk\u00fchlung besitzt eine leistungsstarke Kraft\u00fcbertragung. Der Motor h\u00e4lt die Grenzwerte im Bereich der Gasausscheidungen ein<\/p>\n<ul>\n<li>Hochwertige Schnittleistung<\/li>\n<li>\u00dcberdurchschnittliche Funktionsdauer<\/li>\n<li>Drehmomentstarker Motor<\/li>\n<li>Hochwertige, robuste Konstruktion<\/li>\n<li>Hand-Arm-Schwingungsquotient unter 5m\/s\u00b2*<\/li>\n<\/ul>\n","protected":false},"featured_media":551,"comment_status":"closed","ping_status":"closed","template":"","meta":{"_acf_changed":false},"product_brand":[],"product_cat":[70],"product_tag":[],"class_list":{"0":"post-1598","1":"product","2":"type-product","3":"status-publish","4":"has-post-thumbnail","6":"product_cat-saegen-und-bohren","8":"first","9":"instock","10":"taxable","11":"shipping-taxable","12":"purchasable","13":"product-type-simple"},"acf":[],"yoast_head":"<!-- This site is optimized with the Yoast SEO plugin v27.5 - https:\/\/yoast.com\/product\/yoast-seo-wordpress\/ -->\n<title>SF-MOTORS\u00c4GE F\u00dcR BETON 120 MM - The City Rent &amp; Partner<\/title>\n<meta name=\"robots\" content=\"index, follow, max-snippet:-1, max-image-preview:large, max-video-preview:-1\" \/>\n<link rel=\"canonical\" href=\"https:\/\/www.thecityrent.be\/de\/produkt\/sf-motorsaege-fuer-beton-120-mm\/\" \/>\n<meta property=\"og:locale\" content=\"de_DE\" \/>\n<meta property=\"og:type\" content=\"article\" \/>\n<meta property=\"og:title\" content=\"SF-MOTORS\u00c4GE F\u00dcR BETON 120 MM - The City Rent &amp; Partner\" \/>\n<meta property=\"og:description\" content=\"Die benzinbetriebenen Motors\u00e4gen der BTS-Serie sind auf der Baustelle unabdingbar. Dank ihrer hochwertigen Bestandteile besitzen sie eine \u00e4u\u00dferst lange Lebensdauer und sie sind sehr robust. Durch seine guten Proportionen ist das Werkzeug einfach zu nutzen. Der drehmomentstarke 2-Takt-Motor mit Luftk\u00fchlung besitzt eine leistungsstarke Kraft\u00fcbertragung. Der Motor h\u00e4lt die Grenzwerte im Bereich der Gasausscheidungen ein   Hochwertige Schnittleistung  \u00dcberdurchschnittliche Funktionsdauer  Drehmomentstarker Motor  Hochwertige, robuste Konstruktion  Hand-Arm-Schwingungsquotient unter 5m\/s\u00b2*\" \/>\n<meta property=\"og:url\" content=\"https:\/\/www.thecityrent.be\/de\/produkt\/sf-motorsaege-fuer-beton-120-mm\/\" \/>\n<meta property=\"og:site_name\" content=\"The City Rent &amp; Partner\" \/>\n<meta property=\"article:modified_time\" content=\"2023-02-01T08:51:15+00:00\" \/>\n<meta property=\"og:image\" content=\"https:\/\/www.thecityrent.be\/wp-content\/uploads\/WN-tronco.png\" \/>\n\t<meta property=\"og:image:width\" content=\"700\" \/>\n\t<meta property=\"og:image:height\" content=\"466\" \/>\n\t<meta property=\"og:image:type\" content=\"image\/png\" \/>\n<meta name=\"twitter:card\" content=\"summary_large_image\" \/>\n<script type=\"application\/ld+json\" class=\"yoast-schema-graph\">{\"@context\":\"https:\\\/\\\/schema.org\",\"@graph\":[{\"@type\":\"WebPage\",\"@id\":\"https:\\\/\\\/www.thecityrent.be\\\/de\\\/produkt\\\/sf-motorsaege-fuer-beton-120-mm\\\/\",\"url\":\"https:\\\/\\\/www.thecityrent.be\\\/de\\\/produkt\\\/sf-motorsaege-fuer-beton-120-mm\\\/\",\"name\":\"SF-MOTORS\u00c4GE F\u00dcR BETON 120 MM - The City Rent &amp; Partner\",\"isPartOf\":{\"@id\":\"https:\\\/\\\/www.thecityrent.be\\\/#website\"},\"primaryImageOfPage\":{\"@id\":\"https:\\\/\\\/www.thecityrent.be\\\/de\\\/produkt\\\/sf-motorsaege-fuer-beton-120-mm\\\/#primaryimage\"},\"image\":{\"@id\":\"https:\\\/\\\/www.thecityrent.be\\\/de\\\/produkt\\\/sf-motorsaege-fuer-beton-120-mm\\\/#primaryimage\"},\"thumbnailUrl\":\"https:\\\/\\\/www.thecityrent.be\\\/wp-content\\\/uploads\\\/WN-tronco.png\",\"datePublished\":\"2022-03-27T11:06:37+00:00\",\"dateModified\":\"2023-02-01T08:51:15+00:00\",\"breadcrumb\":{\"@id\":\"https:\\\/\\\/www.thecityrent.be\\\/de\\\/produkt\\\/sf-motorsaege-fuer-beton-120-mm\\\/#breadcrumb\"},\"inLanguage\":\"de\",\"potentialAction\":[{\"@type\":\"ReadAction\",\"target\":[\"https:\\\/\\\/www.thecityrent.be\\\/de\\\/produkt\\\/sf-motorsaege-fuer-beton-120-mm\\\/\"]}]},{\"@type\":\"ImageObject\",\"inLanguage\":\"de\",\"@id\":\"https:\\\/\\\/www.thecityrent.be\\\/de\\\/produkt\\\/sf-motorsaege-fuer-beton-120-mm\\\/#primaryimage\",\"url\":\"https:\\\/\\\/www.thecityrent.be\\\/wp-content\\\/uploads\\\/WN-tronco.png\",\"contentUrl\":\"https:\\\/\\\/www.thecityrent.be\\\/wp-content\\\/uploads\\\/WN-tronco.png\",\"width\":700,\"height\":466},{\"@type\":\"BreadcrumbList\",\"@id\":\"https:\\\/\\\/www.thecityrent.be\\\/de\\\/produkt\\\/sf-motorsaege-fuer-beton-120-mm\\\/#breadcrumb\",\"itemListElement\":[{\"@type\":\"ListItem\",\"position\":1,\"name\":\"Home\",\"item\":\"https:\\\/\\\/www.thecityrent.be\\\/de\\\/\"},{\"@type\":\"ListItem\",\"position\":2,\"name\":\"Shop\",\"item\":\"https:\\\/\\\/www.thecityrent.be\\\/shop\\\/\"},{\"@type\":\"ListItem\",\"position\":3,\"name\":\"SF-MOTORS\u00c4GE F\u00dcR BETON 120 MM\"}]},{\"@type\":\"WebSite\",\"@id\":\"https:\\\/\\\/www.thecityrent.be\\\/#website\",\"url\":\"https:\\\/\\\/www.thecityrent.be\\\/\",\"name\":\"The City Rent &amp; Partner\",\"description\":\"Votre partenaire pour la location de mat\u00e9riel, outillage &amp; v\u00e9hicules\",\"potentialAction\":[{\"@type\":\"SearchAction\",\"target\":{\"@type\":\"EntryPoint\",\"urlTemplate\":\"https:\\\/\\\/www.thecityrent.be\\\/?s={search_term_string}\"},\"query-input\":{\"@type\":\"PropertyValueSpecification\",\"valueRequired\":true,\"valueName\":\"search_term_string\"}}],\"inLanguage\":\"de\"}]}<\/script>\n<!-- \/ Yoast SEO plugin. -->","yoast_head_json":{"title":"SF-MOTORS\u00c4GE F\u00dcR BETON 120 MM - The City Rent &amp; Partner","robots":{"index":"index","follow":"follow","max-snippet":"max-snippet:-1","max-image-preview":"max-image-preview:large","max-video-preview":"max-video-preview:-1"},"canonical":"https:\/\/www.thecityrent.be\/de\/produkt\/sf-motorsaege-fuer-beton-120-mm\/","og_locale":"de_DE","og_type":"article","og_title":"SF-MOTORS\u00c4GE F\u00dcR BETON 120 MM - The City Rent &amp; Partner","og_description":"Die benzinbetriebenen Motors\u00e4gen der BTS-Serie sind auf der Baustelle unabdingbar. Dank ihrer hochwertigen Bestandteile besitzen sie eine \u00e4u\u00dferst lange Lebensdauer und sie sind sehr robust. Durch seine guten Proportionen ist das Werkzeug einfach zu nutzen. Der drehmomentstarke 2-Takt-Motor mit Luftk\u00fchlung besitzt eine leistungsstarke Kraft\u00fcbertragung. Der Motor h\u00e4lt die Grenzwerte im Bereich der Gasausscheidungen ein   Hochwertige Schnittleistung  \u00dcberdurchschnittliche Funktionsdauer  Drehmomentstarker Motor  Hochwertige, robuste Konstruktion  Hand-Arm-Schwingungsquotient unter 5m\/s\u00b2*","og_url":"https:\/\/www.thecityrent.be\/de\/produkt\/sf-motorsaege-fuer-beton-120-mm\/","og_site_name":"The City Rent &amp; Partner","article_modified_time":"2023-02-01T08:51:15+00:00","og_image":[{"width":700,"height":466,"url":"https:\/\/www.thecityrent.be\/wp-content\/uploads\/WN-tronco.png","type":"image\/png"}],"twitter_card":"summary_large_image","schema":{"@context":"https:\/\/schema.org","@graph":[{"@type":"WebPage","@id":"https:\/\/www.thecityrent.be\/de\/produkt\/sf-motorsaege-fuer-beton-120-mm\/","url":"https:\/\/www.thecityrent.be\/de\/produkt\/sf-motorsaege-fuer-beton-120-mm\/","name":"SF-MOTORS\u00c4GE F\u00dcR BETON 120 MM - The City Rent &amp; Partner","isPartOf":{"@id":"https:\/\/www.thecityrent.be\/#website"},"primaryImageOfPage":{"@id":"https:\/\/www.thecityrent.be\/de\/produkt\/sf-motorsaege-fuer-beton-120-mm\/#primaryimage"},"image":{"@id":"https:\/\/www.thecityrent.be\/de\/produkt\/sf-motorsaege-fuer-beton-120-mm\/#primaryimage"},"thumbnailUrl":"https:\/\/www.thecityrent.be\/wp-content\/uploads\/WN-tronco.png","datePublished":"2022-03-27T11:06:37+00:00","dateModified":"2023-02-01T08:51:15+00:00","breadcrumb":{"@id":"https:\/\/www.thecityrent.be\/de\/produkt\/sf-motorsaege-fuer-beton-120-mm\/#breadcrumb"},"inLanguage":"de","potentialAction":[{"@type":"ReadAction","target":["https:\/\/www.thecityrent.be\/de\/produkt\/sf-motorsaege-fuer-beton-120-mm\/"]}]},{"@type":"ImageObject","inLanguage":"de","@id":"https:\/\/www.thecityrent.be\/de\/produkt\/sf-motorsaege-fuer-beton-120-mm\/#primaryimage","url":"https:\/\/www.thecityrent.be\/wp-content\/uploads\/WN-tronco.png","contentUrl":"https:\/\/www.thecityrent.be\/wp-content\/uploads\/WN-tronco.png","width":700,"height":466},{"@type":"BreadcrumbList","@id":"https:\/\/www.thecityrent.be\/de\/produkt\/sf-motorsaege-fuer-beton-120-mm\/#breadcrumb","itemListElement":[{"@type":"ListItem","position":1,"name":"Home","item":"https:\/\/www.thecityrent.be\/de\/"},{"@type":"ListItem","position":2,"name":"Shop","item":"https:\/\/www.thecityrent.be\/shop\/"},{"@type":"ListItem","position":3,"name":"SF-MOTORS\u00c4GE F\u00dcR BETON 120 MM"}]},{"@type":"WebSite","@id":"https:\/\/www.thecityrent.be\/#website","url":"https:\/\/www.thecityrent.be\/","name":"The City Rent &amp; Partner","description":"Votre partenaire pour la location de mat\u00e9riel, outillage &amp; v\u00e9hicules","potentialAction":[{"@type":"SearchAction","target":{"@type":"EntryPoint","urlTemplate":"https:\/\/www.thecityrent.be\/?s={search_term_string}"},"query-input":{"@type":"PropertyValueSpecification","valueRequired":true,"valueName":"search_term_string"}}],"inLanguage":"de"}]}},"_links":{"self":[{"href":"https:\/\/www.thecityrent.be\/de\/wp-json\/wp\/v2\/product\/1598","targetHints":{"allow":["GET"]}}],"collection":[{"href":"https:\/\/www.thecityrent.be\/de\/wp-json\/wp\/v2\/product"}],"about":[{"href":"https:\/\/www.thecityrent.be\/de\/wp-json\/wp\/v2\/types\/product"}],"replies":[{"embeddable":true,"href":"https:\/\/www.thecityrent.be\/de\/wp-json\/wp\/v2\/comments?post=1598"}],"wp:featuredmedia":[{"embeddable":true,"href":"https:\/\/www.thecityrent.be\/de\/wp-json\/wp\/v2\/media\/551"}],"wp:attachment":[{"href":"https:\/\/www.thecityrent.be\/de\/wp-json\/wp\/v2\/media?parent=1598"}],"wp:term":[{"taxonomy":"product_brand","embeddable":true,"href":"https:\/\/www.thecityrent.be\/de\/wp-json\/wp\/v2\/product_brand?post=1598"},{"taxonomy":"product_cat","embeddable":true,"href":"https:\/\/www.thecityrent.be\/de\/wp-json\/wp\/v2\/product_cat?post=1598"},{"taxonomy":"product_tag","embeddable":true,"href":"https:\/\/www.thecityrent.be\/de\/wp-json\/wp\/v2\/product_tag?post=1598"}],"curies":[{"name":"wp","href":"https:\/\/api.w.org\/{rel}","templated":true}]}}