{"id":1579,"date":"2022-03-27T12:29:34","date_gmt":"2022-03-27T10:29:34","guid":{"rendered":"https:\/\/www.thecityrent.be\/?post_type=product&#038;p=1579"},"modified":"2023-02-01T09:06:46","modified_gmt":"2023-02-01T08:06:46","slug":"po-kellerpumpe-45m%c2%b3-h-220-v","status":"publish","type":"product","link":"https:\/\/www.thecityrent.be\/de\/produkt\/po-kellerpumpe-45m%c2%b3-h-220-v\/","title":{"rendered":"PO-KELLERPUMPE 45M\u00b3\/H 220 V"},"content":{"rendered":"<div class=\"pxHabillage\">\n<ul>\n<li><strong>KAUTION<\/strong> : 50,00 \u20ac<\/li>\n<li><strong>PREIS\/TAG<\/strong> : 43,00 \u20ac<\/li>\n<li><strong>PREIS\/TAG\/WOCHE<\/strong> : 34,00 \u20ac<\/li>\n<li><strong>PREIS\/WOCHENENDE<\/strong> : 77,00 \u20ac<\/li>\n<li><strong>PREIS\/TAG\/MONAT<\/strong> : 26,00 \u20ac<\/li>\n<\/ul>\n<\/div>\n","protected":false},"excerpt":{"rendered":"<ul>\n<li>Trockener Betrieb dank Thermosonden in jedem Stator<\/li>\n<li>Doppeltwirkende Wellendichtung im \u00d6lbad<\/li>\n<li>Doppelter K\u00fchlmanten<\/li>\n<li>Wellenschutzh\u00fclsen aus rostfreiem Stahl<\/li>\n<li>Rotorwelle und\u00a0Zylinderrollenlager\u00a0ausreichend bemessen, um eine hohe Lebensdauer und schwingungslose Nutzung zu erm\u00f6glichen<\/li>\n<li>Schutzschalter des zus\u00e4tzlichen Motors gegen Entladen, z.B. im Falle einer Verkantung des Rollenlagers<\/li>\n<\/ul>\n","protected":false},"featured_media":478,"comment_status":"closed","ping_status":"closed","template":"","meta":{"_acf_changed":false},"product_brand":[],"product_cat":[67],"product_tag":[],"class_list":{"0":"post-1579","1":"product","2":"type-product","3":"status-publish","4":"has-post-thumbnail","6":"product_cat-pumpen","8":"first","9":"instock","10":"taxable","11":"shipping-taxable","12":"purchasable","13":"product-type-simple"},"acf":[],"yoast_head":"<!-- This site is optimized with the Yoast SEO plugin v27.5 - https:\/\/yoast.com\/product\/yoast-seo-wordpress\/ -->\n<title>PO-KELLERPUMPE 45M\u00b3\/H 220 V - The City Rent &amp; Partner<\/title>\n<meta name=\"robots\" content=\"index, follow, max-snippet:-1, max-image-preview:large, max-video-preview:-1\" \/>\n<link rel=\"canonical\" href=\"https:\/\/www.thecityrent.be\/de\/produkt\/po-kellerpumpe-45m\u00b3-h-220-v\/\" \/>\n<meta property=\"og:locale\" content=\"de_DE\" \/>\n<meta property=\"og:type\" content=\"article\" \/>\n<meta property=\"og:title\" content=\"PO-KELLERPUMPE 45M\u00b3\/H 220 V - The City Rent &amp; Partner\" \/>\n<meta property=\"og:description\" content=\"Trockener Betrieb dank Thermosonden in jedem Stator  Doppeltwirkende Wellendichtung im \u00d6lbad  Doppelter K\u00fchlmanten  Wellenschutzh\u00fclsen aus rostfreiem Stahl  Rotorwelle und\u00a0Zylinderrollenlager\u00a0ausreichend bemessen, um eine hohe Lebensdauer und schwingungslose Nutzung zu erm\u00f6glichen  Schutzschalter des zus\u00e4tzlichen Motors gegen Entladen, z.B. im Falle einer Verkantung des Rollenlagers\" \/>\n<meta property=\"og:url\" content=\"https:\/\/www.thecityrent.be\/de\/produkt\/po-kellerpumpe-45m\u00b3-h-220-v\/\" \/>\n<meta property=\"og:site_name\" content=\"The City Rent &amp; Partner\" \/>\n<meta property=\"article:modified_time\" content=\"2023-02-01T08:06:46+00:00\" \/>\n<meta property=\"og:image\" content=\"https:\/\/www.thecityrent.be\/wp-content\/uploads\/PO-139-140-145.jpg\" \/>\n\t<meta property=\"og:image:width\" content=\"440\" \/>\n\t<meta property=\"og:image:height\" content=\"439\" \/>\n\t<meta property=\"og:image:type\" content=\"image\/jpeg\" \/>\n<meta name=\"twitter:card\" content=\"summary_large_image\" \/>\n<meta name=\"twitter:label1\" content=\"Gesch\u00e4tzte Lesezeit\" \/>\n\t<meta name=\"twitter:data1\" content=\"1\u00a0Minute\" \/>\n<script type=\"application\/ld+json\" class=\"yoast-schema-graph\">{\"@context\":\"https:\\\/\\\/schema.org\",\"@graph\":[{\"@type\":\"WebPage\",\"@id\":\"https:\\\/\\\/www.thecityrent.be\\\/de\\\/produkt\\\/po-kellerpumpe-45m%c2%b3-h-220-v\\\/\",\"url\":\"https:\\\/\\\/www.thecityrent.be\\\/de\\\/produkt\\\/po-kellerpumpe-45m%c2%b3-h-220-v\\\/\",\"name\":\"PO-KELLERPUMPE 45M\u00b3\\\/H 220 V - The City Rent &amp; Partner\",\"isPartOf\":{\"@id\":\"https:\\\/\\\/www.thecityrent.be\\\/#website\"},\"primaryImageOfPage\":{\"@id\":\"https:\\\/\\\/www.thecityrent.be\\\/de\\\/produkt\\\/po-kellerpumpe-45m%c2%b3-h-220-v\\\/#primaryimage\"},\"image\":{\"@id\":\"https:\\\/\\\/www.thecityrent.be\\\/de\\\/produkt\\\/po-kellerpumpe-45m%c2%b3-h-220-v\\\/#primaryimage\"},\"thumbnailUrl\":\"https:\\\/\\\/www.thecityrent.be\\\/wp-content\\\/uploads\\\/PO-139-140-145.jpg\",\"datePublished\":\"2022-03-27T10:29:34+00:00\",\"dateModified\":\"2023-02-01T08:06:46+00:00\",\"breadcrumb\":{\"@id\":\"https:\\\/\\\/www.thecityrent.be\\\/de\\\/produkt\\\/po-kellerpumpe-45m%c2%b3-h-220-v\\\/#breadcrumb\"},\"inLanguage\":\"de\",\"potentialAction\":[{\"@type\":\"ReadAction\",\"target\":[\"https:\\\/\\\/www.thecityrent.be\\\/de\\\/produkt\\\/po-kellerpumpe-45m%c2%b3-h-220-v\\\/\"]}]},{\"@type\":\"ImageObject\",\"inLanguage\":\"de\",\"@id\":\"https:\\\/\\\/www.thecityrent.be\\\/de\\\/produkt\\\/po-kellerpumpe-45m%c2%b3-h-220-v\\\/#primaryimage\",\"url\":\"https:\\\/\\\/www.thecityrent.be\\\/wp-content\\\/uploads\\\/PO-139-140-145.jpg\",\"contentUrl\":\"https:\\\/\\\/www.thecityrent.be\\\/wp-content\\\/uploads\\\/PO-139-140-145.jpg\",\"width\":440,\"height\":439},{\"@type\":\"BreadcrumbList\",\"@id\":\"https:\\\/\\\/www.thecityrent.be\\\/de\\\/produkt\\\/po-kellerpumpe-45m%c2%b3-h-220-v\\\/#breadcrumb\",\"itemListElement\":[{\"@type\":\"ListItem\",\"position\":1,\"name\":\"Home\",\"item\":\"https:\\\/\\\/www.thecityrent.be\\\/de\\\/\"},{\"@type\":\"ListItem\",\"position\":2,\"name\":\"Shop\",\"item\":\"https:\\\/\\\/www.thecityrent.be\\\/shop\\\/\"},{\"@type\":\"ListItem\",\"position\":3,\"name\":\"PO-KELLERPUMPE 45M\u00b3\\\/H 220 V\"}]},{\"@type\":\"WebSite\",\"@id\":\"https:\\\/\\\/www.thecityrent.be\\\/#website\",\"url\":\"https:\\\/\\\/www.thecityrent.be\\\/\",\"name\":\"The City Rent &amp; Partner\",\"description\":\"Votre partenaire pour la location de mat\u00e9riel, outillage &amp; v\u00e9hicules\",\"potentialAction\":[{\"@type\":\"SearchAction\",\"target\":{\"@type\":\"EntryPoint\",\"urlTemplate\":\"https:\\\/\\\/www.thecityrent.be\\\/?s={search_term_string}\"},\"query-input\":{\"@type\":\"PropertyValueSpecification\",\"valueRequired\":true,\"valueName\":\"search_term_string\"}}],\"inLanguage\":\"de\"}]}<\/script>\n<!-- \/ Yoast SEO plugin. -->","yoast_head_json":{"title":"PO-KELLERPUMPE 45M\u00b3\/H 220 V - The City Rent &amp; Partner","robots":{"index":"index","follow":"follow","max-snippet":"max-snippet:-1","max-image-preview":"max-image-preview:large","max-video-preview":"max-video-preview:-1"},"canonical":"https:\/\/www.thecityrent.be\/de\/produkt\/po-kellerpumpe-45m\u00b3-h-220-v\/","og_locale":"de_DE","og_type":"article","og_title":"PO-KELLERPUMPE 45M\u00b3\/H 220 V - The City Rent &amp; Partner","og_description":"Trockener Betrieb dank Thermosonden in jedem Stator  Doppeltwirkende Wellendichtung im \u00d6lbad  Doppelter K\u00fchlmanten  Wellenschutzh\u00fclsen aus rostfreiem Stahl  Rotorwelle und\u00a0Zylinderrollenlager\u00a0ausreichend bemessen, um eine hohe Lebensdauer und schwingungslose Nutzung zu erm\u00f6glichen  Schutzschalter des zus\u00e4tzlichen Motors gegen Entladen, z.B. im Falle einer Verkantung des Rollenlagers","og_url":"https:\/\/www.thecityrent.be\/de\/produkt\/po-kellerpumpe-45m\u00b3-h-220-v\/","og_site_name":"The City Rent &amp; Partner","article_modified_time":"2023-02-01T08:06:46+00:00","og_image":[{"width":440,"height":439,"url":"https:\/\/www.thecityrent.be\/wp-content\/uploads\/PO-139-140-145.jpg","type":"image\/jpeg"}],"twitter_card":"summary_large_image","twitter_misc":{"Gesch\u00e4tzte Lesezeit":"1\u00a0Minute"},"schema":{"@context":"https:\/\/schema.org","@graph":[{"@type":"WebPage","@id":"https:\/\/www.thecityrent.be\/de\/produkt\/po-kellerpumpe-45m%c2%b3-h-220-v\/","url":"https:\/\/www.thecityrent.be\/de\/produkt\/po-kellerpumpe-45m%c2%b3-h-220-v\/","name":"PO-KELLERPUMPE 45M\u00b3\/H 220 V - The City Rent &amp; Partner","isPartOf":{"@id":"https:\/\/www.thecityrent.be\/#website"},"primaryImageOfPage":{"@id":"https:\/\/www.thecityrent.be\/de\/produkt\/po-kellerpumpe-45m%c2%b3-h-220-v\/#primaryimage"},"image":{"@id":"https:\/\/www.thecityrent.be\/de\/produkt\/po-kellerpumpe-45m%c2%b3-h-220-v\/#primaryimage"},"thumbnailUrl":"https:\/\/www.thecityrent.be\/wp-content\/uploads\/PO-139-140-145.jpg","datePublished":"2022-03-27T10:29:34+00:00","dateModified":"2023-02-01T08:06:46+00:00","breadcrumb":{"@id":"https:\/\/www.thecityrent.be\/de\/produkt\/po-kellerpumpe-45m%c2%b3-h-220-v\/#breadcrumb"},"inLanguage":"de","potentialAction":[{"@type":"ReadAction","target":["https:\/\/www.thecityrent.be\/de\/produkt\/po-kellerpumpe-45m%c2%b3-h-220-v\/"]}]},{"@type":"ImageObject","inLanguage":"de","@id":"https:\/\/www.thecityrent.be\/de\/produkt\/po-kellerpumpe-45m%c2%b3-h-220-v\/#primaryimage","url":"https:\/\/www.thecityrent.be\/wp-content\/uploads\/PO-139-140-145.jpg","contentUrl":"https:\/\/www.thecityrent.be\/wp-content\/uploads\/PO-139-140-145.jpg","width":440,"height":439},{"@type":"BreadcrumbList","@id":"https:\/\/www.thecityrent.be\/de\/produkt\/po-kellerpumpe-45m%c2%b3-h-220-v\/#breadcrumb","itemListElement":[{"@type":"ListItem","position":1,"name":"Home","item":"https:\/\/www.thecityrent.be\/de\/"},{"@type":"ListItem","position":2,"name":"Shop","item":"https:\/\/www.thecityrent.be\/shop\/"},{"@type":"ListItem","position":3,"name":"PO-KELLERPUMPE 45M\u00b3\/H 220 V"}]},{"@type":"WebSite","@id":"https:\/\/www.thecityrent.be\/#website","url":"https:\/\/www.thecityrent.be\/","name":"The City Rent &amp; Partner","description":"Votre partenaire pour la location de mat\u00e9riel, outillage &amp; v\u00e9hicules","potentialAction":[{"@type":"SearchAction","target":{"@type":"EntryPoint","urlTemplate":"https:\/\/www.thecityrent.be\/?s={search_term_string}"},"query-input":{"@type":"PropertyValueSpecification","valueRequired":true,"valueName":"search_term_string"}}],"inLanguage":"de"}]}},"_links":{"self":[{"href":"https:\/\/www.thecityrent.be\/de\/wp-json\/wp\/v2\/product\/1579","targetHints":{"allow":["GET"]}}],"collection":[{"href":"https:\/\/www.thecityrent.be\/de\/wp-json\/wp\/v2\/product"}],"about":[{"href":"https:\/\/www.thecityrent.be\/de\/wp-json\/wp\/v2\/types\/product"}],"replies":[{"embeddable":true,"href":"https:\/\/www.thecityrent.be\/de\/wp-json\/wp\/v2\/comments?post=1579"}],"wp:featuredmedia":[{"embeddable":true,"href":"https:\/\/www.thecityrent.be\/de\/wp-json\/wp\/v2\/media\/478"}],"wp:attachment":[{"href":"https:\/\/www.thecityrent.be\/de\/wp-json\/wp\/v2\/media?parent=1579"}],"wp:term":[{"taxonomy":"product_brand","embeddable":true,"href":"https:\/\/www.thecityrent.be\/de\/wp-json\/wp\/v2\/product_brand?post=1579"},{"taxonomy":"product_cat","embeddable":true,"href":"https:\/\/www.thecityrent.be\/de\/wp-json\/wp\/v2\/product_cat?post=1579"},{"taxonomy":"product_tag","embeddable":true,"href":"https:\/\/www.thecityrent.be\/de\/wp-json\/wp\/v2\/product_tag?post=1579"}],"curies":[{"name":"wp","href":"https:\/\/api.w.org\/{rel}","templated":true}]}}