{"id":1572,"date":"2022-03-27T12:19:36","date_gmt":"2022-03-27T10:19:36","guid":{"rendered":"https:\/\/www.thecityrent.be\/?post_type=product&#038;p=1572"},"modified":"2023-01-30T18:36:36","modified_gmt":"2023-01-30T17:36:36","slug":"ne-scheuersaugmaschine-lagerist-85-cm","status":"publish","type":"product","link":"https:\/\/www.thecityrent.be\/de\/produkt\/ne-scheuersaugmaschine-lagerist-85-cm\/","title":{"rendered":"NE-SCHEUERSAUGMASCHINE LAGERIST 85 CM"},"content":{"rendered":"<ul>\n<li><strong>REFERENZ: <\/strong>NE209<\/li>\n<li><strong>KAUTION<\/strong> : 50,00\u20ac<\/li>\n<li><strong>PREIS\/TAG<\/strong> : 54,00\u20ac<\/li>\n<li><strong>PREIS\/TAG\/WOCHE<\/strong> : 43,00\u20ac<\/li>\n<li><strong>PREIS\/WOCHENENDE<\/strong> : 96,00\u20ac<\/li>\n<li><strong>PREIS\/TAG\/MONAT<\/strong> : 32,00\u20ac<\/li>\n<\/ul>\n","protected":false},"excerpt":{"rendered":"<p>Solide, langlebige und zuverl\u00e4ssige Maschine.<\/p>\n<p>Extrem wendig mit guter \u00dcbersicht \u00fcber die zu reinigende Zone.<\/p>\n<p>Ideal f\u00fcr die Reinigung von Fl\u00e4chen mit bis zu 900 m\u00b2. Die Fu\u00dfbodenreinigungsmaschine mit B\u00fcrstscheibe BD 43\/35 C Ep erbringt eine Fl\u00e4chenleistung von 1700 m\u00b2\/h.<\/p>\n<p>Arbeitsbreite der B\u00fcrsten: 430 mm<br \/>\nAbsaugbreite: 900 mm<\/p>\n<p>Fassungsverm\u00f6gen Frischwasser-\/Schmutzwasserbeh\u00e4lter: 35 L\/ 35 L<\/p>\n<p>Rotationsgeschwindigkeit der B\u00fcrsten:\u00a0 180 U\/min<br \/>\nLeistungsaufnahme: 1400 w<br \/>\nGewicht (mit Zubeh\u00f6r): 57 kg<br \/>\nAbmessungen (L \u00d7 B \u00d7 H): 1135 \u00d7 520 \u00d7 1025 mm<\/p>\n","protected":false},"featured_media":6847,"comment_status":"closed","ping_status":"closed","template":"","meta":{"_acf_changed":false},"product_brand":[],"product_cat":[66],"product_tag":[],"class_list":{"0":"post-1572","1":"product","2":"type-product","3":"status-publish","4":"has-post-thumbnail","6":"product_cat-reinigung","8":"first","9":"instock","10":"taxable","11":"shipping-taxable","12":"purchasable","13":"product-type-simple"},"acf":[],"yoast_head":"<!-- This site is optimized with the Yoast SEO plugin v27.5 - https:\/\/yoast.com\/product\/yoast-seo-wordpress\/ -->\n<title>NE-SCHEUERSAUGMASCHINE LAGERIST 85 CM - The City Rent &amp; Partner<\/title>\n<meta name=\"robots\" content=\"index, follow, max-snippet:-1, max-image-preview:large, max-video-preview:-1\" \/>\n<link rel=\"canonical\" href=\"https:\/\/www.thecityrent.be\/de\/produkt\/ne-scheuersaugmaschine-lagerist-85-cm\/\" \/>\n<meta property=\"og:locale\" content=\"de_DE\" \/>\n<meta property=\"og:type\" content=\"article\" \/>\n<meta property=\"og:title\" content=\"NE-SCHEUERSAUGMASCHINE LAGERIST 85 CM - The City Rent &amp; Partner\" \/>\n<meta property=\"og:description\" content=\"Solide, langlebige und zuverl\u00e4ssige Maschine.  Extrem wendig mit guter \u00dcbersicht \u00fcber die zu reinigende Zone.  Ideal f\u00fcr die Reinigung von Fl\u00e4chen mit bis zu 900 m\u00b2. Die Fu\u00dfbodenreinigungsmaschine mit B\u00fcrstscheibe BD 43\/35 C Ep erbringt eine Fl\u00e4chenleistung von 1700 m\u00b2\/h.  Arbeitsbreite der B\u00fcrsten: 430 mm Absaugbreite: 900 mm  Fassungsverm\u00f6gen Frischwasser-\/Schmutzwasserbeh\u00e4lter: 35 L\/ 35 L  Rotationsgeschwindigkeit der B\u00fcrsten:\u00a0 180 U\/min Leistungsaufnahme: 1400 w Gewicht (mit Zubeh\u00f6r): 57 kg Abmessungen (L \u00d7 B \u00d7 H): 1135 \u00d7 520 \u00d7 1025 mm\" \/>\n<meta property=\"og:url\" content=\"https:\/\/www.thecityrent.be\/de\/produkt\/ne-scheuersaugmaschine-lagerist-85-cm\/\" \/>\n<meta property=\"og:site_name\" content=\"The City Rent &amp; Partner\" \/>\n<meta property=\"article:modified_time\" content=\"2023-01-30T17:36:36+00:00\" \/>\n<meta property=\"og:image\" content=\"https:\/\/www.thecityrent.be\/wp-content\/uploads\/RJ7UTiCHTtZPNqhNuyOkBAkBBWWJsdvlXP7jyKiv.jpg\" \/>\n\t<meta property=\"og:image:width\" content=\"1200\" \/>\n\t<meta property=\"og:image:height\" content=\"1200\" \/>\n\t<meta property=\"og:image:type\" content=\"image\/jpeg\" \/>\n<meta name=\"twitter:card\" content=\"summary_large_image\" \/>\n<script type=\"application\/ld+json\" class=\"yoast-schema-graph\">{\"@context\":\"https:\\\/\\\/schema.org\",\"@graph\":[{\"@type\":\"WebPage\",\"@id\":\"https:\\\/\\\/www.thecityrent.be\\\/de\\\/produkt\\\/ne-scheuersaugmaschine-lagerist-85-cm\\\/\",\"url\":\"https:\\\/\\\/www.thecityrent.be\\\/de\\\/produkt\\\/ne-scheuersaugmaschine-lagerist-85-cm\\\/\",\"name\":\"NE-SCHEUERSAUGMASCHINE LAGERIST 85 CM - The City Rent &amp; Partner\",\"isPartOf\":{\"@id\":\"https:\\\/\\\/www.thecityrent.be\\\/#website\"},\"primaryImageOfPage\":{\"@id\":\"https:\\\/\\\/www.thecityrent.be\\\/de\\\/produkt\\\/ne-scheuersaugmaschine-lagerist-85-cm\\\/#primaryimage\"},\"image\":{\"@id\":\"https:\\\/\\\/www.thecityrent.be\\\/de\\\/produkt\\\/ne-scheuersaugmaschine-lagerist-85-cm\\\/#primaryimage\"},\"thumbnailUrl\":\"https:\\\/\\\/www.thecityrent.be\\\/wp-content\\\/uploads\\\/RJ7UTiCHTtZPNqhNuyOkBAkBBWWJsdvlXP7jyKiv.jpg\",\"datePublished\":\"2022-03-27T10:19:36+00:00\",\"dateModified\":\"2023-01-30T17:36:36+00:00\",\"breadcrumb\":{\"@id\":\"https:\\\/\\\/www.thecityrent.be\\\/de\\\/produkt\\\/ne-scheuersaugmaschine-lagerist-85-cm\\\/#breadcrumb\"},\"inLanguage\":\"de\",\"potentialAction\":[{\"@type\":\"ReadAction\",\"target\":[\"https:\\\/\\\/www.thecityrent.be\\\/de\\\/produkt\\\/ne-scheuersaugmaschine-lagerist-85-cm\\\/\"]}]},{\"@type\":\"ImageObject\",\"inLanguage\":\"de\",\"@id\":\"https:\\\/\\\/www.thecityrent.be\\\/de\\\/produkt\\\/ne-scheuersaugmaschine-lagerist-85-cm\\\/#primaryimage\",\"url\":\"https:\\\/\\\/www.thecityrent.be\\\/wp-content\\\/uploads\\\/RJ7UTiCHTtZPNqhNuyOkBAkBBWWJsdvlXP7jyKiv.jpg\",\"contentUrl\":\"https:\\\/\\\/www.thecityrent.be\\\/wp-content\\\/uploads\\\/RJ7UTiCHTtZPNqhNuyOkBAkBBWWJsdvlXP7jyKiv.jpg\",\"width\":1200,\"height\":1200},{\"@type\":\"BreadcrumbList\",\"@id\":\"https:\\\/\\\/www.thecityrent.be\\\/de\\\/produkt\\\/ne-scheuersaugmaschine-lagerist-85-cm\\\/#breadcrumb\",\"itemListElement\":[{\"@type\":\"ListItem\",\"position\":1,\"name\":\"Home\",\"item\":\"https:\\\/\\\/www.thecityrent.be\\\/de\\\/\"},{\"@type\":\"ListItem\",\"position\":2,\"name\":\"Shop\",\"item\":\"https:\\\/\\\/www.thecityrent.be\\\/shop\\\/\"},{\"@type\":\"ListItem\",\"position\":3,\"name\":\"NE-SCHEUERSAUGMASCHINE LAGERIST 85 CM\"}]},{\"@type\":\"WebSite\",\"@id\":\"https:\\\/\\\/www.thecityrent.be\\\/#website\",\"url\":\"https:\\\/\\\/www.thecityrent.be\\\/\",\"name\":\"The City Rent &amp; Partner\",\"description\":\"Votre partenaire pour la location de mat\u00e9riel, outillage &amp; v\u00e9hicules\",\"potentialAction\":[{\"@type\":\"SearchAction\",\"target\":{\"@type\":\"EntryPoint\",\"urlTemplate\":\"https:\\\/\\\/www.thecityrent.be\\\/?s={search_term_string}\"},\"query-input\":{\"@type\":\"PropertyValueSpecification\",\"valueRequired\":true,\"valueName\":\"search_term_string\"}}],\"inLanguage\":\"de\"}]}<\/script>\n<!-- \/ Yoast SEO plugin. -->","yoast_head_json":{"title":"NE-SCHEUERSAUGMASCHINE LAGERIST 85 CM - The City Rent &amp; Partner","robots":{"index":"index","follow":"follow","max-snippet":"max-snippet:-1","max-image-preview":"max-image-preview:large","max-video-preview":"max-video-preview:-1"},"canonical":"https:\/\/www.thecityrent.be\/de\/produkt\/ne-scheuersaugmaschine-lagerist-85-cm\/","og_locale":"de_DE","og_type":"article","og_title":"NE-SCHEUERSAUGMASCHINE LAGERIST 85 CM - The City Rent &amp; Partner","og_description":"Solide, langlebige und zuverl\u00e4ssige Maschine.  Extrem wendig mit guter \u00dcbersicht \u00fcber die zu reinigende Zone.  Ideal f\u00fcr die Reinigung von Fl\u00e4chen mit bis zu 900 m\u00b2. Die Fu\u00dfbodenreinigungsmaschine mit B\u00fcrstscheibe BD 43\/35 C Ep erbringt eine Fl\u00e4chenleistung von 1700 m\u00b2\/h.  Arbeitsbreite der B\u00fcrsten: 430 mm Absaugbreite: 900 mm  Fassungsverm\u00f6gen Frischwasser-\/Schmutzwasserbeh\u00e4lter: 35 L\/ 35 L  Rotationsgeschwindigkeit der B\u00fcrsten:\u00a0 180 U\/min Leistungsaufnahme: 1400 w Gewicht (mit Zubeh\u00f6r): 57 kg Abmessungen (L \u00d7 B \u00d7 H): 1135 \u00d7 520 \u00d7 1025 mm","og_url":"https:\/\/www.thecityrent.be\/de\/produkt\/ne-scheuersaugmaschine-lagerist-85-cm\/","og_site_name":"The City Rent &amp; Partner","article_modified_time":"2023-01-30T17:36:36+00:00","og_image":[{"width":1200,"height":1200,"url":"https:\/\/www.thecityrent.be\/wp-content\/uploads\/RJ7UTiCHTtZPNqhNuyOkBAkBBWWJsdvlXP7jyKiv.jpg","type":"image\/jpeg"}],"twitter_card":"summary_large_image","schema":{"@context":"https:\/\/schema.org","@graph":[{"@type":"WebPage","@id":"https:\/\/www.thecityrent.be\/de\/produkt\/ne-scheuersaugmaschine-lagerist-85-cm\/","url":"https:\/\/www.thecityrent.be\/de\/produkt\/ne-scheuersaugmaschine-lagerist-85-cm\/","name":"NE-SCHEUERSAUGMASCHINE LAGERIST 85 CM - The City Rent &amp; Partner","isPartOf":{"@id":"https:\/\/www.thecityrent.be\/#website"},"primaryImageOfPage":{"@id":"https:\/\/www.thecityrent.be\/de\/produkt\/ne-scheuersaugmaschine-lagerist-85-cm\/#primaryimage"},"image":{"@id":"https:\/\/www.thecityrent.be\/de\/produkt\/ne-scheuersaugmaschine-lagerist-85-cm\/#primaryimage"},"thumbnailUrl":"https:\/\/www.thecityrent.be\/wp-content\/uploads\/RJ7UTiCHTtZPNqhNuyOkBAkBBWWJsdvlXP7jyKiv.jpg","datePublished":"2022-03-27T10:19:36+00:00","dateModified":"2023-01-30T17:36:36+00:00","breadcrumb":{"@id":"https:\/\/www.thecityrent.be\/de\/produkt\/ne-scheuersaugmaschine-lagerist-85-cm\/#breadcrumb"},"inLanguage":"de","potentialAction":[{"@type":"ReadAction","target":["https:\/\/www.thecityrent.be\/de\/produkt\/ne-scheuersaugmaschine-lagerist-85-cm\/"]}]},{"@type":"ImageObject","inLanguage":"de","@id":"https:\/\/www.thecityrent.be\/de\/produkt\/ne-scheuersaugmaschine-lagerist-85-cm\/#primaryimage","url":"https:\/\/www.thecityrent.be\/wp-content\/uploads\/RJ7UTiCHTtZPNqhNuyOkBAkBBWWJsdvlXP7jyKiv.jpg","contentUrl":"https:\/\/www.thecityrent.be\/wp-content\/uploads\/RJ7UTiCHTtZPNqhNuyOkBAkBBWWJsdvlXP7jyKiv.jpg","width":1200,"height":1200},{"@type":"BreadcrumbList","@id":"https:\/\/www.thecityrent.be\/de\/produkt\/ne-scheuersaugmaschine-lagerist-85-cm\/#breadcrumb","itemListElement":[{"@type":"ListItem","position":1,"name":"Home","item":"https:\/\/www.thecityrent.be\/de\/"},{"@type":"ListItem","position":2,"name":"Shop","item":"https:\/\/www.thecityrent.be\/shop\/"},{"@type":"ListItem","position":3,"name":"NE-SCHEUERSAUGMASCHINE LAGERIST 85 CM"}]},{"@type":"WebSite","@id":"https:\/\/www.thecityrent.be\/#website","url":"https:\/\/www.thecityrent.be\/","name":"The City Rent &amp; Partner","description":"Votre partenaire pour la location de mat\u00e9riel, outillage &amp; v\u00e9hicules","potentialAction":[{"@type":"SearchAction","target":{"@type":"EntryPoint","urlTemplate":"https:\/\/www.thecityrent.be\/?s={search_term_string}"},"query-input":{"@type":"PropertyValueSpecification","valueRequired":true,"valueName":"search_term_string"}}],"inLanguage":"de"}]}},"_links":{"self":[{"href":"https:\/\/www.thecityrent.be\/de\/wp-json\/wp\/v2\/product\/1572","targetHints":{"allow":["GET"]}}],"collection":[{"href":"https:\/\/www.thecityrent.be\/de\/wp-json\/wp\/v2\/product"}],"about":[{"href":"https:\/\/www.thecityrent.be\/de\/wp-json\/wp\/v2\/types\/product"}],"replies":[{"embeddable":true,"href":"https:\/\/www.thecityrent.be\/de\/wp-json\/wp\/v2\/comments?post=1572"}],"wp:featuredmedia":[{"embeddable":true,"href":"https:\/\/www.thecityrent.be\/de\/wp-json\/wp\/v2\/media\/6847"}],"wp:attachment":[{"href":"https:\/\/www.thecityrent.be\/de\/wp-json\/wp\/v2\/media?parent=1572"}],"wp:term":[{"taxonomy":"product_brand","embeddable":true,"href":"https:\/\/www.thecityrent.be\/de\/wp-json\/wp\/v2\/product_brand?post=1572"},{"taxonomy":"product_cat","embeddable":true,"href":"https:\/\/www.thecityrent.be\/de\/wp-json\/wp\/v2\/product_cat?post=1572"},{"taxonomy":"product_tag","embeddable":true,"href":"https:\/\/www.thecityrent.be\/de\/wp-json\/wp\/v2\/product_tag?post=1572"}],"curies":[{"name":"wp","href":"https:\/\/api.w.org\/{rel}","templated":true}]}}