{"id":1571,"date":"2022-03-27T12:16:13","date_gmt":"2022-03-27T10:16:13","guid":{"rendered":"https:\/\/www.thecityrent.be\/?post_type=product&#038;p=1571"},"modified":"2023-01-30T18:38:18","modified_gmt":"2023-01-30T17:38:18","slug":"ne-reiniger-de-textiles-a-injection-extraction","status":"publish","type":"product","link":"https:\/\/www.thecityrent.be\/de\/produkt\/ne-reiniger-de-textiles-a-injection-extraction\/","title":{"rendered":"NE-REINIGER DE TEXTILES A INJECTION\/EXTRACTION"},"content":{"rendered":"<ul>\n<li><strong>REFERENZ: <\/strong>NE206<\/li>\n<li><strong>KAUTION<\/strong> : 50,00\u20ac<\/li>\n<li><strong>PREIS\/TAG<\/strong> : 27,00\u20ac<\/li>\n<li><strong>PREIS\/TAG\/WOCHE<\/strong> : 21,00\u20ac<\/li>\n<li><strong>PREIS\/WOCHENENDE<\/strong> : 48,00\u20ac<\/li>\n<li><strong>PREIS\/TAG\/MONAT<\/strong> : 16,00\u20ac<\/li>\n<\/ul>\n","protected":false},"excerpt":{"rendered":"<p>Saugt Vorh\u00e4nge und B\u00f6den ab und eignet sich optimal f\u00fcr die hygienische und effiziente Reinigung kleiner und mittelgro\u00dfer Fl\u00e4chen.<\/p>\n<p>Mit einem Spritzdruck von 1 bar gew\u00e4hrleistet dieses Ger\u00e4t mit Einspritz-\/Extraktionssystem eine gr\u00fcndliche und sanfte Reinigung von Textilfl\u00e4chen mit \u00fcberzeugenden Ergebnissen, insbesondere bei der Reinigung von Vorh\u00e4ngen und Teppichen.<\/p>\n<p>Dank seiner D\u00fcse f\u00fcr d\u00fcnne B\u00f6den eignet sich das Ger\u00e4t ebenfalls bestens f\u00fcr beengte R\u00e4ume. Die biegsame Sauglippe erm\u00f6glicht, selbst schwer passierbare Stellen problemlos zu reinigen.<\/p>\n<ul>\n<li>Ideal f\u00fcr die Reinigung Ihrer Teppiche, Kissen, Autositze usw.<\/li>\n<li>Abnehmbarer Schmutzwassertank<\/li>\n<li>Vielseitige Verwendung<\/li>\n<li>Ergonomischer Doppelgriff<\/li>\n<li>Fassungsverm\u00f6gen des Frischwasserbeh\u00e4lters: 10 L<\/li>\n<li>Leistung: 1250 W<\/li>\n<li>Gewicht: 11 kg<\/li>\n<\/ul>\n","protected":false},"featured_media":456,"comment_status":"closed","ping_status":"closed","template":"","meta":{"_acf_changed":false},"product_brand":[],"product_cat":[66],"product_tag":[],"class_list":{"0":"post-1571","1":"product","2":"type-product","3":"status-publish","4":"has-post-thumbnail","6":"product_cat-reinigung","8":"first","9":"instock","10":"taxable","11":"shipping-taxable","12":"purchasable","13":"product-type-simple"},"acf":[],"yoast_head":"<!-- This site is optimized with the Yoast SEO plugin v27.5 - https:\/\/yoast.com\/product\/yoast-seo-wordpress\/ -->\n<title>NE-REINIGER DE TEXTILES A INJECTION\/EXTRACTION - The City Rent &amp; Partner<\/title>\n<meta name=\"robots\" content=\"index, follow, max-snippet:-1, max-image-preview:large, max-video-preview:-1\" \/>\n<link rel=\"canonical\" href=\"https:\/\/www.thecityrent.be\/de\/produkt\/ne-reiniger-de-textiles-a-injection-extraction\/\" \/>\n<meta property=\"og:locale\" content=\"de_DE\" \/>\n<meta property=\"og:type\" content=\"article\" \/>\n<meta property=\"og:title\" content=\"NE-REINIGER DE TEXTILES A INJECTION\/EXTRACTION - The City Rent &amp; Partner\" \/>\n<meta property=\"og:description\" content=\"Saugt Vorh\u00e4nge und B\u00f6den ab und eignet sich optimal f\u00fcr die hygienische und effiziente Reinigung kleiner und mittelgro\u00dfer Fl\u00e4chen.  Mit einem Spritzdruck von 1 bar gew\u00e4hrleistet dieses Ger\u00e4t mit Einspritz-\/Extraktionssystem eine gr\u00fcndliche und sanfte Reinigung von Textilfl\u00e4chen mit \u00fcberzeugenden Ergebnissen, insbesondere bei der Reinigung von Vorh\u00e4ngen und Teppichen.  Dank seiner D\u00fcse f\u00fcr d\u00fcnne B\u00f6den eignet sich das Ger\u00e4t ebenfalls bestens f\u00fcr beengte R\u00e4ume. Die biegsame Sauglippe erm\u00f6glicht, selbst schwer passierbare Stellen problemlos zu reinigen.   Ideal f\u00fcr die Reinigung Ihrer Teppiche, Kissen, Autositze usw.  Abnehmbarer Schmutzwassertank  Vielseitige Verwendung  Ergonomischer Doppelgriff  Fassungsverm\u00f6gen des Frischwasserbeh\u00e4lters: 10 L  Leistung: 1250 W  Gewicht: 11 kg\" \/>\n<meta property=\"og:url\" content=\"https:\/\/www.thecityrent.be\/de\/produkt\/ne-reiniger-de-textiles-a-injection-extraction\/\" \/>\n<meta property=\"og:site_name\" content=\"The City Rent &amp; Partner\" \/>\n<meta property=\"article:modified_time\" content=\"2023-01-30T17:38:18+00:00\" \/>\n<meta property=\"og:image\" content=\"https:\/\/www.thecityrent.be\/wp-content\/uploads\/NE-206.gif\" \/>\n\t<meta property=\"og:image:width\" content=\"362\" \/>\n\t<meta property=\"og:image:height\" content=\"397\" \/>\n\t<meta property=\"og:image:type\" content=\"image\/gif\" \/>\n<meta name=\"twitter:card\" content=\"summary_large_image\" \/>\n<script type=\"application\/ld+json\" class=\"yoast-schema-graph\">{\"@context\":\"https:\\\/\\\/schema.org\",\"@graph\":[{\"@type\":\"WebPage\",\"@id\":\"https:\\\/\\\/www.thecityrent.be\\\/de\\\/produkt\\\/ne-reiniger-de-textiles-a-injection-extraction\\\/\",\"url\":\"https:\\\/\\\/www.thecityrent.be\\\/de\\\/produkt\\\/ne-reiniger-de-textiles-a-injection-extraction\\\/\",\"name\":\"NE-REINIGER DE TEXTILES A INJECTION\\\/EXTRACTION - The City Rent &amp; Partner\",\"isPartOf\":{\"@id\":\"https:\\\/\\\/www.thecityrent.be\\\/#website\"},\"primaryImageOfPage\":{\"@id\":\"https:\\\/\\\/www.thecityrent.be\\\/de\\\/produkt\\\/ne-reiniger-de-textiles-a-injection-extraction\\\/#primaryimage\"},\"image\":{\"@id\":\"https:\\\/\\\/www.thecityrent.be\\\/de\\\/produkt\\\/ne-reiniger-de-textiles-a-injection-extraction\\\/#primaryimage\"},\"thumbnailUrl\":\"https:\\\/\\\/www.thecityrent.be\\\/wp-content\\\/uploads\\\/NE-206.gif\",\"datePublished\":\"2022-03-27T10:16:13+00:00\",\"dateModified\":\"2023-01-30T17:38:18+00:00\",\"breadcrumb\":{\"@id\":\"https:\\\/\\\/www.thecityrent.be\\\/de\\\/produkt\\\/ne-reiniger-de-textiles-a-injection-extraction\\\/#breadcrumb\"},\"inLanguage\":\"de\",\"potentialAction\":[{\"@type\":\"ReadAction\",\"target\":[\"https:\\\/\\\/www.thecityrent.be\\\/de\\\/produkt\\\/ne-reiniger-de-textiles-a-injection-extraction\\\/\"]}]},{\"@type\":\"ImageObject\",\"inLanguage\":\"de\",\"@id\":\"https:\\\/\\\/www.thecityrent.be\\\/de\\\/produkt\\\/ne-reiniger-de-textiles-a-injection-extraction\\\/#primaryimage\",\"url\":\"https:\\\/\\\/www.thecityrent.be\\\/wp-content\\\/uploads\\\/NE-206.gif\",\"contentUrl\":\"https:\\\/\\\/www.thecityrent.be\\\/wp-content\\\/uploads\\\/NE-206.gif\",\"width\":362,\"height\":397},{\"@type\":\"BreadcrumbList\",\"@id\":\"https:\\\/\\\/www.thecityrent.be\\\/de\\\/produkt\\\/ne-reiniger-de-textiles-a-injection-extraction\\\/#breadcrumb\",\"itemListElement\":[{\"@type\":\"ListItem\",\"position\":1,\"name\":\"Home\",\"item\":\"https:\\\/\\\/www.thecityrent.be\\\/de\\\/\"},{\"@type\":\"ListItem\",\"position\":2,\"name\":\"Shop\",\"item\":\"https:\\\/\\\/www.thecityrent.be\\\/shop\\\/\"},{\"@type\":\"ListItem\",\"position\":3,\"name\":\"NE-REINIGER DE TEXTILES A INJECTION\\\/EXTRACTION\"}]},{\"@type\":\"WebSite\",\"@id\":\"https:\\\/\\\/www.thecityrent.be\\\/#website\",\"url\":\"https:\\\/\\\/www.thecityrent.be\\\/\",\"name\":\"The City Rent &amp; Partner\",\"description\":\"Votre partenaire pour la location de mat\u00e9riel, outillage &amp; v\u00e9hicules\",\"potentialAction\":[{\"@type\":\"SearchAction\",\"target\":{\"@type\":\"EntryPoint\",\"urlTemplate\":\"https:\\\/\\\/www.thecityrent.be\\\/?s={search_term_string}\"},\"query-input\":{\"@type\":\"PropertyValueSpecification\",\"valueRequired\":true,\"valueName\":\"search_term_string\"}}],\"inLanguage\":\"de\"}]}<\/script>\n<!-- \/ Yoast SEO plugin. -->","yoast_head_json":{"title":"NE-REINIGER DE TEXTILES A INJECTION\/EXTRACTION - The City Rent &amp; Partner","robots":{"index":"index","follow":"follow","max-snippet":"max-snippet:-1","max-image-preview":"max-image-preview:large","max-video-preview":"max-video-preview:-1"},"canonical":"https:\/\/www.thecityrent.be\/de\/produkt\/ne-reiniger-de-textiles-a-injection-extraction\/","og_locale":"de_DE","og_type":"article","og_title":"NE-REINIGER DE TEXTILES A INJECTION\/EXTRACTION - The City Rent &amp; Partner","og_description":"Saugt Vorh\u00e4nge und B\u00f6den ab und eignet sich optimal f\u00fcr die hygienische und effiziente Reinigung kleiner und mittelgro\u00dfer Fl\u00e4chen.  Mit einem Spritzdruck von 1 bar gew\u00e4hrleistet dieses Ger\u00e4t mit Einspritz-\/Extraktionssystem eine gr\u00fcndliche und sanfte Reinigung von Textilfl\u00e4chen mit \u00fcberzeugenden Ergebnissen, insbesondere bei der Reinigung von Vorh\u00e4ngen und Teppichen.  Dank seiner D\u00fcse f\u00fcr d\u00fcnne B\u00f6den eignet sich das Ger\u00e4t ebenfalls bestens f\u00fcr beengte R\u00e4ume. Die biegsame Sauglippe erm\u00f6glicht, selbst schwer passierbare Stellen problemlos zu reinigen.   Ideal f\u00fcr die Reinigung Ihrer Teppiche, Kissen, Autositze usw.  Abnehmbarer Schmutzwassertank  Vielseitige Verwendung  Ergonomischer Doppelgriff  Fassungsverm\u00f6gen des Frischwasserbeh\u00e4lters: 10 L  Leistung: 1250 W  Gewicht: 11 kg","og_url":"https:\/\/www.thecityrent.be\/de\/produkt\/ne-reiniger-de-textiles-a-injection-extraction\/","og_site_name":"The City Rent &amp; Partner","article_modified_time":"2023-01-30T17:38:18+00:00","og_image":[{"width":362,"height":397,"url":"https:\/\/www.thecityrent.be\/wp-content\/uploads\/NE-206.gif","type":"image\/gif"}],"twitter_card":"summary_large_image","schema":{"@context":"https:\/\/schema.org","@graph":[{"@type":"WebPage","@id":"https:\/\/www.thecityrent.be\/de\/produkt\/ne-reiniger-de-textiles-a-injection-extraction\/","url":"https:\/\/www.thecityrent.be\/de\/produkt\/ne-reiniger-de-textiles-a-injection-extraction\/","name":"NE-REINIGER DE TEXTILES A INJECTION\/EXTRACTION - The City Rent &amp; Partner","isPartOf":{"@id":"https:\/\/www.thecityrent.be\/#website"},"primaryImageOfPage":{"@id":"https:\/\/www.thecityrent.be\/de\/produkt\/ne-reiniger-de-textiles-a-injection-extraction\/#primaryimage"},"image":{"@id":"https:\/\/www.thecityrent.be\/de\/produkt\/ne-reiniger-de-textiles-a-injection-extraction\/#primaryimage"},"thumbnailUrl":"https:\/\/www.thecityrent.be\/wp-content\/uploads\/NE-206.gif","datePublished":"2022-03-27T10:16:13+00:00","dateModified":"2023-01-30T17:38:18+00:00","breadcrumb":{"@id":"https:\/\/www.thecityrent.be\/de\/produkt\/ne-reiniger-de-textiles-a-injection-extraction\/#breadcrumb"},"inLanguage":"de","potentialAction":[{"@type":"ReadAction","target":["https:\/\/www.thecityrent.be\/de\/produkt\/ne-reiniger-de-textiles-a-injection-extraction\/"]}]},{"@type":"ImageObject","inLanguage":"de","@id":"https:\/\/www.thecityrent.be\/de\/produkt\/ne-reiniger-de-textiles-a-injection-extraction\/#primaryimage","url":"https:\/\/www.thecityrent.be\/wp-content\/uploads\/NE-206.gif","contentUrl":"https:\/\/www.thecityrent.be\/wp-content\/uploads\/NE-206.gif","width":362,"height":397},{"@type":"BreadcrumbList","@id":"https:\/\/www.thecityrent.be\/de\/produkt\/ne-reiniger-de-textiles-a-injection-extraction\/#breadcrumb","itemListElement":[{"@type":"ListItem","position":1,"name":"Home","item":"https:\/\/www.thecityrent.be\/de\/"},{"@type":"ListItem","position":2,"name":"Shop","item":"https:\/\/www.thecityrent.be\/shop\/"},{"@type":"ListItem","position":3,"name":"NE-REINIGER DE TEXTILES A INJECTION\/EXTRACTION"}]},{"@type":"WebSite","@id":"https:\/\/www.thecityrent.be\/#website","url":"https:\/\/www.thecityrent.be\/","name":"The City Rent &amp; Partner","description":"Votre partenaire pour la location de mat\u00e9riel, outillage &amp; v\u00e9hicules","potentialAction":[{"@type":"SearchAction","target":{"@type":"EntryPoint","urlTemplate":"https:\/\/www.thecityrent.be\/?s={search_term_string}"},"query-input":{"@type":"PropertyValueSpecification","valueRequired":true,"valueName":"search_term_string"}}],"inLanguage":"de"}]}},"_links":{"self":[{"href":"https:\/\/www.thecityrent.be\/de\/wp-json\/wp\/v2\/product\/1571","targetHints":{"allow":["GET"]}}],"collection":[{"href":"https:\/\/www.thecityrent.be\/de\/wp-json\/wp\/v2\/product"}],"about":[{"href":"https:\/\/www.thecityrent.be\/de\/wp-json\/wp\/v2\/types\/product"}],"replies":[{"embeddable":true,"href":"https:\/\/www.thecityrent.be\/de\/wp-json\/wp\/v2\/comments?post=1571"}],"wp:featuredmedia":[{"embeddable":true,"href":"https:\/\/www.thecityrent.be\/de\/wp-json\/wp\/v2\/media\/456"}],"wp:attachment":[{"href":"https:\/\/www.thecityrent.be\/de\/wp-json\/wp\/v2\/media?parent=1571"}],"wp:term":[{"taxonomy":"product_brand","embeddable":true,"href":"https:\/\/www.thecityrent.be\/de\/wp-json\/wp\/v2\/product_brand?post=1571"},{"taxonomy":"product_cat","embeddable":true,"href":"https:\/\/www.thecityrent.be\/de\/wp-json\/wp\/v2\/product_cat?post=1571"},{"taxonomy":"product_tag","embeddable":true,"href":"https:\/\/www.thecityrent.be\/de\/wp-json\/wp\/v2\/product_tag?post=1571"}],"curies":[{"name":"wp","href":"https:\/\/api.w.org\/{rel}","templated":true}]}}