{"id":1563,"date":"2022-03-27T12:03:22","date_gmt":"2022-03-27T10:03:22","guid":{"rendered":"https:\/\/www.thecityrent.be\/?post_type=product&#038;p=1563"},"modified":"2023-01-30T18:29:00","modified_gmt":"2023-01-30T17:29:00","slug":"mp-thermischer-hammer-25kg","status":"publish","type":"product","link":"https:\/\/www.thecityrent.be\/de\/produkt\/mp-thermischer-hammer-25kg\/","title":{"rendered":"MP-THERMISCHER HAMMER (25KG)"},"content":{"rendered":"<ul>\n<li><strong>REFERENZ:\u00a0<\/strong>MP401<\/li>\n<li><strong>KAUTION<\/strong> : 100,00\u20ac<\/li>\n<li><strong>PREIS\/TAG<\/strong> : 64,00\u20ac<\/li>\n<li><strong>PREIS\/TAG\/WOCHE<\/strong> : 51,00\u20ac<\/li>\n<li><strong>PREIS\/WOCHENENDE<\/strong> : 116,00\u20ac<\/li>\n<li><strong>PREIS\/TAG\/MONAT<\/strong> : 39,00\u20ac<\/li>\n<\/ul>\n","protected":false},"excerpt":{"rendered":"<p>Der thermische Hammer ist angenehm leicht, aber leistungsstark. Er \u00fcberzeugt durch sein optimiertes Schlagsystem mit hohlen Kolben und seinen asynchronen Motor mit Antrieb ohne Kohleb\u00fcrsten. Dank der D\u00e4mpfvorrichtung werden Vibrationen in H\u00e4nden und Armen ged\u00e4mpft. Die Schmierintervalle wurde verbessert und betr\u00e4gt nun 30 Stunden. Sie sparen Zeit und Geld.<\/p>\n<ul>\n<li>Schlagenergie pro Schlag\u00a075 joules<\/li>\n<li>Betriebsgewicht 25 kg<\/li>\n<li>Hand-Arm-Schwingungen\u00a04.8 m\/s\u00b2 *<\/li>\n<li>Der integrierte Konverter sch\u00fctzt das Ger\u00e4t gegen Spannungseinbr\u00fcchen und -spitzen<\/li>\n<li>Optimiertes Schlagsystem<\/li>\n<\/ul>\n","protected":false},"featured_media":4231,"comment_status":"closed","ping_status":"closed","template":"","meta":{"_acf_changed":false},"product_brand":[],"product_cat":[64],"product_tag":[],"class_list":{"0":"post-1563","1":"product","2":"type-product","3":"status-publish","4":"has-post-thumbnail","6":"product_cat-hammer-meissel","8":"first","9":"instock","10":"taxable","11":"shipping-taxable","12":"purchasable","13":"product-type-simple"},"acf":[],"yoast_head":"<!-- This site is optimized with the Yoast SEO plugin v27.5 - https:\/\/yoast.com\/product\/yoast-seo-wordpress\/ -->\n<title>MP-THERMISCHER HAMMER (25KG) - The City Rent &amp; Partner<\/title>\n<meta name=\"robots\" content=\"index, follow, max-snippet:-1, max-image-preview:large, max-video-preview:-1\" \/>\n<link rel=\"canonical\" href=\"https:\/\/www.thecityrent.be\/de\/produkt\/mp-thermischer-hammer-25kg\/\" \/>\n<meta property=\"og:locale\" content=\"de_DE\" \/>\n<meta property=\"og:type\" content=\"article\" \/>\n<meta property=\"og:title\" content=\"MP-THERMISCHER HAMMER (25KG) - The City Rent &amp; Partner\" \/>\n<meta property=\"og:description\" content=\"Der thermische Hammer ist angenehm leicht, aber leistungsstark. Er \u00fcberzeugt durch sein optimiertes Schlagsystem mit hohlen Kolben und seinen asynchronen Motor mit Antrieb ohne Kohleb\u00fcrsten. Dank der D\u00e4mpfvorrichtung werden Vibrationen in H\u00e4nden und Armen ged\u00e4mpft. Die Schmierintervalle wurde verbessert und betr\u00e4gt nun 30 Stunden. Sie sparen Zeit und Geld.   Schlagenergie pro Schlag\u00a075 joules  Betriebsgewicht 25 kg  Hand-Arm-Schwingungen\u00a04.8 m\/s\u00b2 *  Der integrierte Konverter sch\u00fctzt das Ger\u00e4t gegen Spannungseinbr\u00fcchen und -spitzen  Optimiertes Schlagsystem\" \/>\n<meta property=\"og:url\" content=\"https:\/\/www.thecityrent.be\/de\/produkt\/mp-thermischer-hammer-25kg\/\" \/>\n<meta property=\"og:site_name\" content=\"The City Rent &amp; Partner\" \/>\n<meta property=\"article:modified_time\" content=\"2023-01-30T17:29:00+00:00\" \/>\n<meta property=\"og:image\" content=\"https:\/\/www.thecityrent.be\/wp-content\/uploads\/MP-401.gif\" \/>\n\t<meta property=\"og:image:width\" content=\"250\" \/>\n\t<meta property=\"og:image:height\" content=\"427\" \/>\n\t<meta property=\"og:image:type\" content=\"image\/gif\" \/>\n<meta name=\"twitter:card\" content=\"summary_large_image\" \/>\n<script type=\"application\/ld+json\" class=\"yoast-schema-graph\">{\"@context\":\"https:\\\/\\\/schema.org\",\"@graph\":[{\"@type\":\"WebPage\",\"@id\":\"https:\\\/\\\/www.thecityrent.be\\\/de\\\/produkt\\\/mp-thermischer-hammer-25kg\\\/\",\"url\":\"https:\\\/\\\/www.thecityrent.be\\\/de\\\/produkt\\\/mp-thermischer-hammer-25kg\\\/\",\"name\":\"MP-THERMISCHER HAMMER (25KG) - The City Rent &amp; Partner\",\"isPartOf\":{\"@id\":\"https:\\\/\\\/www.thecityrent.be\\\/#website\"},\"primaryImageOfPage\":{\"@id\":\"https:\\\/\\\/www.thecityrent.be\\\/de\\\/produkt\\\/mp-thermischer-hammer-25kg\\\/#primaryimage\"},\"image\":{\"@id\":\"https:\\\/\\\/www.thecityrent.be\\\/de\\\/produkt\\\/mp-thermischer-hammer-25kg\\\/#primaryimage\"},\"thumbnailUrl\":\"https:\\\/\\\/www.thecityrent.be\\\/wp-content\\\/uploads\\\/piq02t_brise_beton_thermique_01_20221115_f936b3e67d.png\",\"datePublished\":\"2022-03-27T10:03:22+00:00\",\"dateModified\":\"2023-01-30T17:29:00+00:00\",\"breadcrumb\":{\"@id\":\"https:\\\/\\\/www.thecityrent.be\\\/de\\\/produkt\\\/mp-thermischer-hammer-25kg\\\/#breadcrumb\"},\"inLanguage\":\"de\",\"potentialAction\":[{\"@type\":\"ReadAction\",\"target\":[\"https:\\\/\\\/www.thecityrent.be\\\/de\\\/produkt\\\/mp-thermischer-hammer-25kg\\\/\"]}]},{\"@type\":\"ImageObject\",\"inLanguage\":\"de\",\"@id\":\"https:\\\/\\\/www.thecityrent.be\\\/de\\\/produkt\\\/mp-thermischer-hammer-25kg\\\/#primaryimage\",\"url\":\"https:\\\/\\\/www.thecityrent.be\\\/wp-content\\\/uploads\\\/piq02t_brise_beton_thermique_01_20221115_f936b3e67d.png\",\"contentUrl\":\"https:\\\/\\\/www.thecityrent.be\\\/wp-content\\\/uploads\\\/piq02t_brise_beton_thermique_01_20221115_f936b3e67d.png\",\"width\":1030,\"height\":1030},{\"@type\":\"BreadcrumbList\",\"@id\":\"https:\\\/\\\/www.thecityrent.be\\\/de\\\/produkt\\\/mp-thermischer-hammer-25kg\\\/#breadcrumb\",\"itemListElement\":[{\"@type\":\"ListItem\",\"position\":1,\"name\":\"Home\",\"item\":\"https:\\\/\\\/www.thecityrent.be\\\/de\\\/\"},{\"@type\":\"ListItem\",\"position\":2,\"name\":\"Shop\",\"item\":\"https:\\\/\\\/www.thecityrent.be\\\/shop\\\/\"},{\"@type\":\"ListItem\",\"position\":3,\"name\":\"MP-THERMISCHER HAMMER (25KG)\"}]},{\"@type\":\"WebSite\",\"@id\":\"https:\\\/\\\/www.thecityrent.be\\\/#website\",\"url\":\"https:\\\/\\\/www.thecityrent.be\\\/\",\"name\":\"The City Rent &amp; Partner\",\"description\":\"Votre partenaire pour la location de mat\u00e9riel, outillage &amp; v\u00e9hicules\",\"potentialAction\":[{\"@type\":\"SearchAction\",\"target\":{\"@type\":\"EntryPoint\",\"urlTemplate\":\"https:\\\/\\\/www.thecityrent.be\\\/?s={search_term_string}\"},\"query-input\":{\"@type\":\"PropertyValueSpecification\",\"valueRequired\":true,\"valueName\":\"search_term_string\"}}],\"inLanguage\":\"de\"}]}<\/script>\n<!-- \/ Yoast SEO plugin. -->","yoast_head_json":{"title":"MP-THERMISCHER HAMMER (25KG) - The City Rent &amp; Partner","robots":{"index":"index","follow":"follow","max-snippet":"max-snippet:-1","max-image-preview":"max-image-preview:large","max-video-preview":"max-video-preview:-1"},"canonical":"https:\/\/www.thecityrent.be\/de\/produkt\/mp-thermischer-hammer-25kg\/","og_locale":"de_DE","og_type":"article","og_title":"MP-THERMISCHER HAMMER (25KG) - The City Rent &amp; Partner","og_description":"Der thermische Hammer ist angenehm leicht, aber leistungsstark. Er \u00fcberzeugt durch sein optimiertes Schlagsystem mit hohlen Kolben und seinen asynchronen Motor mit Antrieb ohne Kohleb\u00fcrsten. Dank der D\u00e4mpfvorrichtung werden Vibrationen in H\u00e4nden und Armen ged\u00e4mpft. Die Schmierintervalle wurde verbessert und betr\u00e4gt nun 30 Stunden. Sie sparen Zeit und Geld.   Schlagenergie pro Schlag\u00a075 joules  Betriebsgewicht 25 kg  Hand-Arm-Schwingungen\u00a04.8 m\/s\u00b2 *  Der integrierte Konverter sch\u00fctzt das Ger\u00e4t gegen Spannungseinbr\u00fcchen und -spitzen  Optimiertes Schlagsystem","og_url":"https:\/\/www.thecityrent.be\/de\/produkt\/mp-thermischer-hammer-25kg\/","og_site_name":"The City Rent &amp; Partner","article_modified_time":"2023-01-30T17:29:00+00:00","og_image":[{"width":250,"height":427,"url":"https:\/\/www.thecityrent.be\/wp-content\/uploads\/MP-401.gif","type":"image\/gif"}],"twitter_card":"summary_large_image","schema":{"@context":"https:\/\/schema.org","@graph":[{"@type":"WebPage","@id":"https:\/\/www.thecityrent.be\/de\/produkt\/mp-thermischer-hammer-25kg\/","url":"https:\/\/www.thecityrent.be\/de\/produkt\/mp-thermischer-hammer-25kg\/","name":"MP-THERMISCHER HAMMER (25KG) - The City Rent &amp; Partner","isPartOf":{"@id":"https:\/\/www.thecityrent.be\/#website"},"primaryImageOfPage":{"@id":"https:\/\/www.thecityrent.be\/de\/produkt\/mp-thermischer-hammer-25kg\/#primaryimage"},"image":{"@id":"https:\/\/www.thecityrent.be\/de\/produkt\/mp-thermischer-hammer-25kg\/#primaryimage"},"thumbnailUrl":"https:\/\/www.thecityrent.be\/wp-content\/uploads\/piq02t_brise_beton_thermique_01_20221115_f936b3e67d.png","datePublished":"2022-03-27T10:03:22+00:00","dateModified":"2023-01-30T17:29:00+00:00","breadcrumb":{"@id":"https:\/\/www.thecityrent.be\/de\/produkt\/mp-thermischer-hammer-25kg\/#breadcrumb"},"inLanguage":"de","potentialAction":[{"@type":"ReadAction","target":["https:\/\/www.thecityrent.be\/de\/produkt\/mp-thermischer-hammer-25kg\/"]}]},{"@type":"ImageObject","inLanguage":"de","@id":"https:\/\/www.thecityrent.be\/de\/produkt\/mp-thermischer-hammer-25kg\/#primaryimage","url":"https:\/\/www.thecityrent.be\/wp-content\/uploads\/piq02t_brise_beton_thermique_01_20221115_f936b3e67d.png","contentUrl":"https:\/\/www.thecityrent.be\/wp-content\/uploads\/piq02t_brise_beton_thermique_01_20221115_f936b3e67d.png","width":1030,"height":1030},{"@type":"BreadcrumbList","@id":"https:\/\/www.thecityrent.be\/de\/produkt\/mp-thermischer-hammer-25kg\/#breadcrumb","itemListElement":[{"@type":"ListItem","position":1,"name":"Home","item":"https:\/\/www.thecityrent.be\/de\/"},{"@type":"ListItem","position":2,"name":"Shop","item":"https:\/\/www.thecityrent.be\/shop\/"},{"@type":"ListItem","position":3,"name":"MP-THERMISCHER HAMMER (25KG)"}]},{"@type":"WebSite","@id":"https:\/\/www.thecityrent.be\/#website","url":"https:\/\/www.thecityrent.be\/","name":"The City Rent &amp; Partner","description":"Votre partenaire pour la location de mat\u00e9riel, outillage &amp; v\u00e9hicules","potentialAction":[{"@type":"SearchAction","target":{"@type":"EntryPoint","urlTemplate":"https:\/\/www.thecityrent.be\/?s={search_term_string}"},"query-input":{"@type":"PropertyValueSpecification","valueRequired":true,"valueName":"search_term_string"}}],"inLanguage":"de"}]}},"_links":{"self":[{"href":"https:\/\/www.thecityrent.be\/de\/wp-json\/wp\/v2\/product\/1563","targetHints":{"allow":["GET"]}}],"collection":[{"href":"https:\/\/www.thecityrent.be\/de\/wp-json\/wp\/v2\/product"}],"about":[{"href":"https:\/\/www.thecityrent.be\/de\/wp-json\/wp\/v2\/types\/product"}],"replies":[{"embeddable":true,"href":"https:\/\/www.thecityrent.be\/de\/wp-json\/wp\/v2\/comments?post=1563"}],"wp:featuredmedia":[{"embeddable":true,"href":"https:\/\/www.thecityrent.be\/de\/wp-json\/wp\/v2\/media\/4231"}],"wp:attachment":[{"href":"https:\/\/www.thecityrent.be\/de\/wp-json\/wp\/v2\/media?parent=1563"}],"wp:term":[{"taxonomy":"product_brand","embeddable":true,"href":"https:\/\/www.thecityrent.be\/de\/wp-json\/wp\/v2\/product_brand?post=1563"},{"taxonomy":"product_cat","embeddable":true,"href":"https:\/\/www.thecityrent.be\/de\/wp-json\/wp\/v2\/product_cat?post=1563"},{"taxonomy":"product_tag","embeddable":true,"href":"https:\/\/www.thecityrent.be\/de\/wp-json\/wp\/v2\/product_tag?post=1563"}],"curies":[{"name":"wp","href":"https:\/\/api.w.org\/{rel}","templated":true}]}}