{"id":1561,"date":"2022-03-27T12:01:32","date_gmt":"2022-03-27T10:01:32","guid":{"rendered":"https:\/\/www.thecityrent.be\/?post_type=product&#038;p=1561"},"modified":"2023-01-30T18:29:50","modified_gmt":"2023-01-30T17:29:50","slug":"mp-elektrischer-hammer-25-30-kg","status":"publish","type":"product","link":"https:\/\/www.thecityrent.be\/de\/produkt\/mp-elektrischer-hammer-25-30-kg\/","title":{"rendered":"MP-ELEKTRISCHER HAMMER 25 &#8211; 30 KG"},"content":{"rendered":"<ul>\n<li><strong>REFERENZ: <\/strong>MP021<\/li>\n<li><strong>KAUTION<\/strong> : 50,00\u20ac<\/li>\n<li><strong>PREIS\/TAG<\/strong> : 54,00\u20ac<\/li>\n<li><strong>PREIS\/TAG\/WOCHE<\/strong> : 43,00\u20ac<\/li>\n<li><strong>PREIS\/WOCHENENDE<\/strong> : 96,00\u20ac<\/li>\n<li><strong>PREIS\/TAG\/MONAT<\/strong> : 32,00\u20ac<\/li>\n<\/ul>\n","protected":false},"excerpt":{"rendered":"<p><strong>Der Betonbrecher<br \/>\n<\/strong><\/p>\n<ul>\n<li>Hervorragende Schlagkapazit\u00e4t: Schlagkraft\u00a062 J et 1\u2009000\u00a0Schl\u00e4ge\/Minute<\/li>\n<li>Sehr geringe Schwingungen\u00a0(seulement 8,5 m\/s\u00b2) dank ged\u00e4mpfter Griffe und Schlagmechanismus mit geringen Schwingungen f\u00fcr einen l\u00e4ngeren t\u00e4glichen Gebrauch<\/li>\n<li>H\u00f6chste Lebensdauer dank hochwertigen Bestandteilen aus Aluminium und Stahl<\/li>\n<li>Optimale\u00a0Handlichkeit: ergonomische Griffe mit Softgrip-Oberfl\u00e4che und niedrigem Gravizentrum<\/li>\n<li>Antirutsch Oberfl\u00e4che verhindert das Verrutschen des Ger\u00e4tes<\/li>\n<\/ul>\n","protected":false},"featured_media":4220,"comment_status":"closed","ping_status":"closed","template":"","meta":{"_acf_changed":false},"product_brand":[],"product_cat":[64],"product_tag":[],"class_list":{"0":"post-1561","1":"product","2":"type-product","3":"status-publish","4":"has-post-thumbnail","6":"product_cat-hammer-meissel","8":"first","9":"instock","10":"taxable","11":"shipping-taxable","12":"purchasable","13":"product-type-simple"},"acf":[],"yoast_head":"<!-- This site is optimized with the Yoast SEO plugin v27.5 - https:\/\/yoast.com\/product\/yoast-seo-wordpress\/ -->\n<title>MP-ELEKTRISCHER HAMMER 25 - 30 KG - The City Rent &amp; Partner<\/title>\n<meta name=\"robots\" content=\"index, follow, max-snippet:-1, max-image-preview:large, max-video-preview:-1\" \/>\n<link rel=\"canonical\" href=\"https:\/\/www.thecityrent.be\/de\/produkt\/mp-elektrischer-hammer-25-30-kg\/\" \/>\n<meta property=\"og:locale\" content=\"de_DE\" \/>\n<meta property=\"og:type\" content=\"article\" \/>\n<meta property=\"og:title\" content=\"MP-ELEKTRISCHER HAMMER 25 - 30 KG - The City Rent &amp; Partner\" \/>\n<meta property=\"og:description\" content=\"Der Betonbrecher    Hervorragende Schlagkapazit\u00e4t: Schlagkraft\u00a062 J et 1\u2009000\u00a0Schl\u00e4ge\/Minute  Sehr geringe Schwingungen\u00a0(seulement 8,5 m\/s\u00b2) dank ged\u00e4mpfter Griffe und Schlagmechanismus mit geringen Schwingungen f\u00fcr einen l\u00e4ngeren t\u00e4glichen Gebrauch  H\u00f6chste Lebensdauer dank hochwertigen Bestandteilen aus Aluminium und Stahl  Optimale\u00a0Handlichkeit: ergonomische Griffe mit Softgrip-Oberfl\u00e4che und niedrigem Gravizentrum  Antirutsch Oberfl\u00e4che verhindert das Verrutschen des Ger\u00e4tes\" \/>\n<meta property=\"og:url\" content=\"https:\/\/www.thecityrent.be\/de\/produkt\/mp-elektrischer-hammer-25-30-kg\/\" \/>\n<meta property=\"og:site_name\" content=\"The City Rent &amp; Partner\" \/>\n<meta property=\"article:modified_time\" content=\"2023-01-30T17:29:50+00:00\" \/>\n<meta property=\"og:image\" content=\"https:\/\/www.thecityrent.be\/wp-content\/uploads\/MP-014-017-018.png\" \/>\n\t<meta property=\"og:image:width\" content=\"306\" \/>\n\t<meta property=\"og:image:height\" content=\"428\" \/>\n\t<meta property=\"og:image:type\" content=\"image\/png\" \/>\n<meta name=\"twitter:card\" content=\"summary_large_image\" \/>\n<script type=\"application\/ld+json\" class=\"yoast-schema-graph\">{\"@context\":\"https:\\\/\\\/schema.org\",\"@graph\":[{\"@type\":\"WebPage\",\"@id\":\"https:\\\/\\\/www.thecityrent.be\\\/de\\\/produkt\\\/mp-elektrischer-hammer-25-30-kg\\\/\",\"url\":\"https:\\\/\\\/www.thecityrent.be\\\/de\\\/produkt\\\/mp-elektrischer-hammer-25-30-kg\\\/\",\"name\":\"MP-ELEKTRISCHER HAMMER 25 - 30 KG - The City Rent &amp; Partner\",\"isPartOf\":{\"@id\":\"https:\\\/\\\/www.thecityrent.be\\\/#website\"},\"primaryImageOfPage\":{\"@id\":\"https:\\\/\\\/www.thecityrent.be\\\/de\\\/produkt\\\/mp-elektrischer-hammer-25-30-kg\\\/#primaryimage\"},\"image\":{\"@id\":\"https:\\\/\\\/www.thecityrent.be\\\/de\\\/produkt\\\/mp-elektrischer-hammer-25-30-kg\\\/#primaryimage\"},\"thumbnailUrl\":\"https:\\\/\\\/www.thecityrent.be\\\/wp-content\\\/uploads\\\/gsh-27-vc-professional-demolition-hammers.jpg\",\"datePublished\":\"2022-03-27T10:01:32+00:00\",\"dateModified\":\"2023-01-30T17:29:50+00:00\",\"breadcrumb\":{\"@id\":\"https:\\\/\\\/www.thecityrent.be\\\/de\\\/produkt\\\/mp-elektrischer-hammer-25-30-kg\\\/#breadcrumb\"},\"inLanguage\":\"de\",\"potentialAction\":[{\"@type\":\"ReadAction\",\"target\":[\"https:\\\/\\\/www.thecityrent.be\\\/de\\\/produkt\\\/mp-elektrischer-hammer-25-30-kg\\\/\"]}]},{\"@type\":\"ImageObject\",\"inLanguage\":\"de\",\"@id\":\"https:\\\/\\\/www.thecityrent.be\\\/de\\\/produkt\\\/mp-elektrischer-hammer-25-30-kg\\\/#primaryimage\",\"url\":\"https:\\\/\\\/www.thecityrent.be\\\/wp-content\\\/uploads\\\/gsh-27-vc-professional-demolition-hammers.jpg\",\"contentUrl\":\"https:\\\/\\\/www.thecityrent.be\\\/wp-content\\\/uploads\\\/gsh-27-vc-professional-demolition-hammers.jpg\",\"width\":1120,\"height\":1000},{\"@type\":\"BreadcrumbList\",\"@id\":\"https:\\\/\\\/www.thecityrent.be\\\/de\\\/produkt\\\/mp-elektrischer-hammer-25-30-kg\\\/#breadcrumb\",\"itemListElement\":[{\"@type\":\"ListItem\",\"position\":1,\"name\":\"Home\",\"item\":\"https:\\\/\\\/www.thecityrent.be\\\/de\\\/\"},{\"@type\":\"ListItem\",\"position\":2,\"name\":\"Shop\",\"item\":\"https:\\\/\\\/www.thecityrent.be\\\/shop\\\/\"},{\"@type\":\"ListItem\",\"position\":3,\"name\":\"MP-ELEKTRISCHER HAMMER 25 &#8211; 30 KG\"}]},{\"@type\":\"WebSite\",\"@id\":\"https:\\\/\\\/www.thecityrent.be\\\/#website\",\"url\":\"https:\\\/\\\/www.thecityrent.be\\\/\",\"name\":\"The City Rent &amp; Partner\",\"description\":\"Votre partenaire pour la location de mat\u00e9riel, outillage &amp; v\u00e9hicules\",\"potentialAction\":[{\"@type\":\"SearchAction\",\"target\":{\"@type\":\"EntryPoint\",\"urlTemplate\":\"https:\\\/\\\/www.thecityrent.be\\\/?s={search_term_string}\"},\"query-input\":{\"@type\":\"PropertyValueSpecification\",\"valueRequired\":true,\"valueName\":\"search_term_string\"}}],\"inLanguage\":\"de\"}]}<\/script>\n<!-- \/ Yoast SEO plugin. -->","yoast_head_json":{"title":"MP-ELEKTRISCHER HAMMER 25 - 30 KG - The City Rent &amp; Partner","robots":{"index":"index","follow":"follow","max-snippet":"max-snippet:-1","max-image-preview":"max-image-preview:large","max-video-preview":"max-video-preview:-1"},"canonical":"https:\/\/www.thecityrent.be\/de\/produkt\/mp-elektrischer-hammer-25-30-kg\/","og_locale":"de_DE","og_type":"article","og_title":"MP-ELEKTRISCHER HAMMER 25 - 30 KG - The City Rent &amp; Partner","og_description":"Der Betonbrecher    Hervorragende Schlagkapazit\u00e4t: Schlagkraft\u00a062 J et 1\u2009000\u00a0Schl\u00e4ge\/Minute  Sehr geringe Schwingungen\u00a0(seulement 8,5 m\/s\u00b2) dank ged\u00e4mpfter Griffe und Schlagmechanismus mit geringen Schwingungen f\u00fcr einen l\u00e4ngeren t\u00e4glichen Gebrauch  H\u00f6chste Lebensdauer dank hochwertigen Bestandteilen aus Aluminium und Stahl  Optimale\u00a0Handlichkeit: ergonomische Griffe mit Softgrip-Oberfl\u00e4che und niedrigem Gravizentrum  Antirutsch Oberfl\u00e4che verhindert das Verrutschen des Ger\u00e4tes","og_url":"https:\/\/www.thecityrent.be\/de\/produkt\/mp-elektrischer-hammer-25-30-kg\/","og_site_name":"The City Rent &amp; Partner","article_modified_time":"2023-01-30T17:29:50+00:00","og_image":[{"width":306,"height":428,"url":"https:\/\/www.thecityrent.be\/wp-content\/uploads\/MP-014-017-018.png","type":"image\/png"}],"twitter_card":"summary_large_image","schema":{"@context":"https:\/\/schema.org","@graph":[{"@type":"WebPage","@id":"https:\/\/www.thecityrent.be\/de\/produkt\/mp-elektrischer-hammer-25-30-kg\/","url":"https:\/\/www.thecityrent.be\/de\/produkt\/mp-elektrischer-hammer-25-30-kg\/","name":"MP-ELEKTRISCHER HAMMER 25 - 30 KG - The City Rent &amp; Partner","isPartOf":{"@id":"https:\/\/www.thecityrent.be\/#website"},"primaryImageOfPage":{"@id":"https:\/\/www.thecityrent.be\/de\/produkt\/mp-elektrischer-hammer-25-30-kg\/#primaryimage"},"image":{"@id":"https:\/\/www.thecityrent.be\/de\/produkt\/mp-elektrischer-hammer-25-30-kg\/#primaryimage"},"thumbnailUrl":"https:\/\/www.thecityrent.be\/wp-content\/uploads\/gsh-27-vc-professional-demolition-hammers.jpg","datePublished":"2022-03-27T10:01:32+00:00","dateModified":"2023-01-30T17:29:50+00:00","breadcrumb":{"@id":"https:\/\/www.thecityrent.be\/de\/produkt\/mp-elektrischer-hammer-25-30-kg\/#breadcrumb"},"inLanguage":"de","potentialAction":[{"@type":"ReadAction","target":["https:\/\/www.thecityrent.be\/de\/produkt\/mp-elektrischer-hammer-25-30-kg\/"]}]},{"@type":"ImageObject","inLanguage":"de","@id":"https:\/\/www.thecityrent.be\/de\/produkt\/mp-elektrischer-hammer-25-30-kg\/#primaryimage","url":"https:\/\/www.thecityrent.be\/wp-content\/uploads\/gsh-27-vc-professional-demolition-hammers.jpg","contentUrl":"https:\/\/www.thecityrent.be\/wp-content\/uploads\/gsh-27-vc-professional-demolition-hammers.jpg","width":1120,"height":1000},{"@type":"BreadcrumbList","@id":"https:\/\/www.thecityrent.be\/de\/produkt\/mp-elektrischer-hammer-25-30-kg\/#breadcrumb","itemListElement":[{"@type":"ListItem","position":1,"name":"Home","item":"https:\/\/www.thecityrent.be\/de\/"},{"@type":"ListItem","position":2,"name":"Shop","item":"https:\/\/www.thecityrent.be\/shop\/"},{"@type":"ListItem","position":3,"name":"MP-ELEKTRISCHER HAMMER 25 &#8211; 30 KG"}]},{"@type":"WebSite","@id":"https:\/\/www.thecityrent.be\/#website","url":"https:\/\/www.thecityrent.be\/","name":"The City Rent &amp; Partner","description":"Votre partenaire pour la location de mat\u00e9riel, outillage &amp; v\u00e9hicules","potentialAction":[{"@type":"SearchAction","target":{"@type":"EntryPoint","urlTemplate":"https:\/\/www.thecityrent.be\/?s={search_term_string}"},"query-input":{"@type":"PropertyValueSpecification","valueRequired":true,"valueName":"search_term_string"}}],"inLanguage":"de"}]}},"_links":{"self":[{"href":"https:\/\/www.thecityrent.be\/de\/wp-json\/wp\/v2\/product\/1561","targetHints":{"allow":["GET"]}}],"collection":[{"href":"https:\/\/www.thecityrent.be\/de\/wp-json\/wp\/v2\/product"}],"about":[{"href":"https:\/\/www.thecityrent.be\/de\/wp-json\/wp\/v2\/types\/product"}],"replies":[{"embeddable":true,"href":"https:\/\/www.thecityrent.be\/de\/wp-json\/wp\/v2\/comments?post=1561"}],"wp:featuredmedia":[{"embeddable":true,"href":"https:\/\/www.thecityrent.be\/de\/wp-json\/wp\/v2\/media\/4220"}],"wp:attachment":[{"href":"https:\/\/www.thecityrent.be\/de\/wp-json\/wp\/v2\/media?parent=1561"}],"wp:term":[{"taxonomy":"product_brand","embeddable":true,"href":"https:\/\/www.thecityrent.be\/de\/wp-json\/wp\/v2\/product_brand?post=1561"},{"taxonomy":"product_cat","embeddable":true,"href":"https:\/\/www.thecityrent.be\/de\/wp-json\/wp\/v2\/product_cat?post=1561"},{"taxonomy":"product_tag","embeddable":true,"href":"https:\/\/www.thecityrent.be\/de\/wp-json\/wp\/v2\/product_tag?post=1561"}],"curies":[{"name":"wp","href":"https:\/\/api.w.org\/{rel}","templated":true}]}}