{"id":1560,"date":"2022-03-27T11:59:24","date_gmt":"2022-03-27T09:59:24","guid":{"rendered":"https:\/\/www.thecityrent.be\/?post_type=product&#038;p=1560"},"modified":"2023-01-30T18:30:24","modified_gmt":"2023-01-30T17:30:24","slug":"mp-elektrischer-hammer-12-kg","status":"publish","type":"product","link":"https:\/\/www.thecityrent.be\/de\/produkt\/mp-elektrischer-hammer-12-kg\/","title":{"rendered":"MP-ELEKTRISCHER HAMMER (12 KG)"},"content":{"rendered":"<ul>\n<li><strong>REFERENZ:\u00a0<\/strong>MP009<\/li>\n<li><strong>KAUTION<\/strong> : 50,00\u20ac<\/li>\n<li><strong>PREIS\/TAG<\/strong> : 48,00\u20ac<\/li>\n<li><strong>PREIS\/TAG\/WOCHE<\/strong> : 39,00\u20ac<\/li>\n<li><strong>PREIS\/WOCHENENDE<\/strong> : 87,00\u20ac<\/li>\n<li><strong>PREIS\/TAG\/MONAT<\/strong> : 29,00\u20ac<\/li>\n<\/ul>\n","protected":false},"excerpt":{"rendered":"<p><strong>Hervorragende<\/strong><strong>\u00a0Kombi-Hammer f\u00fcr vertikales Arbeiten.<\/strong><\/p>\n<ul>\n<li>Au\u00dferordentliche Schlagkraft: 27 Joules.<\/li>\n<li>1700 W Motor mit Leistungsreserve f\u00fcr anspruchsvolle Arbeiten<\/li>\n<li>Kann durch Stromaggregat versorgt werden<\/li>\n<li>Elektronische variable Geschwindigkeitssteuerung, um sich jedem Anwendungszweck anzupassen<\/li>\n<li>3 Griffe mit AVS-Antivibrationssystem und Softgrip-Oberfl\u00e4che f\u00fcr besseren Bedienkomfort. Gerade Form f\u00fcr mehr Komfort und weniger M\u00fcdigkeit bei vertikalen Arbeiten (im Stehen).<\/li>\n<li>Automatisches Schmieren f\u00fcr optimierte Lebensdauer<\/li>\n<li>Metalkarter und verst\u00e4rkter, \u00e4u\u00dferst robuster Glasfaserk\u00f6rper<\/li>\n<li>Sicherheitskupplung zum Schutz von Ger\u00e4t und Nutzer<\/li>\n<li>Neue langlebige Kohleb\u00fcrsten<\/li>\n<\/ul>\n","protected":false},"featured_media":4224,"comment_status":"closed","ping_status":"closed","template":"","meta":{"_acf_changed":false},"product_brand":[],"product_cat":[64],"product_tag":[],"class_list":{"0":"post-1560","1":"product","2":"type-product","3":"status-publish","4":"has-post-thumbnail","6":"product_cat-hammer-meissel","8":"first","9":"instock","10":"taxable","11":"shipping-taxable","12":"purchasable","13":"product-type-simple"},"acf":[],"yoast_head":"<!-- This site is optimized with the Yoast SEO plugin v27.5 - https:\/\/yoast.com\/product\/yoast-seo-wordpress\/ -->\n<title>MP-ELEKTRISCHER HAMMER (12 KG) - The City Rent &amp; Partner<\/title>\n<meta name=\"robots\" content=\"index, follow, max-snippet:-1, max-image-preview:large, max-video-preview:-1\" \/>\n<link rel=\"canonical\" href=\"https:\/\/www.thecityrent.be\/de\/produkt\/mp-elektrischer-hammer-12-kg\/\" \/>\n<meta property=\"og:locale\" content=\"de_DE\" \/>\n<meta property=\"og:type\" content=\"article\" \/>\n<meta property=\"og:title\" content=\"MP-ELEKTRISCHER HAMMER (12 KG) - The City Rent &amp; Partner\" \/>\n<meta property=\"og:description\" content=\"Hervorragende\u00a0Kombi-Hammer f\u00fcr vertikales Arbeiten.   Au\u00dferordentliche Schlagkraft: 27 Joules.  1700 W Motor mit Leistungsreserve f\u00fcr anspruchsvolle Arbeiten  Kann durch Stromaggregat versorgt werden  Elektronische variable Geschwindigkeitssteuerung, um sich jedem Anwendungszweck anzupassen  3 Griffe mit AVS-Antivibrationssystem und Softgrip-Oberfl\u00e4che f\u00fcr besseren Bedienkomfort. Gerade Form f\u00fcr mehr Komfort und weniger M\u00fcdigkeit bei vertikalen Arbeiten (im Stehen).  Automatisches Schmieren f\u00fcr optimierte Lebensdauer  Metalkarter und verst\u00e4rkter, \u00e4u\u00dferst robuster Glasfaserk\u00f6rper  Sicherheitskupplung zum Schutz von Ger\u00e4t und Nutzer  Neue langlebige Kohleb\u00fcrsten\" \/>\n<meta property=\"og:url\" content=\"https:\/\/www.thecityrent.be\/de\/produkt\/mp-elektrischer-hammer-12-kg\/\" \/>\n<meta property=\"og:site_name\" content=\"The City Rent &amp; Partner\" \/>\n<meta property=\"article:modified_time\" content=\"2023-01-30T17:30:24+00:00\" \/>\n<meta property=\"og:image\" content=\"https:\/\/www.thecityrent.be\/wp-content\/uploads\/MP-009-015-020-022.png\" \/>\n\t<meta property=\"og:image:width\" content=\"459\" \/>\n\t<meta property=\"og:image:height\" content=\"376\" \/>\n\t<meta property=\"og:image:type\" content=\"image\/png\" \/>\n<meta name=\"twitter:card\" content=\"summary_large_image\" \/>\n<meta name=\"twitter:label1\" content=\"Gesch\u00e4tzte Lesezeit\" \/>\n\t<meta name=\"twitter:data1\" content=\"1\u00a0Minute\" \/>\n<script type=\"application\/ld+json\" class=\"yoast-schema-graph\">{\"@context\":\"https:\\\/\\\/schema.org\",\"@graph\":[{\"@type\":\"WebPage\",\"@id\":\"https:\\\/\\\/www.thecityrent.be\\\/de\\\/produkt\\\/mp-elektrischer-hammer-12-kg\\\/\",\"url\":\"https:\\\/\\\/www.thecityrent.be\\\/de\\\/produkt\\\/mp-elektrischer-hammer-12-kg\\\/\",\"name\":\"MP-ELEKTRISCHER HAMMER (12 KG) - The City Rent &amp; Partner\",\"isPartOf\":{\"@id\":\"https:\\\/\\\/www.thecityrent.be\\\/#website\"},\"primaryImageOfPage\":{\"@id\":\"https:\\\/\\\/www.thecityrent.be\\\/de\\\/produkt\\\/mp-elektrischer-hammer-12-kg\\\/#primaryimage\"},\"image\":{\"@id\":\"https:\\\/\\\/www.thecityrent.be\\\/de\\\/produkt\\\/mp-elektrischer-hammer-12-kg\\\/#primaryimage\"},\"thumbnailUrl\":\"https:\\\/\\\/www.thecityrent.be\\\/wp-content\\\/uploads\\\/Bosch_Slaghamer_GSH_11_VC@@9wchdh09.jpg\",\"datePublished\":\"2022-03-27T09:59:24+00:00\",\"dateModified\":\"2023-01-30T17:30:24+00:00\",\"breadcrumb\":{\"@id\":\"https:\\\/\\\/www.thecityrent.be\\\/de\\\/produkt\\\/mp-elektrischer-hammer-12-kg\\\/#breadcrumb\"},\"inLanguage\":\"de\",\"potentialAction\":[{\"@type\":\"ReadAction\",\"target\":[\"https:\\\/\\\/www.thecityrent.be\\\/de\\\/produkt\\\/mp-elektrischer-hammer-12-kg\\\/\"]}]},{\"@type\":\"ImageObject\",\"inLanguage\":\"de\",\"@id\":\"https:\\\/\\\/www.thecityrent.be\\\/de\\\/produkt\\\/mp-elektrischer-hammer-12-kg\\\/#primaryimage\",\"url\":\"https:\\\/\\\/www.thecityrent.be\\\/wp-content\\\/uploads\\\/Bosch_Slaghamer_GSH_11_VC@@9wchdh09.jpg\",\"contentUrl\":\"https:\\\/\\\/www.thecityrent.be\\\/wp-content\\\/uploads\\\/Bosch_Slaghamer_GSH_11_VC@@9wchdh09.jpg\",\"width\":630,\"height\":630},{\"@type\":\"BreadcrumbList\",\"@id\":\"https:\\\/\\\/www.thecityrent.be\\\/de\\\/produkt\\\/mp-elektrischer-hammer-12-kg\\\/#breadcrumb\",\"itemListElement\":[{\"@type\":\"ListItem\",\"position\":1,\"name\":\"Home\",\"item\":\"https:\\\/\\\/www.thecityrent.be\\\/de\\\/\"},{\"@type\":\"ListItem\",\"position\":2,\"name\":\"Shop\",\"item\":\"https:\\\/\\\/www.thecityrent.be\\\/shop\\\/\"},{\"@type\":\"ListItem\",\"position\":3,\"name\":\"MP-ELEKTRISCHER HAMMER (12 KG)\"}]},{\"@type\":\"WebSite\",\"@id\":\"https:\\\/\\\/www.thecityrent.be\\\/#website\",\"url\":\"https:\\\/\\\/www.thecityrent.be\\\/\",\"name\":\"The City Rent &amp; Partner\",\"description\":\"Votre partenaire pour la location de mat\u00e9riel, outillage &amp; v\u00e9hicules\",\"potentialAction\":[{\"@type\":\"SearchAction\",\"target\":{\"@type\":\"EntryPoint\",\"urlTemplate\":\"https:\\\/\\\/www.thecityrent.be\\\/?s={search_term_string}\"},\"query-input\":{\"@type\":\"PropertyValueSpecification\",\"valueRequired\":true,\"valueName\":\"search_term_string\"}}],\"inLanguage\":\"de\"}]}<\/script>\n<!-- \/ Yoast SEO plugin. -->","yoast_head_json":{"title":"MP-ELEKTRISCHER HAMMER (12 KG) - The City Rent &amp; Partner","robots":{"index":"index","follow":"follow","max-snippet":"max-snippet:-1","max-image-preview":"max-image-preview:large","max-video-preview":"max-video-preview:-1"},"canonical":"https:\/\/www.thecityrent.be\/de\/produkt\/mp-elektrischer-hammer-12-kg\/","og_locale":"de_DE","og_type":"article","og_title":"MP-ELEKTRISCHER HAMMER (12 KG) - The City Rent &amp; Partner","og_description":"Hervorragende\u00a0Kombi-Hammer f\u00fcr vertikales Arbeiten.   Au\u00dferordentliche Schlagkraft: 27 Joules.  1700 W Motor mit Leistungsreserve f\u00fcr anspruchsvolle Arbeiten  Kann durch Stromaggregat versorgt werden  Elektronische variable Geschwindigkeitssteuerung, um sich jedem Anwendungszweck anzupassen  3 Griffe mit AVS-Antivibrationssystem und Softgrip-Oberfl\u00e4che f\u00fcr besseren Bedienkomfort. Gerade Form f\u00fcr mehr Komfort und weniger M\u00fcdigkeit bei vertikalen Arbeiten (im Stehen).  Automatisches Schmieren f\u00fcr optimierte Lebensdauer  Metalkarter und verst\u00e4rkter, \u00e4u\u00dferst robuster Glasfaserk\u00f6rper  Sicherheitskupplung zum Schutz von Ger\u00e4t und Nutzer  Neue langlebige Kohleb\u00fcrsten","og_url":"https:\/\/www.thecityrent.be\/de\/produkt\/mp-elektrischer-hammer-12-kg\/","og_site_name":"The City Rent &amp; Partner","article_modified_time":"2023-01-30T17:30:24+00:00","og_image":[{"width":459,"height":376,"url":"https:\/\/www.thecityrent.be\/wp-content\/uploads\/MP-009-015-020-022.png","type":"image\/png"}],"twitter_card":"summary_large_image","twitter_misc":{"Gesch\u00e4tzte Lesezeit":"1\u00a0Minute"},"schema":{"@context":"https:\/\/schema.org","@graph":[{"@type":"WebPage","@id":"https:\/\/www.thecityrent.be\/de\/produkt\/mp-elektrischer-hammer-12-kg\/","url":"https:\/\/www.thecityrent.be\/de\/produkt\/mp-elektrischer-hammer-12-kg\/","name":"MP-ELEKTRISCHER HAMMER (12 KG) - The City Rent &amp; Partner","isPartOf":{"@id":"https:\/\/www.thecityrent.be\/#website"},"primaryImageOfPage":{"@id":"https:\/\/www.thecityrent.be\/de\/produkt\/mp-elektrischer-hammer-12-kg\/#primaryimage"},"image":{"@id":"https:\/\/www.thecityrent.be\/de\/produkt\/mp-elektrischer-hammer-12-kg\/#primaryimage"},"thumbnailUrl":"https:\/\/www.thecityrent.be\/wp-content\/uploads\/Bosch_Slaghamer_GSH_11_VC@@9wchdh09.jpg","datePublished":"2022-03-27T09:59:24+00:00","dateModified":"2023-01-30T17:30:24+00:00","breadcrumb":{"@id":"https:\/\/www.thecityrent.be\/de\/produkt\/mp-elektrischer-hammer-12-kg\/#breadcrumb"},"inLanguage":"de","potentialAction":[{"@type":"ReadAction","target":["https:\/\/www.thecityrent.be\/de\/produkt\/mp-elektrischer-hammer-12-kg\/"]}]},{"@type":"ImageObject","inLanguage":"de","@id":"https:\/\/www.thecityrent.be\/de\/produkt\/mp-elektrischer-hammer-12-kg\/#primaryimage","url":"https:\/\/www.thecityrent.be\/wp-content\/uploads\/Bosch_Slaghamer_GSH_11_VC@@9wchdh09.jpg","contentUrl":"https:\/\/www.thecityrent.be\/wp-content\/uploads\/Bosch_Slaghamer_GSH_11_VC@@9wchdh09.jpg","width":630,"height":630},{"@type":"BreadcrumbList","@id":"https:\/\/www.thecityrent.be\/de\/produkt\/mp-elektrischer-hammer-12-kg\/#breadcrumb","itemListElement":[{"@type":"ListItem","position":1,"name":"Home","item":"https:\/\/www.thecityrent.be\/de\/"},{"@type":"ListItem","position":2,"name":"Shop","item":"https:\/\/www.thecityrent.be\/shop\/"},{"@type":"ListItem","position":3,"name":"MP-ELEKTRISCHER HAMMER (12 KG)"}]},{"@type":"WebSite","@id":"https:\/\/www.thecityrent.be\/#website","url":"https:\/\/www.thecityrent.be\/","name":"The City Rent &amp; Partner","description":"Votre partenaire pour la location de mat\u00e9riel, outillage &amp; v\u00e9hicules","potentialAction":[{"@type":"SearchAction","target":{"@type":"EntryPoint","urlTemplate":"https:\/\/www.thecityrent.be\/?s={search_term_string}"},"query-input":{"@type":"PropertyValueSpecification","valueRequired":true,"valueName":"search_term_string"}}],"inLanguage":"de"}]}},"_links":{"self":[{"href":"https:\/\/www.thecityrent.be\/de\/wp-json\/wp\/v2\/product\/1560","targetHints":{"allow":["GET"]}}],"collection":[{"href":"https:\/\/www.thecityrent.be\/de\/wp-json\/wp\/v2\/product"}],"about":[{"href":"https:\/\/www.thecityrent.be\/de\/wp-json\/wp\/v2\/types\/product"}],"replies":[{"embeddable":true,"href":"https:\/\/www.thecityrent.be\/de\/wp-json\/wp\/v2\/comments?post=1560"}],"wp:featuredmedia":[{"embeddable":true,"href":"https:\/\/www.thecityrent.be\/de\/wp-json\/wp\/v2\/media\/4224"}],"wp:attachment":[{"href":"https:\/\/www.thecityrent.be\/de\/wp-json\/wp\/v2\/media?parent=1560"}],"wp:term":[{"taxonomy":"product_brand","embeddable":true,"href":"https:\/\/www.thecityrent.be\/de\/wp-json\/wp\/v2\/product_brand?post=1560"},{"taxonomy":"product_cat","embeddable":true,"href":"https:\/\/www.thecityrent.be\/de\/wp-json\/wp\/v2\/product_cat?post=1560"},{"taxonomy":"product_tag","embeddable":true,"href":"https:\/\/www.thecityrent.be\/de\/wp-json\/wp\/v2\/product_tag?post=1560"}],"curies":[{"name":"wp","href":"https:\/\/api.w.org\/{rel}","templated":true}]}}