{"id":1558,"date":"2022-03-27T11:55:39","date_gmt":"2022-03-27T09:55:39","guid":{"rendered":"https:\/\/www.thecityrent.be\/?post_type=product&#038;p=1558"},"modified":"2023-01-30T18:34:27","modified_gmt":"2023-01-30T17:34:27","slug":"mp-meisselhammer-7kg","status":"publish","type":"product","link":"https:\/\/www.thecityrent.be\/de\/produkt\/mp-meisselhammer-7kg\/","title":{"rendered":"MP\u2013MEISSELHAMMER 7KG"},"content":{"rendered":"<ul>\n<li><strong>REFERENZ: <\/strong>MP121<\/li>\n<li><strong>KAUTION<\/strong> : 50,00\u20ac<\/li>\n<li><strong>PREIS\/TAG<\/strong> : 48,00\u20ac<\/li>\n<li><strong>PREIS\/TAG\/WOCHE<\/strong> : 39,00\u20ac<\/li>\n<li><strong>PREIS\/WOCHENENDE<\/strong> : 87,00\u20ac<\/li>\n<li><strong>PREIS\/TAG\/MONAT<\/strong> : 29,00\u20ac<\/li>\n<\/ul>\n","protected":false},"excerpt":{"rendered":"<ul>\n<li>Universeller, handlicher Pickhammer f\u00fcr verschiedene Anpassungs- und Abrissarbeiten mit horizontaler oder vertikaler Ausrichtung.<\/li>\n<li>Elektronische Steuerung mit Regler, was progressives Hochfahren erm\u00f6glicht und die gew\u00e4hlte Schlagleistung bei Belastung aufrechterh\u00e4lt.<\/li>\n<li>Ein Dekompressionsmechanismus vermeidet Leerschl\u00e4ge und schont so Maschine und Anwender.<\/li>\n<li>12-stufige Steuerung, 360\u00b0 drehbarer Seitengriff und verriegelbarer Schalter.<\/li>\n<li>\u00c4u\u00dferst langlebiges Fixierungssystem mit Metallkerben.<\/li>\n<li>Schlagkraft (EPTA): 11,5 J<\/li>\n<li>Schallemission (L<sub>WA<\/sub>):\u00a0101 dB(A)<\/li>\n<li>Gewicht:\u00a07 kg<\/li>\n<\/ul>\n","protected":false},"featured_media":6104,"comment_status":"closed","ping_status":"closed","template":"","meta":{"_acf_changed":false},"product_brand":[],"product_cat":[64],"product_tag":[],"class_list":{"0":"post-1558","1":"product","2":"type-product","3":"status-publish","4":"has-post-thumbnail","6":"product_cat-hammer-meissel","8":"first","9":"instock","10":"taxable","11":"shipping-taxable","12":"purchasable","13":"product-type-simple"},"acf":[],"yoast_head":"<!-- This site is optimized with the Yoast SEO plugin v27.5 - https:\/\/yoast.com\/product\/yoast-seo-wordpress\/ -->\n<title>MP\u2013MEISSELHAMMER 7KG - The City Rent &amp; Partner<\/title>\n<meta name=\"robots\" content=\"index, follow, max-snippet:-1, max-image-preview:large, max-video-preview:-1\" \/>\n<link rel=\"canonical\" href=\"https:\/\/www.thecityrent.be\/de\/produkt\/mp-meisselhammer-7kg\/\" \/>\n<meta property=\"og:locale\" content=\"de_DE\" \/>\n<meta property=\"og:type\" content=\"article\" \/>\n<meta property=\"og:title\" content=\"MP\u2013MEISSELHAMMER 7KG - The City Rent &amp; Partner\" \/>\n<meta property=\"og:description\" content=\"Universeller, handlicher Pickhammer f\u00fcr verschiedene Anpassungs- und Abrissarbeiten mit horizontaler oder vertikaler Ausrichtung.  Elektronische Steuerung mit Regler, was progressives Hochfahren erm\u00f6glicht und die gew\u00e4hlte Schlagleistung bei Belastung aufrechterh\u00e4lt.  Ein Dekompressionsmechanismus vermeidet Leerschl\u00e4ge und schont so Maschine und Anwender.  12-stufige Steuerung, 360\u00b0 drehbarer Seitengriff und verriegelbarer Schalter.  \u00c4u\u00dferst langlebiges Fixierungssystem mit Metallkerben.  Schlagkraft (EPTA): 11,5 J  Schallemission (LWA):\u00a0101 dB(A)  Gewicht:\u00a07 kg\" \/>\n<meta property=\"og:url\" content=\"https:\/\/www.thecityrent.be\/de\/produkt\/mp-meisselhammer-7kg\/\" \/>\n<meta property=\"og:site_name\" content=\"The City Rent &amp; Partner\" \/>\n<meta property=\"article:modified_time\" content=\"2023-01-30T17:34:27+00:00\" \/>\n<meta property=\"og:image\" content=\"https:\/\/www.thecityrent.be\/wp-content\/uploads\/MP-121.png\" \/>\n\t<meta property=\"og:image:width\" content=\"1269\" \/>\n\t<meta property=\"og:image:height\" content=\"540\" \/>\n\t<meta property=\"og:image:type\" content=\"image\/png\" \/>\n<meta name=\"twitter:card\" content=\"summary_large_image\" \/>\n<meta name=\"twitter:label1\" content=\"Gesch\u00e4tzte Lesezeit\" \/>\n\t<meta name=\"twitter:data1\" content=\"1\u00a0Minute\" \/>\n<script type=\"application\/ld+json\" class=\"yoast-schema-graph\">{\"@context\":\"https:\\\/\\\/schema.org\",\"@graph\":[{\"@type\":\"WebPage\",\"@id\":\"https:\\\/\\\/www.thecityrent.be\\\/de\\\/produkt\\\/mp-meisselhammer-7kg\\\/\",\"url\":\"https:\\\/\\\/www.thecityrent.be\\\/de\\\/produkt\\\/mp-meisselhammer-7kg\\\/\",\"name\":\"MP\u2013MEISSELHAMMER 7KG - The City Rent &amp; Partner\",\"isPartOf\":{\"@id\":\"https:\\\/\\\/www.thecityrent.be\\\/#website\"},\"primaryImageOfPage\":{\"@id\":\"https:\\\/\\\/www.thecityrent.be\\\/de\\\/produkt\\\/mp-meisselhammer-7kg\\\/#primaryimage\"},\"image\":{\"@id\":\"https:\\\/\\\/www.thecityrent.be\\\/de\\\/produkt\\\/mp-meisselhammer-7kg\\\/#primaryimage\"},\"thumbnailUrl\":\"https:\\\/\\\/www.thecityrent.be\\\/wp-content\\\/uploads\\\/3df25beacc7fe8733fe10ca4fdf99addd2c21c6a1369b1e0c32b5c4d29653059ca8b0a517c208f7dce269e9e2e8449bc.jpg\",\"datePublished\":\"2022-03-27T09:55:39+00:00\",\"dateModified\":\"2023-01-30T17:34:27+00:00\",\"breadcrumb\":{\"@id\":\"https:\\\/\\\/www.thecityrent.be\\\/de\\\/produkt\\\/mp-meisselhammer-7kg\\\/#breadcrumb\"},\"inLanguage\":\"de\",\"potentialAction\":[{\"@type\":\"ReadAction\",\"target\":[\"https:\\\/\\\/www.thecityrent.be\\\/de\\\/produkt\\\/mp-meisselhammer-7kg\\\/\"]}]},{\"@type\":\"ImageObject\",\"inLanguage\":\"de\",\"@id\":\"https:\\\/\\\/www.thecityrent.be\\\/de\\\/produkt\\\/mp-meisselhammer-7kg\\\/#primaryimage\",\"url\":\"https:\\\/\\\/www.thecityrent.be\\\/wp-content\\\/uploads\\\/3df25beacc7fe8733fe10ca4fdf99addd2c21c6a1369b1e0c32b5c4d29653059ca8b0a517c208f7dce269e9e2e8449bc.jpg\",\"contentUrl\":\"https:\\\/\\\/www.thecityrent.be\\\/wp-content\\\/uploads\\\/3df25beacc7fe8733fe10ca4fdf99addd2c21c6a1369b1e0c32b5c4d29653059ca8b0a517c208f7dce269e9e2e8449bc.jpg\",\"width\":1920,\"height\":1080},{\"@type\":\"BreadcrumbList\",\"@id\":\"https:\\\/\\\/www.thecityrent.be\\\/de\\\/produkt\\\/mp-meisselhammer-7kg\\\/#breadcrumb\",\"itemListElement\":[{\"@type\":\"ListItem\",\"position\":1,\"name\":\"Home\",\"item\":\"https:\\\/\\\/www.thecityrent.be\\\/de\\\/\"},{\"@type\":\"ListItem\",\"position\":2,\"name\":\"Shop\",\"item\":\"https:\\\/\\\/www.thecityrent.be\\\/shop\\\/\"},{\"@type\":\"ListItem\",\"position\":3,\"name\":\"MP\u2013MEISSELHAMMER 7KG\"}]},{\"@type\":\"WebSite\",\"@id\":\"https:\\\/\\\/www.thecityrent.be\\\/#website\",\"url\":\"https:\\\/\\\/www.thecityrent.be\\\/\",\"name\":\"The City Rent &amp; Partner\",\"description\":\"Votre partenaire pour la location de mat\u00e9riel, outillage &amp; v\u00e9hicules\",\"potentialAction\":[{\"@type\":\"SearchAction\",\"target\":{\"@type\":\"EntryPoint\",\"urlTemplate\":\"https:\\\/\\\/www.thecityrent.be\\\/?s={search_term_string}\"},\"query-input\":{\"@type\":\"PropertyValueSpecification\",\"valueRequired\":true,\"valueName\":\"search_term_string\"}}],\"inLanguage\":\"de\"}]}<\/script>\n<!-- \/ Yoast SEO plugin. -->","yoast_head_json":{"title":"MP\u2013MEISSELHAMMER 7KG - The City Rent &amp; Partner","robots":{"index":"index","follow":"follow","max-snippet":"max-snippet:-1","max-image-preview":"max-image-preview:large","max-video-preview":"max-video-preview:-1"},"canonical":"https:\/\/www.thecityrent.be\/de\/produkt\/mp-meisselhammer-7kg\/","og_locale":"de_DE","og_type":"article","og_title":"MP\u2013MEISSELHAMMER 7KG - The City Rent &amp; Partner","og_description":"Universeller, handlicher Pickhammer f\u00fcr verschiedene Anpassungs- und Abrissarbeiten mit horizontaler oder vertikaler Ausrichtung.  Elektronische Steuerung mit Regler, was progressives Hochfahren erm\u00f6glicht und die gew\u00e4hlte Schlagleistung bei Belastung aufrechterh\u00e4lt.  Ein Dekompressionsmechanismus vermeidet Leerschl\u00e4ge und schont so Maschine und Anwender.  12-stufige Steuerung, 360\u00b0 drehbarer Seitengriff und verriegelbarer Schalter.  \u00c4u\u00dferst langlebiges Fixierungssystem mit Metallkerben.  Schlagkraft (EPTA): 11,5 J  Schallemission (LWA):\u00a0101 dB(A)  Gewicht:\u00a07 kg","og_url":"https:\/\/www.thecityrent.be\/de\/produkt\/mp-meisselhammer-7kg\/","og_site_name":"The City Rent &amp; Partner","article_modified_time":"2023-01-30T17:34:27+00:00","og_image":[{"width":1269,"height":540,"url":"https:\/\/www.thecityrent.be\/wp-content\/uploads\/MP-121.png","type":"image\/png"}],"twitter_card":"summary_large_image","twitter_misc":{"Gesch\u00e4tzte Lesezeit":"1\u00a0Minute"},"schema":{"@context":"https:\/\/schema.org","@graph":[{"@type":"WebPage","@id":"https:\/\/www.thecityrent.be\/de\/produkt\/mp-meisselhammer-7kg\/","url":"https:\/\/www.thecityrent.be\/de\/produkt\/mp-meisselhammer-7kg\/","name":"MP\u2013MEISSELHAMMER 7KG - The City Rent &amp; Partner","isPartOf":{"@id":"https:\/\/www.thecityrent.be\/#website"},"primaryImageOfPage":{"@id":"https:\/\/www.thecityrent.be\/de\/produkt\/mp-meisselhammer-7kg\/#primaryimage"},"image":{"@id":"https:\/\/www.thecityrent.be\/de\/produkt\/mp-meisselhammer-7kg\/#primaryimage"},"thumbnailUrl":"https:\/\/www.thecityrent.be\/wp-content\/uploads\/3df25beacc7fe8733fe10ca4fdf99addd2c21c6a1369b1e0c32b5c4d29653059ca8b0a517c208f7dce269e9e2e8449bc.jpg","datePublished":"2022-03-27T09:55:39+00:00","dateModified":"2023-01-30T17:34:27+00:00","breadcrumb":{"@id":"https:\/\/www.thecityrent.be\/de\/produkt\/mp-meisselhammer-7kg\/#breadcrumb"},"inLanguage":"de","potentialAction":[{"@type":"ReadAction","target":["https:\/\/www.thecityrent.be\/de\/produkt\/mp-meisselhammer-7kg\/"]}]},{"@type":"ImageObject","inLanguage":"de","@id":"https:\/\/www.thecityrent.be\/de\/produkt\/mp-meisselhammer-7kg\/#primaryimage","url":"https:\/\/www.thecityrent.be\/wp-content\/uploads\/3df25beacc7fe8733fe10ca4fdf99addd2c21c6a1369b1e0c32b5c4d29653059ca8b0a517c208f7dce269e9e2e8449bc.jpg","contentUrl":"https:\/\/www.thecityrent.be\/wp-content\/uploads\/3df25beacc7fe8733fe10ca4fdf99addd2c21c6a1369b1e0c32b5c4d29653059ca8b0a517c208f7dce269e9e2e8449bc.jpg","width":1920,"height":1080},{"@type":"BreadcrumbList","@id":"https:\/\/www.thecityrent.be\/de\/produkt\/mp-meisselhammer-7kg\/#breadcrumb","itemListElement":[{"@type":"ListItem","position":1,"name":"Home","item":"https:\/\/www.thecityrent.be\/de\/"},{"@type":"ListItem","position":2,"name":"Shop","item":"https:\/\/www.thecityrent.be\/shop\/"},{"@type":"ListItem","position":3,"name":"MP\u2013MEISSELHAMMER 7KG"}]},{"@type":"WebSite","@id":"https:\/\/www.thecityrent.be\/#website","url":"https:\/\/www.thecityrent.be\/","name":"The City Rent &amp; Partner","description":"Votre partenaire pour la location de mat\u00e9riel, outillage &amp; v\u00e9hicules","potentialAction":[{"@type":"SearchAction","target":{"@type":"EntryPoint","urlTemplate":"https:\/\/www.thecityrent.be\/?s={search_term_string}"},"query-input":{"@type":"PropertyValueSpecification","valueRequired":true,"valueName":"search_term_string"}}],"inLanguage":"de"}]}},"_links":{"self":[{"href":"https:\/\/www.thecityrent.be\/de\/wp-json\/wp\/v2\/product\/1558","targetHints":{"allow":["GET"]}}],"collection":[{"href":"https:\/\/www.thecityrent.be\/de\/wp-json\/wp\/v2\/product"}],"about":[{"href":"https:\/\/www.thecityrent.be\/de\/wp-json\/wp\/v2\/types\/product"}],"replies":[{"embeddable":true,"href":"https:\/\/www.thecityrent.be\/de\/wp-json\/wp\/v2\/comments?post=1558"}],"wp:featuredmedia":[{"embeddable":true,"href":"https:\/\/www.thecityrent.be\/de\/wp-json\/wp\/v2\/media\/6104"}],"wp:attachment":[{"href":"https:\/\/www.thecityrent.be\/de\/wp-json\/wp\/v2\/media?parent=1558"}],"wp:term":[{"taxonomy":"product_brand","embeddable":true,"href":"https:\/\/www.thecityrent.be\/de\/wp-json\/wp\/v2\/product_brand?post=1558"},{"taxonomy":"product_cat","embeddable":true,"href":"https:\/\/www.thecityrent.be\/de\/wp-json\/wp\/v2\/product_cat?post=1558"},{"taxonomy":"product_tag","embeddable":true,"href":"https:\/\/www.thecityrent.be\/de\/wp-json\/wp\/v2\/product_tag?post=1558"}],"curies":[{"name":"wp","href":"https:\/\/api.w.org\/{rel}","templated":true}]}}