{"id":1556,"date":"2022-03-27T11:47:40","date_gmt":"2022-03-27T09:47:40","guid":{"rendered":"https:\/\/www.thecityrent.be\/?post_type=product&#038;p=1556"},"modified":"2023-01-30T13:02:43","modified_gmt":"2023-01-30T12:02:43","slug":"lm-sauger-zum-verlegen-von-platten-max-400kg","status":"publish","type":"product","link":"https:\/\/www.thecityrent.be\/de\/produkt\/lm-sauger-zum-verlegen-von-platten-max-400kg\/","title":{"rendered":"LM -SAUGER ZUM VERLEGEN VON PLATTEN MAX 400KG"},"content":{"rendered":"<ul>\n<li><strong>REFERENZ: <\/strong>LM802<\/li>\n<li><strong>KAUTION<\/strong> : 100,00\u20ac<\/li>\n<li><strong>PREIS\/TAG<\/strong> : 103,00\u20ac<\/li>\n<li><strong>PREIS\/TAG\/WOCHE<\/strong> : 82,00\u20ac<\/li>\n<li><strong>PREIS\/WOCHENENDE<\/strong> : 185,00\u20ac<\/li>\n<li><strong>PREIS\/TAG\/MONAT<\/strong> : 62,00\u20ac<\/li>\n<\/ul>\n","protected":false},"excerpt":{"rendered":"<p><strong>Handliches, kraftvolles, von einem Stromnetz unabh\u00e4ngiges Lasthaftger\u00e4t zur Verlegung von saugdichten Steinplatten, Betonelementen, usw. in Verbindung mit jeglichem Hebezeug.<\/strong><\/p>\n<ul>\n<li>Zur Nutzung in schwierigen Bedingungen auf der Baustelle entworfen und ausger\u00fcstet.<\/li>\n<li>Je nach Nutzungszweck sind verschiedene Saugplatten erh\u00e4ltlich. Sie k\u00f6nnen dank einer Schnellspannvorrichtung schnell angebracht werden.<\/li>\n<\/ul>\n<p><strong>Standardausr\u00fcstung, bereit zur Inbetriebnahme:<\/strong><\/p>\n<ul>\n<li>Robuste Struktur des Ger\u00e4tes, mit eingebauter Vorrichtung zur Annahme eines Kranhakens, Schnellspannsystem f\u00fcr Saugplatten.<\/li>\n<li>Verzinkte Oberfl\u00e4che<\/li>\n<li>Antrieb dank austauschbarem und aufladbarem 12 V-Akku. Die Leistungskraft reicht f\u00fcr einen Arbeitstag aus, dank Energiesparsystem. Der Akku kann innerhalb einiger Sekunden und ohne spezifisches Werkzeug ausgetauscht werden. Eine Kontrollleuchte zeigt den Ladestatus des Akku an. Ein Stecker zum Aufladen des Akkus geh\u00f6rt zum Ger\u00e4t.<\/li>\n<\/ul>\n","protected":false},"featured_media":404,"comment_status":"closed","ping_status":"closed","template":"","meta":{"_acf_changed":false},"product_brand":[],"product_cat":[63],"product_tag":[],"class_list":{"0":"post-1556","1":"product","2":"type-product","3":"status-publish","4":"has-post-thumbnail","6":"product_cat-hebe-foerdertechnik","8":"first","9":"instock","10":"taxable","11":"shipping-taxable","12":"purchasable","13":"product-type-simple"},"acf":[],"yoast_head":"<!-- This site is optimized with the Yoast SEO plugin v27.5 - https:\/\/yoast.com\/product\/yoast-seo-wordpress\/ -->\n<title>LM -SAUGER ZUM VERLEGEN VON PLATTEN MAX 400KG - The City Rent &amp; Partner<\/title>\n<meta name=\"robots\" content=\"index, follow, max-snippet:-1, max-image-preview:large, max-video-preview:-1\" \/>\n<link rel=\"canonical\" href=\"https:\/\/www.thecityrent.be\/de\/produkt\/lm-sauger-zum-verlegen-von-platten-max-400kg\/\" \/>\n<meta property=\"og:locale\" content=\"de_DE\" \/>\n<meta property=\"og:type\" content=\"article\" \/>\n<meta property=\"og:title\" content=\"LM -SAUGER ZUM VERLEGEN VON PLATTEN MAX 400KG - The City Rent &amp; Partner\" \/>\n<meta property=\"og:description\" content=\"Handliches, kraftvolles, von einem Stromnetz unabh\u00e4ngiges Lasthaftger\u00e4t zur Verlegung von saugdichten Steinplatten, Betonelementen, usw. in Verbindung mit jeglichem Hebezeug.   Zur Nutzung in schwierigen Bedingungen auf der Baustelle entworfen und ausger\u00fcstet.  Je nach Nutzungszweck sind verschiedene Saugplatten erh\u00e4ltlich. Sie k\u00f6nnen dank einer Schnellspannvorrichtung schnell angebracht werden.  Standardausr\u00fcstung, bereit zur Inbetriebnahme:   Robuste Struktur des Ger\u00e4tes, mit eingebauter Vorrichtung zur Annahme eines Kranhakens, Schnellspannsystem f\u00fcr Saugplatten.  Verzinkte Oberfl\u00e4che  Antrieb dank austauschbarem und aufladbarem 12 V-Akku. Die Leistungskraft reicht f\u00fcr einen Arbeitstag aus, dank Energiesparsystem. Der Akku kann innerhalb einiger Sekunden und ohne spezifisches Werkzeug ausgetauscht werden. Eine Kontrollleuchte zeigt den Ladestatus des Akku an. Ein Stecker zum Aufladen des Akkus geh\u00f6rt zum Ger\u00e4t.\" \/>\n<meta property=\"og:url\" content=\"https:\/\/www.thecityrent.be\/de\/produkt\/lm-sauger-zum-verlegen-von-platten-max-400kg\/\" \/>\n<meta property=\"og:site_name\" content=\"The City Rent &amp; Partner\" \/>\n<meta property=\"article:modified_time\" content=\"2023-01-30T12:02:43+00:00\" \/>\n<meta property=\"og:image\" content=\"https:\/\/www.thecityrent.be\/wp-content\/uploads\/LM-802.png\" \/>\n\t<meta property=\"og:image:width\" content=\"518\" \/>\n\t<meta property=\"og:image:height\" content=\"542\" \/>\n\t<meta property=\"og:image:type\" content=\"image\/png\" \/>\n<meta name=\"twitter:card\" content=\"summary_large_image\" \/>\n<meta name=\"twitter:label1\" content=\"Gesch\u00e4tzte Lesezeit\" \/>\n\t<meta name=\"twitter:data1\" content=\"1\u00a0Minute\" \/>\n<script type=\"application\/ld+json\" class=\"yoast-schema-graph\">{\"@context\":\"https:\\\/\\\/schema.org\",\"@graph\":[{\"@type\":\"WebPage\",\"@id\":\"https:\\\/\\\/www.thecityrent.be\\\/de\\\/produkt\\\/lm-sauger-zum-verlegen-von-platten-max-400kg\\\/\",\"url\":\"https:\\\/\\\/www.thecityrent.be\\\/de\\\/produkt\\\/lm-sauger-zum-verlegen-von-platten-max-400kg\\\/\",\"name\":\"LM -SAUGER ZUM VERLEGEN VON PLATTEN MAX 400KG - The City Rent &amp; Partner\",\"isPartOf\":{\"@id\":\"https:\\\/\\\/www.thecityrent.be\\\/#website\"},\"primaryImageOfPage\":{\"@id\":\"https:\\\/\\\/www.thecityrent.be\\\/de\\\/produkt\\\/lm-sauger-zum-verlegen-von-platten-max-400kg\\\/#primaryimage\"},\"image\":{\"@id\":\"https:\\\/\\\/www.thecityrent.be\\\/de\\\/produkt\\\/lm-sauger-zum-verlegen-von-platten-max-400kg\\\/#primaryimage\"},\"thumbnailUrl\":\"https:\\\/\\\/www.thecityrent.be\\\/wp-content\\\/uploads\\\/LM-802.png\",\"datePublished\":\"2022-03-27T09:47:40+00:00\",\"dateModified\":\"2023-01-30T12:02:43+00:00\",\"breadcrumb\":{\"@id\":\"https:\\\/\\\/www.thecityrent.be\\\/de\\\/produkt\\\/lm-sauger-zum-verlegen-von-platten-max-400kg\\\/#breadcrumb\"},\"inLanguage\":\"de\",\"potentialAction\":[{\"@type\":\"ReadAction\",\"target\":[\"https:\\\/\\\/www.thecityrent.be\\\/de\\\/produkt\\\/lm-sauger-zum-verlegen-von-platten-max-400kg\\\/\"]}]},{\"@type\":\"ImageObject\",\"inLanguage\":\"de\",\"@id\":\"https:\\\/\\\/www.thecityrent.be\\\/de\\\/produkt\\\/lm-sauger-zum-verlegen-von-platten-max-400kg\\\/#primaryimage\",\"url\":\"https:\\\/\\\/www.thecityrent.be\\\/wp-content\\\/uploads\\\/LM-802.png\",\"contentUrl\":\"https:\\\/\\\/www.thecityrent.be\\\/wp-content\\\/uploads\\\/LM-802.png\",\"width\":518,\"height\":542},{\"@type\":\"BreadcrumbList\",\"@id\":\"https:\\\/\\\/www.thecityrent.be\\\/de\\\/produkt\\\/lm-sauger-zum-verlegen-von-platten-max-400kg\\\/#breadcrumb\",\"itemListElement\":[{\"@type\":\"ListItem\",\"position\":1,\"name\":\"Home\",\"item\":\"https:\\\/\\\/www.thecityrent.be\\\/de\\\/\"},{\"@type\":\"ListItem\",\"position\":2,\"name\":\"Shop\",\"item\":\"https:\\\/\\\/www.thecityrent.be\\\/shop\\\/\"},{\"@type\":\"ListItem\",\"position\":3,\"name\":\"LM -SAUGER ZUM VERLEGEN VON PLATTEN MAX 400KG\"}]},{\"@type\":\"WebSite\",\"@id\":\"https:\\\/\\\/www.thecityrent.be\\\/#website\",\"url\":\"https:\\\/\\\/www.thecityrent.be\\\/\",\"name\":\"The City Rent &amp; Partner\",\"description\":\"Votre partenaire pour la location de mat\u00e9riel, outillage &amp; v\u00e9hicules\",\"potentialAction\":[{\"@type\":\"SearchAction\",\"target\":{\"@type\":\"EntryPoint\",\"urlTemplate\":\"https:\\\/\\\/www.thecityrent.be\\\/?s={search_term_string}\"},\"query-input\":{\"@type\":\"PropertyValueSpecification\",\"valueRequired\":true,\"valueName\":\"search_term_string\"}}],\"inLanguage\":\"de\"}]}<\/script>\n<!-- \/ Yoast SEO plugin. -->","yoast_head_json":{"title":"LM -SAUGER ZUM VERLEGEN VON PLATTEN MAX 400KG - The City Rent &amp; Partner","robots":{"index":"index","follow":"follow","max-snippet":"max-snippet:-1","max-image-preview":"max-image-preview:large","max-video-preview":"max-video-preview:-1"},"canonical":"https:\/\/www.thecityrent.be\/de\/produkt\/lm-sauger-zum-verlegen-von-platten-max-400kg\/","og_locale":"de_DE","og_type":"article","og_title":"LM -SAUGER ZUM VERLEGEN VON PLATTEN MAX 400KG - The City Rent &amp; Partner","og_description":"Handliches, kraftvolles, von einem Stromnetz unabh\u00e4ngiges Lasthaftger\u00e4t zur Verlegung von saugdichten Steinplatten, Betonelementen, usw. in Verbindung mit jeglichem Hebezeug.   Zur Nutzung in schwierigen Bedingungen auf der Baustelle entworfen und ausger\u00fcstet.  Je nach Nutzungszweck sind verschiedene Saugplatten erh\u00e4ltlich. Sie k\u00f6nnen dank einer Schnellspannvorrichtung schnell angebracht werden.  Standardausr\u00fcstung, bereit zur Inbetriebnahme:   Robuste Struktur des Ger\u00e4tes, mit eingebauter Vorrichtung zur Annahme eines Kranhakens, Schnellspannsystem f\u00fcr Saugplatten.  Verzinkte Oberfl\u00e4che  Antrieb dank austauschbarem und aufladbarem 12 V-Akku. Die Leistungskraft reicht f\u00fcr einen Arbeitstag aus, dank Energiesparsystem. Der Akku kann innerhalb einiger Sekunden und ohne spezifisches Werkzeug ausgetauscht werden. Eine Kontrollleuchte zeigt den Ladestatus des Akku an. Ein Stecker zum Aufladen des Akkus geh\u00f6rt zum Ger\u00e4t.","og_url":"https:\/\/www.thecityrent.be\/de\/produkt\/lm-sauger-zum-verlegen-von-platten-max-400kg\/","og_site_name":"The City Rent &amp; Partner","article_modified_time":"2023-01-30T12:02:43+00:00","og_image":[{"width":518,"height":542,"url":"https:\/\/www.thecityrent.be\/wp-content\/uploads\/LM-802.png","type":"image\/png"}],"twitter_card":"summary_large_image","twitter_misc":{"Gesch\u00e4tzte Lesezeit":"1\u00a0Minute"},"schema":{"@context":"https:\/\/schema.org","@graph":[{"@type":"WebPage","@id":"https:\/\/www.thecityrent.be\/de\/produkt\/lm-sauger-zum-verlegen-von-platten-max-400kg\/","url":"https:\/\/www.thecityrent.be\/de\/produkt\/lm-sauger-zum-verlegen-von-platten-max-400kg\/","name":"LM -SAUGER ZUM VERLEGEN VON PLATTEN MAX 400KG - The City Rent &amp; Partner","isPartOf":{"@id":"https:\/\/www.thecityrent.be\/#website"},"primaryImageOfPage":{"@id":"https:\/\/www.thecityrent.be\/de\/produkt\/lm-sauger-zum-verlegen-von-platten-max-400kg\/#primaryimage"},"image":{"@id":"https:\/\/www.thecityrent.be\/de\/produkt\/lm-sauger-zum-verlegen-von-platten-max-400kg\/#primaryimage"},"thumbnailUrl":"https:\/\/www.thecityrent.be\/wp-content\/uploads\/LM-802.png","datePublished":"2022-03-27T09:47:40+00:00","dateModified":"2023-01-30T12:02:43+00:00","breadcrumb":{"@id":"https:\/\/www.thecityrent.be\/de\/produkt\/lm-sauger-zum-verlegen-von-platten-max-400kg\/#breadcrumb"},"inLanguage":"de","potentialAction":[{"@type":"ReadAction","target":["https:\/\/www.thecityrent.be\/de\/produkt\/lm-sauger-zum-verlegen-von-platten-max-400kg\/"]}]},{"@type":"ImageObject","inLanguage":"de","@id":"https:\/\/www.thecityrent.be\/de\/produkt\/lm-sauger-zum-verlegen-von-platten-max-400kg\/#primaryimage","url":"https:\/\/www.thecityrent.be\/wp-content\/uploads\/LM-802.png","contentUrl":"https:\/\/www.thecityrent.be\/wp-content\/uploads\/LM-802.png","width":518,"height":542},{"@type":"BreadcrumbList","@id":"https:\/\/www.thecityrent.be\/de\/produkt\/lm-sauger-zum-verlegen-von-platten-max-400kg\/#breadcrumb","itemListElement":[{"@type":"ListItem","position":1,"name":"Home","item":"https:\/\/www.thecityrent.be\/de\/"},{"@type":"ListItem","position":2,"name":"Shop","item":"https:\/\/www.thecityrent.be\/shop\/"},{"@type":"ListItem","position":3,"name":"LM -SAUGER ZUM VERLEGEN VON PLATTEN MAX 400KG"}]},{"@type":"WebSite","@id":"https:\/\/www.thecityrent.be\/#website","url":"https:\/\/www.thecityrent.be\/","name":"The City Rent &amp; Partner","description":"Votre partenaire pour la location de mat\u00e9riel, outillage &amp; v\u00e9hicules","potentialAction":[{"@type":"SearchAction","target":{"@type":"EntryPoint","urlTemplate":"https:\/\/www.thecityrent.be\/?s={search_term_string}"},"query-input":{"@type":"PropertyValueSpecification","valueRequired":true,"valueName":"search_term_string"}}],"inLanguage":"de"}]}},"_links":{"self":[{"href":"https:\/\/www.thecityrent.be\/de\/wp-json\/wp\/v2\/product\/1556","targetHints":{"allow":["GET"]}}],"collection":[{"href":"https:\/\/www.thecityrent.be\/de\/wp-json\/wp\/v2\/product"}],"about":[{"href":"https:\/\/www.thecityrent.be\/de\/wp-json\/wp\/v2\/types\/product"}],"replies":[{"embeddable":true,"href":"https:\/\/www.thecityrent.be\/de\/wp-json\/wp\/v2\/comments?post=1556"}],"wp:featuredmedia":[{"embeddable":true,"href":"https:\/\/www.thecityrent.be\/de\/wp-json\/wp\/v2\/media\/404"}],"wp:attachment":[{"href":"https:\/\/www.thecityrent.be\/de\/wp-json\/wp\/v2\/media?parent=1556"}],"wp:term":[{"taxonomy":"product_brand","embeddable":true,"href":"https:\/\/www.thecityrent.be\/de\/wp-json\/wp\/v2\/product_brand?post=1556"},{"taxonomy":"product_cat","embeddable":true,"href":"https:\/\/www.thecityrent.be\/de\/wp-json\/wp\/v2\/product_cat?post=1556"},{"taxonomy":"product_tag","embeddable":true,"href":"https:\/\/www.thecityrent.be\/de\/wp-json\/wp\/v2\/product_tag?post=1556"}],"curies":[{"name":"wp","href":"https:\/\/api.w.org\/{rel}","templated":true}]}}