{"id":1555,"date":"2022-03-27T11:46:22","date_gmt":"2022-03-27T09:46:22","guid":{"rendered":"https:\/\/www.thecityrent.be\/?post_type=product&#038;p=1555"},"modified":"2023-01-30T17:51:25","modified_gmt":"2023-01-30T16:51:25","slug":"lm-sauger-fuer-poroese-oberflaechen-max-140-kg","status":"publish","type":"product","link":"https:\/\/www.thecityrent.be\/de\/produkt\/lm-sauger-fuer-poroese-oberflaechen-max-140-kg\/","title":{"rendered":"LM -SAUGER F\u00dcR POR\u00d6SE OBERFL\u00c4CHEN MAX 140 KG"},"content":{"rendered":"<ul>\n<li><strong>REFERENZ: <\/strong>LM801<\/li>\n<li><strong>KAUTION<\/strong> : 100,00\u20ac<\/li>\n<li><strong>PREIS\/TAG<\/strong> : 103,00\u20ac<\/li>\n<li><strong>PREIS\/TAG\/WOCHE<\/strong> : 82,00\u20ac<\/li>\n<li><strong>PREIS\/WOCHENENDE<\/strong> : 185,00\u20ac<\/li>\n<li><strong>PREIS\/TAG\/MONAT<\/strong> : 62,00\u20ac<\/li>\n<\/ul>\n","protected":false},"excerpt":{"rendered":"<p>Das leistungsstarke Vakuumpumpensystem erm\u00f6glicht einfaches und schnelles Ansaugen jeglicher Oberfl\u00e4chen. Somit k\u00f6nnen Platten schnell und sicher verlegt werden.<\/p>\n<p>* Maximaler Saugdruck in nur\u00a00,5 Sek. erreicht<br \/>\n* Griffe individuell regelbar.<br \/>\n* 2 kleine Hebegriffe vereinfachen das Aufnehmen von Platten auf hohen Stapeln.<br \/>\n* Standard Saugplatte\u00a0(400&#215;300) mit leistungsstarker Verschlussdichtung.<br \/>\n* Austauschbare Saugplatte f\u00fcr spezifische Anwendungen bis zu\u00a0140 kg de maximaler Last.<br \/>\n* Die Griffe k\u00f6nnen schnell eingeklappt werden, um die Sperrigkeit des Ger\u00e4tes w\u00e4hrend dem Transport zu mindern.<br \/>\n* Leichte Konstruktion, rund\u00a016 kg.<\/p>\n","protected":false},"featured_media":401,"comment_status":"closed","ping_status":"closed","template":"","meta":{"_acf_changed":false},"product_brand":[],"product_cat":[63],"product_tag":[],"class_list":{"0":"post-1555","1":"product","2":"type-product","3":"status-publish","4":"has-post-thumbnail","6":"product_cat-hebe-foerdertechnik","8":"first","9":"instock","10":"taxable","11":"shipping-taxable","12":"purchasable","13":"product-type-simple"},"acf":[],"yoast_head":"<!-- This site is optimized with the Yoast SEO plugin v27.5 - https:\/\/yoast.com\/product\/yoast-seo-wordpress\/ -->\n<title>LM -SAUGER F\u00dcR POR\u00d6SE OBERFL\u00c4CHEN MAX 140 KG - The City Rent &amp; Partner<\/title>\n<meta name=\"robots\" content=\"index, follow, max-snippet:-1, max-image-preview:large, max-video-preview:-1\" \/>\n<link rel=\"canonical\" href=\"https:\/\/www.thecityrent.be\/de\/produkt\/lm-sauger-fuer-poroese-oberflaechen-max-140-kg\/\" \/>\n<meta property=\"og:locale\" content=\"de_DE\" \/>\n<meta property=\"og:type\" content=\"article\" \/>\n<meta property=\"og:title\" content=\"LM -SAUGER F\u00dcR POR\u00d6SE OBERFL\u00c4CHEN MAX 140 KG - The City Rent &amp; Partner\" \/>\n<meta property=\"og:description\" content=\"Das leistungsstarke Vakuumpumpensystem erm\u00f6glicht einfaches und schnelles Ansaugen jeglicher Oberfl\u00e4chen. Somit k\u00f6nnen Platten schnell und sicher verlegt werden.  * Maximaler Saugdruck in nur\u00a00,5 Sek. erreicht * Griffe individuell regelbar. * 2 kleine Hebegriffe vereinfachen das Aufnehmen von Platten auf hohen Stapeln. * Standard Saugplatte\u00a0(400x300) mit leistungsstarker Verschlussdichtung. * Austauschbare Saugplatte f\u00fcr spezifische Anwendungen bis zu\u00a0140 kg de maximaler Last. * Die Griffe k\u00f6nnen schnell eingeklappt werden, um die Sperrigkeit des Ger\u00e4tes w\u00e4hrend dem Transport zu mindern. * Leichte Konstruktion, rund\u00a016 kg.\" \/>\n<meta property=\"og:url\" content=\"https:\/\/www.thecityrent.be\/de\/produkt\/lm-sauger-fuer-poroese-oberflaechen-max-140-kg\/\" \/>\n<meta property=\"og:site_name\" content=\"The City Rent &amp; Partner\" \/>\n<meta property=\"article:modified_time\" content=\"2023-01-30T16:51:25+00:00\" \/>\n<meta property=\"og:image\" content=\"https:\/\/www.thecityrent.be\/wp-content\/uploads\/LM-801-804-vv.png\" \/>\n\t<meta property=\"og:image:width\" content=\"966\" \/>\n\t<meta property=\"og:image:height\" content=\"487\" \/>\n\t<meta property=\"og:image:type\" content=\"image\/png\" \/>\n<meta name=\"twitter:card\" content=\"summary_large_image\" \/>\n<script type=\"application\/ld+json\" class=\"yoast-schema-graph\">{\"@context\":\"https:\\\/\\\/schema.org\",\"@graph\":[{\"@type\":\"WebPage\",\"@id\":\"https:\\\/\\\/www.thecityrent.be\\\/de\\\/produkt\\\/lm-sauger-fuer-poroese-oberflaechen-max-140-kg\\\/\",\"url\":\"https:\\\/\\\/www.thecityrent.be\\\/de\\\/produkt\\\/lm-sauger-fuer-poroese-oberflaechen-max-140-kg\\\/\",\"name\":\"LM -SAUGER F\u00dcR POR\u00d6SE OBERFL\u00c4CHEN MAX 140 KG - The City Rent &amp; Partner\",\"isPartOf\":{\"@id\":\"https:\\\/\\\/www.thecityrent.be\\\/#website\"},\"primaryImageOfPage\":{\"@id\":\"https:\\\/\\\/www.thecityrent.be\\\/de\\\/produkt\\\/lm-sauger-fuer-poroese-oberflaechen-max-140-kg\\\/#primaryimage\"},\"image\":{\"@id\":\"https:\\\/\\\/www.thecityrent.be\\\/de\\\/produkt\\\/lm-sauger-fuer-poroese-oberflaechen-max-140-kg\\\/#primaryimage\"},\"thumbnailUrl\":\"https:\\\/\\\/www.thecityrent.be\\\/wp-content\\\/uploads\\\/LM-801-804-vv.png\",\"datePublished\":\"2022-03-27T09:46:22+00:00\",\"dateModified\":\"2023-01-30T16:51:25+00:00\",\"breadcrumb\":{\"@id\":\"https:\\\/\\\/www.thecityrent.be\\\/de\\\/produkt\\\/lm-sauger-fuer-poroese-oberflaechen-max-140-kg\\\/#breadcrumb\"},\"inLanguage\":\"de\",\"potentialAction\":[{\"@type\":\"ReadAction\",\"target\":[\"https:\\\/\\\/www.thecityrent.be\\\/de\\\/produkt\\\/lm-sauger-fuer-poroese-oberflaechen-max-140-kg\\\/\"]}]},{\"@type\":\"ImageObject\",\"inLanguage\":\"de\",\"@id\":\"https:\\\/\\\/www.thecityrent.be\\\/de\\\/produkt\\\/lm-sauger-fuer-poroese-oberflaechen-max-140-kg\\\/#primaryimage\",\"url\":\"https:\\\/\\\/www.thecityrent.be\\\/wp-content\\\/uploads\\\/LM-801-804-vv.png\",\"contentUrl\":\"https:\\\/\\\/www.thecityrent.be\\\/wp-content\\\/uploads\\\/LM-801-804-vv.png\",\"width\":966,\"height\":487},{\"@type\":\"BreadcrumbList\",\"@id\":\"https:\\\/\\\/www.thecityrent.be\\\/de\\\/produkt\\\/lm-sauger-fuer-poroese-oberflaechen-max-140-kg\\\/#breadcrumb\",\"itemListElement\":[{\"@type\":\"ListItem\",\"position\":1,\"name\":\"Home\",\"item\":\"https:\\\/\\\/www.thecityrent.be\\\/de\\\/\"},{\"@type\":\"ListItem\",\"position\":2,\"name\":\"Shop\",\"item\":\"https:\\\/\\\/www.thecityrent.be\\\/shop\\\/\"},{\"@type\":\"ListItem\",\"position\":3,\"name\":\"LM -SAUGER F\u00dcR POR\u00d6SE OBERFL\u00c4CHEN MAX 140 KG\"}]},{\"@type\":\"WebSite\",\"@id\":\"https:\\\/\\\/www.thecityrent.be\\\/#website\",\"url\":\"https:\\\/\\\/www.thecityrent.be\\\/\",\"name\":\"The City Rent &amp; Partner\",\"description\":\"Votre partenaire pour la location de mat\u00e9riel, outillage &amp; v\u00e9hicules\",\"potentialAction\":[{\"@type\":\"SearchAction\",\"target\":{\"@type\":\"EntryPoint\",\"urlTemplate\":\"https:\\\/\\\/www.thecityrent.be\\\/?s={search_term_string}\"},\"query-input\":{\"@type\":\"PropertyValueSpecification\",\"valueRequired\":true,\"valueName\":\"search_term_string\"}}],\"inLanguage\":\"de\"}]}<\/script>\n<!-- \/ Yoast SEO plugin. -->","yoast_head_json":{"title":"LM -SAUGER F\u00dcR POR\u00d6SE OBERFL\u00c4CHEN MAX 140 KG - The City Rent &amp; Partner","robots":{"index":"index","follow":"follow","max-snippet":"max-snippet:-1","max-image-preview":"max-image-preview:large","max-video-preview":"max-video-preview:-1"},"canonical":"https:\/\/www.thecityrent.be\/de\/produkt\/lm-sauger-fuer-poroese-oberflaechen-max-140-kg\/","og_locale":"de_DE","og_type":"article","og_title":"LM -SAUGER F\u00dcR POR\u00d6SE OBERFL\u00c4CHEN MAX 140 KG - The City Rent &amp; Partner","og_description":"Das leistungsstarke Vakuumpumpensystem erm\u00f6glicht einfaches und schnelles Ansaugen jeglicher Oberfl\u00e4chen. Somit k\u00f6nnen Platten schnell und sicher verlegt werden.  * Maximaler Saugdruck in nur\u00a00,5 Sek. erreicht * Griffe individuell regelbar. * 2 kleine Hebegriffe vereinfachen das Aufnehmen von Platten auf hohen Stapeln. * Standard Saugplatte\u00a0(400x300) mit leistungsstarker Verschlussdichtung. * Austauschbare Saugplatte f\u00fcr spezifische Anwendungen bis zu\u00a0140 kg de maximaler Last. * Die Griffe k\u00f6nnen schnell eingeklappt werden, um die Sperrigkeit des Ger\u00e4tes w\u00e4hrend dem Transport zu mindern. * Leichte Konstruktion, rund\u00a016 kg.","og_url":"https:\/\/www.thecityrent.be\/de\/produkt\/lm-sauger-fuer-poroese-oberflaechen-max-140-kg\/","og_site_name":"The City Rent &amp; Partner","article_modified_time":"2023-01-30T16:51:25+00:00","og_image":[{"width":966,"height":487,"url":"https:\/\/www.thecityrent.be\/wp-content\/uploads\/LM-801-804-vv.png","type":"image\/png"}],"twitter_card":"summary_large_image","schema":{"@context":"https:\/\/schema.org","@graph":[{"@type":"WebPage","@id":"https:\/\/www.thecityrent.be\/de\/produkt\/lm-sauger-fuer-poroese-oberflaechen-max-140-kg\/","url":"https:\/\/www.thecityrent.be\/de\/produkt\/lm-sauger-fuer-poroese-oberflaechen-max-140-kg\/","name":"LM -SAUGER F\u00dcR POR\u00d6SE OBERFL\u00c4CHEN MAX 140 KG - The City Rent &amp; Partner","isPartOf":{"@id":"https:\/\/www.thecityrent.be\/#website"},"primaryImageOfPage":{"@id":"https:\/\/www.thecityrent.be\/de\/produkt\/lm-sauger-fuer-poroese-oberflaechen-max-140-kg\/#primaryimage"},"image":{"@id":"https:\/\/www.thecityrent.be\/de\/produkt\/lm-sauger-fuer-poroese-oberflaechen-max-140-kg\/#primaryimage"},"thumbnailUrl":"https:\/\/www.thecityrent.be\/wp-content\/uploads\/LM-801-804-vv.png","datePublished":"2022-03-27T09:46:22+00:00","dateModified":"2023-01-30T16:51:25+00:00","breadcrumb":{"@id":"https:\/\/www.thecityrent.be\/de\/produkt\/lm-sauger-fuer-poroese-oberflaechen-max-140-kg\/#breadcrumb"},"inLanguage":"de","potentialAction":[{"@type":"ReadAction","target":["https:\/\/www.thecityrent.be\/de\/produkt\/lm-sauger-fuer-poroese-oberflaechen-max-140-kg\/"]}]},{"@type":"ImageObject","inLanguage":"de","@id":"https:\/\/www.thecityrent.be\/de\/produkt\/lm-sauger-fuer-poroese-oberflaechen-max-140-kg\/#primaryimage","url":"https:\/\/www.thecityrent.be\/wp-content\/uploads\/LM-801-804-vv.png","contentUrl":"https:\/\/www.thecityrent.be\/wp-content\/uploads\/LM-801-804-vv.png","width":966,"height":487},{"@type":"BreadcrumbList","@id":"https:\/\/www.thecityrent.be\/de\/produkt\/lm-sauger-fuer-poroese-oberflaechen-max-140-kg\/#breadcrumb","itemListElement":[{"@type":"ListItem","position":1,"name":"Home","item":"https:\/\/www.thecityrent.be\/de\/"},{"@type":"ListItem","position":2,"name":"Shop","item":"https:\/\/www.thecityrent.be\/shop\/"},{"@type":"ListItem","position":3,"name":"LM -SAUGER F\u00dcR POR\u00d6SE OBERFL\u00c4CHEN MAX 140 KG"}]},{"@type":"WebSite","@id":"https:\/\/www.thecityrent.be\/#website","url":"https:\/\/www.thecityrent.be\/","name":"The City Rent &amp; Partner","description":"Votre partenaire pour la location de mat\u00e9riel, outillage &amp; v\u00e9hicules","potentialAction":[{"@type":"SearchAction","target":{"@type":"EntryPoint","urlTemplate":"https:\/\/www.thecityrent.be\/?s={search_term_string}"},"query-input":{"@type":"PropertyValueSpecification","valueRequired":true,"valueName":"search_term_string"}}],"inLanguage":"de"}]}},"_links":{"self":[{"href":"https:\/\/www.thecityrent.be\/de\/wp-json\/wp\/v2\/product\/1555","targetHints":{"allow":["GET"]}}],"collection":[{"href":"https:\/\/www.thecityrent.be\/de\/wp-json\/wp\/v2\/product"}],"about":[{"href":"https:\/\/www.thecityrent.be\/de\/wp-json\/wp\/v2\/types\/product"}],"replies":[{"embeddable":true,"href":"https:\/\/www.thecityrent.be\/de\/wp-json\/wp\/v2\/comments?post=1555"}],"wp:featuredmedia":[{"embeddable":true,"href":"https:\/\/www.thecityrent.be\/de\/wp-json\/wp\/v2\/media\/401"}],"wp:attachment":[{"href":"https:\/\/www.thecityrent.be\/de\/wp-json\/wp\/v2\/media?parent=1555"}],"wp:term":[{"taxonomy":"product_brand","embeddable":true,"href":"https:\/\/www.thecityrent.be\/de\/wp-json\/wp\/v2\/product_brand?post=1555"},{"taxonomy":"product_cat","embeddable":true,"href":"https:\/\/www.thecityrent.be\/de\/wp-json\/wp\/v2\/product_cat?post=1555"},{"taxonomy":"product_tag","embeddable":true,"href":"https:\/\/www.thecityrent.be\/de\/wp-json\/wp\/v2\/product_tag?post=1555"}],"curies":[{"name":"wp","href":"https:\/\/api.w.org\/{rel}","templated":true}]}}