{"id":1549,"date":"2022-03-27T11:38:34","date_gmt":"2022-03-27T09:38:34","guid":{"rendered":"https:\/\/www.thecityrent.be\/?post_type=product&#038;p=1549"},"modified":"2023-01-30T17:57:42","modified_gmt":"2023-01-30T16:57:42","slug":"lm-plattenheber","status":"publish","type":"product","link":"https:\/\/www.thecityrent.be\/de\/produkt\/lm-plattenheber\/","title":{"rendered":"LM -PLATTENHEBER"},"content":{"rendered":"<ul>\n<li><strong>REFERENZ: <\/strong>LM613<\/li>\n<li><strong>KAUTION<\/strong> : 50,00\u20ac<\/li>\n<li><strong>PREIS\/TAG<\/strong> : 37,00\u20ac<\/li>\n<li><strong>PREIS\/TAG\/WOCHE<\/strong> : 30,00\u20ac<\/li>\n<li><strong>PREIS\/WOCHENENDE<\/strong> : 67,00\u20ac<\/li>\n<li><strong>PREIS\/TAG\/MONAT<\/strong> : 22,00\u20ac<\/li>\n<\/ul>\n","protected":false},"excerpt":{"rendered":"<p>Der Plattenheber kann schnell, ohne Werkzeug, in Betrieb genommen werden und besteht aus 3 Teilen\u00a0(Basis + Mast\u00a0+ Pult).<\/p>\n<p>Er verf\u00fcgt \u00fcber einen Teleskopmast, sodass man alleine Gipsplatten bis zu einer H\u00f6he von 4 Metern verlegen kann. Das Pult ist in der L\u00e4nge und Breite einstellbar, sodass es sich an alle Platten anpasst.<\/p>\n<p>Durch einfache Rotation, egal in welche Richtung die Platte gedreht ist, k\u00f6nnen Platten in der Dachschr\u00e4ge oder unter der Decke verlegt werden.<\/p>\n<p>Maximale Last: 65 kg &#8211; Maximale H\u00f6he: 4 m<\/p>\n","protected":false},"featured_media":387,"comment_status":"closed","ping_status":"closed","template":"","meta":{"_acf_changed":false},"product_brand":[],"product_cat":[63],"product_tag":[],"class_list":{"0":"post-1549","1":"product","2":"type-product","3":"status-publish","4":"has-post-thumbnail","6":"product_cat-hebe-foerdertechnik","8":"first","9":"instock","10":"taxable","11":"shipping-taxable","12":"purchasable","13":"product-type-simple"},"acf":[],"yoast_head":"<!-- This site is optimized with the Yoast SEO plugin v27.5 - https:\/\/yoast.com\/product\/yoast-seo-wordpress\/ -->\n<title>LM -PLATTENHEBER - The City Rent &amp; Partner<\/title>\n<meta name=\"robots\" content=\"index, follow, max-snippet:-1, max-image-preview:large, max-video-preview:-1\" \/>\n<link rel=\"canonical\" href=\"https:\/\/www.thecityrent.be\/de\/produkt\/lm-plattenheber\/\" \/>\n<meta property=\"og:locale\" content=\"de_DE\" \/>\n<meta property=\"og:type\" content=\"article\" \/>\n<meta property=\"og:title\" content=\"LM -PLATTENHEBER - The City Rent &amp; Partner\" \/>\n<meta property=\"og:description\" content=\"Der Plattenheber kann schnell, ohne Werkzeug, in Betrieb genommen werden und besteht aus 3 Teilen\u00a0(Basis + Mast\u00a0+ Pult).  Er verf\u00fcgt \u00fcber einen Teleskopmast, sodass man alleine Gipsplatten bis zu einer H\u00f6he von 4 Metern verlegen kann. Das Pult ist in der L\u00e4nge und Breite einstellbar, sodass es sich an alle Platten anpasst.  Durch einfache Rotation, egal in welche Richtung die Platte gedreht ist, k\u00f6nnen Platten in der Dachschr\u00e4ge oder unter der Decke verlegt werden.  Maximale Last: 65 kg - Maximale H\u00f6he: 4 m\" \/>\n<meta property=\"og:url\" content=\"https:\/\/www.thecityrent.be\/de\/produkt\/lm-plattenheber\/\" \/>\n<meta property=\"og:site_name\" content=\"The City Rent &amp; Partner\" \/>\n<meta property=\"article:modified_time\" content=\"2023-01-30T16:57:42+00:00\" \/>\n<meta property=\"og:image\" content=\"https:\/\/www.thecityrent.be\/wp-content\/uploads\/LM-603-607-608.jpg\" \/>\n\t<meta property=\"og:image:width\" content=\"1024\" \/>\n\t<meta property=\"og:image:height\" content=\"768\" \/>\n\t<meta property=\"og:image:type\" content=\"image\/jpeg\" \/>\n<meta name=\"twitter:card\" content=\"summary_large_image\" \/>\n<script type=\"application\/ld+json\" class=\"yoast-schema-graph\">{\"@context\":\"https:\\\/\\\/schema.org\",\"@graph\":[{\"@type\":\"WebPage\",\"@id\":\"https:\\\/\\\/www.thecityrent.be\\\/de\\\/produkt\\\/lm-plattenheber\\\/\",\"url\":\"https:\\\/\\\/www.thecityrent.be\\\/de\\\/produkt\\\/lm-plattenheber\\\/\",\"name\":\"LM -PLATTENHEBER - The City Rent &amp; Partner\",\"isPartOf\":{\"@id\":\"https:\\\/\\\/www.thecityrent.be\\\/#website\"},\"primaryImageOfPage\":{\"@id\":\"https:\\\/\\\/www.thecityrent.be\\\/de\\\/produkt\\\/lm-plattenheber\\\/#primaryimage\"},\"image\":{\"@id\":\"https:\\\/\\\/www.thecityrent.be\\\/de\\\/produkt\\\/lm-plattenheber\\\/#primaryimage\"},\"thumbnailUrl\":\"https:\\\/\\\/www.thecityrent.be\\\/wp-content\\\/uploads\\\/LM-603-607-608.jpg\",\"datePublished\":\"2022-03-27T09:38:34+00:00\",\"dateModified\":\"2023-01-30T16:57:42+00:00\",\"breadcrumb\":{\"@id\":\"https:\\\/\\\/www.thecityrent.be\\\/de\\\/produkt\\\/lm-plattenheber\\\/#breadcrumb\"},\"inLanguage\":\"de\",\"potentialAction\":[{\"@type\":\"ReadAction\",\"target\":[\"https:\\\/\\\/www.thecityrent.be\\\/de\\\/produkt\\\/lm-plattenheber\\\/\"]}]},{\"@type\":\"ImageObject\",\"inLanguage\":\"de\",\"@id\":\"https:\\\/\\\/www.thecityrent.be\\\/de\\\/produkt\\\/lm-plattenheber\\\/#primaryimage\",\"url\":\"https:\\\/\\\/www.thecityrent.be\\\/wp-content\\\/uploads\\\/LM-603-607-608.jpg\",\"contentUrl\":\"https:\\\/\\\/www.thecityrent.be\\\/wp-content\\\/uploads\\\/LM-603-607-608.jpg\",\"width\":1024,\"height\":768},{\"@type\":\"BreadcrumbList\",\"@id\":\"https:\\\/\\\/www.thecityrent.be\\\/de\\\/produkt\\\/lm-plattenheber\\\/#breadcrumb\",\"itemListElement\":[{\"@type\":\"ListItem\",\"position\":1,\"name\":\"Home\",\"item\":\"https:\\\/\\\/www.thecityrent.be\\\/de\\\/\"},{\"@type\":\"ListItem\",\"position\":2,\"name\":\"Shop\",\"item\":\"https:\\\/\\\/www.thecityrent.be\\\/shop\\\/\"},{\"@type\":\"ListItem\",\"position\":3,\"name\":\"LM -PLATTENHEBER\"}]},{\"@type\":\"WebSite\",\"@id\":\"https:\\\/\\\/www.thecityrent.be\\\/#website\",\"url\":\"https:\\\/\\\/www.thecityrent.be\\\/\",\"name\":\"The City Rent &amp; Partner\",\"description\":\"Votre partenaire pour la location de mat\u00e9riel, outillage &amp; v\u00e9hicules\",\"potentialAction\":[{\"@type\":\"SearchAction\",\"target\":{\"@type\":\"EntryPoint\",\"urlTemplate\":\"https:\\\/\\\/www.thecityrent.be\\\/?s={search_term_string}\"},\"query-input\":{\"@type\":\"PropertyValueSpecification\",\"valueRequired\":true,\"valueName\":\"search_term_string\"}}],\"inLanguage\":\"de\"}]}<\/script>\n<!-- \/ Yoast SEO plugin. -->","yoast_head_json":{"title":"LM -PLATTENHEBER - The City Rent &amp; Partner","robots":{"index":"index","follow":"follow","max-snippet":"max-snippet:-1","max-image-preview":"max-image-preview:large","max-video-preview":"max-video-preview:-1"},"canonical":"https:\/\/www.thecityrent.be\/de\/produkt\/lm-plattenheber\/","og_locale":"de_DE","og_type":"article","og_title":"LM -PLATTENHEBER - The City Rent &amp; Partner","og_description":"Der Plattenheber kann schnell, ohne Werkzeug, in Betrieb genommen werden und besteht aus 3 Teilen\u00a0(Basis + Mast\u00a0+ Pult).  Er verf\u00fcgt \u00fcber einen Teleskopmast, sodass man alleine Gipsplatten bis zu einer H\u00f6he von 4 Metern verlegen kann. Das Pult ist in der L\u00e4nge und Breite einstellbar, sodass es sich an alle Platten anpasst.  Durch einfache Rotation, egal in welche Richtung die Platte gedreht ist, k\u00f6nnen Platten in der Dachschr\u00e4ge oder unter der Decke verlegt werden.  Maximale Last: 65 kg - Maximale H\u00f6he: 4 m","og_url":"https:\/\/www.thecityrent.be\/de\/produkt\/lm-plattenheber\/","og_site_name":"The City Rent &amp; Partner","article_modified_time":"2023-01-30T16:57:42+00:00","og_image":[{"width":1024,"height":768,"url":"https:\/\/www.thecityrent.be\/wp-content\/uploads\/LM-603-607-608.jpg","type":"image\/jpeg"}],"twitter_card":"summary_large_image","schema":{"@context":"https:\/\/schema.org","@graph":[{"@type":"WebPage","@id":"https:\/\/www.thecityrent.be\/de\/produkt\/lm-plattenheber\/","url":"https:\/\/www.thecityrent.be\/de\/produkt\/lm-plattenheber\/","name":"LM -PLATTENHEBER - The City Rent &amp; Partner","isPartOf":{"@id":"https:\/\/www.thecityrent.be\/#website"},"primaryImageOfPage":{"@id":"https:\/\/www.thecityrent.be\/de\/produkt\/lm-plattenheber\/#primaryimage"},"image":{"@id":"https:\/\/www.thecityrent.be\/de\/produkt\/lm-plattenheber\/#primaryimage"},"thumbnailUrl":"https:\/\/www.thecityrent.be\/wp-content\/uploads\/LM-603-607-608.jpg","datePublished":"2022-03-27T09:38:34+00:00","dateModified":"2023-01-30T16:57:42+00:00","breadcrumb":{"@id":"https:\/\/www.thecityrent.be\/de\/produkt\/lm-plattenheber\/#breadcrumb"},"inLanguage":"de","potentialAction":[{"@type":"ReadAction","target":["https:\/\/www.thecityrent.be\/de\/produkt\/lm-plattenheber\/"]}]},{"@type":"ImageObject","inLanguage":"de","@id":"https:\/\/www.thecityrent.be\/de\/produkt\/lm-plattenheber\/#primaryimage","url":"https:\/\/www.thecityrent.be\/wp-content\/uploads\/LM-603-607-608.jpg","contentUrl":"https:\/\/www.thecityrent.be\/wp-content\/uploads\/LM-603-607-608.jpg","width":1024,"height":768},{"@type":"BreadcrumbList","@id":"https:\/\/www.thecityrent.be\/de\/produkt\/lm-plattenheber\/#breadcrumb","itemListElement":[{"@type":"ListItem","position":1,"name":"Home","item":"https:\/\/www.thecityrent.be\/de\/"},{"@type":"ListItem","position":2,"name":"Shop","item":"https:\/\/www.thecityrent.be\/shop\/"},{"@type":"ListItem","position":3,"name":"LM -PLATTENHEBER"}]},{"@type":"WebSite","@id":"https:\/\/www.thecityrent.be\/#website","url":"https:\/\/www.thecityrent.be\/","name":"The City Rent &amp; Partner","description":"Votre partenaire pour la location de mat\u00e9riel, outillage &amp; v\u00e9hicules","potentialAction":[{"@type":"SearchAction","target":{"@type":"EntryPoint","urlTemplate":"https:\/\/www.thecityrent.be\/?s={search_term_string}"},"query-input":{"@type":"PropertyValueSpecification","valueRequired":true,"valueName":"search_term_string"}}],"inLanguage":"de"}]}},"_links":{"self":[{"href":"https:\/\/www.thecityrent.be\/de\/wp-json\/wp\/v2\/product\/1549","targetHints":{"allow":["GET"]}}],"collection":[{"href":"https:\/\/www.thecityrent.be\/de\/wp-json\/wp\/v2\/product"}],"about":[{"href":"https:\/\/www.thecityrent.be\/de\/wp-json\/wp\/v2\/types\/product"}],"replies":[{"embeddable":true,"href":"https:\/\/www.thecityrent.be\/de\/wp-json\/wp\/v2\/comments?post=1549"}],"wp:featuredmedia":[{"embeddable":true,"href":"https:\/\/www.thecityrent.be\/de\/wp-json\/wp\/v2\/media\/387"}],"wp:attachment":[{"href":"https:\/\/www.thecityrent.be\/de\/wp-json\/wp\/v2\/media?parent=1549"}],"wp:term":[{"taxonomy":"product_brand","embeddable":true,"href":"https:\/\/www.thecityrent.be\/de\/wp-json\/wp\/v2\/product_brand?post=1549"},{"taxonomy":"product_cat","embeddable":true,"href":"https:\/\/www.thecityrent.be\/de\/wp-json\/wp\/v2\/product_cat?post=1549"},{"taxonomy":"product_tag","embeddable":true,"href":"https:\/\/www.thecityrent.be\/de\/wp-json\/wp\/v2\/product_tag?post=1549"}],"curies":[{"name":"wp","href":"https:\/\/api.w.org\/{rel}","templated":true}]}}