{"id":1540,"date":"2022-03-27T11:31:10","date_gmt":"2022-03-27T09:31:10","guid":{"rendered":"https:\/\/www.thecityrent.be\/?post_type=product&#038;p=1540"},"modified":"2023-01-30T18:14:00","modified_gmt":"2023-01-30T17:14:00","slug":"lm-zange-fuer-kontrollschaechte-mit-3-klemmen","status":"publish","type":"product","link":"https:\/\/www.thecityrent.be\/de\/produkt\/lm-zange-fuer-kontrollschaechte-mit-3-klemmen\/","title":{"rendered":"LM -ZANGE F\u00dcR KONTROLLSCH\u00c4CHTE MIT 3 KLEMMEN"},"content":{"rendered":"<ul>\n<li><strong>REFERENZ: <\/strong>LM320<\/li>\n<li><strong>KAUTION<\/strong> : 50,00\u20ac<\/li>\n<li><strong>PREIS\/TAG<\/strong> : 21,00\u20ac<\/li>\n<li><strong>PREIS\/TAG\/WOCHE<\/strong> : 17,00\u20ac<\/li>\n<li><strong>PREIS\/WOCHENENDE<\/strong> : 39,00\u20ac<\/li>\n<li><strong>PREIS\/TAG\/MONAT<\/strong> : 13,00\u20ac<\/li>\n<\/ul>\n","protected":false},"excerpt":{"rendered":"<p>Zum horizontalen Heben von Kontrollsch\u00e4chten.<br \/>\nGriff zum einfachen Hendling.<br \/>\nKlemme aus Lochbaustoff. Verdrehsteif und leicht.<br \/>\nEinfaches und schnelles Regeln der Klemmzone mithilfe eines Gewindespindels.<br \/>\nStabilit\u00e4t durch einen angelenkten Winkelhebel verst\u00e4rkt.<br \/>\nMit Sicherheitsstopp\u00a0\u2013 eine Feder, die an jeder Klemme befestigt ist, verhindert das versehentliche \u00d6ffnen der Zange.<\/p>\n","protected":false},"featured_media":369,"comment_status":"closed","ping_status":"closed","template":"","meta":{"_acf_changed":false},"product_brand":[],"product_cat":[63],"product_tag":[],"class_list":{"0":"post-1540","1":"product","2":"type-product","3":"status-publish","4":"has-post-thumbnail","6":"product_cat-hebe-foerdertechnik","8":"first","9":"instock","10":"taxable","11":"shipping-taxable","12":"purchasable","13":"product-type-simple"},"acf":[],"yoast_head":"<!-- This site is optimized with the Yoast SEO plugin v27.5 - https:\/\/yoast.com\/product\/yoast-seo-wordpress\/ -->\n<title>LM -ZANGE F\u00dcR KONTROLLSCH\u00c4CHTE MIT 3 KLEMMEN - The City Rent &amp; Partner<\/title>\n<meta name=\"robots\" content=\"index, follow, max-snippet:-1, max-image-preview:large, max-video-preview:-1\" \/>\n<link rel=\"canonical\" href=\"https:\/\/www.thecityrent.be\/de\/produkt\/lm-zange-fuer-kontrollschaechte-mit-3-klemmen\/\" \/>\n<meta property=\"og:locale\" content=\"de_DE\" \/>\n<meta property=\"og:type\" content=\"article\" \/>\n<meta property=\"og:title\" content=\"LM -ZANGE F\u00dcR KONTROLLSCH\u00c4CHTE MIT 3 KLEMMEN - The City Rent &amp; Partner\" \/>\n<meta property=\"og:description\" content=\"Zum horizontalen Heben von Kontrollsch\u00e4chten. Griff zum einfachen Hendling. Klemme aus Lochbaustoff. Verdrehsteif und leicht. Einfaches und schnelles Regeln der Klemmzone mithilfe eines Gewindespindels. Stabilit\u00e4t durch einen angelenkten Winkelhebel verst\u00e4rkt. Mit Sicherheitsstopp\u00a0\u2013 eine Feder, die an jeder Klemme befestigt ist, verhindert das versehentliche \u00d6ffnen der Zange.\" \/>\n<meta property=\"og:url\" content=\"https:\/\/www.thecityrent.be\/de\/produkt\/lm-zange-fuer-kontrollschaechte-mit-3-klemmen\/\" \/>\n<meta property=\"og:site_name\" content=\"The City Rent &amp; Partner\" \/>\n<meta property=\"article:modified_time\" content=\"2023-01-30T17:14:00+00:00\" \/>\n<meta property=\"og:image\" content=\"https:\/\/www.thecityrent.be\/wp-content\/uploads\/LM320-321.jpg\" \/>\n\t<meta property=\"og:image:width\" content=\"440\" \/>\n\t<meta property=\"og:image:height\" content=\"439\" \/>\n\t<meta property=\"og:image:type\" content=\"image\/jpeg\" \/>\n<meta name=\"twitter:card\" content=\"summary_large_image\" \/>\n<script type=\"application\/ld+json\" class=\"yoast-schema-graph\">{\"@context\":\"https:\\\/\\\/schema.org\",\"@graph\":[{\"@type\":\"WebPage\",\"@id\":\"https:\\\/\\\/www.thecityrent.be\\\/de\\\/produkt\\\/lm-zange-fuer-kontrollschaechte-mit-3-klemmen\\\/\",\"url\":\"https:\\\/\\\/www.thecityrent.be\\\/de\\\/produkt\\\/lm-zange-fuer-kontrollschaechte-mit-3-klemmen\\\/\",\"name\":\"LM -ZANGE F\u00dcR KONTROLLSCH\u00c4CHTE MIT 3 KLEMMEN - The City Rent &amp; Partner\",\"isPartOf\":{\"@id\":\"https:\\\/\\\/www.thecityrent.be\\\/#website\"},\"primaryImageOfPage\":{\"@id\":\"https:\\\/\\\/www.thecityrent.be\\\/de\\\/produkt\\\/lm-zange-fuer-kontrollschaechte-mit-3-klemmen\\\/#primaryimage\"},\"image\":{\"@id\":\"https:\\\/\\\/www.thecityrent.be\\\/de\\\/produkt\\\/lm-zange-fuer-kontrollschaechte-mit-3-klemmen\\\/#primaryimage\"},\"thumbnailUrl\":\"https:\\\/\\\/www.thecityrent.be\\\/wp-content\\\/uploads\\\/LM320-321.jpg\",\"datePublished\":\"2022-03-27T09:31:10+00:00\",\"dateModified\":\"2023-01-30T17:14:00+00:00\",\"breadcrumb\":{\"@id\":\"https:\\\/\\\/www.thecityrent.be\\\/de\\\/produkt\\\/lm-zange-fuer-kontrollschaechte-mit-3-klemmen\\\/#breadcrumb\"},\"inLanguage\":\"de\",\"potentialAction\":[{\"@type\":\"ReadAction\",\"target\":[\"https:\\\/\\\/www.thecityrent.be\\\/de\\\/produkt\\\/lm-zange-fuer-kontrollschaechte-mit-3-klemmen\\\/\"]}]},{\"@type\":\"ImageObject\",\"inLanguage\":\"de\",\"@id\":\"https:\\\/\\\/www.thecityrent.be\\\/de\\\/produkt\\\/lm-zange-fuer-kontrollschaechte-mit-3-klemmen\\\/#primaryimage\",\"url\":\"https:\\\/\\\/www.thecityrent.be\\\/wp-content\\\/uploads\\\/LM320-321.jpg\",\"contentUrl\":\"https:\\\/\\\/www.thecityrent.be\\\/wp-content\\\/uploads\\\/LM320-321.jpg\",\"width\":440,\"height\":439},{\"@type\":\"BreadcrumbList\",\"@id\":\"https:\\\/\\\/www.thecityrent.be\\\/de\\\/produkt\\\/lm-zange-fuer-kontrollschaechte-mit-3-klemmen\\\/#breadcrumb\",\"itemListElement\":[{\"@type\":\"ListItem\",\"position\":1,\"name\":\"Home\",\"item\":\"https:\\\/\\\/www.thecityrent.be\\\/de\\\/\"},{\"@type\":\"ListItem\",\"position\":2,\"name\":\"Shop\",\"item\":\"https:\\\/\\\/www.thecityrent.be\\\/shop\\\/\"},{\"@type\":\"ListItem\",\"position\":3,\"name\":\"LM -ZANGE F\u00dcR KONTROLLSCH\u00c4CHTE MIT 3 KLEMMEN\"}]},{\"@type\":\"WebSite\",\"@id\":\"https:\\\/\\\/www.thecityrent.be\\\/#website\",\"url\":\"https:\\\/\\\/www.thecityrent.be\\\/\",\"name\":\"The City Rent &amp; Partner\",\"description\":\"Votre partenaire pour la location de mat\u00e9riel, outillage &amp; v\u00e9hicules\",\"potentialAction\":[{\"@type\":\"SearchAction\",\"target\":{\"@type\":\"EntryPoint\",\"urlTemplate\":\"https:\\\/\\\/www.thecityrent.be\\\/?s={search_term_string}\"},\"query-input\":{\"@type\":\"PropertyValueSpecification\",\"valueRequired\":true,\"valueName\":\"search_term_string\"}}],\"inLanguage\":\"de\"}]}<\/script>\n<!-- \/ Yoast SEO plugin. -->","yoast_head_json":{"title":"LM -ZANGE F\u00dcR KONTROLLSCH\u00c4CHTE MIT 3 KLEMMEN - The City Rent &amp; Partner","robots":{"index":"index","follow":"follow","max-snippet":"max-snippet:-1","max-image-preview":"max-image-preview:large","max-video-preview":"max-video-preview:-1"},"canonical":"https:\/\/www.thecityrent.be\/de\/produkt\/lm-zange-fuer-kontrollschaechte-mit-3-klemmen\/","og_locale":"de_DE","og_type":"article","og_title":"LM -ZANGE F\u00dcR KONTROLLSCH\u00c4CHTE MIT 3 KLEMMEN - The City Rent &amp; Partner","og_description":"Zum horizontalen Heben von Kontrollsch\u00e4chten. Griff zum einfachen Hendling. Klemme aus Lochbaustoff. Verdrehsteif und leicht. Einfaches und schnelles Regeln der Klemmzone mithilfe eines Gewindespindels. Stabilit\u00e4t durch einen angelenkten Winkelhebel verst\u00e4rkt. Mit Sicherheitsstopp\u00a0\u2013 eine Feder, die an jeder Klemme befestigt ist, verhindert das versehentliche \u00d6ffnen der Zange.","og_url":"https:\/\/www.thecityrent.be\/de\/produkt\/lm-zange-fuer-kontrollschaechte-mit-3-klemmen\/","og_site_name":"The City Rent &amp; Partner","article_modified_time":"2023-01-30T17:14:00+00:00","og_image":[{"width":440,"height":439,"url":"https:\/\/www.thecityrent.be\/wp-content\/uploads\/LM320-321.jpg","type":"image\/jpeg"}],"twitter_card":"summary_large_image","schema":{"@context":"https:\/\/schema.org","@graph":[{"@type":"WebPage","@id":"https:\/\/www.thecityrent.be\/de\/produkt\/lm-zange-fuer-kontrollschaechte-mit-3-klemmen\/","url":"https:\/\/www.thecityrent.be\/de\/produkt\/lm-zange-fuer-kontrollschaechte-mit-3-klemmen\/","name":"LM -ZANGE F\u00dcR KONTROLLSCH\u00c4CHTE MIT 3 KLEMMEN - The City Rent &amp; Partner","isPartOf":{"@id":"https:\/\/www.thecityrent.be\/#website"},"primaryImageOfPage":{"@id":"https:\/\/www.thecityrent.be\/de\/produkt\/lm-zange-fuer-kontrollschaechte-mit-3-klemmen\/#primaryimage"},"image":{"@id":"https:\/\/www.thecityrent.be\/de\/produkt\/lm-zange-fuer-kontrollschaechte-mit-3-klemmen\/#primaryimage"},"thumbnailUrl":"https:\/\/www.thecityrent.be\/wp-content\/uploads\/LM320-321.jpg","datePublished":"2022-03-27T09:31:10+00:00","dateModified":"2023-01-30T17:14:00+00:00","breadcrumb":{"@id":"https:\/\/www.thecityrent.be\/de\/produkt\/lm-zange-fuer-kontrollschaechte-mit-3-klemmen\/#breadcrumb"},"inLanguage":"de","potentialAction":[{"@type":"ReadAction","target":["https:\/\/www.thecityrent.be\/de\/produkt\/lm-zange-fuer-kontrollschaechte-mit-3-klemmen\/"]}]},{"@type":"ImageObject","inLanguage":"de","@id":"https:\/\/www.thecityrent.be\/de\/produkt\/lm-zange-fuer-kontrollschaechte-mit-3-klemmen\/#primaryimage","url":"https:\/\/www.thecityrent.be\/wp-content\/uploads\/LM320-321.jpg","contentUrl":"https:\/\/www.thecityrent.be\/wp-content\/uploads\/LM320-321.jpg","width":440,"height":439},{"@type":"BreadcrumbList","@id":"https:\/\/www.thecityrent.be\/de\/produkt\/lm-zange-fuer-kontrollschaechte-mit-3-klemmen\/#breadcrumb","itemListElement":[{"@type":"ListItem","position":1,"name":"Home","item":"https:\/\/www.thecityrent.be\/de\/"},{"@type":"ListItem","position":2,"name":"Shop","item":"https:\/\/www.thecityrent.be\/shop\/"},{"@type":"ListItem","position":3,"name":"LM -ZANGE F\u00dcR KONTROLLSCH\u00c4CHTE MIT 3 KLEMMEN"}]},{"@type":"WebSite","@id":"https:\/\/www.thecityrent.be\/#website","url":"https:\/\/www.thecityrent.be\/","name":"The City Rent &amp; Partner","description":"Votre partenaire pour la location de mat\u00e9riel, outillage &amp; v\u00e9hicules","potentialAction":[{"@type":"SearchAction","target":{"@type":"EntryPoint","urlTemplate":"https:\/\/www.thecityrent.be\/?s={search_term_string}"},"query-input":{"@type":"PropertyValueSpecification","valueRequired":true,"valueName":"search_term_string"}}],"inLanguage":"de"}]}},"_links":{"self":[{"href":"https:\/\/www.thecityrent.be\/de\/wp-json\/wp\/v2\/product\/1540","targetHints":{"allow":["GET"]}}],"collection":[{"href":"https:\/\/www.thecityrent.be\/de\/wp-json\/wp\/v2\/product"}],"about":[{"href":"https:\/\/www.thecityrent.be\/de\/wp-json\/wp\/v2\/types\/product"}],"replies":[{"embeddable":true,"href":"https:\/\/www.thecityrent.be\/de\/wp-json\/wp\/v2\/comments?post=1540"}],"wp:featuredmedia":[{"embeddable":true,"href":"https:\/\/www.thecityrent.be\/de\/wp-json\/wp\/v2\/media\/369"}],"wp:attachment":[{"href":"https:\/\/www.thecityrent.be\/de\/wp-json\/wp\/v2\/media?parent=1540"}],"wp:term":[{"taxonomy":"product_brand","embeddable":true,"href":"https:\/\/www.thecityrent.be\/de\/wp-json\/wp\/v2\/product_brand?post=1540"},{"taxonomy":"product_cat","embeddable":true,"href":"https:\/\/www.thecityrent.be\/de\/wp-json\/wp\/v2\/product_cat?post=1540"},{"taxonomy":"product_tag","embeddable":true,"href":"https:\/\/www.thecityrent.be\/de\/wp-json\/wp\/v2\/product_tag?post=1540"}],"curies":[{"name":"wp","href":"https:\/\/api.w.org\/{rel}","templated":true}]}}