{"id":1537,"date":"2022-03-27T11:25:19","date_gmt":"2022-03-27T09:25:19","guid":{"rendered":"https:\/\/www.thecityrent.be\/?post_type=product&#038;p=1537"},"modified":"2023-01-30T18:18:56","modified_gmt":"2023-01-30T17:18:56","slug":"lm-zange-fuer-randsteine-200-mm-1200-mm-2500kg","status":"publish","type":"product","link":"https:\/\/www.thecityrent.be\/de\/produkt\/lm-zange-fuer-randsteine-200-mm-1200-mm-2500kg\/","title":{"rendered":"LM -ZANGE F\u00dcR RANDSTEINE 200 MM &#8211; 1200 MM (2500KG)"},"content":{"rendered":"<ul>\n<li><strong>REFERENZ:\u00a0\u00a0<\/strong>LM327<\/li>\n<li><strong>KAUTION<\/strong> : 50,00\u20ac<\/li>\n<li><strong>PREIS\/TAG<\/strong> : 43,00\u20ac<\/li>\n<li><strong>PREIS\/TAG\/WOCHE<\/strong> : 34,00\u20ac<\/li>\n<li><strong>PREIS\/WOCHENENDE<\/strong> : 77,00\u20ac<\/li>\n<li><strong>PREIS\/TAG\/MONAT<\/strong> : 26,00\u20ac<\/li>\n<\/ul>\n","protected":false},"excerpt":{"rendered":"<p>F\u00fcr das Bef\u00f6rdern und die Verlegung von Bordsteinen entwickelt.<br \/>\nDiese Zange gew\u00e4hrleistet h\u00f6chste Sicherheit bei der Arbeit.<br \/>\nIhre \u00d6ffnungszone ist einstellbar und weist eine gro\u00dfe Kapazit\u00e4t auf.<br \/>\nDie Zange verf\u00fcgt \u00fcber austauschbare Gummieinlagen.<br \/>\nNutzung mit Handgriff oder Befestigungs\u00f6se.<br \/>\nMit federkraftbetriebener Verriegelungseinrichtung.<br \/>\nAutomationssystem &#8222;ge\u00f6ffnet-geschlossen&#8220;.<\/p>\n","protected":false},"featured_media":361,"comment_status":"closed","ping_status":"closed","template":"","meta":{"_acf_changed":false},"product_brand":[],"product_cat":[63],"product_tag":[],"class_list":{"0":"post-1537","1":"product","2":"type-product","3":"status-publish","4":"has-post-thumbnail","6":"product_cat-hebe-foerdertechnik","8":"first","9":"instock","10":"taxable","11":"shipping-taxable","12":"purchasable","13":"product-type-simple"},"acf":[],"yoast_head":"<!-- This site is optimized with the Yoast SEO plugin v27.5 - https:\/\/yoast.com\/product\/yoast-seo-wordpress\/ -->\n<title>LM -ZANGE F\u00dcR RANDSTEINE 200 MM - 1200 MM (2500KG) - The City Rent &amp; Partner<\/title>\n<meta name=\"robots\" content=\"index, follow, max-snippet:-1, max-image-preview:large, max-video-preview:-1\" \/>\n<link rel=\"canonical\" href=\"https:\/\/www.thecityrent.be\/de\/produkt\/lm-zange-fuer-randsteine-200-mm-1200-mm-2500kg\/\" \/>\n<meta property=\"og:locale\" content=\"de_DE\" \/>\n<meta property=\"og:type\" content=\"article\" \/>\n<meta property=\"og:title\" content=\"LM -ZANGE F\u00dcR RANDSTEINE 200 MM - 1200 MM (2500KG) - The City Rent &amp; Partner\" \/>\n<meta property=\"og:description\" content=\"F\u00fcr das Bef\u00f6rdern und die Verlegung von Bordsteinen entwickelt. Diese Zange gew\u00e4hrleistet h\u00f6chste Sicherheit bei der Arbeit. Ihre \u00d6ffnungszone ist einstellbar und weist eine gro\u00dfe Kapazit\u00e4t auf. Die Zange verf\u00fcgt \u00fcber austauschbare Gummieinlagen. Nutzung mit Handgriff oder Befestigungs\u00f6se. Mit federkraftbetriebener Verriegelungseinrichtung. Automationssystem &quot;ge\u00f6ffnet-geschlossen&quot;.\" \/>\n<meta property=\"og:url\" content=\"https:\/\/www.thecityrent.be\/de\/produkt\/lm-zange-fuer-randsteine-200-mm-1200-mm-2500kg\/\" \/>\n<meta property=\"og:site_name\" content=\"The City Rent &amp; Partner\" \/>\n<meta property=\"article:modified_time\" content=\"2023-01-30T17:18:56+00:00\" \/>\n<meta property=\"og:image\" content=\"https:\/\/www.thecityrent.be\/wp-content\/uploads\/LM324-335.png\" \/>\n\t<meta property=\"og:image:width\" content=\"440\" \/>\n\t<meta property=\"og:image:height\" content=\"439\" \/>\n\t<meta property=\"og:image:type\" content=\"image\/png\" \/>\n<meta name=\"twitter:card\" content=\"summary_large_image\" \/>\n<meta name=\"twitter:label1\" content=\"Gesch\u00e4tzte Lesezeit\" \/>\n\t<meta name=\"twitter:data1\" content=\"1\u00a0Minute\" \/>\n<script type=\"application\/ld+json\" class=\"yoast-schema-graph\">{\"@context\":\"https:\\\/\\\/schema.org\",\"@graph\":[{\"@type\":\"WebPage\",\"@id\":\"https:\\\/\\\/www.thecityrent.be\\\/de\\\/produkt\\\/lm-zange-fuer-randsteine-200-mm-1200-mm-2500kg\\\/\",\"url\":\"https:\\\/\\\/www.thecityrent.be\\\/de\\\/produkt\\\/lm-zange-fuer-randsteine-200-mm-1200-mm-2500kg\\\/\",\"name\":\"LM -ZANGE F\u00dcR RANDSTEINE 200 MM - 1200 MM (2500KG) - The City Rent &amp; Partner\",\"isPartOf\":{\"@id\":\"https:\\\/\\\/www.thecityrent.be\\\/#website\"},\"primaryImageOfPage\":{\"@id\":\"https:\\\/\\\/www.thecityrent.be\\\/de\\\/produkt\\\/lm-zange-fuer-randsteine-200-mm-1200-mm-2500kg\\\/#primaryimage\"},\"image\":{\"@id\":\"https:\\\/\\\/www.thecityrent.be\\\/de\\\/produkt\\\/lm-zange-fuer-randsteine-200-mm-1200-mm-2500kg\\\/#primaryimage\"},\"thumbnailUrl\":\"https:\\\/\\\/www.thecityrent.be\\\/wp-content\\\/uploads\\\/LM324-335.png\",\"datePublished\":\"2022-03-27T09:25:19+00:00\",\"dateModified\":\"2023-01-30T17:18:56+00:00\",\"breadcrumb\":{\"@id\":\"https:\\\/\\\/www.thecityrent.be\\\/de\\\/produkt\\\/lm-zange-fuer-randsteine-200-mm-1200-mm-2500kg\\\/#breadcrumb\"},\"inLanguage\":\"de\",\"potentialAction\":[{\"@type\":\"ReadAction\",\"target\":[\"https:\\\/\\\/www.thecityrent.be\\\/de\\\/produkt\\\/lm-zange-fuer-randsteine-200-mm-1200-mm-2500kg\\\/\"]}]},{\"@type\":\"ImageObject\",\"inLanguage\":\"de\",\"@id\":\"https:\\\/\\\/www.thecityrent.be\\\/de\\\/produkt\\\/lm-zange-fuer-randsteine-200-mm-1200-mm-2500kg\\\/#primaryimage\",\"url\":\"https:\\\/\\\/www.thecityrent.be\\\/wp-content\\\/uploads\\\/LM324-335.png\",\"contentUrl\":\"https:\\\/\\\/www.thecityrent.be\\\/wp-content\\\/uploads\\\/LM324-335.png\",\"width\":440,\"height\":439},{\"@type\":\"BreadcrumbList\",\"@id\":\"https:\\\/\\\/www.thecityrent.be\\\/de\\\/produkt\\\/lm-zange-fuer-randsteine-200-mm-1200-mm-2500kg\\\/#breadcrumb\",\"itemListElement\":[{\"@type\":\"ListItem\",\"position\":1,\"name\":\"Home\",\"item\":\"https:\\\/\\\/www.thecityrent.be\\\/de\\\/\"},{\"@type\":\"ListItem\",\"position\":2,\"name\":\"Shop\",\"item\":\"https:\\\/\\\/www.thecityrent.be\\\/shop\\\/\"},{\"@type\":\"ListItem\",\"position\":3,\"name\":\"LM -ZANGE F\u00dcR RANDSTEINE 200 MM &#8211; 1200 MM (2500KG)\"}]},{\"@type\":\"WebSite\",\"@id\":\"https:\\\/\\\/www.thecityrent.be\\\/#website\",\"url\":\"https:\\\/\\\/www.thecityrent.be\\\/\",\"name\":\"The City Rent &amp; Partner\",\"description\":\"Votre partenaire pour la location de mat\u00e9riel, outillage &amp; v\u00e9hicules\",\"potentialAction\":[{\"@type\":\"SearchAction\",\"target\":{\"@type\":\"EntryPoint\",\"urlTemplate\":\"https:\\\/\\\/www.thecityrent.be\\\/?s={search_term_string}\"},\"query-input\":{\"@type\":\"PropertyValueSpecification\",\"valueRequired\":true,\"valueName\":\"search_term_string\"}}],\"inLanguage\":\"de\"}]}<\/script>\n<!-- \/ Yoast SEO plugin. -->","yoast_head_json":{"title":"LM -ZANGE F\u00dcR RANDSTEINE 200 MM - 1200 MM (2500KG) - The City Rent &amp; Partner","robots":{"index":"index","follow":"follow","max-snippet":"max-snippet:-1","max-image-preview":"max-image-preview:large","max-video-preview":"max-video-preview:-1"},"canonical":"https:\/\/www.thecityrent.be\/de\/produkt\/lm-zange-fuer-randsteine-200-mm-1200-mm-2500kg\/","og_locale":"de_DE","og_type":"article","og_title":"LM -ZANGE F\u00dcR RANDSTEINE 200 MM - 1200 MM (2500KG) - The City Rent &amp; Partner","og_description":"F\u00fcr das Bef\u00f6rdern und die Verlegung von Bordsteinen entwickelt. Diese Zange gew\u00e4hrleistet h\u00f6chste Sicherheit bei der Arbeit. Ihre \u00d6ffnungszone ist einstellbar und weist eine gro\u00dfe Kapazit\u00e4t auf. Die Zange verf\u00fcgt \u00fcber austauschbare Gummieinlagen. Nutzung mit Handgriff oder Befestigungs\u00f6se. Mit federkraftbetriebener Verriegelungseinrichtung. Automationssystem \"ge\u00f6ffnet-geschlossen\".","og_url":"https:\/\/www.thecityrent.be\/de\/produkt\/lm-zange-fuer-randsteine-200-mm-1200-mm-2500kg\/","og_site_name":"The City Rent &amp; Partner","article_modified_time":"2023-01-30T17:18:56+00:00","og_image":[{"width":440,"height":439,"url":"https:\/\/www.thecityrent.be\/wp-content\/uploads\/LM324-335.png","type":"image\/png"}],"twitter_card":"summary_large_image","twitter_misc":{"Gesch\u00e4tzte Lesezeit":"1\u00a0Minute"},"schema":{"@context":"https:\/\/schema.org","@graph":[{"@type":"WebPage","@id":"https:\/\/www.thecityrent.be\/de\/produkt\/lm-zange-fuer-randsteine-200-mm-1200-mm-2500kg\/","url":"https:\/\/www.thecityrent.be\/de\/produkt\/lm-zange-fuer-randsteine-200-mm-1200-mm-2500kg\/","name":"LM -ZANGE F\u00dcR RANDSTEINE 200 MM - 1200 MM (2500KG) - The City Rent &amp; Partner","isPartOf":{"@id":"https:\/\/www.thecityrent.be\/#website"},"primaryImageOfPage":{"@id":"https:\/\/www.thecityrent.be\/de\/produkt\/lm-zange-fuer-randsteine-200-mm-1200-mm-2500kg\/#primaryimage"},"image":{"@id":"https:\/\/www.thecityrent.be\/de\/produkt\/lm-zange-fuer-randsteine-200-mm-1200-mm-2500kg\/#primaryimage"},"thumbnailUrl":"https:\/\/www.thecityrent.be\/wp-content\/uploads\/LM324-335.png","datePublished":"2022-03-27T09:25:19+00:00","dateModified":"2023-01-30T17:18:56+00:00","breadcrumb":{"@id":"https:\/\/www.thecityrent.be\/de\/produkt\/lm-zange-fuer-randsteine-200-mm-1200-mm-2500kg\/#breadcrumb"},"inLanguage":"de","potentialAction":[{"@type":"ReadAction","target":["https:\/\/www.thecityrent.be\/de\/produkt\/lm-zange-fuer-randsteine-200-mm-1200-mm-2500kg\/"]}]},{"@type":"ImageObject","inLanguage":"de","@id":"https:\/\/www.thecityrent.be\/de\/produkt\/lm-zange-fuer-randsteine-200-mm-1200-mm-2500kg\/#primaryimage","url":"https:\/\/www.thecityrent.be\/wp-content\/uploads\/LM324-335.png","contentUrl":"https:\/\/www.thecityrent.be\/wp-content\/uploads\/LM324-335.png","width":440,"height":439},{"@type":"BreadcrumbList","@id":"https:\/\/www.thecityrent.be\/de\/produkt\/lm-zange-fuer-randsteine-200-mm-1200-mm-2500kg\/#breadcrumb","itemListElement":[{"@type":"ListItem","position":1,"name":"Home","item":"https:\/\/www.thecityrent.be\/de\/"},{"@type":"ListItem","position":2,"name":"Shop","item":"https:\/\/www.thecityrent.be\/shop\/"},{"@type":"ListItem","position":3,"name":"LM -ZANGE F\u00dcR RANDSTEINE 200 MM &#8211; 1200 MM (2500KG)"}]},{"@type":"WebSite","@id":"https:\/\/www.thecityrent.be\/#website","url":"https:\/\/www.thecityrent.be\/","name":"The City Rent &amp; Partner","description":"Votre partenaire pour la location de mat\u00e9riel, outillage &amp; v\u00e9hicules","potentialAction":[{"@type":"SearchAction","target":{"@type":"EntryPoint","urlTemplate":"https:\/\/www.thecityrent.be\/?s={search_term_string}"},"query-input":{"@type":"PropertyValueSpecification","valueRequired":true,"valueName":"search_term_string"}}],"inLanguage":"de"}]}},"_links":{"self":[{"href":"https:\/\/www.thecityrent.be\/de\/wp-json\/wp\/v2\/product\/1537","targetHints":{"allow":["GET"]}}],"collection":[{"href":"https:\/\/www.thecityrent.be\/de\/wp-json\/wp\/v2\/product"}],"about":[{"href":"https:\/\/www.thecityrent.be\/de\/wp-json\/wp\/v2\/types\/product"}],"replies":[{"embeddable":true,"href":"https:\/\/www.thecityrent.be\/de\/wp-json\/wp\/v2\/comments?post=1537"}],"wp:featuredmedia":[{"embeddable":true,"href":"https:\/\/www.thecityrent.be\/de\/wp-json\/wp\/v2\/media\/361"}],"wp:attachment":[{"href":"https:\/\/www.thecityrent.be\/de\/wp-json\/wp\/v2\/media?parent=1537"}],"wp:term":[{"taxonomy":"product_brand","embeddable":true,"href":"https:\/\/www.thecityrent.be\/de\/wp-json\/wp\/v2\/product_brand?post=1537"},{"taxonomy":"product_cat","embeddable":true,"href":"https:\/\/www.thecityrent.be\/de\/wp-json\/wp\/v2\/product_cat?post=1537"},{"taxonomy":"product_tag","embeddable":true,"href":"https:\/\/www.thecityrent.be\/de\/wp-json\/wp\/v2\/product_tag?post=1537"}],"curies":[{"name":"wp","href":"https:\/\/api.w.org\/{rel}","templated":true}]}}