{"id":1078,"date":"2022-03-16T20:09:49","date_gmt":"2022-03-16T19:09:49","guid":{"rendered":"https:\/\/www.thecityrent.be\/?post_type=product&#038;p=1078"},"modified":"2023-02-01T11:04:09","modified_gmt":"2023-02-01T10:04:09","slug":"te-hydraulisches-erdbohrgeraet-fuer-3t-minibagger","status":"publish","type":"product","link":"https:\/\/www.thecityrent.be\/de\/produkt\/te-hydraulisches-erdbohrgeraet-fuer-3t-minibagger\/","title":{"rendered":"TE-HYDRAULISCHES ERDBOHRGER\u00c4T F\u00dcR 3T MINIBAGGER"},"content":{"rendered":"<ul>\n<li><strong>KAUTION<\/strong> : 100,00 \u20ac<\/li>\n<li><strong>PREIS\/TAG<\/strong> : 91,00 \u20ac<\/li>\n<li><strong>PREIS\/TAG\/WOCHE<\/strong> : 73,00 \u20ac<\/li>\n<li><strong>PREIS\/WOCHENENDE<\/strong> : 164,00\u20ac<\/li>\n<li><strong>PREIS\/TAG\/MONAT<\/strong> : 55,00\u20ac<\/li>\n<\/ul>\n","protected":false},"excerpt":{"rendered":"<p>Hydraulisches Erdbohrger\u00e4t f\u00fcr 3T Minibagger<\/p>\n<p>Bohrer von\u00a0200mm und\u00a0300 mm<\/p>\n","protected":false},"featured_media":5954,"comment_status":"closed","ping_status":"closed","template":"","meta":{"_acf_changed":false},"product_brand":[],"product_cat":[71,102],"product_tag":[],"class_list":{"0":"post-1078","1":"product","2":"type-product","3":"status-publish","4":"has-post-thumbnail","6":"product_cat-erdarbeiten","7":"product_cat-zubehoer-fuer-bagger-minibagger","9":"first","10":"instock","11":"taxable","12":"shipping-taxable","13":"purchasable","14":"product-type-simple"},"acf":[],"yoast_head":"<!-- This site is optimized with the Yoast SEO plugin v27.5 - https:\/\/yoast.com\/product\/yoast-seo-wordpress\/ -->\n<title>TE-HYDRAULISCHES ERDBOHRGER\u00c4T F\u00dcR 3T MINIBAGGER - The City Rent &amp; Partner<\/title>\n<meta name=\"robots\" content=\"index, follow, max-snippet:-1, max-image-preview:large, max-video-preview:-1\" \/>\n<link rel=\"canonical\" href=\"https:\/\/www.thecityrent.be\/de\/produkt\/te-hydraulisches-erdbohrgeraet-fuer-3t-minibagger\/\" \/>\n<meta property=\"og:locale\" content=\"de_DE\" \/>\n<meta property=\"og:type\" content=\"article\" \/>\n<meta property=\"og:title\" content=\"TE-HYDRAULISCHES ERDBOHRGER\u00c4T F\u00dcR 3T MINIBAGGER - The City Rent &amp; Partner\" \/>\n<meta property=\"og:description\" content=\"Hydraulisches Erdbohrger\u00e4t f\u00fcr 3T Minibagger  Bohrer von\u00a0200mm und\u00a0300 mm\" \/>\n<meta property=\"og:url\" content=\"https:\/\/www.thecityrent.be\/de\/produkt\/te-hydraulisches-erdbohrgeraet-fuer-3t-minibagger\/\" \/>\n<meta property=\"og:site_name\" content=\"The City Rent &amp; Partner\" \/>\n<meta property=\"article:modified_time\" content=\"2023-02-01T10:04:09+00:00\" \/>\n<meta property=\"og:image\" content=\"https:\/\/www.thecityrent.be\/wp-content\/uploads\/974276e0f2f3537bce0ec626b7f4e06944dd0a26.jpg\" \/>\n\t<meta property=\"og:image:width\" content=\"619\" \/>\n\t<meta property=\"og:image:height\" content=\"800\" \/>\n\t<meta property=\"og:image:type\" content=\"image\/jpeg\" \/>\n<meta name=\"twitter:card\" content=\"summary_large_image\" \/>\n<meta name=\"twitter:label1\" content=\"Gesch\u00e4tzte Lesezeit\" \/>\n\t<meta name=\"twitter:data1\" content=\"1\u00a0Minute\" \/>\n<script type=\"application\/ld+json\" class=\"yoast-schema-graph\">{\"@context\":\"https:\\\/\\\/schema.org\",\"@graph\":[{\"@type\":\"WebPage\",\"@id\":\"https:\\\/\\\/www.thecityrent.be\\\/de\\\/produkt\\\/te-hydraulisches-erdbohrgeraet-fuer-3t-minibagger\\\/\",\"url\":\"https:\\\/\\\/www.thecityrent.be\\\/de\\\/produkt\\\/te-hydraulisches-erdbohrgeraet-fuer-3t-minibagger\\\/\",\"name\":\"TE-HYDRAULISCHES ERDBOHRGER\u00c4T F\u00dcR 3T MINIBAGGER - The City Rent &amp; Partner\",\"isPartOf\":{\"@id\":\"https:\\\/\\\/www.thecityrent.be\\\/#website\"},\"primaryImageOfPage\":{\"@id\":\"https:\\\/\\\/www.thecityrent.be\\\/de\\\/produkt\\\/te-hydraulisches-erdbohrgeraet-fuer-3t-minibagger\\\/#primaryimage\"},\"image\":{\"@id\":\"https:\\\/\\\/www.thecityrent.be\\\/de\\\/produkt\\\/te-hydraulisches-erdbohrgeraet-fuer-3t-minibagger\\\/#primaryimage\"},\"thumbnailUrl\":\"https:\\\/\\\/www.thecityrent.be\\\/wp-content\\\/uploads\\\/974276e0f2f3537bce0ec626b7f4e06944dd0a26.jpg\",\"datePublished\":\"2022-03-16T19:09:49+00:00\",\"dateModified\":\"2023-02-01T10:04:09+00:00\",\"breadcrumb\":{\"@id\":\"https:\\\/\\\/www.thecityrent.be\\\/de\\\/produkt\\\/te-hydraulisches-erdbohrgeraet-fuer-3t-minibagger\\\/#breadcrumb\"},\"inLanguage\":\"de\",\"potentialAction\":[{\"@type\":\"ReadAction\",\"target\":[\"https:\\\/\\\/www.thecityrent.be\\\/de\\\/produkt\\\/te-hydraulisches-erdbohrgeraet-fuer-3t-minibagger\\\/\"]}]},{\"@type\":\"ImageObject\",\"inLanguage\":\"de\",\"@id\":\"https:\\\/\\\/www.thecityrent.be\\\/de\\\/produkt\\\/te-hydraulisches-erdbohrgeraet-fuer-3t-minibagger\\\/#primaryimage\",\"url\":\"https:\\\/\\\/www.thecityrent.be\\\/wp-content\\\/uploads\\\/974276e0f2f3537bce0ec626b7f4e06944dd0a26.jpg\",\"contentUrl\":\"https:\\\/\\\/www.thecityrent.be\\\/wp-content\\\/uploads\\\/974276e0f2f3537bce0ec626b7f4e06944dd0a26.jpg\",\"width\":619,\"height\":800},{\"@type\":\"BreadcrumbList\",\"@id\":\"https:\\\/\\\/www.thecityrent.be\\\/de\\\/produkt\\\/te-hydraulisches-erdbohrgeraet-fuer-3t-minibagger\\\/#breadcrumb\",\"itemListElement\":[{\"@type\":\"ListItem\",\"position\":1,\"name\":\"Home\",\"item\":\"https:\\\/\\\/www.thecityrent.be\\\/de\\\/\"},{\"@type\":\"ListItem\",\"position\":2,\"name\":\"Shop\",\"item\":\"https:\\\/\\\/www.thecityrent.be\\\/shop\\\/\"},{\"@type\":\"ListItem\",\"position\":3,\"name\":\"TE-HYDRAULISCHES ERDBOHRGER\u00c4T F\u00dcR 3T MINIBAGGER\"}]},{\"@type\":\"WebSite\",\"@id\":\"https:\\\/\\\/www.thecityrent.be\\\/#website\",\"url\":\"https:\\\/\\\/www.thecityrent.be\\\/\",\"name\":\"The City Rent &amp; Partner\",\"description\":\"Votre partenaire pour la location de mat\u00e9riel, outillage &amp; v\u00e9hicules\",\"potentialAction\":[{\"@type\":\"SearchAction\",\"target\":{\"@type\":\"EntryPoint\",\"urlTemplate\":\"https:\\\/\\\/www.thecityrent.be\\\/?s={search_term_string}\"},\"query-input\":{\"@type\":\"PropertyValueSpecification\",\"valueRequired\":true,\"valueName\":\"search_term_string\"}}],\"inLanguage\":\"de\"}]}<\/script>\n<!-- \/ Yoast SEO plugin. -->","yoast_head_json":{"title":"TE-HYDRAULISCHES ERDBOHRGER\u00c4T F\u00dcR 3T MINIBAGGER - The City Rent &amp; Partner","robots":{"index":"index","follow":"follow","max-snippet":"max-snippet:-1","max-image-preview":"max-image-preview:large","max-video-preview":"max-video-preview:-1"},"canonical":"https:\/\/www.thecityrent.be\/de\/produkt\/te-hydraulisches-erdbohrgeraet-fuer-3t-minibagger\/","og_locale":"de_DE","og_type":"article","og_title":"TE-HYDRAULISCHES ERDBOHRGER\u00c4T F\u00dcR 3T MINIBAGGER - The City Rent &amp; Partner","og_description":"Hydraulisches Erdbohrger\u00e4t f\u00fcr 3T Minibagger  Bohrer von\u00a0200mm und\u00a0300 mm","og_url":"https:\/\/www.thecityrent.be\/de\/produkt\/te-hydraulisches-erdbohrgeraet-fuer-3t-minibagger\/","og_site_name":"The City Rent &amp; Partner","article_modified_time":"2023-02-01T10:04:09+00:00","og_image":[{"width":619,"height":800,"url":"https:\/\/www.thecityrent.be\/wp-content\/uploads\/974276e0f2f3537bce0ec626b7f4e06944dd0a26.jpg","type":"image\/jpeg"}],"twitter_card":"summary_large_image","twitter_misc":{"Gesch\u00e4tzte Lesezeit":"1\u00a0Minute"},"schema":{"@context":"https:\/\/schema.org","@graph":[{"@type":"WebPage","@id":"https:\/\/www.thecityrent.be\/de\/produkt\/te-hydraulisches-erdbohrgeraet-fuer-3t-minibagger\/","url":"https:\/\/www.thecityrent.be\/de\/produkt\/te-hydraulisches-erdbohrgeraet-fuer-3t-minibagger\/","name":"TE-HYDRAULISCHES ERDBOHRGER\u00c4T F\u00dcR 3T MINIBAGGER - The City Rent &amp; Partner","isPartOf":{"@id":"https:\/\/www.thecityrent.be\/#website"},"primaryImageOfPage":{"@id":"https:\/\/www.thecityrent.be\/de\/produkt\/te-hydraulisches-erdbohrgeraet-fuer-3t-minibagger\/#primaryimage"},"image":{"@id":"https:\/\/www.thecityrent.be\/de\/produkt\/te-hydraulisches-erdbohrgeraet-fuer-3t-minibagger\/#primaryimage"},"thumbnailUrl":"https:\/\/www.thecityrent.be\/wp-content\/uploads\/974276e0f2f3537bce0ec626b7f4e06944dd0a26.jpg","datePublished":"2022-03-16T19:09:49+00:00","dateModified":"2023-02-01T10:04:09+00:00","breadcrumb":{"@id":"https:\/\/www.thecityrent.be\/de\/produkt\/te-hydraulisches-erdbohrgeraet-fuer-3t-minibagger\/#breadcrumb"},"inLanguage":"de","potentialAction":[{"@type":"ReadAction","target":["https:\/\/www.thecityrent.be\/de\/produkt\/te-hydraulisches-erdbohrgeraet-fuer-3t-minibagger\/"]}]},{"@type":"ImageObject","inLanguage":"de","@id":"https:\/\/www.thecityrent.be\/de\/produkt\/te-hydraulisches-erdbohrgeraet-fuer-3t-minibagger\/#primaryimage","url":"https:\/\/www.thecityrent.be\/wp-content\/uploads\/974276e0f2f3537bce0ec626b7f4e06944dd0a26.jpg","contentUrl":"https:\/\/www.thecityrent.be\/wp-content\/uploads\/974276e0f2f3537bce0ec626b7f4e06944dd0a26.jpg","width":619,"height":800},{"@type":"BreadcrumbList","@id":"https:\/\/www.thecityrent.be\/de\/produkt\/te-hydraulisches-erdbohrgeraet-fuer-3t-minibagger\/#breadcrumb","itemListElement":[{"@type":"ListItem","position":1,"name":"Home","item":"https:\/\/www.thecityrent.be\/de\/"},{"@type":"ListItem","position":2,"name":"Shop","item":"https:\/\/www.thecityrent.be\/shop\/"},{"@type":"ListItem","position":3,"name":"TE-HYDRAULISCHES ERDBOHRGER\u00c4T F\u00dcR 3T MINIBAGGER"}]},{"@type":"WebSite","@id":"https:\/\/www.thecityrent.be\/#website","url":"https:\/\/www.thecityrent.be\/","name":"The City Rent &amp; Partner","description":"Votre partenaire pour la location de mat\u00e9riel, outillage &amp; v\u00e9hicules","potentialAction":[{"@type":"SearchAction","target":{"@type":"EntryPoint","urlTemplate":"https:\/\/www.thecityrent.be\/?s={search_term_string}"},"query-input":{"@type":"PropertyValueSpecification","valueRequired":true,"valueName":"search_term_string"}}],"inLanguage":"de"}]}},"_links":{"self":[{"href":"https:\/\/www.thecityrent.be\/de\/wp-json\/wp\/v2\/product\/1078","targetHints":{"allow":["GET"]}}],"collection":[{"href":"https:\/\/www.thecityrent.be\/de\/wp-json\/wp\/v2\/product"}],"about":[{"href":"https:\/\/www.thecityrent.be\/de\/wp-json\/wp\/v2\/types\/product"}],"replies":[{"embeddable":true,"href":"https:\/\/www.thecityrent.be\/de\/wp-json\/wp\/v2\/comments?post=1078"}],"wp:featuredmedia":[{"embeddable":true,"href":"https:\/\/www.thecityrent.be\/de\/wp-json\/wp\/v2\/media\/5954"}],"wp:attachment":[{"href":"https:\/\/www.thecityrent.be\/de\/wp-json\/wp\/v2\/media?parent=1078"}],"wp:term":[{"taxonomy":"product_brand","embeddable":true,"href":"https:\/\/www.thecityrent.be\/de\/wp-json\/wp\/v2\/product_brand?post=1078"},{"taxonomy":"product_cat","embeddable":true,"href":"https:\/\/www.thecityrent.be\/de\/wp-json\/wp\/v2\/product_cat?post=1078"},{"taxonomy":"product_tag","embeddable":true,"href":"https:\/\/www.thecityrent.be\/de\/wp-json\/wp\/v2\/product_tag?post=1078"}],"curies":[{"name":"wp","href":"https:\/\/api.w.org\/{rel}","templated":true}]}}