{"id":1051,"date":"2022-03-16T19:41:09","date_gmt":"2022-03-16T18:41:09","guid":{"rendered":"https:\/\/www.thecityrent.be\/?post_type=product&#038;p=1051"},"modified":"2023-02-01T11:50:40","modified_gmt":"2023-02-01T10:50:40","slug":"te-minbagger-6-500-kg-auf-raedern","status":"publish","type":"product","link":"https:\/\/www.thecityrent.be\/de\/produkt\/te-minbagger-6-500-kg-auf-raedern\/","title":{"rendered":"TE-MINBAGGER 6.500 KG AUF R\u00c4DERN"},"content":{"rendered":"<ul>\n<li><strong>REFERENZ\u00a0<\/strong>: TE206<\/li>\n<li><strong>KAUTION<\/strong> : 500,00 \u20ac<\/li>\n<li><strong>PREIS\/TAG<\/strong> : 257,00\u20ac<\/li>\n<li><strong>PREIS\/TAG\/WOCHE<\/strong> : 205,00\u20ac<\/li>\n<li><strong>PREIS\/WOCHENENDE<\/strong> : 462,00 \u20ac<\/li>\n<li><strong>PREIS\/TAG\/MONAT<\/strong> : 154,00 \u20ac<\/li>\n<\/ul>\n","protected":false},"excerpt":{"rendered":"<ul>\n<li>Einfache und robuste Konstruktion mit austauschbaren Stahlringen auf \u00fcberdimensionierten St\u00fctzpunkten und kippbare Kabine<\/li>\n<li>Dieselmotor mit perfekt angepasstem Hydrauliksystem.<\/li>\n<li>Gro\u00dfer Bedienkomfort f\u00fcr den F\u00fchrer.<\/li>\n<li>&#8222;High Speed&#8220; Motor mit einer Spitzengeschwindigkeit von 30 km\/h.<\/li>\n<li>Monoblock- oder Verstellausleger : sensible Bedienung f\u00fcr eine Grabkraft einer Tiefe bis zu 4,2 m.<\/li>\n<li>L x B x H 5 880 x 2 85 x 2 875 mm<\/li>\n<\/ul>\n","protected":false},"featured_media":3874,"comment_status":"closed","ping_status":"closed","template":"","meta":{"_acf_changed":false},"product_brand":[],"product_cat":[71,105],"product_tag":[],"class_list":{"0":"post-1051","1":"product","2":"type-product","3":"status-publish","4":"has-post-thumbnail","6":"product_cat-erdarbeiten","7":"product_cat-minibagger","9":"first","10":"instock","11":"taxable","12":"shipping-taxable","13":"purchasable","14":"product-type-simple"},"acf":[],"yoast_head":"<!-- This site is optimized with the Yoast SEO plugin v27.5 - https:\/\/yoast.com\/product\/yoast-seo-wordpress\/ -->\n<title>TE-MINBAGGER 6.500 KG AUF R\u00c4DERN - The City Rent &amp; Partner<\/title>\n<meta name=\"robots\" content=\"index, follow, max-snippet:-1, max-image-preview:large, max-video-preview:-1\" \/>\n<link rel=\"canonical\" href=\"https:\/\/www.thecityrent.be\/de\/produkt\/te-minbagger-6-500-kg-auf-raedern\/\" \/>\n<meta property=\"og:locale\" content=\"de_DE\" \/>\n<meta property=\"og:type\" content=\"article\" \/>\n<meta property=\"og:title\" content=\"TE-MINBAGGER 6.500 KG AUF R\u00c4DERN - The City Rent &amp; Partner\" \/>\n<meta property=\"og:description\" content=\"Einfache und robuste Konstruktion mit austauschbaren Stahlringen auf \u00fcberdimensionierten St\u00fctzpunkten und kippbare Kabine  Dieselmotor mit perfekt angepasstem Hydrauliksystem.  Gro\u00dfer Bedienkomfort f\u00fcr den F\u00fchrer.  &quot;High Speed&quot; Motor mit einer Spitzengeschwindigkeit von 30 km\/h.  Monoblock- oder Verstellausleger : sensible Bedienung f\u00fcr eine Grabkraft einer Tiefe bis zu 4,2 m.  L x B x H 5 880 x 2 85 x 2 875 mm\" \/>\n<meta property=\"og:url\" content=\"https:\/\/www.thecityrent.be\/de\/produkt\/te-minbagger-6-500-kg-auf-raedern\/\" \/>\n<meta property=\"og:site_name\" content=\"The City Rent &amp; Partner\" \/>\n<meta property=\"article:modified_time\" content=\"2023-02-01T10:50:40+00:00\" \/>\n<meta property=\"og:image\" content=\"https:\/\/www.thecityrent.be\/wp-content\/uploads\/te078.jpg\" \/>\n\t<meta property=\"og:image:width\" content=\"600\" \/>\n\t<meta property=\"og:image:height\" content=\"600\" \/>\n\t<meta property=\"og:image:type\" content=\"image\/jpeg\" \/>\n<meta name=\"twitter:card\" content=\"summary_large_image\" \/>\n<script type=\"application\/ld+json\" class=\"yoast-schema-graph\">{\"@context\":\"https:\\\/\\\/schema.org\",\"@graph\":[{\"@type\":\"WebPage\",\"@id\":\"https:\\\/\\\/www.thecityrent.be\\\/de\\\/produkt\\\/te-minbagger-6-500-kg-auf-raedern\\\/\",\"url\":\"https:\\\/\\\/www.thecityrent.be\\\/de\\\/produkt\\\/te-minbagger-6-500-kg-auf-raedern\\\/\",\"name\":\"TE-MINBAGGER 6.500 KG AUF R\u00c4DERN - The City Rent &amp; Partner\",\"isPartOf\":{\"@id\":\"https:\\\/\\\/www.thecityrent.be\\\/#website\"},\"primaryImageOfPage\":{\"@id\":\"https:\\\/\\\/www.thecityrent.be\\\/de\\\/produkt\\\/te-minbagger-6-500-kg-auf-raedern\\\/#primaryimage\"},\"image\":{\"@id\":\"https:\\\/\\\/www.thecityrent.be\\\/de\\\/produkt\\\/te-minbagger-6-500-kg-auf-raedern\\\/#primaryimage\"},\"thumbnailUrl\":\"https:\\\/\\\/www.thecityrent.be\\\/wp-content\\\/uploads\\\/te078.jpg\",\"datePublished\":\"2022-03-16T18:41:09+00:00\",\"dateModified\":\"2023-02-01T10:50:40+00:00\",\"breadcrumb\":{\"@id\":\"https:\\\/\\\/www.thecityrent.be\\\/de\\\/produkt\\\/te-minbagger-6-500-kg-auf-raedern\\\/#breadcrumb\"},\"inLanguage\":\"de\",\"potentialAction\":[{\"@type\":\"ReadAction\",\"target\":[\"https:\\\/\\\/www.thecityrent.be\\\/de\\\/produkt\\\/te-minbagger-6-500-kg-auf-raedern\\\/\"]}]},{\"@type\":\"ImageObject\",\"inLanguage\":\"de\",\"@id\":\"https:\\\/\\\/www.thecityrent.be\\\/de\\\/produkt\\\/te-minbagger-6-500-kg-auf-raedern\\\/#primaryimage\",\"url\":\"https:\\\/\\\/www.thecityrent.be\\\/wp-content\\\/uploads\\\/te078.jpg\",\"contentUrl\":\"https:\\\/\\\/www.thecityrent.be\\\/wp-content\\\/uploads\\\/te078.jpg\",\"width\":600,\"height\":600},{\"@type\":\"BreadcrumbList\",\"@id\":\"https:\\\/\\\/www.thecityrent.be\\\/de\\\/produkt\\\/te-minbagger-6-500-kg-auf-raedern\\\/#breadcrumb\",\"itemListElement\":[{\"@type\":\"ListItem\",\"position\":1,\"name\":\"Home\",\"item\":\"https:\\\/\\\/www.thecityrent.be\\\/de\\\/\"},{\"@type\":\"ListItem\",\"position\":2,\"name\":\"Shop\",\"item\":\"https:\\\/\\\/www.thecityrent.be\\\/shop\\\/\"},{\"@type\":\"ListItem\",\"position\":3,\"name\":\"TE-MINBAGGER 6.500 KG AUF R\u00c4DERN\"}]},{\"@type\":\"WebSite\",\"@id\":\"https:\\\/\\\/www.thecityrent.be\\\/#website\",\"url\":\"https:\\\/\\\/www.thecityrent.be\\\/\",\"name\":\"The City Rent &amp; Partner\",\"description\":\"Votre partenaire pour la location de mat\u00e9riel, outillage &amp; v\u00e9hicules\",\"potentialAction\":[{\"@type\":\"SearchAction\",\"target\":{\"@type\":\"EntryPoint\",\"urlTemplate\":\"https:\\\/\\\/www.thecityrent.be\\\/?s={search_term_string}\"},\"query-input\":{\"@type\":\"PropertyValueSpecification\",\"valueRequired\":true,\"valueName\":\"search_term_string\"}}],\"inLanguage\":\"de\"}]}<\/script>\n<!-- \/ Yoast SEO plugin. -->","yoast_head_json":{"title":"TE-MINBAGGER 6.500 KG AUF R\u00c4DERN - The City Rent &amp; Partner","robots":{"index":"index","follow":"follow","max-snippet":"max-snippet:-1","max-image-preview":"max-image-preview:large","max-video-preview":"max-video-preview:-1"},"canonical":"https:\/\/www.thecityrent.be\/de\/produkt\/te-minbagger-6-500-kg-auf-raedern\/","og_locale":"de_DE","og_type":"article","og_title":"TE-MINBAGGER 6.500 KG AUF R\u00c4DERN - The City Rent &amp; Partner","og_description":"Einfache und robuste Konstruktion mit austauschbaren Stahlringen auf \u00fcberdimensionierten St\u00fctzpunkten und kippbare Kabine  Dieselmotor mit perfekt angepasstem Hydrauliksystem.  Gro\u00dfer Bedienkomfort f\u00fcr den F\u00fchrer.  \"High Speed\" Motor mit einer Spitzengeschwindigkeit von 30 km\/h.  Monoblock- oder Verstellausleger : sensible Bedienung f\u00fcr eine Grabkraft einer Tiefe bis zu 4,2 m.  L x B x H 5 880 x 2 85 x 2 875 mm","og_url":"https:\/\/www.thecityrent.be\/de\/produkt\/te-minbagger-6-500-kg-auf-raedern\/","og_site_name":"The City Rent &amp; Partner","article_modified_time":"2023-02-01T10:50:40+00:00","og_image":[{"width":600,"height":600,"url":"https:\/\/www.thecityrent.be\/wp-content\/uploads\/te078.jpg","type":"image\/jpeg"}],"twitter_card":"summary_large_image","schema":{"@context":"https:\/\/schema.org","@graph":[{"@type":"WebPage","@id":"https:\/\/www.thecityrent.be\/de\/produkt\/te-minbagger-6-500-kg-auf-raedern\/","url":"https:\/\/www.thecityrent.be\/de\/produkt\/te-minbagger-6-500-kg-auf-raedern\/","name":"TE-MINBAGGER 6.500 KG AUF R\u00c4DERN - The City Rent &amp; Partner","isPartOf":{"@id":"https:\/\/www.thecityrent.be\/#website"},"primaryImageOfPage":{"@id":"https:\/\/www.thecityrent.be\/de\/produkt\/te-minbagger-6-500-kg-auf-raedern\/#primaryimage"},"image":{"@id":"https:\/\/www.thecityrent.be\/de\/produkt\/te-minbagger-6-500-kg-auf-raedern\/#primaryimage"},"thumbnailUrl":"https:\/\/www.thecityrent.be\/wp-content\/uploads\/te078.jpg","datePublished":"2022-03-16T18:41:09+00:00","dateModified":"2023-02-01T10:50:40+00:00","breadcrumb":{"@id":"https:\/\/www.thecityrent.be\/de\/produkt\/te-minbagger-6-500-kg-auf-raedern\/#breadcrumb"},"inLanguage":"de","potentialAction":[{"@type":"ReadAction","target":["https:\/\/www.thecityrent.be\/de\/produkt\/te-minbagger-6-500-kg-auf-raedern\/"]}]},{"@type":"ImageObject","inLanguage":"de","@id":"https:\/\/www.thecityrent.be\/de\/produkt\/te-minbagger-6-500-kg-auf-raedern\/#primaryimage","url":"https:\/\/www.thecityrent.be\/wp-content\/uploads\/te078.jpg","contentUrl":"https:\/\/www.thecityrent.be\/wp-content\/uploads\/te078.jpg","width":600,"height":600},{"@type":"BreadcrumbList","@id":"https:\/\/www.thecityrent.be\/de\/produkt\/te-minbagger-6-500-kg-auf-raedern\/#breadcrumb","itemListElement":[{"@type":"ListItem","position":1,"name":"Home","item":"https:\/\/www.thecityrent.be\/de\/"},{"@type":"ListItem","position":2,"name":"Shop","item":"https:\/\/www.thecityrent.be\/shop\/"},{"@type":"ListItem","position":3,"name":"TE-MINBAGGER 6.500 KG AUF R\u00c4DERN"}]},{"@type":"WebSite","@id":"https:\/\/www.thecityrent.be\/#website","url":"https:\/\/www.thecityrent.be\/","name":"The City Rent &amp; Partner","description":"Votre partenaire pour la location de mat\u00e9riel, outillage &amp; v\u00e9hicules","potentialAction":[{"@type":"SearchAction","target":{"@type":"EntryPoint","urlTemplate":"https:\/\/www.thecityrent.be\/?s={search_term_string}"},"query-input":{"@type":"PropertyValueSpecification","valueRequired":true,"valueName":"search_term_string"}}],"inLanguage":"de"}]}},"_links":{"self":[{"href":"https:\/\/www.thecityrent.be\/de\/wp-json\/wp\/v2\/product\/1051","targetHints":{"allow":["GET"]}}],"collection":[{"href":"https:\/\/www.thecityrent.be\/de\/wp-json\/wp\/v2\/product"}],"about":[{"href":"https:\/\/www.thecityrent.be\/de\/wp-json\/wp\/v2\/types\/product"}],"replies":[{"embeddable":true,"href":"https:\/\/www.thecityrent.be\/de\/wp-json\/wp\/v2\/comments?post=1051"}],"wp:featuredmedia":[{"embeddable":true,"href":"https:\/\/www.thecityrent.be\/de\/wp-json\/wp\/v2\/media\/3874"}],"wp:attachment":[{"href":"https:\/\/www.thecityrent.be\/de\/wp-json\/wp\/v2\/media?parent=1051"}],"wp:term":[{"taxonomy":"product_brand","embeddable":true,"href":"https:\/\/www.thecityrent.be\/de\/wp-json\/wp\/v2\/product_brand?post=1051"},{"taxonomy":"product_cat","embeddable":true,"href":"https:\/\/www.thecityrent.be\/de\/wp-json\/wp\/v2\/product_cat?post=1051"},{"taxonomy":"product_tag","embeddable":true,"href":"https:\/\/www.thecityrent.be\/de\/wp-json\/wp\/v2\/product_tag?post=1051"}],"curies":[{"name":"wp","href":"https:\/\/api.w.org\/{rel}","templated":true}]}}