{"id":749,"date":"2022-02-12T09:31:23","date_gmt":"2022-02-12T08:31:23","guid":{"rendered":"https:\/\/www.thecityrent.be\/?page_id=749"},"modified":"2024-04-13T12:58:49","modified_gmt":"2024-04-13T10:58:49","slug":"verkaufsstellen","status":"publish","type":"page","link":"https:\/\/www.thecityrent.be\/de\/verkaufsstellen\/","title":{"rendered":"Verkaufsstellen"},"content":{"rendered":"\n<p>Unsere Teams begr\u00fc\u00dfen Sie in unseren 3 Zweigstellen in der Provinz L\u00fcttich.<\/p>\n\n\n\n<p>Egal, ob Sie&nbsp;<strong>ein Gewerbetreibender oder eine Privatperson <\/strong>sind \u2013 wir beraten Sie bestm\u00f6glich, damit Sie genau die Maschine oder das Fahrzeug mieten, die ihren Bed\u00fcrfnissen am besten gerecht werden.<\/p>\n\n\n\n<p><strong>Sie haben eine Frage?<\/strong><strong>&nbsp;Setzen Sie sich gerne direkt mit der Zweigstelle Ihrer Wahl in Verbindung!<\/strong><\/p>\n","protected":false},"excerpt":{"rendered":"<p>Unsere Teams begr\u00fc\u00dfen Sie in unseren 3 Zweigstellen in der Provinz L\u00fcttich. Egal, ob Sie&nbsp;ein Gewerbetreibender oder eine Privatperson sind [&hellip;]<\/p>\n","protected":false},"author":2,"featured_media":5140,"parent":0,"menu_order":3,"comment_status":"closed","ping_status":"closed","template":"page-points-vente.php","meta":{"_acf_changed":false,"footnotes":""},"class_list":["post-749","page","type-page","status-publish","has-post-thumbnail","hentry"],"acf":[],"yoast_head":"<!-- This site is optimized with the Yoast SEO plugin v27.3 - https:\/\/yoast.com\/product\/yoast-seo-wordpress\/ -->\n<title>Verkaufsstellen - The City&#039;Rent &amp; Safety<\/title>\n<meta name=\"robots\" content=\"index, follow, max-snippet:-1, max-image-preview:large, max-video-preview:-1\" \/>\n<link rel=\"canonical\" href=\"https:\/\/www.thecityrent.be\/de\/verkaufsstellen\/\" \/>\n<meta property=\"og:locale\" content=\"de_DE\" \/>\n<meta property=\"og:type\" content=\"article\" \/>\n<meta property=\"og:title\" content=\"Verkaufsstellen - The City&#039;Rent &amp; Safety\" \/>\n<meta property=\"og:description\" content=\"Unsere Teams begr\u00fc\u00dfen Sie in unseren 3 Zweigstellen in der Provinz L\u00fcttich. Egal, ob Sie&nbsp;ein Gewerbetreibender oder eine Privatperson sind [&hellip;]\" \/>\n<meta property=\"og:url\" content=\"https:\/\/www.thecityrent.be\/de\/verkaufsstellen\/\" \/>\n<meta property=\"og:site_name\" content=\"The City&#039;Rent &amp; Safety\" \/>\n<meta property=\"article:modified_time\" content=\"2024-04-13T10:58:49+00:00\" \/>\n<meta name=\"twitter:card\" content=\"summary_large_image\" \/>\n<meta name=\"twitter:label1\" content=\"Gesch\u00e4tzte Lesezeit\" \/>\n\t<meta name=\"twitter:data1\" content=\"1\u00a0Minute\" \/>\n<script type=\"application\/ld+json\" class=\"yoast-schema-graph\">{\"@context\":\"https:\\\/\\\/schema.org\",\"@graph\":[{\"@type\":\"WebPage\",\"@id\":\"https:\\\/\\\/www.thecityrent.be\\\/de\\\/verkaufsstellen\\\/\",\"url\":\"https:\\\/\\\/www.thecityrent.be\\\/de\\\/verkaufsstellen\\\/\",\"name\":\"Verkaufsstellen - The City&#039;Rent &amp; Safety\",\"isPartOf\":{\"@id\":\"https:\\\/\\\/www.thecityrent.be\\\/#website\"},\"primaryImageOfPage\":{\"@id\":\"https:\\\/\\\/www.thecityrent.be\\\/de\\\/verkaufsstellen\\\/#primaryimage\"},\"image\":{\"@id\":\"https:\\\/\\\/www.thecityrent.be\\\/de\\\/verkaufsstellen\\\/#primaryimage\"},\"thumbnailUrl\":\"https:\\\/\\\/www.thecityrent.be\\\/wp-content\\\/uploads\\\/WorkPoint-Malmedy-37-900x600-2.jpg\",\"datePublished\":\"2022-02-12T08:31:23+00:00\",\"dateModified\":\"2024-04-13T10:58:49+00:00\",\"breadcrumb\":{\"@id\":\"https:\\\/\\\/www.thecityrent.be\\\/de\\\/verkaufsstellen\\\/#breadcrumb\"},\"inLanguage\":\"de\",\"potentialAction\":[{\"@type\":\"ReadAction\",\"target\":[\"https:\\\/\\\/www.thecityrent.be\\\/de\\\/verkaufsstellen\\\/\"]}]},{\"@type\":\"ImageObject\",\"inLanguage\":\"de\",\"@id\":\"https:\\\/\\\/www.thecityrent.be\\\/de\\\/verkaufsstellen\\\/#primaryimage\",\"url\":\"https:\\\/\\\/www.thecityrent.be\\\/wp-content\\\/uploads\\\/WorkPoint-Malmedy-37-900x600-2.jpg\",\"contentUrl\":\"https:\\\/\\\/www.thecityrent.be\\\/wp-content\\\/uploads\\\/WorkPoint-Malmedy-37-900x600-2.jpg\",\"width\":900,\"height\":600},{\"@type\":\"BreadcrumbList\",\"@id\":\"https:\\\/\\\/www.thecityrent.be\\\/de\\\/verkaufsstellen\\\/#breadcrumb\",\"itemListElement\":[{\"@type\":\"ListItem\",\"position\":1,\"name\":\"Home\",\"item\":\"https:\\\/\\\/www.thecityrent.be\\\/de\\\/\"},{\"@type\":\"ListItem\",\"position\":2,\"name\":\"Verkaufsstellen\"}]},{\"@type\":\"WebSite\",\"@id\":\"https:\\\/\\\/www.thecityrent.be\\\/#website\",\"url\":\"https:\\\/\\\/www.thecityrent.be\\\/\",\"name\":\"The City&#039;Rent &amp; Safety\",\"description\":\"Votre partenaire pour la location de mat\u00e9riel, outillage &amp; v\u00e9hicules\",\"potentialAction\":[{\"@type\":\"SearchAction\",\"target\":{\"@type\":\"EntryPoint\",\"urlTemplate\":\"https:\\\/\\\/www.thecityrent.be\\\/?s={search_term_string}\"},\"query-input\":{\"@type\":\"PropertyValueSpecification\",\"valueRequired\":true,\"valueName\":\"search_term_string\"}}],\"inLanguage\":\"de\"}]}<\/script>\n<!-- \/ Yoast SEO plugin. -->","yoast_head_json":{"title":"Verkaufsstellen - The City&#039;Rent &amp; Safety","robots":{"index":"index","follow":"follow","max-snippet":"max-snippet:-1","max-image-preview":"max-image-preview:large","max-video-preview":"max-video-preview:-1"},"canonical":"https:\/\/www.thecityrent.be\/de\/verkaufsstellen\/","og_locale":"de_DE","og_type":"article","og_title":"Verkaufsstellen - The City&#039;Rent &amp; Safety","og_description":"Unsere Teams begr\u00fc\u00dfen Sie in unseren 3 Zweigstellen in der Provinz L\u00fcttich. Egal, ob Sie&nbsp;ein Gewerbetreibender oder eine Privatperson sind [&hellip;]","og_url":"https:\/\/www.thecityrent.be\/de\/verkaufsstellen\/","og_site_name":"The City&#039;Rent &amp; Safety","article_modified_time":"2024-04-13T10:58:49+00:00","twitter_card":"summary_large_image","twitter_misc":{"Gesch\u00e4tzte Lesezeit":"1\u00a0Minute"},"schema":{"@context":"https:\/\/schema.org","@graph":[{"@type":"WebPage","@id":"https:\/\/www.thecityrent.be\/de\/verkaufsstellen\/","url":"https:\/\/www.thecityrent.be\/de\/verkaufsstellen\/","name":"Verkaufsstellen - The City&#039;Rent &amp; Safety","isPartOf":{"@id":"https:\/\/www.thecityrent.be\/#website"},"primaryImageOfPage":{"@id":"https:\/\/www.thecityrent.be\/de\/verkaufsstellen\/#primaryimage"},"image":{"@id":"https:\/\/www.thecityrent.be\/de\/verkaufsstellen\/#primaryimage"},"thumbnailUrl":"https:\/\/www.thecityrent.be\/wp-content\/uploads\/WorkPoint-Malmedy-37-900x600-2.jpg","datePublished":"2022-02-12T08:31:23+00:00","dateModified":"2024-04-13T10:58:49+00:00","breadcrumb":{"@id":"https:\/\/www.thecityrent.be\/de\/verkaufsstellen\/#breadcrumb"},"inLanguage":"de","potentialAction":[{"@type":"ReadAction","target":["https:\/\/www.thecityrent.be\/de\/verkaufsstellen\/"]}]},{"@type":"ImageObject","inLanguage":"de","@id":"https:\/\/www.thecityrent.be\/de\/verkaufsstellen\/#primaryimage","url":"https:\/\/www.thecityrent.be\/wp-content\/uploads\/WorkPoint-Malmedy-37-900x600-2.jpg","contentUrl":"https:\/\/www.thecityrent.be\/wp-content\/uploads\/WorkPoint-Malmedy-37-900x600-2.jpg","width":900,"height":600},{"@type":"BreadcrumbList","@id":"https:\/\/www.thecityrent.be\/de\/verkaufsstellen\/#breadcrumb","itemListElement":[{"@type":"ListItem","position":1,"name":"Home","item":"https:\/\/www.thecityrent.be\/de\/"},{"@type":"ListItem","position":2,"name":"Verkaufsstellen"}]},{"@type":"WebSite","@id":"https:\/\/www.thecityrent.be\/#website","url":"https:\/\/www.thecityrent.be\/","name":"The City&#039;Rent &amp; Safety","description":"Votre partenaire pour la location de mat\u00e9riel, outillage &amp; v\u00e9hicules","potentialAction":[{"@type":"SearchAction","target":{"@type":"EntryPoint","urlTemplate":"https:\/\/www.thecityrent.be\/?s={search_term_string}"},"query-input":{"@type":"PropertyValueSpecification","valueRequired":true,"valueName":"search_term_string"}}],"inLanguage":"de"}]}},"_links":{"self":[{"href":"https:\/\/www.thecityrent.be\/de\/wp-json\/wp\/v2\/pages\/749","targetHints":{"allow":["GET"]}}],"collection":[{"href":"https:\/\/www.thecityrent.be\/de\/wp-json\/wp\/v2\/pages"}],"about":[{"href":"https:\/\/www.thecityrent.be\/de\/wp-json\/wp\/v2\/types\/page"}],"author":[{"embeddable":true,"href":"https:\/\/www.thecityrent.be\/de\/wp-json\/wp\/v2\/users\/2"}],"replies":[{"embeddable":true,"href":"https:\/\/www.thecityrent.be\/de\/wp-json\/wp\/v2\/comments?post=749"}],"version-history":[{"count":5,"href":"https:\/\/www.thecityrent.be\/de\/wp-json\/wp\/v2\/pages\/749\/revisions"}],"predecessor-version":[{"id":4726,"href":"https:\/\/www.thecityrent.be\/de\/wp-json\/wp\/v2\/pages\/749\/revisions\/4726"}],"wp:featuredmedia":[{"embeddable":true,"href":"https:\/\/www.thecityrent.be\/de\/wp-json\/wp\/v2\/media\/5140"}],"wp:attachment":[{"href":"https:\/\/www.thecityrent.be\/de\/wp-json\/wp\/v2\/media?parent=749"}],"curies":[{"name":"wp","href":"https:\/\/api.w.org\/{rel}","templated":true}]}}