{"id":7164,"date":"2025-07-24T11:35:01","date_gmt":"2025-07-24T09:35:01","guid":{"rendered":"https:\/\/www.thecityrent.be\/dienstleistungen\/"},"modified":"2026-04-14T11:00:20","modified_gmt":"2026-04-14T09:00:20","slug":"dienstleistungen","status":"publish","type":"page","link":"https:\/\/www.thecityrent.be\/de\/dienstleistungen\/","title":{"rendered":"DIENSTLEISTUNGEN"},"content":{"rendered":"\n<p class=\"has-medium-font-size\">\u00dcber die Vermietung und den Verkauf von Maschinen hinaus bieten wir Ihnen eine Reihe von technischen Dienstleistungen an, um die Lebensdauer Ihrer Ger\u00e4te zu verl\u00e4ngern und Ihre Baustellen zu optimieren.<\/p>\n\n\n\n<div style=\"height:32px\" aria-hidden=\"true\" class=\"wp-block-spacer\"><\/div>\n\n\n\n<h3 class=\"wp-block-heading\">1. Technischer Service &amp; mobile Wartung<\/h3>\n\n\n\n<p>Eine gute Wartung ist wichtig, um die Leistung und Zuverl\u00e4ssigkeit Ihrer Maschinen zu erhalten. Dank unseres mobilen Wartungsdienstes kann unser technisches Team schnell und direkt auf Ihren Baustellen eingreifen, um die notwendigen Reparaturen oder Wartungen durchzuf\u00fchren.<\/p>\n\n\n\n<p>Unsere Techniker sind reaktionsschnell und gut ausgestattet und ersparen Ihnen lange Ausfallzeiten und unn\u00f6tige Transporte.<\/p>\n\n\n\n<figure class=\"wp-block-image size-large\"><img loading=\"lazy\" decoding=\"async\" width=\"1680\" height=\"1260\" src=\"https:\/\/www.thecityrent.be\/wp-content\/uploads\/IMG_5511-1680x1260.jpg\" alt=\"\" class=\"wp-image-6213\" srcset=\"https:\/\/www.thecityrent.be\/wp-content\/uploads\/IMG_5511-1680x1260.jpg 1680w, https:\/\/www.thecityrent.be\/wp-content\/uploads\/IMG_5511-900x675.jpg 900w\" sizes=\"auto, (max-width: 1680px) 100vw, 1680px\" \/><\/figure>\n\n\n\n<div style=\"height:32px\" aria-hidden=\"true\" class=\"wp-block-spacer\"><\/div>\n\n\n\n<h3 class=\"wp-block-heading\">2. Reparatur von Hydraulikschl\u00e4uchen<\/h3>\n\n\n\n<p>Ein besch\u00e4digter Schlauch kann eine ganze Baustelle blockieren. Deshalb bieten wir die Herstellung und Reparatur von Hydraulikschl\u00e4uchen nach Ma\u00df an, von 0,25 bis 1 Zoll.<br>Sowohl unsere Werkst\u00e4tten als auch unser Wartungsfahrzeug sind mit professionellen Pressmaschinen ausgestattet, sodass wir Ihnen einen schnellen Service in der Werkstatt oder direkt vor Ort bieten k\u00f6nnen.<\/p>\n\n\n\n<figure class=\"wp-block-gallery has-nested-images columns-default is-cropped wp-block-gallery-1 is-layout-flex wp-block-gallery-is-layout-flex\">\n<figure class=\"wp-block-image size-large\"><img loading=\"lazy\" decoding=\"async\" width=\"1680\" height=\"1260\" data-id=\"6209\" src=\"https:\/\/www.thecityrent.be\/wp-content\/uploads\/IMG_5526-1680x1260.jpg\" alt=\"\" class=\"wp-image-6209\" srcset=\"https:\/\/www.thecityrent.be\/wp-content\/uploads\/IMG_5526-1680x1260.jpg 1680w, https:\/\/www.thecityrent.be\/wp-content\/uploads\/IMG_5526-900x675.jpg 900w\" sizes=\"auto, (max-width: 1680px) 100vw, 1680px\" \/><\/figure>\n\n\n\n<figure class=\"wp-block-image size-large\"><img loading=\"lazy\" decoding=\"async\" width=\"1680\" height=\"1260\" data-id=\"6211\" src=\"https:\/\/www.thecityrent.be\/wp-content\/uploads\/IMG_5528-1680x1260.jpg\" alt=\"\" class=\"wp-image-6211\" srcset=\"https:\/\/www.thecityrent.be\/wp-content\/uploads\/IMG_5528-1680x1260.jpg 1680w, https:\/\/www.thecityrent.be\/wp-content\/uploads\/IMG_5528-900x675.jpg 900w\" sizes=\"auto, (max-width: 1680px) 100vw, 1680px\" \/><\/figure>\n<\/figure>\n\n\n\n<div style=\"height:32px\" aria-hidden=\"true\" class=\"wp-block-spacer\"><\/div>\n\n\n\n<h3 class=\"wp-block-heading\">3. Anbringen und Verkauf von Raupen<\/h3>\n\n\n\n<p>Wir bieten auch den Verkauf und den Austausch von Raupen f\u00fcr Ihre Baumaschinen an. Unser Team ber\u00e4t Sie \u00fcber die Modelle, die mit Ihrer Maschine kompatibel sind, und kann nach Terminvereinbarung auch die Montage \u00fcbernehmen.<\/p>\n\n\n\n<figure class=\"wp-block-image size-large\"><img loading=\"lazy\" decoding=\"async\" width=\"1680\" height=\"1260\" src=\"https:\/\/www.thecityrent.be\/wp-content\/uploads\/IMG_5459-1680x1260.jpg\" alt=\"\" class=\"wp-image-6191\" srcset=\"https:\/\/www.thecityrent.be\/wp-content\/uploads\/IMG_5459-1680x1260.jpg 1680w, https:\/\/www.thecityrent.be\/wp-content\/uploads\/IMG_5459-900x675.jpg 900w\" sizes=\"auto, (max-width: 1680px) 100vw, 1680px\" \/><\/figure>\n\n\n\n<hr class=\"wp-block-separator has-alpha-channel-opacity\"\/>\n\n\n\n<h3 class=\"wp-block-heading\">Kontaktieren Sie uns:<\/h3>\n\n\n\n<p><a href=\"mailto:info@thecityrent.be\" type=\"mailto\" id=\"mailto:info@thecityrent.be\">info@thecityrent.be<\/a><br><a href=\"tel:080771152\">+32 80 77 11 52<\/a>\u00a0|\u00a0<a href=\"tel:0499535541\">+32 499 53 55 41<\/a><\/p>\n","protected":false},"excerpt":{"rendered":"<p>\u00dcber die Vermietung und den Verkauf von Maschinen hinaus bieten wir Ihnen eine Reihe von technischen Dienstleistungen an, um die [&hellip;]<\/p>\n","protected":false},"author":2,"featured_media":0,"parent":0,"menu_order":0,"comment_status":"closed","ping_status":"closed","template":"","meta":{"_acf_changed":false,"footnotes":""},"class_list":["post-7164","page","type-page","status-publish","hentry"],"acf":[],"yoast_head":"<!-- This site is optimized with the Yoast SEO plugin v27.5 - https:\/\/yoast.com\/product\/yoast-seo-wordpress\/ -->\n<title>DIENSTLEISTUNGEN - The City Rent &amp; Partner<\/title>\n<meta name=\"robots\" content=\"index, follow, max-snippet:-1, max-image-preview:large, max-video-preview:-1\" \/>\n<link rel=\"canonical\" href=\"https:\/\/www.thecityrent.be\/de\/dienstleistungen\/\" \/>\n<meta property=\"og:locale\" content=\"de_DE\" \/>\n<meta property=\"og:type\" content=\"article\" \/>\n<meta property=\"og:title\" content=\"DIENSTLEISTUNGEN - The City Rent &amp; Partner\" \/>\n<meta property=\"og:description\" content=\"\u00dcber die Vermietung und den Verkauf von Maschinen hinaus bieten wir Ihnen eine Reihe von technischen Dienstleistungen an, um die [&hellip;]\" \/>\n<meta property=\"og:url\" content=\"https:\/\/www.thecityrent.be\/de\/dienstleistungen\/\" \/>\n<meta property=\"og:site_name\" content=\"The City Rent &amp; Partner\" \/>\n<meta property=\"article:modified_time\" content=\"2026-04-14T09:00:20+00:00\" \/>\n<meta property=\"og:image\" content=\"https:\/\/www.thecityrent.be\/wp-content\/uploads\/IMG_5511-1680x1260.jpg\" \/>\n\t<meta property=\"og:image:width\" content=\"1680\" \/>\n\t<meta property=\"og:image:height\" content=\"1260\" \/>\n\t<meta property=\"og:image:type\" content=\"image\/jpeg\" \/>\n<meta name=\"twitter:card\" content=\"summary_large_image\" \/>\n<meta name=\"twitter:label1\" content=\"Gesch\u00e4tzte Lesezeit\" \/>\n\t<meta name=\"twitter:data1\" content=\"1\u00a0Minute\" \/>\n<script type=\"application\/ld+json\" class=\"yoast-schema-graph\">{\"@context\":\"https:\\\/\\\/schema.org\",\"@graph\":[{\"@type\":\"WebPage\",\"@id\":\"https:\\\/\\\/www.thecityrent.be\\\/de\\\/dienstleistungen\\\/\",\"url\":\"https:\\\/\\\/www.thecityrent.be\\\/de\\\/dienstleistungen\\\/\",\"name\":\"DIENSTLEISTUNGEN - The City Rent &amp; Partner\",\"isPartOf\":{\"@id\":\"https:\\\/\\\/www.thecityrent.be\\\/#website\"},\"primaryImageOfPage\":{\"@id\":\"https:\\\/\\\/www.thecityrent.be\\\/de\\\/dienstleistungen\\\/#primaryimage\"},\"image\":{\"@id\":\"https:\\\/\\\/www.thecityrent.be\\\/de\\\/dienstleistungen\\\/#primaryimage\"},\"thumbnailUrl\":\"https:\\\/\\\/www.thecityrent.be\\\/wp-content\\\/uploads\\\/IMG_5511-1680x1260.jpg\",\"datePublished\":\"2025-07-24T09:35:01+00:00\",\"dateModified\":\"2026-04-14T09:00:20+00:00\",\"breadcrumb\":{\"@id\":\"https:\\\/\\\/www.thecityrent.be\\\/de\\\/dienstleistungen\\\/#breadcrumb\"},\"inLanguage\":\"de\",\"potentialAction\":[{\"@type\":\"ReadAction\",\"target\":[\"https:\\\/\\\/www.thecityrent.be\\\/de\\\/dienstleistungen\\\/\"]}]},{\"@type\":\"ImageObject\",\"inLanguage\":\"de\",\"@id\":\"https:\\\/\\\/www.thecityrent.be\\\/de\\\/dienstleistungen\\\/#primaryimage\",\"url\":\"https:\\\/\\\/www.thecityrent.be\\\/wp-content\\\/uploads\\\/IMG_5511-1680x1260.jpg\",\"contentUrl\":\"https:\\\/\\\/www.thecityrent.be\\\/wp-content\\\/uploads\\\/IMG_5511-1680x1260.jpg\"},{\"@type\":\"BreadcrumbList\",\"@id\":\"https:\\\/\\\/www.thecityrent.be\\\/de\\\/dienstleistungen\\\/#breadcrumb\",\"itemListElement\":[{\"@type\":\"ListItem\",\"position\":1,\"name\":\"Home\",\"item\":\"https:\\\/\\\/www.thecityrent.be\\\/de\\\/\"},{\"@type\":\"ListItem\",\"position\":2,\"name\":\"DIENSTLEISTUNGEN\"}]},{\"@type\":\"WebSite\",\"@id\":\"https:\\\/\\\/www.thecityrent.be\\\/#website\",\"url\":\"https:\\\/\\\/www.thecityrent.be\\\/\",\"name\":\"The City Rent &amp; Partner\",\"description\":\"Votre partenaire pour la location de mat\u00e9riel, outillage &amp; v\u00e9hicules\",\"potentialAction\":[{\"@type\":\"SearchAction\",\"target\":{\"@type\":\"EntryPoint\",\"urlTemplate\":\"https:\\\/\\\/www.thecityrent.be\\\/?s={search_term_string}\"},\"query-input\":{\"@type\":\"PropertyValueSpecification\",\"valueRequired\":true,\"valueName\":\"search_term_string\"}}],\"inLanguage\":\"de\"}]}<\/script>\n<!-- \/ Yoast SEO plugin. -->","yoast_head_json":{"title":"DIENSTLEISTUNGEN - The City Rent &amp; Partner","robots":{"index":"index","follow":"follow","max-snippet":"max-snippet:-1","max-image-preview":"max-image-preview:large","max-video-preview":"max-video-preview:-1"},"canonical":"https:\/\/www.thecityrent.be\/de\/dienstleistungen\/","og_locale":"de_DE","og_type":"article","og_title":"DIENSTLEISTUNGEN - The City Rent &amp; Partner","og_description":"\u00dcber die Vermietung und den Verkauf von Maschinen hinaus bieten wir Ihnen eine Reihe von technischen Dienstleistungen an, um die [&hellip;]","og_url":"https:\/\/www.thecityrent.be\/de\/dienstleistungen\/","og_site_name":"The City Rent &amp; Partner","article_modified_time":"2026-04-14T09:00:20+00:00","og_image":[{"width":1680,"height":1260,"url":"https:\/\/www.thecityrent.be\/wp-content\/uploads\/IMG_5511-1680x1260.jpg","type":"image\/jpeg"}],"twitter_card":"summary_large_image","twitter_misc":{"Gesch\u00e4tzte Lesezeit":"1\u00a0Minute"},"schema":{"@context":"https:\/\/schema.org","@graph":[{"@type":"WebPage","@id":"https:\/\/www.thecityrent.be\/de\/dienstleistungen\/","url":"https:\/\/www.thecityrent.be\/de\/dienstleistungen\/","name":"DIENSTLEISTUNGEN - The City Rent &amp; Partner","isPartOf":{"@id":"https:\/\/www.thecityrent.be\/#website"},"primaryImageOfPage":{"@id":"https:\/\/www.thecityrent.be\/de\/dienstleistungen\/#primaryimage"},"image":{"@id":"https:\/\/www.thecityrent.be\/de\/dienstleistungen\/#primaryimage"},"thumbnailUrl":"https:\/\/www.thecityrent.be\/wp-content\/uploads\/IMG_5511-1680x1260.jpg","datePublished":"2025-07-24T09:35:01+00:00","dateModified":"2026-04-14T09:00:20+00:00","breadcrumb":{"@id":"https:\/\/www.thecityrent.be\/de\/dienstleistungen\/#breadcrumb"},"inLanguage":"de","potentialAction":[{"@type":"ReadAction","target":["https:\/\/www.thecityrent.be\/de\/dienstleistungen\/"]}]},{"@type":"ImageObject","inLanguage":"de","@id":"https:\/\/www.thecityrent.be\/de\/dienstleistungen\/#primaryimage","url":"https:\/\/www.thecityrent.be\/wp-content\/uploads\/IMG_5511-1680x1260.jpg","contentUrl":"https:\/\/www.thecityrent.be\/wp-content\/uploads\/IMG_5511-1680x1260.jpg"},{"@type":"BreadcrumbList","@id":"https:\/\/www.thecityrent.be\/de\/dienstleistungen\/#breadcrumb","itemListElement":[{"@type":"ListItem","position":1,"name":"Home","item":"https:\/\/www.thecityrent.be\/de\/"},{"@type":"ListItem","position":2,"name":"DIENSTLEISTUNGEN"}]},{"@type":"WebSite","@id":"https:\/\/www.thecityrent.be\/#website","url":"https:\/\/www.thecityrent.be\/","name":"The City Rent &amp; Partner","description":"Votre partenaire pour la location de mat\u00e9riel, outillage &amp; v\u00e9hicules","potentialAction":[{"@type":"SearchAction","target":{"@type":"EntryPoint","urlTemplate":"https:\/\/www.thecityrent.be\/?s={search_term_string}"},"query-input":{"@type":"PropertyValueSpecification","valueRequired":true,"valueName":"search_term_string"}}],"inLanguage":"de"}]}},"_links":{"self":[{"href":"https:\/\/www.thecityrent.be\/de\/wp-json\/wp\/v2\/pages\/7164","targetHints":{"allow":["GET"]}}],"collection":[{"href":"https:\/\/www.thecityrent.be\/de\/wp-json\/wp\/v2\/pages"}],"about":[{"href":"https:\/\/www.thecityrent.be\/de\/wp-json\/wp\/v2\/types\/page"}],"author":[{"embeddable":true,"href":"https:\/\/www.thecityrent.be\/de\/wp-json\/wp\/v2\/users\/2"}],"replies":[{"embeddable":true,"href":"https:\/\/www.thecityrent.be\/de\/wp-json\/wp\/v2\/comments?post=7164"}],"version-history":[{"count":4,"href":"https:\/\/www.thecityrent.be\/de\/wp-json\/wp\/v2\/pages\/7164\/revisions"}],"predecessor-version":[{"id":8874,"href":"https:\/\/www.thecityrent.be\/de\/wp-json\/wp\/v2\/pages\/7164\/revisions\/8874"}],"wp:attachment":[{"href":"https:\/\/www.thecityrent.be\/de\/wp-json\/wp\/v2\/media?parent=7164"}],"curies":[{"name":"wp","href":"https:\/\/api.w.org\/{rel}","templated":true}]}}